{"id":8360,"date":"2020-12-08T13:42:48","date_gmt":"2020-12-08T12:42:48","guid":{"rendered":"https:\/\/diocese-lgf.emblematik.dev\/?page_id=8360"},"modified":"2020-12-08T13:43:06","modified_gmt":"2020-12-08T12:43:06","slug":"katholische-bewegungen","status":"publish","type":"page","link":"https:\/\/diocese-lgf.ch\/de\/katholische-bewegungen\/","title":{"rendered":"Katholische Bewegungen"},"content":{"rendered":"<div class=\"pf-content\">\t\t<div data-elementor-type=\"wp-page\" data-elementor-id=\"8360\" class=\"elementor elementor-8360 elementor-8359\" data-elementor-post-type=\"page\">\n\t\t\t\t\t\t<section class=\"elementor-section elementor-top-section elementor-element elementor-element-83362bc elementor-section-boxed elementor-section-height-default elementor-section-height-default\" data-id=\"83362bc\" data-element_type=\"section\" data-e-type=\"section\">\n\t\t\t\t\t\t<div class=\"elementor-container elementor-column-gap-default\">\n\t\t\t\t\t<div class=\"elementor-column elementor-col-100 elementor-top-column elementor-element elementor-element-8da9aab\" data-id=\"8da9aab\" data-element_type=\"column\" data-e-type=\"column\">\n\t\t\t<div class=\"elementor-widget-wrap elementor-element-populated\">\n\t\t\t\t\t\t<div class=\"elementor-element elementor-element-a2b3e2d elementor-widget elementor-widget-text-editor\" data-id=\"a2b3e2d\" data-element_type=\"widget\" data-e-type=\"widget\" data-widget_type=\"text-editor.default\">\n\t\t\t\t<div class=\"elementor-widget-container\">\n\t\t\t\t\t\t\t\t\t<p>Les mouvements catholiques de pri\u00e8re, r\u00e9flexion, solidarit\u00e9, etc. foisonnent au sein du dioc\u00e8se.<\/p>\n<p>Vous les trouvez r\u00e9pertori\u00e9s <a href=\"https:\/\/www.lacral.ch\/mouvements.html\" target=\"_blank\" rel=\"noopener\">ici<\/a>.<\/p>\n\t\t\t\t\t\t\t\t<\/div>\n\t\t\t\t<\/div>\n\t\t\t\t\t<\/div>\n\t\t<\/div>\n\t\t\t\t\t<\/div>\n\t\t<\/section>\n\t\t\t\t<\/div>\n\t\t<\/div>","protected":false},"excerpt":{"rendered":"<p>Les mouvements catholiques de pri\u00e8re, r\u00e9flexion, solidarit\u00e9, etc. foisonnent au sein du dioc\u00e8se. Vous les trouvez r\u00e9pertori\u00e9s ici.<\/p>\n","protected":false},"author":4,"featured_media":0,"parent":0,"menu_order":0,"comment_status":"closed","ping_status":"closed","template":"","meta":{"_acf_changed":false,"footnotes":""},"categories":[70],"tags":[],"class_list":["post-8360","page","type-page","status-publish","hentry","category-vie-eglise-de"],"acf":[],"_links":{"self":[{"href":"https:\/\/diocese-lgf.ch\/de\/wp-json\/wp\/v2\/pages\/8360","targetHints":{"allow":["GET"]}}],"collection":[{"href":"https:\/\/diocese-lgf.ch\/de\/wp-json\/wp\/v2\/pages"}],"about":[{"href":"https:\/\/diocese-lgf.ch\/de\/wp-json\/wp\/v2\/types\/page"}],"author":[{"embeddable":true,"href":"https:\/\/diocese-lgf.ch\/de\/wp-json\/wp\/v2\/users\/4"}],"replies":[{"embeddable":true,"href":"https:\/\/diocese-lgf.ch\/de\/wp-json\/wp\/v2\/comments?post=8360"}],"version-history":[{"count":4,"href":"https:\/\/diocese-lgf.ch\/de\/wp-json\/wp\/v2\/pages\/8360\/revisions"}],"predecessor-version":[{"id":8369,"href":"https:\/\/diocese-lgf.ch\/de\/wp-json\/wp\/v2\/pages\/8360\/revisions\/8369"}],"wp:attachment":[{"href":"https:\/\/diocese-lgf.ch\/de\/wp-json\/wp\/v2\/media?parent=8360"}],"wp:term":[{"taxonomy":"category","embeddable":true,"href":"https:\/\/diocese-lgf.ch\/de\/wp-json\/wp\/v2\/categories?post=8360"},{"taxonomy":"post_tag","embeddable":true,"href":"https:\/\/diocese-lgf.ch\/de\/wp-json\/wp\/v2\/tags?post=8360"}],"curies":[{"name":"wp","href":"https:\/\/api.w.org\/{rel}","templated":true}]}}