{"id":8346,"date":"2020-12-08T13:13:05","date_gmt":"2020-12-08T12:13:05","guid":{"rendered":"https:\/\/diocese-lgf.emblematik.dev\/?page_id=8346"},"modified":"2025-01-22T11:42:52","modified_gmt":"2025-01-22T10:42:52","slug":"gemischte-ordensgemeinschaften","status":"publish","type":"page","link":"https:\/\/diocese-lgf.ch\/de\/gemischte-ordensgemeinschaften\/","title":{"rendered":"Gemischte Ordensgemeinschaften"},"content":{"rendered":"<div class=\"pf-content\">\t\t<div data-elementor-type=\"wp-page\" data-elementor-id=\"8346\" class=\"elementor elementor-8346 elementor-8345\" data-elementor-post-type=\"page\">\n\t\t\t\t\t\t<section class=\"elementor-section elementor-top-section elementor-element elementor-element-83362bc elementor-section-boxed elementor-section-height-default elementor-section-height-default\" data-id=\"83362bc\" data-element_type=\"section\" data-e-type=\"section\">\n\t\t\t\t\t\t<div class=\"elementor-container elementor-column-gap-default\">\n\t\t\t\t\t<div class=\"elementor-column elementor-col-100 elementor-top-column elementor-element elementor-element-8da9aab\" data-id=\"8da9aab\" data-element_type=\"column\" data-e-type=\"column\">\n\t\t\t<div class=\"elementor-widget-wrap elementor-element-populated\">\n\t\t\t\t\t\t<div class=\"elementor-element elementor-element-a2b3e2d elementor-widget elementor-widget-text-editor\" data-id=\"a2b3e2d\" data-element_type=\"widget\" data-e-type=\"widget\" data-widget_type=\"text-editor.default\">\n\t\t\t\t<div class=\"elementor-widget-container\">\n\t\t\t\t\t\t\t\t\t<ul><li><a href=\"https:\/\/redemptorismaterfribourg.ch\/\" target=\"_blank\" rel=\"noopener\">Chemin N\u00e9ocat\u00e9chum\u00e9nal<\/a>, Fribourg, Renens, Lausanne, Gen\u00e8ve<\/li><li><a href=\"https:\/\/emmanuel.ch\/\" target=\"_blank\" rel=\"noopener\">Communaut\u00e9 de l&#8217;Emmanuel<\/a>, Les Paccots<\/li><li><a href=\"http:\/\/www.beatitudes.ch\/\" target=\"_blank\" rel=\"noopener\">Communaut\u00e9 des B\u00e9atitudes<\/a>, Lausanne<\/li><li><a href=\"https:\/\/www.chemin-neuf.ch\/fr\/accueil\/chemin-neuf-in-der-schweiz\/salesianum-fribourg\" target=\"_blank\" rel=\"noopener\">Communaut\u00e9 du Chemin Neuf<\/a>, Fribourg<\/li><li><a href=\"https:\/\/www.fokolar-bewegung.ch\/\" target=\"_blank\" rel=\"noopener\">Focolare<\/a>, Montet \/ Onex<\/li><li><a href=\"https:\/\/opusdei.org\/fr-ch\/article\/suisse-romande\/\" target=\"_blank\" rel=\"noopener\">Opus Dei<\/a>, Carouge, Gen\u00e8ve, Lausanne, Fribourg<\/li><\/ul>\t\t\t\t\t\t\t\t<\/div>\n\t\t\t\t<\/div>\n\t\t\t\t\t<\/div>\n\t\t<\/div>\n\t\t\t\t\t<\/div>\n\t\t<\/section>\n\t\t\t\t<\/div>\n\t\t<\/div>","protected":false},"excerpt":{"rendered":"<p>Chemin N\u00e9ocat\u00e9chum\u00e9nal, Fribourg, Renens, Lausanne, Gen\u00e8ve Communaut\u00e9 de l&#8217;Emmanuel, Les Paccots Communaut\u00e9 des B\u00e9atitudes, Lausanne Communaut\u00e9 du Chemin Neuf, Fribourg Focolare, Montet \/ Onex Opus Dei, Carouge, Gen\u00e8ve, Lausanne, Fribourg<\/p>\n","protected":false},"author":4,"featured_media":0,"parent":0,"menu_order":0,"comment_status":"closed","ping_status":"closed","template":"","meta":{"_acf_changed":false,"footnotes":""},"categories":[70],"tags":[],"class_list":["post-8346","page","type-page","status-publish","hentry","category-vie-eglise-de"],"acf":[],"_links":{"self":[{"href":"https:\/\/diocese-lgf.ch\/de\/wp-json\/wp\/v2\/pages\/8346","targetHints":{"allow":["GET"]}}],"collection":[{"href":"https:\/\/diocese-lgf.ch\/de\/wp-json\/wp\/v2\/pages"}],"about":[{"href":"https:\/\/diocese-lgf.ch\/de\/wp-json\/wp\/v2\/types\/page"}],"author":[{"embeddable":true,"href":"https:\/\/diocese-lgf.ch\/de\/wp-json\/wp\/v2\/users\/4"}],"replies":[{"embeddable":true,"href":"https:\/\/diocese-lgf.ch\/de\/wp-json\/wp\/v2\/comments?post=8346"}],"version-history":[{"count":8,"href":"https:\/\/diocese-lgf.ch\/de\/wp-json\/wp\/v2\/pages\/8346\/revisions"}],"predecessor-version":[{"id":28448,"href":"https:\/\/diocese-lgf.ch\/de\/wp-json\/wp\/v2\/pages\/8346\/revisions\/28448"}],"wp:attachment":[{"href":"https:\/\/diocese-lgf.ch\/de\/wp-json\/wp\/v2\/media?parent=8346"}],"wp:term":[{"taxonomy":"category","embeddable":true,"href":"https:\/\/diocese-lgf.ch\/de\/wp-json\/wp\/v2\/categories?post=8346"},{"taxonomy":"post_tag","embeddable":true,"href":"https:\/\/diocese-lgf.ch\/de\/wp-json\/wp\/v2\/tags?post=8346"}],"curies":[{"name":"wp","href":"https:\/\/api.w.org\/{rel}","templated":true}]}}