{"id":8053,"date":"2020-12-07T13:30:33","date_gmt":"2020-12-07T12:30:33","guid":{"rendered":"https:\/\/diocese-lgf.emblematik.dev\/kirchliche-stiftungen\/kirchliche-stiftungsaufsicht\/"},"modified":"2026-01-09T12:00:56","modified_gmt":"2026-01-09T11:00:56","slug":"kirchliche-stiftungsaufsicht","status":"publish","type":"page","link":"https:\/\/diocese-lgf.ch\/de\/kirchliche-stiftungen\/kirchliche-stiftungsaufsicht\/","title":{"rendered":"Kirchliche Stiftungsaufsicht"},"content":{"rendered":"<div class=\"pf-content\">\t\t<div data-elementor-type=\"wp-post\" data-elementor-id=\"8053\" class=\"elementor elementor-8053 elementor-2785\" data-elementor-post-type=\"page\">\n\t\t\t\t\t\t<section class=\"elementor-section elementor-top-section elementor-element elementor-element-65f6123 elementor-section-boxed elementor-section-height-default elementor-section-height-default\" data-id=\"65f6123\" data-element_type=\"section\" data-e-type=\"section\">\n\t\t\t\t\t\t<div class=\"elementor-container elementor-column-gap-default\">\n\t\t\t\t\t<div class=\"elementor-column elementor-col-100 elementor-top-column elementor-element elementor-element-b482696\" data-id=\"b482696\" data-element_type=\"column\" data-e-type=\"column\">\n\t\t\t<div class=\"elementor-widget-wrap elementor-element-populated\">\n\t\t\t\t\t\t<div class=\"elementor-element elementor-element-6b3d403 elementor-widget elementor-widget-text-editor\" data-id=\"6b3d403\" data-element_type=\"widget\" data-e-type=\"widget\" data-widget_type=\"text-editor.default\">\n\t\t\t\t<div class=\"elementor-widget-container\">\n\t\t\t\t\t\t\t\t\t<p>Die Aufsichtsbeh\u00f6rde der kirchlichen Stiftungen der Di\u00f6zese von Lausanne, Genf und Freiburg ist verantwortlich f\u00fcr die Aufsicht \u00fcber die kirchlichen Stiftungen der r\u00f6misch-katholischen Kirche, die ihren Sitz auf dem Territorium der Di\u00f6zese haben.<\/p><p><strong>Aufgabe<\/strong><\/p><p>Die Hauptaufgabe der Aufsichtsbeh\u00f6rde besteht darin, sicherzustellen, dass das Stiftungsverm\u00f6gen seinem Zweck gem\u00e4ss verwendet wird. (Art. 84 Abs. 2 ZGB).<\/p><p>Dazu kontrolliert die Aufsichtsbeh\u00f6rde, dass die Stiftungsorgane die gesetzlichen Bestimmungen und, soweit dies auf die Stiftung anwendbar ist, das kanonische Recht, einhalten ; unter Ber\u00fccksichtigung der Stiftungsurkunde, der Statuten und Reglemente der Stiftung ; und dass sie von ihrem Ermessen in geeigneter Weise Gebrauch machen.<\/p><p><strong>Aufsichtsmittel<\/strong><\/p><p>Um diesen Auftrag erf\u00fcllen zu k\u00f6nnen, verf\u00fcgt die Aufsichtsbeh\u00f6rde insbesondere \u00fcber folgende Mittel:<\/p><ol><li>Pr\u00fcfung der eingereichten Unterlagen gem\u00e4ss Artikel 6 des <a href=\"https:\/\/diocese-lgf.ch\/wp-content\/uploads\/2019\/11\/20180103_decret_surveillance_fondations_ecclesiastiques.pdf\" target=\"_blank\" rel=\"noopener\">Dekretes<\/a> <em>(nur auf franz\u00f6sisch)<\/em> vom 3. Januar 2018 von Mgr Charles Morerod;<\/li><li>Pr\u00fcfung der internen Reglemente der Stiftung ;<\/li><li>Genehmigung von \u00c4nderungen der Statuten und Reglemente (unter Vorbehalt der Anfechtung vor einem Zivilrichter) ;<\/li><li>Unterst\u00fctzung bei Entw\u00fcrfen von Stiftungsurkunden, auf Antrag der Beteiligten ;<\/li><li>Ausgabe von Empfehlungen und Weisungen.<\/li><\/ol><p>Das Eingreifen der Aufsichtsbeh\u00f6rde hat weder eine Genehmigung noch eine D\u00e9chargeerteilung zur Folge. Weder befreit sie die statutarische Revisionsstelle von ihren Pr\u00fcfungsplichten noch entbindet sie ein Stiftungsorgan von ihrer Verantwortlichkeit.<\/p><p><strong>Aufsichtmassnahmen<\/strong><\/p><p>Die Aufsichtsbeh\u00f6rde verf\u00fcgt \u00fcber vergleichbare Befugnisse wie eine staatliche Aufsichtsbeh\u00f6rde. \u00dcber privatrechtliche Streitigkeiten sowie Entscheidungen \u00fcber die Aufl\u00f6sung von Stiftungen entscheidet jedoch der Zivilrichter (Art. 87 Abs. 2 und Art. 88 Abs. 2 ZGB).<\/p><p><strong>Geb\u00fchren<\/strong><\/p><p>Die betroffenen Stiftungen beteiligen sich an den Aufsichtskosten mit Geb\u00fchren, die im Dekret bettrefend die Aufsicht \u00fcber kirchliche Siftungen (23.12.2025) festgelegt sind.<\/p><p>Wenn der Aufsichtsbeh\u00f6rde zur Erf\u00fcllung ihres Auftrags aussergew\u00f6hnliche Kosten entstehen, werden diese Kosten von der Stiftung getragen, die sie verursacht hat.<\/p><p>Die Stiftungen tragen die Informationskosten der Aufsichtsbeh\u00f6rde. \u00a0<\/p><p>Die Stiftungen tragen die Kosten der von der Aufsichtsbeh\u00f6rde angeordneten Massnahmen. Diese Kosten k\u00f6nnen zu Lasten der Mitglieder eines Organs oder von Dritten getragen werden, wenn sie das Eingreifen der Aufsichtsbeh\u00f6rde durch Verschulden, Fahrl\u00e4ssigkeit oder offensichtlich r\u00fccksichtsloses oder missbr\u00e4uchliches Handeln verursacht haben.<\/p><p><strong>Beschwerdeinstanz<\/strong><\/p><p>Die Beschwerdeinstanz ist die Aufsichtsbeh\u00f6rde der kirchlichen Stiftungen der Di\u00f6zese von Sitten.<\/p><p><strong>Rechtsgrundlagen und Links<\/strong><\/p><ul><li><a href=\"http:\/\/www.vatican.va\/archive\/DEU0036\/_INDEX.HTM\" target=\"_blank\" rel=\"noopener\">Kodex<\/a> des kanonischen Rechts<\/li><li><a href=\"https:\/\/www.admin.ch\/opc\/de\/classified-compilation\/19070042\/index.html\" target=\"_blank\" rel=\"noopener\">Schweizerisches Zivilgesetzbuch<\/a><\/li><li><a href=\"https:\/\/ehra.fenceit.ch\/de\/praxismitteilungen\/\" target=\"_blank\" rel=\"noopener\">Praxismitteilung<\/a> EHRA 3\/15<\/li><li><a href=\"https:\/\/diocese-lgf.ch\/wp-content\/uploads\/2019\/11\/20180103_decret_surveillance_fondations_ecclesiastiques.pdf\" target=\"_blank\" rel=\"noopener\">Dekret <\/a>vom 3. Januar 2018 de Mgr Charles Morerod <em>(nur auf franz\u00f6sisch)<\/em><\/li><li><a href=\"https:\/\/www.vd.ch\/themes\/economie\/registre-du-commerce\/\" target=\"_blank\" rel=\"noopener\">Handelsregister<\/a> des Kantons Waadt<\/li><li><a href=\"https:\/\/www.ge.ch\/parcourir#entreprises-registre_du_commerce\" target=\"_blank\" rel=\"noopener\">Handelsregister<\/a> des Kantons Genf<\/li><li><a href=\"https:\/\/www.fr.ch\/de\/hra\" target=\"_blank\" rel=\"noopener\">Handelsregister<\/a> des Kantons Freiburg<\/li><li><a href=\"https:\/\/www.ne.ch\/autorites\/DEAS\/NECO\/rcne\/Pages\/accueil.aspx\" target=\"_blank\" rel=\"noopener\">Handelsregister<\/a> des Kantons Neuenburg<\/li><\/ul><p><strong>Dokumente<\/strong><\/p><ul><li><a href=\"https:\/\/diocese-lgf.ch\/wp-content\/uploads\/2019\/11\/asfe_projet_requisition_inscription_rc_d.docx\" target=\"_blank\" rel=\"noopener\">Vorlage Eintragung ins Handelsregister<\/a><\/li><li><a href=\"https:\/\/diocese-lgf.ch\/wp-content\/uploads\/2021\/02\/asfe_modell_annahme_mandat-d.docx\" target=\"_blank\" rel=\"noopener\">Briefvorlage zur Mandatsannahme<\/a><\/li><li><a href=\"https:\/\/diocese-lgf.ch\/wp-content\/uploads\/2021\/02\/asfe_exemple_membres_CF_d.xlsx\" target=\"_blank\" rel=\"noopener\">Vorlage Mitgliederliste des Stiftungsrates<\/a><\/li><\/ul><p><strong>Kontakt<\/strong><\/p><p>Aufsichtsbeh\u00f6rde der kirchlichen Stiftungen<br \/>Lausannegasse 86<br \/>CP 240<br \/>1701 Freiburg<br \/>Tel: 026 347 48 50<br \/><a class=\"mail\" href=\"mailto:asf@diocese-lgf.ch\">asf(at)diocese-lgf.ch<\/a><\/p>\t\t\t\t\t\t\t\t<\/div>\n\t\t\t\t<\/div>\n\t\t\t\t\t<\/div>\n\t\t<\/div>\n\t\t\t\t\t<\/div>\n\t\t<\/section>\n\t\t\t\t<\/div>\n\t\t<\/div>","protected":false},"excerpt":{"rendered":"<p>Die Aufsichtsbeh\u00f6rde der kirchlichen Stiftungen der Di\u00f6zese von Lausanne, Genf und Freiburg ist verantwortlich f\u00fcr die Aufsicht \u00fcber die kirchlichen Stiftungen der r\u00f6misch-katholischen Kirche, die ihren Sitz auf dem Territorium [&hellip;]<\/p>\n","protected":false},"author":7,"featured_media":0,"parent":8051,"menu_order":7,"comment_status":"closed","ping_status":"closed","template":"","meta":{"_acf_changed":false,"footnotes":""},"categories":[30],"tags":[],"class_list":["post-8053","page","type-page","status-publish","hentry","category-eveche"],"acf":[],"_links":{"self":[{"href":"https:\/\/diocese-lgf.ch\/de\/wp-json\/wp\/v2\/pages\/8053","targetHints":{"allow":["GET"]}}],"collection":[{"href":"https:\/\/diocese-lgf.ch\/de\/wp-json\/wp\/v2\/pages"}],"about":[{"href":"https:\/\/diocese-lgf.ch\/de\/wp-json\/wp\/v2\/types\/page"}],"author":[{"embeddable":true,"href":"https:\/\/diocese-lgf.ch\/de\/wp-json\/wp\/v2\/users\/7"}],"replies":[{"embeddable":true,"href":"https:\/\/diocese-lgf.ch\/de\/wp-json\/wp\/v2\/comments?post=8053"}],"version-history":[{"count":23,"href":"https:\/\/diocese-lgf.ch\/de\/wp-json\/wp\/v2\/pages\/8053\/revisions"}],"predecessor-version":[{"id":33470,"href":"https:\/\/diocese-lgf.ch\/de\/wp-json\/wp\/v2\/pages\/8053\/revisions\/33470"}],"up":[{"embeddable":true,"href":"https:\/\/diocese-lgf.ch\/de\/wp-json\/wp\/v2\/pages\/8051"}],"wp:attachment":[{"href":"https:\/\/diocese-lgf.ch\/de\/wp-json\/wp\/v2\/media?parent=8053"}],"wp:term":[{"taxonomy":"category","embeddable":true,"href":"https:\/\/diocese-lgf.ch\/de\/wp-json\/wp\/v2\/categories?post=8053"},{"taxonomy":"post_tag","embeddable":true,"href":"https:\/\/diocese-lgf.ch\/de\/wp-json\/wp\/v2\/tags?post=8053"}],"curies":[{"name":"wp","href":"https:\/\/api.w.org\/{rel}","templated":true}]}}