{"id":8051,"date":"2020-12-07T13:27:35","date_gmt":"2020-12-07T12:27:35","guid":{"rendered":"https:\/\/diocese-lgf.emblematik.dev\/kirchliche-stiftungen\/"},"modified":"2021-02-04T10:49:59","modified_gmt":"2021-02-04T09:49:59","slug":"kirchliche-stiftungen","status":"publish","type":"page","link":"https:\/\/diocese-lgf.ch\/de\/kirchliche-stiftungen\/","title":{"rendered":"Kirchliche Stiftungen"},"content":{"rendered":"<div class=\"pf-content\">\t\t<div data-elementor-type=\"wp-post\" data-elementor-id=\"8051\" class=\"elementor elementor-8051 elementor-1589\" data-elementor-post-type=\"page\">\n\t\t\t\t\t\t<section class=\"elementor-section elementor-top-section elementor-element elementor-element-611ebea7 elementor-section-boxed elementor-section-height-default elementor-section-height-default\" data-id=\"611ebea7\" data-element_type=\"section\" data-e-type=\"section\">\n\t\t\t\t\t\t<div class=\"elementor-container elementor-column-gap-default\">\n\t\t\t\t\t<div class=\"elementor-column elementor-col-100 elementor-top-column elementor-element elementor-element-2ec59265\" data-id=\"2ec59265\" data-element_type=\"column\" data-e-type=\"column\">\n\t\t\t<div class=\"elementor-widget-wrap elementor-element-populated\">\n\t\t\t\t\t\t<div class=\"elementor-element elementor-element-46a4055 elementor-widget elementor-widget-text-editor\" data-id=\"46a4055\" data-element_type=\"widget\" data-e-type=\"widget\" data-widget_type=\"text-editor.default\">\n\t\t\t\t<div class=\"elementor-widget-container\">\n\t\t\t\t\t\t\t\t\t<p>L\u2019<a href=\"https:\/\/diocese-lgf.ch\/fondations-ecclesiastiques\/surveillance-fondations-ecclesiastiques\/\" target=\"_blank\" rel=\"noopener\">Autorit\u00e9 de surveillance (AS) des fondations eccl\u00e9siastiques<\/a> assume, au nom de l\u2019\u00e9v\u00eaque dioc\u00e9sain, la responsabilit\u00e9 de surveillance des fondations civiles \u00e0 but religieux situ\u00e9es sur le territoire du dioc\u00e8se. Le Code civil suisse pr\u00e9voit en effet que les fondations eccl\u00e9siastiques sont dispens\u00e9es de la surveillance de l\u2019Etat, car la surveillance est assur\u00e9e par la communaut\u00e9 religieuse avec laquelle la fondation entretient un lien, en l\u2019occurrence l\u2019Eglise catholique romaine.<\/p><p>Il ne faut pas confondre le r\u00f4le de l\u2019AS avec celui de l\u2019Organe de R\u00e9vision\u00a0; ce dernier consiste \u00e0 v\u00e9rifier que les comptes sont justes et ne mettra pas l\u2019accent de son travail sur le respect des finalit\u00e9s de la structure.<\/p><p>Le r\u00f4le de l\u2019AS est de v\u00e9rifier que les conseils de fondation respectent la volont\u00e9 du fondateur, exprim\u00e9e dans les statuts de la fondation (notamment le but de la fondation).<\/p><p>Pourquoi une autorit\u00e9 de surveillance ? PDans une association, le travail du comit\u00e9 est surveill\u00e9 par l\u2019Assembl\u00e9e g\u00e9n\u00e9rale. Comme il n\u2019y a pas d\u2019Assembl\u00e9e g\u00e9n\u00e9rale pour une fondation, il revient \u00e0 l\u2019AS de s\u2019assurer que les membres du Conseil remplissent bien leurs devoirs envers la fondation. L\u2019AS a pour seul objectif de d\u00e9fendre, sur le long terme, la volont\u00e9 des fondateurs. La logique des fondations et des associations est diam\u00e9tralement oppos\u00e9e\u00a0: une association est au service de ses membres, alors pour une fondation, les membres du conseil sont au service de la fondation.<\/p>\t\t\t\t\t\t\t\t<\/div>\n\t\t\t\t<\/div>\n\t\t\t\t\t<\/div>\n\t\t<\/div>\n\t\t\t\t\t<\/div>\n\t\t<\/section>\n\t\t\t\t<section class=\"elementor-section elementor-top-section elementor-element elementor-element-92b72b0 elementor-section-boxed elementor-section-height-default elementor-section-height-default\" data-id=\"92b72b0\" data-element_type=\"section\" data-e-type=\"section\">\n\t\t\t\t\t\t<div class=\"elementor-container elementor-column-gap-default\">\n\t\t\t\t\t<div class=\"elementor-column elementor-col-100 elementor-top-column elementor-element elementor-element-5a02455\" data-id=\"5a02455\" data-element_type=\"column\" data-e-type=\"column\">\n\t\t\t<div class=\"elementor-widget-wrap elementor-element-populated\">\n\t\t\t\t\t\t<div class=\"elementor-element elementor-element-50b72d0 elementor-widget elementor-widget-heading\" data-id=\"50b72d0\" data-element_type=\"widget\" data-e-type=\"widget\" data-widget_type=\"heading.default\">\n\t\t\t\t<div class=\"elementor-widget-container\">\n\t\t\t\t\t<h2 class=\"elementor-heading-title elementor-size-medium\">Links<\/h2>\t\t\t\t<\/div>\n\t\t\t\t<\/div>\n\t\t\t\t<div class=\"elementor-element elementor-element-e92e169 elementor-icon-list--layout-traditional elementor-list-item-link-full_width elementor-widget elementor-widget-icon-list\" data-id=\"e92e169\" data-element_type=\"widget\" data-e-type=\"widget\" data-widget_type=\"icon-list.default\">\n\t\t\t\t<div class=\"elementor-widget-container\">\n\t\t\t\t\t\t\t<ul class=\"elementor-icon-list-items\">\n\t\t\t\t\t\t\t<li class=\"elementor-icon-list-item\">\n\t\t\t\t\t\t\t\t\t\t\t<a href=\"https:\/\/diocese-lgf.ch\/de\/kirchliche-stiftungen\/kirchliche-stiftungsaufsicht\/\" target=\"_blank\">\n\n\t\t\t\t\t\t\t\t\t\t\t\t<span class=\"elementor-icon-list-icon\">\n\t\t\t\t\t\t\t<i aria-hidden=\"true\" class=\"fas fa-arrow-circle-right\"><\/i>\t\t\t\t\t\t<\/span>\n\t\t\t\t\t\t\t\t\t\t<span class=\"elementor-icon-list-text\">Stiftungsaufsicht<\/span>\n\t\t\t\t\t\t\t\t\t\t\t<\/a>\n\t\t\t\t\t\t\t\t\t<\/li>\n\t\t\t\t\t\t<\/ul>\n\t\t\t\t\t\t<\/div>\n\t\t\t\t<\/div>\n\t\t\t\t\t<\/div>\n\t\t<\/div>\n\t\t\t\t\t<\/div>\n\t\t<\/section>\n\t\t\t\t<\/div>\n\t\t<\/div>","protected":false},"excerpt":{"rendered":"<p>L\u2019Autorit\u00e9 de surveillance (AS) des fondations eccl\u00e9siastiques assume, au nom de l\u2019\u00e9v\u00eaque dioc\u00e9sain, la responsabilit\u00e9 de surveillance des fondations civiles \u00e0 but religieux situ\u00e9es sur le territoire du dioc\u00e8se. Le [&hellip;]<\/p>\n","protected":false},"author":4,"featured_media":0,"parent":0,"menu_order":5,"comment_status":"closed","ping_status":"closed","template":"","meta":{"_acf_changed":false,"footnotes":""},"categories":[128,125],"tags":[],"class_list":["post-8051","page","type-page","status-publish","hentry","category-dienststellen","category-eveche-de"],"acf":[],"_links":{"self":[{"href":"https:\/\/diocese-lgf.ch\/de\/wp-json\/wp\/v2\/pages\/8051","targetHints":{"allow":["GET"]}}],"collection":[{"href":"https:\/\/diocese-lgf.ch\/de\/wp-json\/wp\/v2\/pages"}],"about":[{"href":"https:\/\/diocese-lgf.ch\/de\/wp-json\/wp\/v2\/types\/page"}],"author":[{"embeddable":true,"href":"https:\/\/diocese-lgf.ch\/de\/wp-json\/wp\/v2\/users\/4"}],"replies":[{"embeddable":true,"href":"https:\/\/diocese-lgf.ch\/de\/wp-json\/wp\/v2\/comments?post=8051"}],"version-history":[{"count":10,"href":"https:\/\/diocese-lgf.ch\/de\/wp-json\/wp\/v2\/pages\/8051\/revisions"}],"predecessor-version":[{"id":10901,"href":"https:\/\/diocese-lgf.ch\/de\/wp-json\/wp\/v2\/pages\/8051\/revisions\/10901"}],"wp:attachment":[{"href":"https:\/\/diocese-lgf.ch\/de\/wp-json\/wp\/v2\/media?parent=8051"}],"wp:term":[{"taxonomy":"category","embeddable":true,"href":"https:\/\/diocese-lgf.ch\/de\/wp-json\/wp\/v2\/categories?post=8051"},{"taxonomy":"post_tag","embeddable":true,"href":"https:\/\/diocese-lgf.ch\/de\/wp-json\/wp\/v2\/tags?post=8051"}],"curies":[{"name":"wp","href":"https:\/\/api.w.org\/{rel}","templated":true}]}}