{"id":8016,"date":"2020-12-07T12:19:39","date_gmt":"2020-12-07T11:19:39","guid":{"rendered":"https:\/\/diocese-lgf.emblematik.dev\/kantonale-dienste-neuenburg\/"},"modified":"2025-01-11T15:52:15","modified_gmt":"2025-01-11T14:52:15","slug":"kantonale-dienste-neuenburg","status":"publish","type":"page","link":"https:\/\/diocese-lgf.ch\/de\/kantonale-dienste-neuenburg\/","title":{"rendered":"Kantonale Dienste: Neuenburg"},"content":{"rendered":"<div class=\"pf-content\">\t\t<div data-elementor-type=\"wp-page\" data-elementor-id=\"8016\" class=\"elementor elementor-8016 elementor-7161\" data-elementor-post-type=\"page\">\n\t\t\t\t\t\t<section class=\"elementor-section elementor-top-section elementor-element elementor-element-1a3222f elementor-section-boxed elementor-section-height-default elementor-section-height-default\" data-id=\"1a3222f\" data-element_type=\"section\" data-e-type=\"section\">\n\t\t\t\t\t\t<div class=\"elementor-container elementor-column-gap-default\">\n\t\t\t\t\t<div class=\"elementor-column elementor-col-100 elementor-top-column elementor-element elementor-element-0353f3a\" data-id=\"0353f3a\" data-element_type=\"column\" data-e-type=\"column\">\n\t\t\t<div class=\"elementor-widget-wrap elementor-element-populated\">\n\t\t\t\t\t\t<div class=\"elementor-element elementor-element-6665873 elementor-widget elementor-widget-heading\" data-id=\"6665873\" data-element_type=\"widget\" data-e-type=\"widget\" data-widget_type=\"heading.default\">\n\t\t\t\t<div class=\"elementor-widget-container\">\n\t\t\t\t\t<h2 class=\"elementor-heading-title elementor-size-default\">Organisation der Di\u00f6zesankirche im Kanton Neuenburg<\/h2>\t\t\t\t<\/div>\n\t\t\t\t<\/div>\n\t\t\t\t\t<\/div>\n\t\t<\/div>\n\t\t\t\t\t<\/div>\n\t\t<\/section>\n\t\t\t\t<section class=\"elementor-section elementor-top-section elementor-element elementor-element-9c0290d elementor-section-boxed elementor-section-height-default elementor-section-height-default\" data-id=\"9c0290d\" data-element_type=\"section\" data-e-type=\"section\">\n\t\t\t\t\t\t<div class=\"elementor-container elementor-column-gap-default\">\n\t\t\t\t\t<div class=\"elementor-column elementor-col-100 elementor-top-column elementor-element elementor-element-1bc1da8\" data-id=\"1bc1da8\" data-element_type=\"column\" data-e-type=\"column\">\n\t\t\t<div class=\"elementor-widget-wrap elementor-element-populated\">\n\t\t\t\t\t\t<div class=\"elementor-element elementor-element-e341ec7 elementor-widget elementor-widget-image\" data-id=\"e341ec7\" data-element_type=\"widget\" data-e-type=\"widget\" data-widget_type=\"image.default\">\n\t\t\t\t<div class=\"elementor-widget-container\">\n\t\t\t\t\t\t\t\t\t\t\t\t<figure class=\"wp-caption\">\n\t\t\t\t\t\t\t\t\t\t<img fetchpriority=\"high\" decoding=\"async\" width=\"300\" height=\"225\" src=\"https:\/\/diocese-lgf.ch\/wp-content\/uploads\/2020\/12\/vicariat_NE-300x225.jpg\" class=\"attachment-medium size-medium wp-image-9145\" alt=\"\" srcset=\"https:\/\/diocese-lgf.ch\/wp-content\/uploads\/2020\/12\/vicariat_NE-300x225.jpg 300w, https:\/\/diocese-lgf.ch\/wp-content\/uploads\/2020\/12\/vicariat_NE.jpg 640w\" sizes=\"(max-width: 300px) 100vw, 300px\" \/>\t\t\t\t\t\t\t\t\t\t\t<figcaption class=\"widget-image-caption wp-caption-text\">Rue de Vieux-Ch\u00e2tel 4, 2000 Neuch\u00e2tel (photo: Julia Moreno)<\/figcaption>\n\t\t\t\t\t\t\t\t\t\t<\/figure>\n\t\t\t\t\t\t\t\t\t<\/div>\n\t\t\t\t<\/div>\n\t\t\t\t\t<\/div>\n\t\t<\/div>\n\t\t\t\t\t<\/div>\n\t\t<\/section>\n\t\t\t\t<section class=\"elementor-section elementor-top-section elementor-element elementor-element-709a8f1 elementor-section-boxed elementor-section-height-default elementor-section-height-default\" data-id=\"709a8f1\" data-element_type=\"section\" data-e-type=\"section\">\n\t\t\t\t\t\t<div class=\"elementor-container elementor-column-gap-default\">\n\t\t\t\t\t<div class=\"elementor-column elementor-col-100 elementor-top-column elementor-element elementor-element-0fc14e0\" data-id=\"0fc14e0\" data-element_type=\"column\" data-e-type=\"column\">\n\t\t\t<div class=\"elementor-widget-wrap elementor-element-populated\">\n\t\t\t\t\t\t<div class=\"elementor-element elementor-element-094b01f elementor-widget elementor-widget-text-editor\" data-id=\"094b01f\" data-element_type=\"widget\" data-e-type=\"widget\" data-widget_type=\"text-editor.default\">\n\t\t\t\t<div class=\"elementor-widget-container\">\n\t\t\t\t\t\t\t\t\t<p>Romuald Babey, repr\u00e9sentant de l&#8217;\u00e9v\u00eaque<\/p><p>Hortense de Luget, charg\u00e9e de recherche de fonds<\/p><p>Fran\u00e7ois Perroset, responsable du Service de la communication<\/p><p>Emmanuel Raffner, pr\u00e9sident de la F\u00e9d\u00e9ration<\/p><p>Antoine Wildhaber, vice-pr\u00e9sident de la F\u00e9d\u00e9ration<\/p><p>Sonia Wyss, administratrice<\/p><p>Florbela Zimmer, secr\u00e9taire<\/p>\t\t\t\t\t\t\t\t<\/div>\n\t\t\t\t<\/div>\n\t\t\t\t\t<\/div>\n\t\t<\/div>\n\t\t\t\t\t<\/div>\n\t\t<\/section>\n\t\t\t\t<\/div>\n\t\t<\/div>","protected":false},"excerpt":{"rendered":"<p>Organisation der Di\u00f6zesankirche im Kanton Neuenburg Rue de Vieux-Ch\u00e2tel 4, 2000 Neuch\u00e2tel (photo: Julia Moreno) Romuald Babey, repr\u00e9sentant de l&#8217;\u00e9v\u00eaque Hortense de Luget, charg\u00e9e de recherche de fonds Fran\u00e7ois Perroset, [&hellip;]<\/p>\n","protected":false},"author":4,"featured_media":0,"parent":0,"menu_order":0,"comment_status":"closed","ping_status":"closed","template":"","meta":{"_acf_changed":false,"footnotes":""},"categories":[70],"tags":[],"class_list":["post-8016","page","type-page","status-publish","hentry","category-vie-eglise-de"],"acf":[],"_links":{"self":[{"href":"https:\/\/diocese-lgf.ch\/de\/wp-json\/wp\/v2\/pages\/8016","targetHints":{"allow":["GET"]}}],"collection":[{"href":"https:\/\/diocese-lgf.ch\/de\/wp-json\/wp\/v2\/pages"}],"about":[{"href":"https:\/\/diocese-lgf.ch\/de\/wp-json\/wp\/v2\/types\/page"}],"author":[{"embeddable":true,"href":"https:\/\/diocese-lgf.ch\/de\/wp-json\/wp\/v2\/users\/4"}],"replies":[{"embeddable":true,"href":"https:\/\/diocese-lgf.ch\/de\/wp-json\/wp\/v2\/comments?post=8016"}],"version-history":[{"count":13,"href":"https:\/\/diocese-lgf.ch\/de\/wp-json\/wp\/v2\/pages\/8016\/revisions"}],"predecessor-version":[{"id":28399,"href":"https:\/\/diocese-lgf.ch\/de\/wp-json\/wp\/v2\/pages\/8016\/revisions\/28399"}],"wp:attachment":[{"href":"https:\/\/diocese-lgf.ch\/de\/wp-json\/wp\/v2\/media?parent=8016"}],"wp:term":[{"taxonomy":"category","embeddable":true,"href":"https:\/\/diocese-lgf.ch\/de\/wp-json\/wp\/v2\/categories?post=8016"},{"taxonomy":"post_tag","embeddable":true,"href":"https:\/\/diocese-lgf.ch\/de\/wp-json\/wp\/v2\/tags?post=8016"}],"curies":[{"name":"wp","href":"https:\/\/api.w.org\/{rel}","templated":true}]}}