{"id":8012,"date":"2020-12-07T12:15:26","date_gmt":"2020-12-07T11:15:26","guid":{"rendered":"https:\/\/diocese-lgf.emblematik.dev\/kantonale-dienste-genf\/"},"modified":"2025-10-28T09:13:18","modified_gmt":"2025-10-28T08:13:18","slug":"kantonale-dienste-genf","status":"publish","type":"page","link":"https:\/\/diocese-lgf.ch\/de\/kantonale-dienste-genf\/","title":{"rendered":"Kantonale Dienste: Genf"},"content":{"rendered":"<div class=\"pf-content\">\t\t<div data-elementor-type=\"wp-page\" data-elementor-id=\"8012\" class=\"elementor elementor-8012 elementor-7154\" data-elementor-post-type=\"page\">\n\t\t\t\t\t\t<section class=\"elementor-section elementor-top-section elementor-element elementor-element-8332e45 elementor-section-boxed elementor-section-height-default elementor-section-height-default\" data-id=\"8332e45\" data-element_type=\"section\" data-e-type=\"section\">\n\t\t\t\t\t\t<div class=\"elementor-container elementor-column-gap-default\">\n\t\t\t\t\t<div class=\"elementor-column elementor-col-100 elementor-top-column elementor-element elementor-element-74a9789\" data-id=\"74a9789\" data-element_type=\"column\" data-e-type=\"column\">\n\t\t\t<div class=\"elementor-widget-wrap elementor-element-populated\">\n\t\t\t\t\t\t<div class=\"elementor-element elementor-element-9eb6db3 elementor-widget elementor-widget-heading\" data-id=\"9eb6db3\" data-element_type=\"widget\" data-e-type=\"widget\" data-widget_type=\"heading.default\">\n\t\t\t\t<div class=\"elementor-widget-container\">\n\t\t\t\t\t<h2 class=\"elementor-heading-title elementor-size-default\">Organisation der Di\u00f6zesankirche im Kanton Genf<\/h2>\t\t\t\t<\/div>\n\t\t\t\t<\/div>\n\t\t\t\t\t<\/div>\n\t\t<\/div>\n\t\t\t\t\t<\/div>\n\t\t<\/section>\n\t\t\t\t<section class=\"elementor-section elementor-top-section elementor-element elementor-element-709a8f1 elementor-section-boxed elementor-section-height-default elementor-section-height-default\" data-id=\"709a8f1\" data-element_type=\"section\" data-e-type=\"section\">\n\t\t\t\t\t\t<div class=\"elementor-container elementor-column-gap-default\">\n\t\t\t\t\t<div class=\"elementor-column elementor-col-100 elementor-top-column elementor-element elementor-element-0fc14e0\" data-id=\"0fc14e0\" data-element_type=\"column\" data-e-type=\"column\">\n\t\t\t<div class=\"elementor-widget-wrap elementor-element-populated\">\n\t\t\t\t\t\t<div class=\"elementor-element elementor-element-094b01f elementor-widget elementor-widget-text-editor\" data-id=\"094b01f\" data-element_type=\"widget\" data-e-type=\"widget\" data-widget_type=\"text-editor.default\">\n\t\t\t\t<div class=\"elementor-widget-container\">\n\t\t\t\t\t\t\t\t\t<p>Rossana Aloise, Sr, adjointe de la repr\u00e9sentante de l\u2019\u00e9v\u00eaque (Bureau Pastoral)<\/p><p>Guylaine Antille, responsable du service <em>D\u00e9veloppement et Communication<\/em> et <em>Recherche de fonds<\/em><\/p><p>Silvana Bassetti, responsable de l&#8217;information<\/p><p>Carol Beytrison, adjointe de la repr\u00e9sentante de l\u2019\u00e9v\u00eaque<\/p><p>G\u00e9rald Blanc, responsable informatique<\/p><p>Audrey Brasier, responsable grande philanthropie<\/p><p>Liliana Buendia, aide-comptable<\/p><p>Fr\u00e9d\u00e9ric Colleoni, secr\u00e9taire g\u00e9n\u00e9ral<\/p><p>Michel Colin, adjoint de la repr\u00e9sentante de l&#8217;\u00e9v\u00eaque (Bureau Pastoral)<\/p><p>Geoffroy de Clavi\u00e8re, en charge des relations avec les m\u00e9c\u00e8nes<\/p><p>Fabienne Dubouloz-Gigon, repr\u00e9sentante de l&#8217;\u00e9v\u00eaque<\/p><p>Philippe Fr\u00e9sard, adjoint financier<\/p><p>Mercedes Lopez, charg\u00e9e d\u2019accueil<\/p><p>Alessandra Macri, secr\u00e9taire du Bureau Pastoral<\/p><p>Nathalie Martinoli Kolba, archiviste<\/p><p>Dominique Pittet, responsable de la gestion du patrimoine<\/p><p>Pamela S\u00e9chaud, responsable internet et r\u00e9seaux sociaux<\/p><p>V\u00e9ronique Thorimbert, r\u00e9ceptionniste<\/p>\t\t\t\t\t\t\t\t<\/div>\n\t\t\t\t<\/div>\n\t\t\t\t\t<\/div>\n\t\t<\/div>\n\t\t\t\t\t<\/div>\n\t\t<\/section>\n\t\t\t\t<\/div>\n\t\t<\/div>","protected":false},"excerpt":{"rendered":"<p>Organisation der Di\u00f6zesankirche im Kanton Genf Rossana Aloise, Sr, adjointe de la repr\u00e9sentante de l\u2019\u00e9v\u00eaque (Bureau Pastoral) Guylaine Antille, responsable du service D\u00e9veloppement et Communication et Recherche de fonds Silvana [&hellip;]<\/p>\n","protected":false},"author":4,"featured_media":0,"parent":0,"menu_order":0,"comment_status":"closed","ping_status":"closed","template":"","meta":{"_acf_changed":false,"footnotes":""},"categories":[70],"tags":[],"class_list":["post-8012","page","type-page","status-publish","hentry","category-vie-eglise-de"],"acf":[],"_links":{"self":[{"href":"https:\/\/diocese-lgf.ch\/de\/wp-json\/wp\/v2\/pages\/8012","targetHints":{"allow":["GET"]}}],"collection":[{"href":"https:\/\/diocese-lgf.ch\/de\/wp-json\/wp\/v2\/pages"}],"about":[{"href":"https:\/\/diocese-lgf.ch\/de\/wp-json\/wp\/v2\/types\/page"}],"author":[{"embeddable":true,"href":"https:\/\/diocese-lgf.ch\/de\/wp-json\/wp\/v2\/users\/4"}],"replies":[{"embeddable":true,"href":"https:\/\/diocese-lgf.ch\/de\/wp-json\/wp\/v2\/comments?post=8012"}],"version-history":[{"count":22,"href":"https:\/\/diocese-lgf.ch\/de\/wp-json\/wp\/v2\/pages\/8012\/revisions"}],"predecessor-version":[{"id":32014,"href":"https:\/\/diocese-lgf.ch\/de\/wp-json\/wp\/v2\/pages\/8012\/revisions\/32014"}],"wp:attachment":[{"href":"https:\/\/diocese-lgf.ch\/de\/wp-json\/wp\/v2\/media?parent=8012"}],"wp:term":[{"taxonomy":"category","embeddable":true,"href":"https:\/\/diocese-lgf.ch\/de\/wp-json\/wp\/v2\/categories?post=8012"},{"taxonomy":"post_tag","embeddable":true,"href":"https:\/\/diocese-lgf.ch\/de\/wp-json\/wp\/v2\/tags?post=8012"}],"curies":[{"name":"wp","href":"https:\/\/api.w.org\/{rel}","templated":true}]}}