{"id":7819,"date":"2020-12-06T14:41:58","date_gmt":"2020-12-06T13:41:58","guid":{"rendered":"https:\/\/diocese-lgf.emblematik.dev\/ordensgemeinschaften\/"},"modified":"2022-07-23T10:54:02","modified_gmt":"2022-07-23T08:54:02","slug":"ordensgemeinschaften","status":"publish","type":"page","link":"https:\/\/diocese-lgf.ch\/de\/ordensgemeinschaften\/","title":{"rendered":"Ordensgemeinschaften"},"content":{"rendered":"<div class=\"pf-content\">\t\t<div data-elementor-type=\"wp-page\" data-elementor-id=\"7819\" class=\"elementor elementor-7819 elementor-4271\" data-elementor-post-type=\"page\">\n\t\t\t\t\t\t<section class=\"elementor-section elementor-top-section elementor-element elementor-element-2f2bad6 elementor-section-boxed elementor-section-height-default elementor-section-height-default\" data-id=\"2f2bad6\" data-element_type=\"section\" data-e-type=\"section\">\n\t\t\t\t\t\t<div class=\"elementor-container elementor-column-gap-default\">\n\t\t\t\t\t<div class=\"elementor-column elementor-col-100 elementor-top-column elementor-element elementor-element-5788847\" data-id=\"5788847\" data-element_type=\"column\" data-e-type=\"column\">\n\t\t\t<div class=\"elementor-widget-wrap elementor-element-populated\">\n\t\t\t\t\t\t\t<\/div>\n\t\t<\/div>\n\t\t\t\t\t<\/div>\n\t\t<\/section>\n\t\t\t\t<section class=\"elementor-section elementor-top-section elementor-element elementor-element-a9c95d1 elementor-section-boxed elementor-section-height-default elementor-section-height-default\" data-id=\"a9c95d1\" data-element_type=\"section\" data-e-type=\"section\">\n\t\t\t\t\t\t<div class=\"elementor-container elementor-column-gap-default\">\n\t\t\t\t\t<div class=\"elementor-column elementor-col-100 elementor-top-column elementor-element elementor-element-a8c8343\" data-id=\"a8c8343\" data-element_type=\"column\" data-e-type=\"column\">\n\t\t\t<div class=\"elementor-widget-wrap elementor-element-populated\">\n\t\t\t\t\t\t<div class=\"elementor-element elementor-element-62fb8be elementor-widget elementor-widget-image\" data-id=\"62fb8be\" data-element_type=\"widget\" data-e-type=\"widget\" data-widget_type=\"image.default\">\n\t\t\t\t<div class=\"elementor-widget-container\">\n\t\t\t\t\t\t\t\t\t\t\t\t\t\t\t<img fetchpriority=\"high\" decoding=\"async\" width=\"696\" height=\"450\" src=\"https:\/\/diocese-lgf.ch\/wp-content\/uploads\/2020\/05\/comrel3.jpg\" class=\"attachment-large size-large wp-image-4370\" alt=\"\" srcset=\"https:\/\/diocese-lgf.ch\/wp-content\/uploads\/2020\/05\/comrel3.jpg 696w, https:\/\/diocese-lgf.ch\/wp-content\/uploads\/2020\/05\/comrel3-300x194.jpg 300w\" sizes=\"(max-width: 696px) 100vw, 696px\" \/>\t\t\t\t\t\t\t\t\t\t\t\t\t\t\t<\/div>\n\t\t\t\t<\/div>\n\t\t\t\t\t<\/div>\n\t\t<\/div>\n\t\t\t\t\t<\/div>\n\t\t<\/section>\n\t\t\t\t<section class=\"elementor-section elementor-top-section elementor-element elementor-element-3805279 elementor-section-boxed elementor-section-height-default elementor-section-height-default\" data-id=\"3805279\" data-element_type=\"section\" data-e-type=\"section\">\n\t\t\t\t\t\t<div class=\"elementor-container elementor-column-gap-default\">\n\t\t\t\t\t<div class=\"elementor-column elementor-col-100 elementor-top-column elementor-element elementor-element-730172a\" data-id=\"730172a\" data-element_type=\"column\" data-e-type=\"column\">\n\t\t\t<div class=\"elementor-widget-wrap elementor-element-populated\">\n\t\t\t\t\t\t<div class=\"elementor-element elementor-element-917e85c elementor-widget elementor-widget-heading\" data-id=\"917e85c\" data-element_type=\"widget\" data-e-type=\"widget\" data-widget_type=\"heading.default\">\n\t\t\t\t<div class=\"elementor-widget-container\">\n\t\t\t\t\t<h2 class=\"elementor-heading-title elementor-size-default\">Ordensgemeinschaften von Frauen<\/h2>\t\t\t\t<\/div>\n\t\t\t\t<\/div>\n\t\t\t\t\t<\/div>\n\t\t<\/div>\n\t\t\t\t\t<\/div>\n\t\t<\/section>\n\t\t\t\t<section class=\"elementor-section elementor-top-section elementor-element elementor-element-709a8f1 elementor-section-boxed elementor-section-height-default elementor-section-height-default\" data-id=\"709a8f1\" data-element_type=\"section\" data-e-type=\"section\">\n\t\t\t\t\t\t<div class=\"elementor-container elementor-column-gap-default\">\n\t\t\t\t\t<div class=\"elementor-column elementor-col-100 elementor-top-column elementor-element elementor-element-0fc14e0\" data-id=\"0fc14e0\" data-element_type=\"column\" data-e-type=\"column\">\n\t\t\t<div class=\"elementor-widget-wrap elementor-element-populated\">\n\t\t\t\t\t\t<div class=\"elementor-element elementor-element-094b01f elementor-widget elementor-widget-text-editor\" data-id=\"094b01f\" data-element_type=\"widget\" data-e-type=\"widget\" data-widget_type=\"text-editor.default\">\n\t\t\t\t<div class=\"elementor-widget-container\">\n\t\t\t\t\t\t\t\t\t<ul><li><a href=\"https:\/\/www.capucins.ch\/cms\/index.php\/communautes-franciscaines\/famille-franciscaine\/autres-communautes\/35-les-soeurs-de-baldegg\" target=\"_blank\" rel=\"noopener\">Baldegger Schwestern<\/a>, Bourguillon<\/li><li><a href=\"http:\/\/carmel-lepaquier.com\" target=\"_blank\" rel=\"noopener\">Carm\u00e9lites<\/a>, Monast\u00e8re du Carmel, Le P\u00e2quier<\/li><li><a href=\"https:\/\/www.carmelsaintjoseph.com\/locations\/fribourg\/\" target=\"_blank\" rel=\"noopener\">Carm\u00e9lites de Saint-Joseph<\/a><strong>,<\/strong> Fribourg<\/li><li><a href=\"https:\/\/www.capucins.ch\/cms\/index.php\/communautes-franciscaines\/famille-franciscaine\/les-capucines\" target=\"_blank\" rel=\"noopener\">Capucines<\/a>, Monast\u00e8re Saint-Joseph de Montorge, Fribourg<\/li><li><a href=\"http:\/\/www.fille-dieu.ch\" target=\"_blank\" rel=\"noopener\">Cisterciennes<\/a>, Abbaye de la Fille-Dieu, Romont<\/li><li><a href=\"http:\/\/www.maigrauge.ch\" target=\"_blank\" rel=\"noopener\">Cisterciennes<\/a>, Abbaye de la Maigrauge, Fribourg<\/li><li><a href=\"http:\/\/www.capucins.ch\/cms\/index.php\/les-clarisses\" target=\"_blank\" rel=\"noopener\">Clarisses<\/a>, Monast\u00e8re de Sainte-Claire, La Grand-Part, Jongny<\/li><li><a href=\"http:\/\/www.cenaclesauges.ch\/\" target=\"_blank\" rel=\"noopener\">Communaut\u00e9 Eccl\u00e9siale du C\u00e9nacle au Pr\u00e9-de-Sauges<\/a>, Saint-Aubin-Sauges<\/li><li><a href=\"http:\/\/www.guterhirte.org\/v2\/index.php?page=schweiz&amp;hl=de_DE\" target=\"_blank\" rel=\"noopener\">Congr\u00e9gation de Notre-Dame de Charit\u00e9 du Bon-Pasteur<\/a>, Gen\u00e8ve<\/li><li><a href=\"https:\/\/www.regnumchristi.fr\/consacrees\" target=\"_blank\" rel=\"noopener\">Consacr\u00e9es de Regnum Christi<\/a>, Les Avants-sur-Montreux<\/li><li><a href=\"http:\/\/www.moniales-op.ch\" target=\"_blank\" rel=\"noopener\">Dominicaines<\/a>, Monast\u00e8re des Dominicaines, Estavayer-le-Lac<\/li><li><a href=\"https:\/\/fillesdelacharite-province-bfs.fr\" target=\"_blank\" rel=\"noopener\">Filles de la Charit\u00e9 de Saint Vincent de Paul<\/a>, Fribourg \/ Grand-Lancy \/ Le Landeron \/ Le Lignon<\/li><li><a href=\"http:\/\/filles-du-coeur-de-marie.cef.fr\/aujourdhui-dans-le-monde\/\" target=\"_blank\" rel=\"noopener\">Filles du C\u0153ur de Marie<\/a>, Courtaman, Fribourg<\/li><li><a href=\"https:\/\/www.fokolar-bewegung.ch\/fr\/standorte\/focolare-feminin-geneve\" target=\"_blank\" rel=\"noopener\">Focolare<\/a>, Montet \/ Onex<\/li><li><a href=\"http:\/\/www.petitessoeursdejesus.org\" target=\"_blank\" rel=\"noopener\">Fraternit\u00e9 des Petites S\u0153urs de J\u00e9sus<\/a>, Aubonne \/ Gen\u00e8ve<\/li><li><a href=\"http:\/\/www.upcompassion.ch\/index.php\/site-map-6\/2014-11-10-16-03-23\/contact\" target=\"_blank\" rel=\"noopener\">Fraternit\u00e9 OASIS<\/a>, Bulle<\/li><li><a href=\"https:\/\/www.gemeinschaft-der-laienmissionarinnen.ch\/\" target=\"_blank\" rel=\"noopener\">Gemeinschaft der Laienmissionarinnen<\/a>, Villars-sur-Gl\u00e2ne<\/li><li><a href=\"http:\/\/kanisiusverlag.ch\/kanisiusschwestern\" target=\"_blank\" rel=\"noopener\">Kanisiusschwestern<\/a>, Freiburg<\/li><li><a href=\"https:\/\/www.motherteresa.org\/french\/contact-the-missionaries-of-charity.html\" target=\"_blank\" rel=\"noopener\">Missionnaires de la Charit\u00e9<\/a>\u00a0(Missionaries of Charity), Lausanne<\/li><li><a href=\"https:\/\/www.trinitaires.org\/qui-sommes-nous\/presence-dans-le-monde\/communautes-deurope\/\" target=\"_blank\" rel=\"noopener\">Religieuses Trinitaires de Valence<\/a>, Gen\u00e8ve<\/li><li><a href=\"http:\/\/www.guterhirte.org\/v2\/index.php?page=adressen&amp;hl=de_DE\" target=\"_blank\" rel=\"noopener\">Schwestern vom Guten Hirten<\/a>, Freiburg<\/li><li><a href=\"https:\/\/foyer-cistercien.org\/index.php?option=com_content&amp;view=category&amp;layout=blog&amp;id=17&amp;Itemid=158\" target=\"_blank\" rel=\"noopener\">S\u0153urs Bernardines de Collombey<\/a>, Gen\u00e8ve<\/li><li><a href=\"http:\/\/www.ingenbohl-fr.ch\" target=\"_blank\" rel=\"noopener\">S\u0153urs de la Charit\u00e9 de la\u00a0Sainte-Croix d&#8217;Ingenbohl<\/a>, Fribourg (communaut\u00e9 \u00e0 Broc)<\/li><li><a href=\"https:\/\/www.soeurs-st-paul.ch\" target=\"_blank\" rel=\"noopener\">S\u0153urs de l&#8217;Oeuvre de Saint-Paul<\/a>, Fribourg<\/li><li><a href=\"http:\/\/www.sainte-bernadette-soubirous-nevers.com\/congregation-aujour\/le-monde-des-soeurs-de-la-charite-de-nevers\/\" target=\"_blank\" rel=\"noopener\">S\u0153urs de la Charit\u00e9 de Nevers<\/a>, Givisiez<\/li><li><a href=\"http:\/\/www.suoredellacarita.org\/?page_id=10878&amp;lang=fr\" target=\"_blank\" rel=\"noopener\">S\u0153urs de la Charit\u00e9 de Sainte Jeanne-Antide Thouret<\/a>, Cressier \/ Marly \/ Yverdon-les-Bains<\/li><li><a href=\"https:\/\/www.grandchamp.org\/\" target=\"_blank\" rel=\"noopener\">S\u0153urs de la communaut\u00e9 de Grandchamp <\/a>(communaut\u00e9 \u0153cum\u00e9nique), Areuse<\/li><li><a href=\"https:\/\/www.sisterscrosschavanod.org\" target=\"_blank\" rel=\"noopener\">S\u0153urs de La Croix de Chavanod<\/a>, Gen\u00e8ve<\/li><li><a href=\"https:\/\/www.kloster-menzingen.ch\/provinzen\/\" target=\"_blank\" rel=\"noopener\">S\u0153urs de la Sainte-Croix de Menzingen<\/a>, Fribourg \/ Bulle<\/li><li><a href=\"http:\/\/sjclunyfrancesuisse.fr\/Fribourg\" target=\"_blank\" rel=\"noopener\">S\u0153urs de Saint-Joseph de Cluny<\/a>, Fribourg<\/li><li><a href=\"https:\/\/www.stjosephlyon.org\/ou-sommes-nous\/europe\/\" target=\"_blank\" rel=\"noopener\">S\u0153urs de Saint-Joseph de Lyon<\/a>, Fribourg<\/li><li><a href=\"https:\/\/www.lapelouse.ch\/index.php\/les-communautes\/region-suisse\/en-suisse-romande\" target=\"_blank\" rel=\"noopener\">S\u0153urs de Saint-Maurice<\/a>, Lausanne (Foyer Bon Accueil)<\/li><li><a href=\"https:\/\/www.spc-suisse.org\/en-suisse\" target=\"_blank\" rel=\"noopener\">S\u0153urs de Saint-Paul de Chartres<\/a>, La Chaux de Fonds<\/li><li><a href=\"https:\/\/www.suoredisantanna.org\/in-unita-con-i-laici\/svizzera\/\" target=\"_blank\" rel=\"noopener\">S\u0153urs de Sainte-Anne de Turin<\/a>, Renens (Foyer Sainte-Famille)<\/li><li><a href=\"http:\/\/fribourg.ste-ursule.org\" target=\"_blank\" rel=\"noopener\">S\u0153urs de Sainte-Ursule<\/a>, Fribourg<\/li><li>S\u0153urs Hospitali\u00e8res de Sainte-Marthe, St. Ursen<\/li><li><a href=\"https:\/\/www.ismlausanne.org\/etablissement\/communaute-des-soeurs\" target=\"_blank\" rel=\"noopener\">S\u0153urs Marcellines<\/a>, Lausanne (Institut Sainte-Marcelline)<\/li><li><a href=\"https:\/\/msolafrica.org\/fr\/\" target=\"_blank\" rel=\"noopener\">S\u0153urs Missionnaires de Notre-Dame d&#8217;Afrique<\/a>, Fribourg<\/li><li><a href=\"https:\/\/scalabriniane.eu\/neuchatel\/\" target=\"_blank\" rel=\"noopener\">S\u0153urs Missionnaires de Saint-Charles Borrom\u00e9e Scalabriniennes<\/a>, Neuch\u00e2tel<\/li><li><a href=\"http:\/\/pierre-claver.ch\/\" target=\"_blank\" rel=\"noopener\">S\u0153urs Missionnaires de Saint-Pierre Claver<\/a>, Fribourg<\/li><li><a href=\"https:\/\/spiritaines.org\/nos-lieux-dinterventions\/\" target=\"_blank\" rel=\"noopener\">S\u0153urs Missionnaires du Saint-Esprit<\/a>, Fribourg<\/li><li><a href=\"https:\/\/www.institut-chatel.ch\/fr\/accueil\/\" target=\"_blank\" rel=\"noopener\">S\u0153urs Oblates de Saint-Fran\u00e7ois de Sales<\/a>, Ch\u00e2tel-Saint-Denis<\/li><li><a href=\"https:\/\/salesienne.ch\/vie-pastorale\/\" target=\"_blank\" rel=\"noopener\">S\u0153urs Sal\u00e9siennes de Don Bosco<\/a>, Veyrier (Institut \u00ab La Sal\u00e9sienne \u00bb)<\/li><li><a href=\"http:\/\/www.orsolineverona.it\/svizzera\" target=\"_blank\" rel=\"noopener\">S\u0153urs Ursulines de V\u00e9rone<\/a>, Gen\u00e8ve \/ Le Grand-Saconnex<\/li><li><a href=\"https:\/\/ordovirginum.ch\/\" target=\"_blank\" rel=\"noopener\">Vierges Consacr\u00e9es<\/a> (Ordre des)<\/li><li><a href=\"http:\/\/www.la-visitation.org\/les-monasteres\/fribourg\" target=\"_blank\" rel=\"noopener\">Visitandines<\/a>, Monast\u00e8re de la Visitation Sainte-Marie, Fribourg<\/li><\/ul>\t\t\t\t\t\t\t\t<\/div>\n\t\t\t\t<\/div>\n\t\t\t\t\t<\/div>\n\t\t<\/div>\n\t\t\t\t\t<\/div>\n\t\t<\/section>\n\t\t\t\t<section class=\"elementor-section elementor-top-section elementor-element elementor-element-3d0eb55 elementor-section-boxed elementor-section-height-default elementor-section-height-default\" data-id=\"3d0eb55\" data-element_type=\"section\" data-e-type=\"section\">\n\t\t\t\t\t\t<div class=\"elementor-container elementor-column-gap-default\">\n\t\t\t\t\t<div class=\"elementor-column elementor-col-100 elementor-top-column elementor-element elementor-element-68d3aaf\" data-id=\"68d3aaf\" data-element_type=\"column\" data-e-type=\"column\">\n\t\t\t<div class=\"elementor-widget-wrap elementor-element-populated\">\n\t\t\t\t\t\t<div class=\"elementor-element elementor-element-32d6ccd elementor-widget elementor-widget-heading\" data-id=\"32d6ccd\" data-element_type=\"widget\" data-e-type=\"widget\" data-widget_type=\"heading.default\">\n\t\t\t\t<div class=\"elementor-widget-container\">\n\t\t\t\t\t<h2 class=\"elementor-heading-title elementor-size-default\">Ordensgemeinschaften von M\u00e4nnern<\/h2>\t\t\t\t<\/div>\n\t\t\t\t<\/div>\n\t\t\t\t<div class=\"elementor-element elementor-element-3641418 elementor-widget elementor-widget-text-editor\" data-id=\"3641418\" data-element_type=\"widget\" data-e-type=\"widget\" data-widget_type=\"text-editor.default\">\n\t\t\t\t<div class=\"elementor-widget-container\">\n\t\t\t\t\t\t\t\t\t<ul>\n<li><a href=\"https:\/\/www.capucins-fribourg.ch\" target=\"_blank\" rel=\"noopener\">Capucins<\/a>, Fribourg<\/li>\n<li><a href=\"https:\/\/www.lecarmel.ch\" target=\"_blank\" rel=\"noopener\">Carmes<\/a>, Fribourg<\/li>\n<li><a href=\"http:\/\/chartreux.org\/fr\/maisons\/valsainte\/index.php\" target=\"_blank\" rel=\"noopener\">Chartreux<\/a>, Chartreuse de La Valsainte, Cerniat<\/li>\n<li><a href=\"http:\/\/www.ocist.org\/ocist\/fr\/\" target=\"_blank\" rel=\"noopener\">Cisterciens<\/a>, Orsonnens \/ <a href=\"https:\/\/www.abbaye-hauterive.ch\/la-communaute\" target=\"_blank\" rel=\"noopener\">Posieux<\/a><\/li>\n<li><a href=\"https:\/\/www.cordeliers.ch\/fr\/couvents\/suisse\/fribourg\/\" target=\"_blank\" rel=\"noopener\">Cordeliers<\/a>, Fribourg<\/li>\n<li><a href=\"https:\/\/dominicains.ch\/\" target=\"_blank\" rel=\"noopener\">Dominicains<\/a>, Cologny \/ Fribourg<\/li>\n<li><a href=\"https:\/\/www.fokolar-bewegung.ch\/fr\/standorte\/focolare-masculin-geneve\" target=\"_blank\" rel=\"noopener\">Focolare<\/a>, Montet \/ Onex<\/li>\n<li><a href=\"https:\/\/www.fssp.ch\/fr\/index.htm\" target=\"_blank\" rel=\"noopener\">Fraternit\u00e9 Sacerdotale Saint-Pierre<\/a>, Fribourg<\/li>\n<li><a href=\"https:\/\/freres-saint-jean.org\/ou-sommes-nous\/europe\/suisse\/\" target=\"_blank\" rel=\"noopener\">Fr\u00e8res de Saint-Jean<\/a>, Gen\u00e8ve<\/li>\n<li><a href=\"https:\/\/lasallefrance.fr\/freres-des-ecoles-chretiennes\/\" target=\"_blank\" rel=\"noopener\">Fr\u00e8res des \u00c9coles Chr\u00e9tiennes<\/a>, Neuch\u00e2tel<\/li>\n<li><a href=\"https:\/\/www.jesuiten.ch\/\" target=\"_blank\" rel=\"noopener\">J\u00e9suites<\/a>, Carouge \/ Gen\u00e8ve \/ Villars-sur-Gl\u00e2ne<\/li>\n<li><a href=\"https:\/\/www.regnumchristi.fr\/\" target=\"_blank\" rel=\"noopener\">L\u00e9gionnaires du Christ<\/a>, Les Avants-sur-Montreux<\/li>\n<li><a href=\"https:\/\/marianistes.7img.ch\/fribourg\/\" target=\"_blank\" rel=\"noopener\">Marianistes<\/a>, Fribourg<\/li>\n<li><a href=\"http:\/\/www.mopp.net\/\" target=\"_blank\" rel=\"noopener\">Mission ouvri\u00e8re Saints-Pierre-et-Paul<\/a>, Matran<\/li>\n<li><a href=\"http:\/\/www.africanum.ch\" target=\"_blank\" rel=\"noopener\">Missionnaires d&#8217;Afrique<\/a> (P\u00e8res Blancs), Fribourg<\/li>\n<li><a href=\"http:\/\/www.smb-immensee.ch\/schweiz\/\" target=\"_blank\" rel=\"noopener\">Missionnaires de Bethl\u00e9em Immensee<\/a>, Fribourg<\/li>\n<li><a href=\"https:\/\/www.msfstoday.org\/france-swizerland\" target=\"_blank\" rel=\"noopener\">Missionnaires de Saint-Fran\u00e7ois de Sales<\/a>, Fribourg \/ Gen\u00e8ve<\/li>\n<li>Missionsbr\u00fcder des heiligen Franziskus, D\u00fcdingen<\/li>\n<li><a href=\"https:\/\/www.pallottiner.ch\/pallottiner\/niederlassungen\/fribourg\/\" target=\"_blank\" rel=\"noopener\">Pallottins<\/a>, Fribourg<\/li>\n<li><a href=\"https:\/\/www.ssscongregatio.org\/fr\/\" target=\"_blank\" rel=\"noopener\">P\u00e8res du Saint-Sacrement<\/a>, Marly<\/li>\n<li><a href=\"https:\/\/www.stclemens.org\/\" target=\"_blank\" rel=\"noopener\">R\u00e9demptoristes<\/a>, Matran<\/li>\n<li><a href=\"https:\/\/www.donbosco.ch\/salesianer-in-der-schweiz\/institutionen-der-franzosischsprachigen-schweiz\/\" target=\"_blank\" rel=\"noopener\">Sal\u00e9siens de Bon Bosco<\/a>, Echallens<\/li>\n<li><a href=\"https:\/\/www.salvatorianer.ch\/88\/schweizer-vikariat-salvatorianer\/salvator-haus\" target=\"_blank\" rel=\"noopener\">Salvatoriens<\/a>, Fribourg<\/li>\n<li><a href=\"http:\/\/www.scalabriniani.org\/\" target=\"_blank\" rel=\"noopener\">Scalabriniens<\/a>, Gen\u00e8ve<\/li>\n<li><a href=\"http:\/\/spiritains.ch\/spiritains_en_suisse.html\" target=\"_blank\" rel=\"noopener\">Spiritains<\/a>, Fribourg<\/li>\n<\/ul>\n\t\t\t\t\t\t\t\t<\/div>\n\t\t\t\t<\/div>\n\t\t\t\t\t<\/div>\n\t\t<\/div>\n\t\t\t\t\t<\/div>\n\t\t<\/section>\n\t\t\t\t<section class=\"elementor-section elementor-top-section elementor-element elementor-element-4e808c2e elementor-section-boxed elementor-section-height-default elementor-section-height-default\" data-id=\"4e808c2e\" data-element_type=\"section\" data-e-type=\"section\">\n\t\t\t\t\t\t<div class=\"elementor-container elementor-column-gap-default\">\n\t\t\t\t\t<div class=\"elementor-column elementor-col-100 elementor-top-column elementor-element elementor-element-204b0426\" data-id=\"204b0426\" data-element_type=\"column\" data-e-type=\"column\">\n\t\t\t<div class=\"elementor-widget-wrap elementor-element-populated\">\n\t\t\t\t\t\t<section class=\"elementor-section elementor-inner-section elementor-element elementor-element-1dcd685a elementor-section-boxed elementor-section-height-default elementor-section-height-default\" data-id=\"1dcd685a\" data-element_type=\"section\" data-e-type=\"section\">\n\t\t\t\t\t\t<div class=\"elementor-container elementor-column-gap-default\">\n\t\t\t\t\t<div class=\"elementor-column elementor-col-33 elementor-inner-column elementor-element elementor-element-4011ac69\" data-id=\"4011ac69\" data-element_type=\"column\" data-e-type=\"column\">\n\t\t\t<div class=\"elementor-widget-wrap elementor-element-populated\">\n\t\t\t\t\t\t<div class=\"elementor-element elementor-element-2b3ce88a elementor-position-top elementor-widget elementor-widget-image-box\" data-id=\"2b3ce88a\" data-element_type=\"widget\" data-e-type=\"widget\" data-widget_type=\"image-box.default\">\n\t\t\t\t<div class=\"elementor-widget-container\">\n\t\t\t\t\t<div class=\"elementor-image-box-wrapper\"><figure class=\"elementor-image-box-img\"><a href=\"mailto:m_emmanuel_m@yahoo.fr\" tabindex=\"-1\"><img decoding=\"async\" width=\"225\" height=\"300\" src=\"https:\/\/diocese-lgf.ch\/wp-content\/uploads\/2022\/07\/MINOT-Marie-Emmanuel-225x300.jpg\" class=\"attachment-medium size-medium wp-image-18974\" alt=\"\" srcset=\"https:\/\/diocese-lgf.ch\/wp-content\/uploads\/2022\/07\/MINOT-Marie-Emmanuel-225x300.jpg 225w, https:\/\/diocese-lgf.ch\/wp-content\/uploads\/2022\/07\/MINOT-Marie-Emmanuel-768x1024.jpg 768w, https:\/\/diocese-lgf.ch\/wp-content\/uploads\/2022\/07\/MINOT-Marie-Emmanuel-1152x1536.jpg 1152w, https:\/\/diocese-lgf.ch\/wp-content\/uploads\/2022\/07\/MINOT-Marie-Emmanuel-1536x2048.jpg 1536w, https:\/\/diocese-lgf.ch\/wp-content\/uploads\/2022\/07\/MINOT-Marie-Emmanuel-scaled.jpg 1920w\" sizes=\"(max-width: 225px) 100vw, 225px\" \/><\/a><\/figure><div class=\"elementor-image-box-content\"><h4 class=\"elementor-image-box-title\"><a href=\"mailto:m_emmanuel_m@yahoo.fr\">Sr Marie-Emmanuel MINOT<\/a><\/h4><p class=\"elementor-image-box-description\">Bisch\u00f6fliche Beauftragte f\u00fcr das \u00ab geweihte Leben \u00bb<\/p><\/div><\/div>\t\t\t\t<\/div>\n\t\t\t\t<\/div>\n\t\t\t\t\t<\/div>\n\t\t<\/div>\n\t\t\t\t<div class=\"elementor-column elementor-col-33 elementor-inner-column elementor-element elementor-element-59d260ba\" data-id=\"59d260ba\" data-element_type=\"column\" data-e-type=\"column\">\n\t\t\t<div class=\"elementor-widget-wrap\">\n\t\t\t\t\t\t\t<\/div>\n\t\t<\/div>\n\t\t\t\t<div class=\"elementor-column elementor-col-33 elementor-inner-column elementor-element elementor-element-7806a5e3\" data-id=\"7806a5e3\" data-element_type=\"column\" data-e-type=\"column\">\n\t\t\t<div class=\"elementor-widget-wrap\">\n\t\t\t\t\t\t\t<\/div>\n\t\t<\/div>\n\t\t\t\t\t<\/div>\n\t\t<\/section>\n\t\t\t\t\t<\/div>\n\t\t<\/div>\n\t\t\t\t\t<\/div>\n\t\t<\/section>\n\t\t\t\t<\/div>\n\t\t<\/div>","protected":false},"excerpt":{"rendered":"<p>Ordensgemeinschaften von Frauen Baldegger Schwestern, Bourguillon Carm\u00e9lites, Monast\u00e8re du Carmel, Le P\u00e2quier Carm\u00e9lites de Saint-Joseph, Fribourg Capucines, Monast\u00e8re Saint-Joseph de Montorge, Fribourg Cisterciennes, Abbaye de la Fille-Dieu, Romont Cisterciennes, Abbaye [&hellip;]<\/p>\n","protected":false},"author":4,"featured_media":0,"parent":0,"menu_order":0,"comment_status":"closed","ping_status":"closed","template":"","meta":{"_acf_changed":false,"footnotes":""},"categories":[70],"tags":[],"class_list":["post-7819","page","type-page","status-publish","hentry","category-vie-eglise-de"],"acf":[],"_links":{"self":[{"href":"https:\/\/diocese-lgf.ch\/de\/wp-json\/wp\/v2\/pages\/7819","targetHints":{"allow":["GET"]}}],"collection":[{"href":"https:\/\/diocese-lgf.ch\/de\/wp-json\/wp\/v2\/pages"}],"about":[{"href":"https:\/\/diocese-lgf.ch\/de\/wp-json\/wp\/v2\/types\/page"}],"author":[{"embeddable":true,"href":"https:\/\/diocese-lgf.ch\/de\/wp-json\/wp\/v2\/users\/4"}],"replies":[{"embeddable":true,"href":"https:\/\/diocese-lgf.ch\/de\/wp-json\/wp\/v2\/comments?post=7819"}],"version-history":[{"count":16,"href":"https:\/\/diocese-lgf.ch\/de\/wp-json\/wp\/v2\/pages\/7819\/revisions"}],"predecessor-version":[{"id":18995,"href":"https:\/\/diocese-lgf.ch\/de\/wp-json\/wp\/v2\/pages\/7819\/revisions\/18995"}],"wp:attachment":[{"href":"https:\/\/diocese-lgf.ch\/de\/wp-json\/wp\/v2\/media?parent=7819"}],"wp:term":[{"taxonomy":"category","embeddable":true,"href":"https:\/\/diocese-lgf.ch\/de\/wp-json\/wp\/v2\/categories?post=7819"},{"taxonomy":"post_tag","embeddable":true,"href":"https:\/\/diocese-lgf.ch\/de\/wp-json\/wp\/v2\/tags?post=7819"}],"curies":[{"name":"wp","href":"https:\/\/api.w.org\/{rel}","templated":true}]}}