{"id":7794,"date":"2020-12-06T12:51:21","date_gmt":"2020-12-06T11:51:21","guid":{"rendered":"https:\/\/diocese-lgf.emblematik.dev\/abhilfe\/"},"modified":"2024-02-27T09:34:03","modified_gmt":"2024-02-27T08:34:03","slug":"abhilfe","status":"publish","type":"page","link":"https:\/\/diocese-lgf.ch\/de\/abhilfe\/","title":{"rendered":"Befreiung und Exorzismus"},"content":{"rendered":"<div class=\"pf-content\">\t\t<div data-elementor-type=\"wp-post\" data-elementor-id=\"7794\" class=\"elementor elementor-7794 elementor-4205\" data-elementor-post-type=\"page\">\n\t\t\t\t\t\t<section class=\"elementor-section elementor-top-section elementor-element elementor-element-a85d3d7 elementor-section-boxed elementor-section-height-default elementor-section-height-default\" data-id=\"a85d3d7\" data-element_type=\"section\" data-e-type=\"section\">\n\t\t\t\t\t\t<div class=\"elementor-container elementor-column-gap-default\">\n\t\t\t\t\t<div class=\"elementor-column elementor-col-100 elementor-top-column elementor-element elementor-element-ee0713a\" data-id=\"ee0713a\" data-element_type=\"column\" data-e-type=\"column\">\n\t\t\t<div class=\"elementor-widget-wrap elementor-element-populated\">\n\t\t\t\t\t\t<div class=\"elementor-element elementor-element-6a2755e elementor-widget elementor-widget-text-editor\" data-id=\"6a2755e\" data-element_type=\"widget\" data-e-type=\"widget\" data-widget_type=\"text-editor.default\">\n\t\t\t\t<div class=\"elementor-widget-container\">\n\t\t\t\t\t\t\t\t\t<div><span lang=\"DE-CH\">Der Befreiungsdienst des Bistums Lausanne, Genf und Freiburg wird von zwei von Bischof Morerod ernannten Exorzisten versehen, sowie von mehreren ehrenamtlichen Assistenten, die ihnen bei der Aus\u00fcbung ihres Dienstes zur Seite stehen. Dieser di\u00f6zesane Dienst arbeitet zusammen mit Psychiatern und \u00c4rzten. Er ist in erster Linie den katholischen Gl\u00e4ubigen der Kantone Freiburg, Neuenburg, Waadt und Genf zug\u00e4nglich, und vorzugsweise per E-Mail unter <a href=\"mailto:service.delivrance@diocese-lgf.ch\">service.delivrance@diocese-lgf.ch<\/a>, ansonsten telefonisch unter +41 (0)77 524 48 91 erreichbar.<\/span><\/div>\t\t\t\t\t\t\t\t<\/div>\n\t\t\t\t<\/div>\n\t\t\t\t\t<\/div>\n\t\t<\/div>\n\t\t\t\t\t<\/div>\n\t\t<\/section>\n\t\t\t\t<\/div>\n\t\t<\/div>","protected":false},"excerpt":{"rendered":"<p>Der Befreiungsdienst des Bistums Lausanne, Genf und Freiburg wird von zwei von Bischof Morerod ernannten Exorzisten versehen, sowie von mehreren ehrenamtlichen Assistenten, die ihnen bei der Aus\u00fcbung ihres Dienstes zur [&hellip;]<\/p>\n","protected":false},"author":4,"featured_media":0,"parent":0,"menu_order":7,"comment_status":"closed","ping_status":"closed","template":"","meta":{"_acf_changed":false,"footnotes":""},"categories":[128,125],"tags":[],"class_list":["post-7794","page","type-page","status-publish","hentry","category-dienststellen","category-eveche-de"],"acf":[],"_links":{"self":[{"href":"https:\/\/diocese-lgf.ch\/de\/wp-json\/wp\/v2\/pages\/7794","targetHints":{"allow":["GET"]}}],"collection":[{"href":"https:\/\/diocese-lgf.ch\/de\/wp-json\/wp\/v2\/pages"}],"about":[{"href":"https:\/\/diocese-lgf.ch\/de\/wp-json\/wp\/v2\/types\/page"}],"author":[{"embeddable":true,"href":"https:\/\/diocese-lgf.ch\/de\/wp-json\/wp\/v2\/users\/4"}],"replies":[{"embeddable":true,"href":"https:\/\/diocese-lgf.ch\/de\/wp-json\/wp\/v2\/comments?post=7794"}],"version-history":[{"count":18,"href":"https:\/\/diocese-lgf.ch\/de\/wp-json\/wp\/v2\/pages\/7794\/revisions"}],"predecessor-version":[{"id":24947,"href":"https:\/\/diocese-lgf.ch\/de\/wp-json\/wp\/v2\/pages\/7794\/revisions\/24947"}],"wp:attachment":[{"href":"https:\/\/diocese-lgf.ch\/de\/wp-json\/wp\/v2\/media?parent=7794"}],"wp:term":[{"taxonomy":"category","embeddable":true,"href":"https:\/\/diocese-lgf.ch\/de\/wp-json\/wp\/v2\/categories?post=7794"},{"taxonomy":"post_tag","embeddable":true,"href":"https:\/\/diocese-lgf.ch\/de\/wp-json\/wp\/v2\/tags?post=7794"}],"curies":[{"name":"wp","href":"https:\/\/api.w.org\/{rel}","templated":true}]}}