{"id":7761,"date":"2020-12-06T12:14:21","date_gmt":"2020-12-06T11:14:21","guid":{"rendered":"https:\/\/diocese-lgf.emblematik.dev\/kirchenleben\/okologie\/"},"modified":"2025-11-28T12:31:38","modified_gmt":"2025-11-28T11:31:38","slug":"okologie","status":"publish","type":"page","link":"https:\/\/diocese-lgf.ch\/de\/kirchenleben\/okologie\/","title":{"rendered":"\u00d6kologie"},"content":{"rendered":"<div class=\"pf-content\">\t\t<div data-elementor-type=\"wp-post\" data-elementor-id=\"7761\" class=\"elementor elementor-7761 elementor-4122\" data-elementor-post-type=\"page\">\n\t\t\t\t\t\t<section class=\"elementor-section elementor-top-section elementor-element elementor-element-9a3e647 elementor-section-boxed elementor-section-height-default elementor-section-height-default\" data-id=\"9a3e647\" data-element_type=\"section\" data-e-type=\"section\">\n\t\t\t\t\t\t<div class=\"elementor-container elementor-column-gap-default\">\n\t\t\t\t\t<div class=\"elementor-column elementor-col-100 elementor-top-column elementor-element elementor-element-657e757\" data-id=\"657e757\" data-element_type=\"column\" data-e-type=\"column\">\n\t\t\t<div class=\"elementor-widget-wrap elementor-element-populated\">\n\t\t\t\t\t\t<div class=\"elementor-element elementor-element-cdb3e4b elementor-widget elementor-widget-image\" data-id=\"cdb3e4b\" data-element_type=\"widget\" data-e-type=\"widget\" data-widget_type=\"image.default\">\n\t\t\t\t<div class=\"elementor-widget-container\">\n\t\t\t\t\t\t\t\t\t\t\t\t\t\t\t<img fetchpriority=\"high\" decoding=\"async\" width=\"762\" height=\"444\" src=\"https:\/\/diocese-lgf.ch\/wp-content\/uploads\/2020\/04\/ecologie_1-rognee.jpg\" class=\"attachment-large size-large wp-image-4129\" alt=\"\" srcset=\"https:\/\/diocese-lgf.ch\/wp-content\/uploads\/2020\/04\/ecologie_1-rognee.jpg 762w, https:\/\/diocese-lgf.ch\/wp-content\/uploads\/2020\/04\/ecologie_1-rognee-300x175.jpg 300w\" sizes=\"(max-width: 762px) 100vw, 762px\" \/>\t\t\t\t\t\t\t\t\t\t\t\t\t\t\t<\/div>\n\t\t\t\t<\/div>\n\t\t\t\t\t<\/div>\n\t\t<\/div>\n\t\t\t\t\t<\/div>\n\t\t<\/section>\n\t\t\t\t<section class=\"elementor-section elementor-top-section elementor-element elementor-element-64547c1 elementor-section-boxed elementor-section-height-default elementor-section-height-default\" data-id=\"64547c1\" data-element_type=\"section\" data-e-type=\"section\">\n\t\t\t\t\t\t<div class=\"elementor-container elementor-column-gap-default\">\n\t\t\t\t\t<div class=\"elementor-column elementor-col-100 elementor-top-column elementor-element elementor-element-35cc944\" data-id=\"35cc944\" data-element_type=\"column\" data-e-type=\"column\">\n\t\t\t<div class=\"elementor-widget-wrap elementor-element-populated\">\n\t\t\t\t\t\t<div class=\"elementor-element elementor-element-ed71ba8 elementor-widget elementor-widget-heading\" data-id=\"ed71ba8\" data-element_type=\"widget\" data-e-type=\"widget\" data-widget_type=\"heading.default\">\n\t\t\t\t<div class=\"elementor-widget-container\">\n\t\t\t\t\t<h2 class=\"elementor-heading-title elementor-size-default\">Achtung der Sch\u00f6pfung<\/h2>\t\t\t\t<\/div>\n\t\t\t\t<\/div>\n\t\t\t\t<div class=\"elementor-element elementor-element-36d4d41 elementor-widget elementor-widget-text-editor\" data-id=\"36d4d41\" data-element_type=\"widget\" data-e-type=\"widget\" data-widget_type=\"text-editor.default\">\n\t\t\t\t<div class=\"elementor-widget-container\">\n\t\t\t\t\t\t\t\t\t<p>Unsere Di\u00f6zese fordert nachdr\u00fccklich zur Achtung der \u00d6kologie auf, wie Papst Franziskus in seiner Enzyklika <a href=\"http:\/\/www.vatican.va\/content\/francesco\/de\/encyclicals\/documents\/papa-francesco_20150524_enciclica-laudato-si.html\">Laudato Si&#8216;<\/a> erinnert. Das Bistum Lausanne, Genf und Freiburg hat einen\u00a0<a href=\"https:\/\/diocese-lgf.ch\/de\/bischofsrat-oekologie\/\">Bischofsrat <i>\u00d6kologie <\/i><\/a>und ist Mitglied in der \u00abWeltweiten katholischen Klimabewegung\u00bb.<\/p><p>Der \u00f6kumenische Verband oeku, der als beratendes Organ f\u00fcr \u00f6kologische Fragen von der Schweizer Bischofskonferenz (SBK) und dem Schweizerischen Evangelischen Kirchenbund (SEK) anerkannt ist, bietet den Pfarreien der Di\u00f6zese praktische Ratschl\u00e4ge (Energieverbrauch, Abfallbewirtschaftung \u2026) und Reflexionen an.<\/p><p>Die Di\u00f6zese ist auch Teil des \u00f6kumenischen Netzwerks f\u00fcr die Achtung der Sch\u00f6pfung: <a href=\"https:\/\/ecoeglise.ch\/\">EcoEglise<\/a><\/p>\t\t\t\t\t\t\t\t<\/div>\n\t\t\t\t<\/div>\n\t\t\t\t\t<\/div>\n\t\t<\/div>\n\t\t\t\t\t<\/div>\n\t\t<\/section>\n\t\t\t\t<section class=\"elementor-section elementor-top-section elementor-element elementor-element-5a9d295 elementor-section-boxed elementor-section-height-default elementor-section-height-default\" data-id=\"5a9d295\" data-element_type=\"section\" data-e-type=\"section\">\n\t\t\t\t\t\t<div class=\"elementor-container elementor-column-gap-default\">\n\t\t\t\t\t<div class=\"elementor-column elementor-col-100 elementor-top-column elementor-element elementor-element-67e0788\" data-id=\"67e0788\" data-element_type=\"column\" data-e-type=\"column\">\n\t\t\t<div class=\"elementor-widget-wrap\">\n\t\t\t\t\t\t\t<\/div>\n\t\t<\/div>\n\t\t\t\t\t<\/div>\n\t\t<\/section>\n\t\t\t\t<\/div>\n\t\t<\/div>","protected":false},"excerpt":{"rendered":"<p>Achtung der Sch\u00f6pfung Unsere Di\u00f6zese fordert nachdr\u00fccklich zur Achtung der \u00d6kologie auf, wie Papst Franziskus in seiner Enzyklika Laudato Si&#8216; erinnert. Das Bistum Lausanne, Genf und Freiburg hat einen\u00a0Bischofsrat \u00d6kologie [&hellip;]<\/p>\n","protected":false},"author":4,"featured_media":0,"parent":6327,"menu_order":14,"comment_status":"closed","ping_status":"closed","template":"","meta":{"_acf_changed":false,"footnotes":""},"categories":[70],"tags":[],"class_list":["post-7761","page","type-page","status-publish","hentry","category-vie-eglise-de"],"acf":[],"_links":{"self":[{"href":"https:\/\/diocese-lgf.ch\/de\/wp-json\/wp\/v2\/pages\/7761","targetHints":{"allow":["GET"]}}],"collection":[{"href":"https:\/\/diocese-lgf.ch\/de\/wp-json\/wp\/v2\/pages"}],"about":[{"href":"https:\/\/diocese-lgf.ch\/de\/wp-json\/wp\/v2\/types\/page"}],"author":[{"embeddable":true,"href":"https:\/\/diocese-lgf.ch\/de\/wp-json\/wp\/v2\/users\/4"}],"replies":[{"embeddable":true,"href":"https:\/\/diocese-lgf.ch\/de\/wp-json\/wp\/v2\/comments?post=7761"}],"version-history":[{"count":25,"href":"https:\/\/diocese-lgf.ch\/de\/wp-json\/wp\/v2\/pages\/7761\/revisions"}],"predecessor-version":[{"id":32799,"href":"https:\/\/diocese-lgf.ch\/de\/wp-json\/wp\/v2\/pages\/7761\/revisions\/32799"}],"up":[{"embeddable":true,"href":"https:\/\/diocese-lgf.ch\/de\/wp-json\/wp\/v2\/pages\/6327"}],"wp:attachment":[{"href":"https:\/\/diocese-lgf.ch\/de\/wp-json\/wp\/v2\/media?parent=7761"}],"wp:term":[{"taxonomy":"category","embeddable":true,"href":"https:\/\/diocese-lgf.ch\/de\/wp-json\/wp\/v2\/categories?post=7761"},{"taxonomy":"post_tag","embeddable":true,"href":"https:\/\/diocese-lgf.ch\/de\/wp-json\/wp\/v2\/tags?post=7761"}],"curies":[{"name":"wp","href":"https:\/\/api.w.org\/{rel}","templated":true}]}}