{"id":7755,"date":"2020-12-06T12:01:57","date_gmt":"2020-12-06T11:01:57","guid":{"rendered":"https:\/\/diocese-lgf.emblematik.dev\/kirchenleben\/behinderung\/"},"modified":"2020-12-06T12:01:58","modified_gmt":"2020-12-06T11:01:58","slug":"behinderung","status":"publish","type":"page","link":"https:\/\/diocese-lgf.ch\/de\/kirchenleben\/behinderung\/","title":{"rendered":"Behinderung"},"content":{"rendered":"<div class=\"pf-content\">\t\t<div data-elementor-type=\"wp-post\" data-elementor-id=\"7755\" class=\"elementor elementor-7755 elementor-673\" data-elementor-post-type=\"page\">\n\t\t\t\t\t\t<section class=\"elementor-section elementor-top-section elementor-element elementor-element-9a3e647 elementor-section-boxed elementor-section-height-default elementor-section-height-default\" data-id=\"9a3e647\" data-element_type=\"section\" data-e-type=\"section\">\n\t\t\t\t\t\t<div class=\"elementor-container elementor-column-gap-default\">\n\t\t\t\t\t<div class=\"elementor-column elementor-col-100 elementor-top-column elementor-element elementor-element-657e757\" data-id=\"657e757\" data-element_type=\"column\" data-e-type=\"column\">\n\t\t\t<div class=\"elementor-widget-wrap elementor-element-populated\">\n\t\t\t\t\t\t<div class=\"elementor-element elementor-element-cdb3e4b elementor-widget elementor-widget-image\" data-id=\"cdb3e4b\" data-element_type=\"widget\" data-e-type=\"widget\" data-widget_type=\"image.default\">\n\t\t\t\t<div class=\"elementor-widget-container\">\n\t\t\t\t\t\t\t\t\t\t\t\t\t\t\t<img fetchpriority=\"high\" decoding=\"async\" width=\"412\" height=\"550\" src=\"https:\/\/diocese-lgf.ch\/wp-content\/uploads\/2020\/04\/handicap_b.jpg\" class=\"attachment-large size-large wp-image-4120\" alt=\"\" srcset=\"https:\/\/diocese-lgf.ch\/wp-content\/uploads\/2020\/04\/handicap_b.jpg 412w, https:\/\/diocese-lgf.ch\/wp-content\/uploads\/2020\/04\/handicap_b-225x300.jpg 225w\" sizes=\"(max-width: 412px) 100vw, 412px\" \/>\t\t\t\t\t\t\t\t\t\t\t\t\t\t\t<\/div>\n\t\t\t\t<\/div>\n\t\t\t\t\t<\/div>\n\t\t<\/div>\n\t\t\t\t\t<\/div>\n\t\t<\/section>\n\t\t\t\t<section class=\"elementor-section elementor-top-section elementor-element elementor-element-64547c1 elementor-section-boxed elementor-section-height-default elementor-section-height-default\" data-id=\"64547c1\" data-element_type=\"section\" data-e-type=\"section\">\n\t\t\t\t\t\t<div class=\"elementor-container elementor-column-gap-default\">\n\t\t\t\t\t<div class=\"elementor-column elementor-col-100 elementor-top-column elementor-element elementor-element-35cc944\" data-id=\"35cc944\" data-element_type=\"column\" data-e-type=\"column\">\n\t\t\t<div class=\"elementor-widget-wrap elementor-element-populated\">\n\t\t\t\t\t\t<div class=\"elementor-element elementor-element-ed71ba8 elementor-widget elementor-widget-heading\" data-id=\"ed71ba8\" data-element_type=\"widget\" data-e-type=\"widget\" data-widget_type=\"heading.default\">\n\t\t\t\t<div class=\"elementor-widget-container\">\n\t\t\t\t\t<h2 class=\"elementor-heading-title elementor-size-default\">Sonderpastoral<\/h2>\t\t\t\t<\/div>\n\t\t\t\t<\/div>\n\t\t\t\t<div class=\"elementor-element elementor-element-36d4d41 elementor-widget elementor-widget-text-editor\" data-id=\"36d4d41\" data-element_type=\"widget\" data-e-type=\"widget\" data-widget_type=\"text-editor.default\">\n\t\t\t\t<div class=\"elementor-widget-container\">\n\t\t\t\t\t\t\t\t\t<p>Die katholische Kirche begleitet Menschen mit Behinderungen und bietet ihnen eine angepasste Katechese, den Zugang zu den Sakramenten und ein spirituelles Leben an, damit sie im Glauben leben k\u00f6nnen.<\/p>\n<p>&nbsp;<\/p>\n<p>Verschiedene Gemeinschaften in unserer Di\u00f6zese bringen Kinder, Jugendliche und Erwachsene mit geistiger oder H\u00f6rbehinderung und ihre Familien und Angeh\u00f6rige zusammen. Die Sonderpastoral wird in Einrichtungen oder in der Gemeinde \u00f6kumenisch gelebt und bietet mehrere Aktivit\u00e4ten an: Ferienlager, Pilgerfahrten, Ausfl\u00fcge, Wortgottesdienste, Gebetszeiten, einfache Augenblicke des Austauschens und Zuh\u00f6rens, des Feierns, der Br\u00fcderlichkeit und der Gem\u00fctlichkeit.<\/p>\n<ul>\n<li><a href=\"https:\/\/www.cath-vd.ch\/situations\/personnes-en-situation-de-handicap\/\">Waadt<\/a><\/li>\n<li><a href=\"https:\/\/www.eglisecatholique-ge.ch\/decouvrir\/services\/handicap\/\">Genf<\/a><\/li>\n<li><a href=\"https:\/\/www.cath-fr.ch\/pastorale_specialisee\/presentation\"><u>franz\u00f6sischsprachiges Freiburg<\/u><\/a><\/li>\n<li><a href=\"https:\/\/www.kath-fr.ch\/behindertenseelsorge\/praesentation\"><u>deutschsprachiges Freibur<\/u>g<\/a><\/li>\n<li><a href=\"https:\/\/www.cath-ne.ch\/aumonerie-en-institutions-sociales\">Neuenburg<\/a><\/li>\n<\/ul>\n\t\t\t\t\t\t\t\t<\/div>\n\t\t\t\t<\/div>\n\t\t\t\t\t<\/div>\n\t\t<\/div>\n\t\t\t\t\t<\/div>\n\t\t<\/section>\n\t\t\t\t<\/div>\n\t\t<\/div>","protected":false},"excerpt":{"rendered":"<p>Sonderpastoral Die katholische Kirche begleitet Menschen mit Behinderungen und bietet ihnen eine angepasste Katechese, den Zugang zu den Sakramenten und ein spirituelles Leben an, damit sie im Glauben leben k\u00f6nnen. [&hellip;]<\/p>\n","protected":false},"author":5,"featured_media":0,"parent":6327,"menu_order":14,"comment_status":"closed","ping_status":"closed","template":"","meta":{"_acf_changed":false,"footnotes":""},"categories":[70],"tags":[],"class_list":["post-7755","page","type-page","status-publish","hentry","category-vie-eglise-de"],"acf":[],"_links":{"self":[{"href":"https:\/\/diocese-lgf.ch\/de\/wp-json\/wp\/v2\/pages\/7755","targetHints":{"allow":["GET"]}}],"collection":[{"href":"https:\/\/diocese-lgf.ch\/de\/wp-json\/wp\/v2\/pages"}],"about":[{"href":"https:\/\/diocese-lgf.ch\/de\/wp-json\/wp\/v2\/types\/page"}],"author":[{"embeddable":true,"href":"https:\/\/diocese-lgf.ch\/de\/wp-json\/wp\/v2\/users\/5"}],"replies":[{"embeddable":true,"href":"https:\/\/diocese-lgf.ch\/de\/wp-json\/wp\/v2\/comments?post=7755"}],"version-history":[{"count":5,"href":"https:\/\/diocese-lgf.ch\/de\/wp-json\/wp\/v2\/pages\/7755\/revisions"}],"predecessor-version":[{"id":7760,"href":"https:\/\/diocese-lgf.ch\/de\/wp-json\/wp\/v2\/pages\/7755\/revisions\/7760"}],"up":[{"embeddable":true,"href":"https:\/\/diocese-lgf.ch\/de\/wp-json\/wp\/v2\/pages\/6327"}],"wp:attachment":[{"href":"https:\/\/diocese-lgf.ch\/de\/wp-json\/wp\/v2\/media?parent=7755"}],"wp:term":[{"taxonomy":"category","embeddable":true,"href":"https:\/\/diocese-lgf.ch\/de\/wp-json\/wp\/v2\/categories?post=7755"},{"taxonomy":"post_tag","embeddable":true,"href":"https:\/\/diocese-lgf.ch\/de\/wp-json\/wp\/v2\/tags?post=7755"}],"curies":[{"name":"wp","href":"https:\/\/api.w.org\/{rel}","templated":true}]}}