{"id":7747,"date":"2020-12-06T11:54:46","date_gmt":"2020-12-06T10:54:46","guid":{"rendered":"https:\/\/diocese-lgf.emblematik.dev\/kirchenleben\/gesundheit\/"},"modified":"2020-12-06T11:54:48","modified_gmt":"2020-12-06T10:54:48","slug":"gesundheit","status":"publish","type":"page","link":"https:\/\/diocese-lgf.ch\/de\/kirchenleben\/gesundheit\/","title":{"rendered":"Gesundheit"},"content":{"rendered":"<div class=\"pf-content\">\t\t<div data-elementor-type=\"wp-post\" data-elementor-id=\"7747\" class=\"elementor elementor-7747 elementor-670\" data-elementor-post-type=\"page\">\n\t\t\t\t\t\t<section class=\"elementor-section elementor-top-section elementor-element elementor-element-a0f8398 elementor-section-boxed elementor-section-height-default elementor-section-height-default\" data-id=\"a0f8398\" data-element_type=\"section\" data-e-type=\"section\">\n\t\t\t\t\t\t<div class=\"elementor-container elementor-column-gap-default\">\n\t\t\t\t\t<div class=\"elementor-column elementor-col-100 elementor-top-column elementor-element elementor-element-439e73c\" data-id=\"439e73c\" data-element_type=\"column\" data-e-type=\"column\">\n\t\t\t<div class=\"elementor-widget-wrap elementor-element-populated\">\n\t\t\t\t\t\t<div class=\"elementor-element elementor-element-e190b62 elementor-widget elementor-widget-image\" data-id=\"e190b62\" data-element_type=\"widget\" data-e-type=\"widget\" data-widget_type=\"image.default\">\n\t\t\t\t<div class=\"elementor-widget-container\">\n\t\t\t\t\t\t\t\t\t\t\t\t\t\t\t<img fetchpriority=\"high\" decoding=\"async\" width=\"1024\" height=\"823\" src=\"https:\/\/diocese-lgf.ch\/wp-content\/uploads\/2020\/03\/sante-2-1024x823.jpg\" class=\"attachment-large size-large wp-image-3926\" alt=\"\" srcset=\"https:\/\/diocese-lgf.ch\/wp-content\/uploads\/2020\/03\/sante-2-1024x823.jpg 1024w, https:\/\/diocese-lgf.ch\/wp-content\/uploads\/2020\/03\/sante-2-300x241.jpg 300w, https:\/\/diocese-lgf.ch\/wp-content\/uploads\/2020\/03\/sante-2-768x617.jpg 768w, https:\/\/diocese-lgf.ch\/wp-content\/uploads\/2020\/03\/sante-2.jpg 1500w\" sizes=\"(max-width: 1024px) 100vw, 1024px\" \/>\t\t\t\t\t\t\t\t\t\t\t\t\t\t\t<\/div>\n\t\t\t\t<\/div>\n\t\t\t\t\t<\/div>\n\t\t<\/div>\n\t\t\t\t\t<\/div>\n\t\t<\/section>\n\t\t\t\t<section class=\"elementor-section elementor-top-section elementor-element elementor-element-5d28e54 elementor-section-boxed elementor-section-height-default elementor-section-height-default\" data-id=\"5d28e54\" data-element_type=\"section\" data-e-type=\"section\">\n\t\t\t\t\t\t<div class=\"elementor-container elementor-column-gap-default\">\n\t\t\t\t\t<div class=\"elementor-column elementor-col-100 elementor-top-column elementor-element elementor-element-530cf30\" data-id=\"530cf30\" data-element_type=\"column\" data-e-type=\"column\">\n\t\t\t<div class=\"elementor-widget-wrap elementor-element-populated\">\n\t\t\t\t\t\t<div class=\"elementor-element elementor-element-9b8f50d elementor-widget elementor-widget-heading\" data-id=\"9b8f50d\" data-element_type=\"widget\" data-e-type=\"widget\" data-widget_type=\"heading.default\">\n\t\t\t\t<div class=\"elementor-widget-container\">\n\t\t\t\t\t<h2 class=\"elementor-heading-title elementor-size-default\">Gesundheitspastoral<\/h2>\t\t\t\t<\/div>\n\t\t\t\t<\/div>\n\t\t\t\t<div class=\"elementor-element elementor-element-c926cba elementor-widget elementor-widget-text-editor\" data-id=\"c926cba\" data-element_type=\"widget\" data-e-type=\"widget\" data-widget_type=\"text-editor.default\">\n\t\t\t\t<div class=\"elementor-widget-container\">\n\t\t\t\t\t\t\t\t\t<p>Die Zeit der Krankheit, der Pause nach einem Unfall, der Umzug in ein Altersheim (APH) sind oftmals schwierige Augenblicke in unserem Leben und stellen uns vor zahlreiche Fragen. Durch die Gesundheitspastoral und die Pr\u00e4senz von Seelsorgerinnen und Seelsorger (Priester oder Laienseelsorger) sowie viele Ehrenamtliche steht die Di\u00f6zese bereit und bietet Hilfe an. Diese wirken \u00f6kumenisch in den Spit\u00e4lern, Kliniken, APH etc. und stehen den Patienten oder Bewohnerinnen unter Achtung der unterschiedlichen \u00dcberzeugungen zur Verf\u00fcgung. Auch den Angeh\u00f6rigen und dem Personal vor Ort wird eine Begleitung angeboten. Je nach Anfrage kann die Gesundheitspastoral Besuche abstatten, Gespr\u00e4che f\u00fchren, religi\u00f6se Feste feiern oder Sakramente spenden.<\/p>\n<ul>\n<li><a href=\"https:\/\/www.cath-vd.ch\/situations\/hopitaux\/\">Waadt<\/a><\/li>\n<li><a href=\"https:\/\/www.eglisecatholique-ge.ch\/decouvrir\/services\/sante\/\">Genf<\/a><\/li>\n<li><a href=\"https:\/\/www.cath-fr.ch\/dicastere_sante\/presentation\"><u>franz\u00f6sischsprachiges<\/u> Freiburg<\/a><\/li>\n<li><a href=\"https:\/\/www.kath-fr.ch\/gesundheit\/praesentation\"><u>deutschsprachiges Freibur<\/u>g<\/a><\/li>\n<li><a href=\"https:\/\/www.cath-ne.ch\/pastorale-de-la-sante\">Neuenburg<\/a><\/li>\n<\/ul>\n\t\t\t\t\t\t\t\t<\/div>\n\t\t\t\t<\/div>\n\t\t\t\t\t<\/div>\n\t\t<\/div>\n\t\t\t\t\t<\/div>\n\t\t<\/section>\n\t\t\t\t<\/div>\n\t\t<\/div>","protected":false},"excerpt":{"rendered":"<p>Gesundheitspastoral Die Zeit der Krankheit, der Pause nach einem Unfall, der Umzug in ein Altersheim (APH) sind oftmals schwierige Augenblicke in unserem Leben und stellen uns vor zahlreiche Fragen. Durch [&hellip;]<\/p>\n","protected":false},"author":5,"featured_media":0,"parent":6327,"menu_order":12,"comment_status":"closed","ping_status":"closed","template":"","meta":{"_acf_changed":false,"footnotes":""},"categories":[70],"tags":[],"class_list":["post-7747","page","type-page","status-publish","hentry","category-vie-eglise-de"],"acf":[],"_links":{"self":[{"href":"https:\/\/diocese-lgf.ch\/de\/wp-json\/wp\/v2\/pages\/7747","targetHints":{"allow":["GET"]}}],"collection":[{"href":"https:\/\/diocese-lgf.ch\/de\/wp-json\/wp\/v2\/pages"}],"about":[{"href":"https:\/\/diocese-lgf.ch\/de\/wp-json\/wp\/v2\/types\/page"}],"author":[{"embeddable":true,"href":"https:\/\/diocese-lgf.ch\/de\/wp-json\/wp\/v2\/users\/5"}],"replies":[{"embeddable":true,"href":"https:\/\/diocese-lgf.ch\/de\/wp-json\/wp\/v2\/comments?post=7747"}],"version-history":[{"count":5,"href":"https:\/\/diocese-lgf.ch\/de\/wp-json\/wp\/v2\/pages\/7747\/revisions"}],"predecessor-version":[{"id":7752,"href":"https:\/\/diocese-lgf.ch\/de\/wp-json\/wp\/v2\/pages\/7747\/revisions\/7752"}],"up":[{"embeddable":true,"href":"https:\/\/diocese-lgf.ch\/de\/wp-json\/wp\/v2\/pages\/6327"}],"wp:attachment":[{"href":"https:\/\/diocese-lgf.ch\/de\/wp-json\/wp\/v2\/media?parent=7747"}],"wp:term":[{"taxonomy":"category","embeddable":true,"href":"https:\/\/diocese-lgf.ch\/de\/wp-json\/wp\/v2\/categories?post=7747"},{"taxonomy":"post_tag","embeddable":true,"href":"https:\/\/diocese-lgf.ch\/de\/wp-json\/wp\/v2\/tags?post=7747"}],"curies":[{"name":"wp","href":"https:\/\/api.w.org\/{rel}","templated":true}]}}