{"id":7745,"date":"2020-12-06T11:52:10","date_gmt":"2020-12-06T10:52:10","guid":{"rendered":"https:\/\/diocese-lgf.emblematik.dev\/kirchenleben\/arbeitswelt\/"},"modified":"2020-12-06T11:52:11","modified_gmt":"2020-12-06T10:52:11","slug":"arbeitswelt","status":"publish","type":"page","link":"https:\/\/diocese-lgf.ch\/de\/kirchenleben\/arbeitswelt\/","title":{"rendered":"Arbeitswelt"},"content":{"rendered":"<div class=\"pf-content\">\t\t<div data-elementor-type=\"wp-post\" data-elementor-id=\"7745\" class=\"elementor elementor-7745 elementor-3912\" data-elementor-post-type=\"page\">\n\t\t\t\t\t\t<section class=\"elementor-section elementor-top-section elementor-element elementor-element-a9736c4 elementor-section-boxed elementor-section-height-default elementor-section-height-default\" data-id=\"a9736c4\" data-element_type=\"section\" data-e-type=\"section\">\n\t\t\t\t\t\t<div class=\"elementor-container elementor-column-gap-default\">\n\t\t\t\t\t<div class=\"elementor-column elementor-col-100 elementor-top-column elementor-element elementor-element-7125645\" data-id=\"7125645\" data-element_type=\"column\" data-e-type=\"column\">\n\t\t\t<div class=\"elementor-widget-wrap elementor-element-populated\">\n\t\t\t\t\t\t<div class=\"elementor-element elementor-element-6a87b54 elementor-widget elementor-widget-image\" data-id=\"6a87b54\" data-element_type=\"widget\" data-e-type=\"widget\" data-widget_type=\"image.default\">\n\t\t\t\t<div class=\"elementor-widget-container\">\n\t\t\t\t\t\t\t\t\t\t\t\t\t\t\t<img fetchpriority=\"high\" decoding=\"async\" width=\"852\" height=\"480\" src=\"https:\/\/diocese-lgf.ch\/wp-content\/uploads\/2020\/03\/travail-1.jpg\" class=\"attachment-large size-large wp-image-3917\" alt=\"\" srcset=\"https:\/\/diocese-lgf.ch\/wp-content\/uploads\/2020\/03\/travail-1.jpg 852w, https:\/\/diocese-lgf.ch\/wp-content\/uploads\/2020\/03\/travail-1-300x169.jpg 300w, https:\/\/diocese-lgf.ch\/wp-content\/uploads\/2020\/03\/travail-1-768x433.jpg 768w\" sizes=\"(max-width: 852px) 100vw, 852px\" \/>\t\t\t\t\t\t\t\t\t\t\t\t\t\t\t<\/div>\n\t\t\t\t<\/div>\n\t\t\t\t\t<\/div>\n\t\t<\/div>\n\t\t\t\t\t<\/div>\n\t\t<\/section>\n\t\t\t\t<section class=\"elementor-section elementor-top-section elementor-element elementor-element-57485a8 elementor-section-boxed elementor-section-height-default elementor-section-height-default\" data-id=\"57485a8\" data-element_type=\"section\" data-e-type=\"section\">\n\t\t\t\t\t\t<div class=\"elementor-container elementor-column-gap-default\">\n\t\t\t\t\t<div class=\"elementor-column elementor-col-100 elementor-top-column elementor-element elementor-element-6076f19\" data-id=\"6076f19\" data-element_type=\"column\" data-e-type=\"column\">\n\t\t\t<div class=\"elementor-widget-wrap elementor-element-populated\">\n\t\t\t\t\t\t<div class=\"elementor-element elementor-element-4f3e68b elementor-widget elementor-widget-heading\" data-id=\"4f3e68b\" data-element_type=\"widget\" data-e-type=\"widget\" data-widget_type=\"heading.default\">\n\t\t\t\t<div class=\"elementor-widget-container\">\n\t\t\t\t\t<h2 class=\"elementor-heading-title elementor-size-default\">Arbeitspastoral<\/h2>\t\t\t\t<\/div>\n\t\t\t\t<\/div>\n\t\t\t\t<div class=\"elementor-element elementor-element-5775e3b elementor-widget elementor-widget-text-editor\" data-id=\"5775e3b\" data-element_type=\"widget\" data-e-type=\"widget\" data-widget_type=\"text-editor.default\">\n\t\t\t\t<div class=\"elementor-widget-container\">\n\t\t\t\t\t\t\t\t\t<p>Die Arbeitspastoral hilft, sich mit den Schwierigkeiten der Berufswelt auseinanderzusetzen. Ihr Ziel ist es, dort Sinn zu stiften, wo uns Pr\u00fcfungen entmutigen (eine Zeit der<\/p>\n<p>Arbeitslosigkeit, der beruflichen Neuorientierung \u2026). Sie arbeitet mit den beruflichen und wirtschaftlichen Realit\u00e4ten, in denen die Menschen leben. Die Arbeitspastoral schafft Orte der spirituellen und menschlichen Unterst\u00fctzung f\u00fcr alle, die berufliche Schwierigkeiten haben, unabh\u00e4ngig von ihrem Status (Arbeitnehmende oder Arbeitgebende, in ausf\u00fchrender oder leitender Stellung) oder die ihren Arbeitsplatz verloren und Probleme haben, einen neuen zu finden.<\/p>\n<ul>\n<li><a href=\"https:\/\/www.cath-vd.ch\/situations\/monde-du-travail\/\">Waadt<\/a><\/li>\n<li><a href=\"https:\/\/www.eglisecatholique-ge.ch\/decouvrir\/services\/travail\/\">Genf<\/a><\/li>\n<li>franz\u00f6sischsprachiges Freiburg<\/li>\n<li>deutschsprachiges Freiburg<\/li>\n<li><a href=\"https:\/\/www.cath-ne.ch\/pastorale-du-monde-du-travail\">Neuenburg<\/a><\/li>\n<\/ul>\n\t\t\t\t\t\t\t\t<\/div>\n\t\t\t\t<\/div>\n\t\t\t\t\t<\/div>\n\t\t<\/div>\n\t\t\t\t\t<\/div>\n\t\t<\/section>\n\t\t\t\t<\/div>\n\t\t<\/div>","protected":false},"excerpt":{"rendered":"<p>Arbeitspastoral Die Arbeitspastoral hilft, sich mit den Schwierigkeiten der Berufswelt auseinanderzusetzen. Ihr Ziel ist es, dort Sinn zu stiften, wo uns Pr\u00fcfungen entmutigen (eine Zeit der Arbeitslosigkeit, der beruflichen Neuorientierung [&hellip;]<\/p>\n","protected":false},"author":4,"featured_media":0,"parent":6327,"menu_order":11,"comment_status":"closed","ping_status":"closed","template":"","meta":{"_acf_changed":false,"footnotes":""},"categories":[70],"tags":[],"class_list":["post-7745","page","type-page","status-publish","hentry","category-vie-eglise-de"],"acf":[],"_links":{"self":[{"href":"https:\/\/diocese-lgf.ch\/de\/wp-json\/wp\/v2\/pages\/7745","targetHints":{"allow":["GET"]}}],"collection":[{"href":"https:\/\/diocese-lgf.ch\/de\/wp-json\/wp\/v2\/pages"}],"about":[{"href":"https:\/\/diocese-lgf.ch\/de\/wp-json\/wp\/v2\/types\/page"}],"author":[{"embeddable":true,"href":"https:\/\/diocese-lgf.ch\/de\/wp-json\/wp\/v2\/users\/4"}],"replies":[{"embeddable":true,"href":"https:\/\/diocese-lgf.ch\/de\/wp-json\/wp\/v2\/comments?post=7745"}],"version-history":[{"count":1,"href":"https:\/\/diocese-lgf.ch\/de\/wp-json\/wp\/v2\/pages\/7745\/revisions"}],"predecessor-version":[{"id":7746,"href":"https:\/\/diocese-lgf.ch\/de\/wp-json\/wp\/v2\/pages\/7745\/revisions\/7746"}],"up":[{"embeddable":true,"href":"https:\/\/diocese-lgf.ch\/de\/wp-json\/wp\/v2\/pages\/6327"}],"wp:attachment":[{"href":"https:\/\/diocese-lgf.ch\/de\/wp-json\/wp\/v2\/media?parent=7745"}],"wp:term":[{"taxonomy":"category","embeddable":true,"href":"https:\/\/diocese-lgf.ch\/de\/wp-json\/wp\/v2\/categories?post=7745"},{"taxonomy":"post_tag","embeddable":true,"href":"https:\/\/diocese-lgf.ch\/de\/wp-json\/wp\/v2\/tags?post=7745"}],"curies":[{"name":"wp","href":"https:\/\/api.w.org\/{rel}","templated":true}]}}