{"id":7743,"date":"2020-12-06T11:49:48","date_gmt":"2020-12-06T10:49:48","guid":{"rendered":"https:\/\/diocese-lgf.emblematik.dev\/kirchenleben\/prekaritat\/"},"modified":"2020-12-06T11:49:49","modified_gmt":"2020-12-06T10:49:49","slug":"prekaritat","status":"publish","type":"page","link":"https:\/\/diocese-lgf.ch\/de\/kirchenleben\/prekaritat\/","title":{"rendered":"Prekarit\u00e4t"},"content":{"rendered":"<div class=\"pf-content\">\t\t<div data-elementor-type=\"wp-post\" data-elementor-id=\"7743\" class=\"elementor elementor-7743 elementor-3794\" data-elementor-post-type=\"page\">\n\t\t\t\t\t\t<section class=\"elementor-section elementor-top-section elementor-element elementor-element-a9736c4 elementor-section-boxed elementor-section-height-default elementor-section-height-default\" data-id=\"a9736c4\" data-element_type=\"section\" data-e-type=\"section\">\n\t\t\t\t\t\t<div class=\"elementor-container elementor-column-gap-default\">\n\t\t\t\t\t<div class=\"elementor-column elementor-col-100 elementor-top-column elementor-element elementor-element-7125645\" data-id=\"7125645\" data-element_type=\"column\" data-e-type=\"column\">\n\t\t\t<div class=\"elementor-widget-wrap elementor-element-populated\">\n\t\t\t\t\t\t<div class=\"elementor-element elementor-element-6a87b54 elementor-widget elementor-widget-image\" data-id=\"6a87b54\" data-element_type=\"widget\" data-e-type=\"widget\" data-widget_type=\"image.default\">\n\t\t\t\t<div class=\"elementor-widget-container\">\n\t\t\t\t\t\t\t\t\t\t\t\t\t\t\t<img fetchpriority=\"high\" decoding=\"async\" width=\"1024\" height=\"708\" src=\"https:\/\/diocese-lgf.ch\/wp-content\/uploads\/2020\/03\/precarite-1-1024x708.jpg\" class=\"attachment-large size-large wp-image-3908\" alt=\"\" srcset=\"https:\/\/diocese-lgf.ch\/wp-content\/uploads\/2020\/03\/precarite-1-1024x708.jpg 1024w, https:\/\/diocese-lgf.ch\/wp-content\/uploads\/2020\/03\/precarite-1-300x207.jpg 300w, https:\/\/diocese-lgf.ch\/wp-content\/uploads\/2020\/03\/precarite-1-768x531.jpg 768w, https:\/\/diocese-lgf.ch\/wp-content\/uploads\/2020\/03\/precarite-1.jpg 1600w\" sizes=\"(max-width: 1024px) 100vw, 1024px\" \/>\t\t\t\t\t\t\t\t\t\t\t\t\t\t\t<\/div>\n\t\t\t\t<\/div>\n\t\t\t\t\t<\/div>\n\t\t<\/div>\n\t\t\t\t\t<\/div>\n\t\t<\/section>\n\t\t\t\t<section class=\"elementor-section elementor-top-section elementor-element elementor-element-57485a8 elementor-section-boxed elementor-section-height-default elementor-section-height-default\" data-id=\"57485a8\" data-element_type=\"section\" data-e-type=\"section\">\n\t\t\t\t\t\t<div class=\"elementor-container elementor-column-gap-default\">\n\t\t\t\t\t<div class=\"elementor-column elementor-col-100 elementor-top-column elementor-element elementor-element-6076f19\" data-id=\"6076f19\" data-element_type=\"column\" data-e-type=\"column\">\n\t\t\t<div class=\"elementor-widget-wrap elementor-element-populated\">\n\t\t\t\t\t\t<div class=\"elementor-element elementor-element-4f3e68b elementor-widget elementor-widget-heading\" data-id=\"4f3e68b\" data-element_type=\"widget\" data-e-type=\"widget\" data-widget_type=\"heading.default\">\n\t\t\t\t<div class=\"elementor-widget-container\">\n\t\t\t\t\t<h2 class=\"elementor-heading-title elementor-size-default\">Strassenpastoral \/ Solidarit\u00e4t<\/h2>\t\t\t\t<\/div>\n\t\t\t\t<\/div>\n\t\t\t\t<div class=\"elementor-element elementor-element-5775e3b elementor-widget elementor-widget-text-editor\" data-id=\"5775e3b\" data-element_type=\"widget\" data-e-type=\"widget\" data-widget_type=\"text-editor.default\">\n\t\t\t\t<div class=\"elementor-widget-container\">\n\t\t\t\t\t\t\t\t\t<p>Die katholische Kirche ist unter Menschen, die in grosser Prekarit\u00e4t leben, mit verschiedenen Aktivit\u00e4ten t\u00e4tig, unter anderem mit einer Strassenpastoral. Sie h\u00f6rt ihnen zu, hilft ihnen, teilt mit ihnen, bietet Notunterk\u00fcnfte an f\u00fcr Obdachlose oder Menschen in Schwierigkeiten, Pilgerfahrten etc. Anl\u00e4sslich des <a href=\"http:\/\/www.vatican.va\/content\/francesco\/fr\/messages\/poveri.index.html#messages\">Welttages der Armen<\/a> organisiert sie verschiedene Programme. Diese Aktivit\u00e4ten werden manchmal \u00f6kumenisch oder \u00fcber unterschiedliche Vereine organisiert (ATD Vierte Welt, Caritas, Vinzenzkonferenz, Missio etc.)<\/p>\n<ul>\n<li><a href=\"https:\/\/www.cath-vd.ch\/situations\/social-et-rue\/\">Waadt<\/a><\/li>\n<li><a href=\"https:\/\/www.eglisecatholique-ge.ch\/decouvrir\/services\/solidarite\/\">Genf<\/a><\/li>\n<li><a href=\"https:\/\/www.cath-fr.ch\/solidarite\/presentation\"><u>franz\u00f6sischsprachiges Freiburg<\/u><\/a><\/li>\n<li><a href=\"https:\/\/www.kath-fr.ch\/solidaritaet\/praesentation\"><u>deutschsprachiges Freibur<\/u>g<\/a><\/li>\n<li><a href=\"https:\/\/www.cath-ne.ch\/aumonerie-de-rue\">Neuenburg (Strassenpastoral)<\/a><\/li>\n<li><a href=\"https:\/\/www.cath-ne.ch\/solidarite\">Neuenburg (Solidarit\u00e4t)<\/a><\/li>\n<\/ul>\n\t\t\t\t\t\t\t\t<\/div>\n\t\t\t\t<\/div>\n\t\t\t\t\t<\/div>\n\t\t<\/div>\n\t\t\t\t\t<\/div>\n\t\t<\/section>\n\t\t\t\t<\/div>\n\t\t<\/div>","protected":false},"excerpt":{"rendered":"<p>Strassenpastoral \/ Solidarit\u00e4t Die katholische Kirche ist unter Menschen, die in grosser Prekarit\u00e4t leben, mit verschiedenen Aktivit\u00e4ten t\u00e4tig, unter anderem mit einer Strassenpastoral. Sie h\u00f6rt ihnen zu, hilft ihnen, teilt [&hellip;]<\/p>\n","protected":false},"author":4,"featured_media":0,"parent":6327,"menu_order":11,"comment_status":"closed","ping_status":"closed","template":"","meta":{"_acf_changed":false,"footnotes":""},"categories":[70],"tags":[],"class_list":["post-7743","page","type-page","status-publish","hentry","category-vie-eglise-de"],"acf":[],"_links":{"self":[{"href":"https:\/\/diocese-lgf.ch\/de\/wp-json\/wp\/v2\/pages\/7743","targetHints":{"allow":["GET"]}}],"collection":[{"href":"https:\/\/diocese-lgf.ch\/de\/wp-json\/wp\/v2\/pages"}],"about":[{"href":"https:\/\/diocese-lgf.ch\/de\/wp-json\/wp\/v2\/types\/page"}],"author":[{"embeddable":true,"href":"https:\/\/diocese-lgf.ch\/de\/wp-json\/wp\/v2\/users\/4"}],"replies":[{"embeddable":true,"href":"https:\/\/diocese-lgf.ch\/de\/wp-json\/wp\/v2\/comments?post=7743"}],"version-history":[{"count":1,"href":"https:\/\/diocese-lgf.ch\/de\/wp-json\/wp\/v2\/pages\/7743\/revisions"}],"predecessor-version":[{"id":7744,"href":"https:\/\/diocese-lgf.ch\/de\/wp-json\/wp\/v2\/pages\/7743\/revisions\/7744"}],"up":[{"embeddable":true,"href":"https:\/\/diocese-lgf.ch\/de\/wp-json\/wp\/v2\/pages\/6327"}],"wp:attachment":[{"href":"https:\/\/diocese-lgf.ch\/de\/wp-json\/wp\/v2\/media?parent=7743"}],"wp:term":[{"taxonomy":"category","embeddable":true,"href":"https:\/\/diocese-lgf.ch\/de\/wp-json\/wp\/v2\/categories?post=7743"},{"taxonomy":"post_tag","embeddable":true,"href":"https:\/\/diocese-lgf.ch\/de\/wp-json\/wp\/v2\/tags?post=7743"}],"curies":[{"name":"wp","href":"https:\/\/api.w.org\/{rel}","templated":true}]}}