{"id":7741,"date":"2020-12-06T11:45:42","date_gmt":"2020-12-06T10:45:42","guid":{"rendered":"https:\/\/diocese-lgf.emblematik.dev\/kirchenleben\/migrantinnen-und-migranten\/"},"modified":"2020-12-06T11:45:43","modified_gmt":"2020-12-06T10:45:43","slug":"migrantinnen-und-migranten","status":"publish","type":"page","link":"https:\/\/diocese-lgf.ch\/de\/kirchenleben\/migrantinnen-und-migranten\/","title":{"rendered":"Migrantinnen und Migranten"},"content":{"rendered":"<div class=\"pf-content\">\t\t<div data-elementor-type=\"wp-post\" data-elementor-id=\"7741\" class=\"elementor elementor-7741 elementor-3774\" data-elementor-post-type=\"page\">\n\t\t\t\t\t\t<section class=\"elementor-section elementor-top-section elementor-element elementor-element-a9736c4 elementor-section-boxed elementor-section-height-default elementor-section-height-default\" data-id=\"a9736c4\" data-element_type=\"section\" data-e-type=\"section\">\n\t\t\t\t\t\t<div class=\"elementor-container elementor-column-gap-default\">\n\t\t\t\t\t<div class=\"elementor-column elementor-col-100 elementor-top-column elementor-element elementor-element-7125645\" data-id=\"7125645\" data-element_type=\"column\" data-e-type=\"column\">\n\t\t\t<div class=\"elementor-widget-wrap elementor-element-populated\">\n\t\t\t\t\t\t<div class=\"elementor-element elementor-element-6a87b54 elementor-widget elementor-widget-image\" data-id=\"6a87b54\" data-element_type=\"widget\" data-e-type=\"widget\" data-widget_type=\"image.default\">\n\t\t\t\t<div class=\"elementor-widget-container\">\n\t\t\t\t\t\t\t\t\t\t\t\t\t\t\t<img fetchpriority=\"high\" decoding=\"async\" width=\"767\" height=\"596\" src=\"https:\/\/diocese-lgf.ch\/wp-content\/uploads\/2020\/01\/asile2.jpg\" class=\"attachment-large size-large wp-image-3791\" alt=\"\" srcset=\"https:\/\/diocese-lgf.ch\/wp-content\/uploads\/2020\/01\/asile2.jpg 767w, https:\/\/diocese-lgf.ch\/wp-content\/uploads\/2020\/01\/asile2-300x233.jpg 300w\" sizes=\"(max-width: 767px) 100vw, 767px\" \/>\t\t\t\t\t\t\t\t\t\t\t\t\t\t\t<\/div>\n\t\t\t\t<\/div>\n\t\t\t\t\t<\/div>\n\t\t<\/div>\n\t\t\t\t\t<\/div>\n\t\t<\/section>\n\t\t\t\t<section class=\"elementor-section elementor-top-section elementor-element elementor-element-57485a8 elementor-section-boxed elementor-section-height-default elementor-section-height-default\" data-id=\"57485a8\" data-element_type=\"section\" data-e-type=\"section\">\n\t\t\t\t\t\t<div class=\"elementor-container elementor-column-gap-default\">\n\t\t\t\t\t<div class=\"elementor-column elementor-col-100 elementor-top-column elementor-element elementor-element-6076f19\" data-id=\"6076f19\" data-element_type=\"column\" data-e-type=\"column\">\n\t\t\t<div class=\"elementor-widget-wrap elementor-element-populated\">\n\t\t\t\t\t\t<div class=\"elementor-element elementor-element-4f3e68b elementor-widget elementor-widget-heading\" data-id=\"4f3e68b\" data-element_type=\"widget\" data-e-type=\"widget\" data-widget_type=\"heading.default\">\n\t\t\t\t<div class=\"elementor-widget-container\">\n\t\t\t\t\t<h2 class=\"elementor-heading-title elementor-size-default\">Unter den Asylsuchenden und Gefl\u00fcchteten<\/h2>\t\t\t\t<\/div>\n\t\t\t\t<\/div>\n\t\t\t\t<div class=\"elementor-element elementor-element-5775e3b elementor-widget elementor-widget-text-editor\" data-id=\"5775e3b\" data-element_type=\"widget\" data-e-type=\"widget\" data-widget_type=\"text-editor.default\">\n\t\t\t\t<div class=\"elementor-widget-container\">\n\t\t\t\t\t\t\t\t\t<p>Die katholische Kirche ist unter den bed\u00fcrftigsten Bev\u00f6lkerungsgruppen t\u00e4tig, vor allem \u00fcber die Seelsorge f\u00fcr Asylsuchende und Gefl\u00fcchtete. Sie bietet \u00fcberall in der Di\u00f6zese Orte der Pr\u00e4senz und Begleitung an.<\/p>\n<ul>\n<li><a href=\"https:\/\/www.cath-vd.ch\/situations\/social-et-rue\/\">Waadt<\/a><\/li>\n<li><a href=\"https:\/\/www.eglisecatholique-ge.ch\/decouvrir\/services\/solidarite\/\">Genf<\/a><\/li>\n<li>franz\u00f6sischsprachiges Freiburg<\/li>\n<li><a href=\"https:\/\/www.kath-fr.ch\/point\"><u>deutschsprachiges Freiburg<\/u><\/a><\/li>\n<li>Neuenburg<\/li>\n<\/ul>\n\t\t\t\t\t\t\t\t<\/div>\n\t\t\t\t<\/div>\n\t\t\t\t\t<\/div>\n\t\t<\/div>\n\t\t\t\t\t<\/div>\n\t\t<\/section>\n\t\t\t\t<\/div>\n\t\t<\/div>","protected":false},"excerpt":{"rendered":"<p>Unter den Asylsuchenden und Gefl\u00fcchteten Die katholische Kirche ist unter den bed\u00fcrftigsten Bev\u00f6lkerungsgruppen t\u00e4tig, vor allem \u00fcber die Seelsorge f\u00fcr Asylsuchende und Gefl\u00fcchtete. Sie bietet \u00fcberall in der Di\u00f6zese Orte [&hellip;]<\/p>\n","protected":false},"author":4,"featured_media":0,"parent":6327,"menu_order":11,"comment_status":"closed","ping_status":"closed","template":"","meta":{"_acf_changed":false,"footnotes":""},"categories":[70],"tags":[],"class_list":["post-7741","page","type-page","status-publish","hentry","category-vie-eglise-de"],"acf":[],"_links":{"self":[{"href":"https:\/\/diocese-lgf.ch\/de\/wp-json\/wp\/v2\/pages\/7741","targetHints":{"allow":["GET"]}}],"collection":[{"href":"https:\/\/diocese-lgf.ch\/de\/wp-json\/wp\/v2\/pages"}],"about":[{"href":"https:\/\/diocese-lgf.ch\/de\/wp-json\/wp\/v2\/types\/page"}],"author":[{"embeddable":true,"href":"https:\/\/diocese-lgf.ch\/de\/wp-json\/wp\/v2\/users\/4"}],"replies":[{"embeddable":true,"href":"https:\/\/diocese-lgf.ch\/de\/wp-json\/wp\/v2\/comments?post=7741"}],"version-history":[{"count":1,"href":"https:\/\/diocese-lgf.ch\/de\/wp-json\/wp\/v2\/pages\/7741\/revisions"}],"predecessor-version":[{"id":7742,"href":"https:\/\/diocese-lgf.ch\/de\/wp-json\/wp\/v2\/pages\/7741\/revisions\/7742"}],"up":[{"embeddable":true,"href":"https:\/\/diocese-lgf.ch\/de\/wp-json\/wp\/v2\/pages\/6327"}],"wp:attachment":[{"href":"https:\/\/diocese-lgf.ch\/de\/wp-json\/wp\/v2\/media?parent=7741"}],"wp:term":[{"taxonomy":"category","embeddable":true,"href":"https:\/\/diocese-lgf.ch\/de\/wp-json\/wp\/v2\/categories?post=7741"},{"taxonomy":"post_tag","embeddable":true,"href":"https:\/\/diocese-lgf.ch\/de\/wp-json\/wp\/v2\/tags?post=7741"}],"curies":[{"name":"wp","href":"https:\/\/api.w.org\/{rel}","templated":true}]}}