{"id":7735,"date":"2020-12-06T11:40:42","date_gmt":"2020-12-06T10:40:42","guid":{"rendered":"https:\/\/diocese-lgf.emblematik.dev\/kirchenleben\/gefangnis\/"},"modified":"2020-12-06T11:40:43","modified_gmt":"2020-12-06T10:40:43","slug":"gefangnis","status":"publish","type":"page","link":"https:\/\/diocese-lgf.ch\/de\/kirchenleben\/gefangnis\/","title":{"rendered":"Gef\u00e4ngnis"},"content":{"rendered":"<div class=\"pf-content\">\t\t<div data-elementor-type=\"wp-post\" data-elementor-id=\"7735\" class=\"elementor elementor-7735 elementor-669\" data-elementor-post-type=\"page\">\n\t\t\t\t\t\t<section class=\"elementor-section elementor-top-section elementor-element elementor-element-a9736c4 elementor-section-boxed elementor-section-height-default elementor-section-height-default\" data-id=\"a9736c4\" data-element_type=\"section\" data-e-type=\"section\">\n\t\t\t\t\t\t<div class=\"elementor-container elementor-column-gap-default\">\n\t\t\t\t\t<div class=\"elementor-column elementor-col-100 elementor-top-column elementor-element elementor-element-7125645\" data-id=\"7125645\" data-element_type=\"column\" data-e-type=\"column\">\n\t\t\t<div class=\"elementor-widget-wrap elementor-element-populated\">\n\t\t\t\t\t\t<div class=\"elementor-element elementor-element-6a87b54 elementor-widget elementor-widget-image\" data-id=\"6a87b54\" data-element_type=\"widget\" data-e-type=\"widget\" data-widget_type=\"image.default\">\n\t\t\t\t<div class=\"elementor-widget-container\">\n\t\t\t\t\t\t\t\t\t\t\t\t\t\t\t<img fetchpriority=\"high\" decoding=\"async\" width=\"1000\" height=\"789\" src=\"https:\/\/diocese-lgf.ch\/wp-content\/uploads\/2020\/03\/prison-4.jpg\" class=\"attachment-large size-large wp-image-3900\" alt=\"\" srcset=\"https:\/\/diocese-lgf.ch\/wp-content\/uploads\/2020\/03\/prison-4.jpg 1000w, https:\/\/diocese-lgf.ch\/wp-content\/uploads\/2020\/03\/prison-4-300x237.jpg 300w, https:\/\/diocese-lgf.ch\/wp-content\/uploads\/2020\/03\/prison-4-768x606.jpg 768w\" sizes=\"(max-width: 1000px) 100vw, 1000px\" \/>\t\t\t\t\t\t\t\t\t\t\t\t\t\t\t<\/div>\n\t\t\t\t<\/div>\n\t\t\t\t\t<\/div>\n\t\t<\/div>\n\t\t\t\t\t<\/div>\n\t\t<\/section>\n\t\t\t\t<section class=\"elementor-section elementor-top-section elementor-element elementor-element-57485a8 elementor-section-boxed elementor-section-height-default elementor-section-height-default\" data-id=\"57485a8\" data-element_type=\"section\" data-e-type=\"section\">\n\t\t\t\t\t\t<div class=\"elementor-container elementor-column-gap-default\">\n\t\t\t\t\t<div class=\"elementor-column elementor-col-100 elementor-top-column elementor-element elementor-element-6076f19\" data-id=\"6076f19\" data-element_type=\"column\" data-e-type=\"column\">\n\t\t\t<div class=\"elementor-widget-wrap elementor-element-populated\">\n\t\t\t\t\t\t<div class=\"elementor-element elementor-element-4f3e68b elementor-widget elementor-widget-heading\" data-id=\"4f3e68b\" data-element_type=\"widget\" data-e-type=\"widget\" data-widget_type=\"heading.default\">\n\t\t\t\t<div class=\"elementor-widget-container\">\n\t\t\t\t\t<h2 class=\"elementor-heading-title elementor-size-default\">Gef\u00e4ngnisseelsorge<\/h2>\t\t\t\t<\/div>\n\t\t\t\t<\/div>\n\t\t\t\t<div class=\"elementor-element elementor-element-5775e3b elementor-widget elementor-widget-text-editor\" data-id=\"5775e3b\" data-element_type=\"widget\" data-e-type=\"widget\" data-widget_type=\"text-editor.default\">\n\t\t\t\t<div class=\"elementor-widget-container\">\n\t\t\t\t\t\t\t\t\t<p>Die katholische Kirche ist \u00f6kumenisch in den Haftanstalten pr\u00e4sent. Sie begleitet Inhaftierte, indem sie ihnen zuh\u00f6rt, sie unterst\u00fctzt und Trost spendet. Sie antwortet auf die spirituellen Bed\u00fcrfnisse der Insassen, die den Wunsch \u00e4ussern, ungeachtet der Konfessionszugeh\u00f6rigkeit. Sie bietet auch gottesdienstliche Feiern an.<\/p>\n<ul>\n<li><a href=\"https:\/\/www.cath-vd.ch\/situations\/social-et-rue\/\">Waadt<\/a><\/li>\n<li><a href=\"https:\/\/www.eglisecatholique-ge.ch\/decouvrir\/services\/prison\/\">Genf<\/a><\/li>\n<li>franz\u00f6sischsprachiges Freiburg<\/li>\n<li>deutschsprachiges Freiburg<\/li>\n<li><a href=\"https:\/\/www.cath-ne.ch\/aumonerie-de-prison\">Neuenburg<\/a><\/li>\n<\/ul>\n\t\t\t\t\t\t\t\t<\/div>\n\t\t\t\t<\/div>\n\t\t\t\t\t<\/div>\n\t\t<\/div>\n\t\t\t\t\t<\/div>\n\t\t<\/section>\n\t\t\t\t<\/div>\n\t\t<\/div>","protected":false},"excerpt":{"rendered":"<p>Gef\u00e4ngnisseelsorge Die katholische Kirche ist \u00f6kumenisch in den Haftanstalten pr\u00e4sent. Sie begleitet Inhaftierte, indem sie ihnen zuh\u00f6rt, sie unterst\u00fctzt und Trost spendet. Sie antwortet auf die spirituellen Bed\u00fcrfnisse der Insassen, [&hellip;]<\/p>\n","protected":false},"author":5,"featured_media":0,"parent":6327,"menu_order":11,"comment_status":"closed","ping_status":"closed","template":"","meta":{"_acf_changed":false,"footnotes":""},"categories":[70],"tags":[],"class_list":["post-7735","page","type-page","status-publish","hentry","category-vie-eglise-de"],"acf":[],"_links":{"self":[{"href":"https:\/\/diocese-lgf.ch\/de\/wp-json\/wp\/v2\/pages\/7735","targetHints":{"allow":["GET"]}}],"collection":[{"href":"https:\/\/diocese-lgf.ch\/de\/wp-json\/wp\/v2\/pages"}],"about":[{"href":"https:\/\/diocese-lgf.ch\/de\/wp-json\/wp\/v2\/types\/page"}],"author":[{"embeddable":true,"href":"https:\/\/diocese-lgf.ch\/de\/wp-json\/wp\/v2\/users\/5"}],"replies":[{"embeddable":true,"href":"https:\/\/diocese-lgf.ch\/de\/wp-json\/wp\/v2\/comments?post=7735"}],"version-history":[{"count":5,"href":"https:\/\/diocese-lgf.ch\/de\/wp-json\/wp\/v2\/pages\/7735\/revisions"}],"predecessor-version":[{"id":7740,"href":"https:\/\/diocese-lgf.ch\/de\/wp-json\/wp\/v2\/pages\/7735\/revisions\/7740"}],"up":[{"embeddable":true,"href":"https:\/\/diocese-lgf.ch\/de\/wp-json\/wp\/v2\/pages\/6327"}],"wp:attachment":[{"href":"https:\/\/diocese-lgf.ch\/de\/wp-json\/wp\/v2\/media?parent=7735"}],"wp:term":[{"taxonomy":"category","embeddable":true,"href":"https:\/\/diocese-lgf.ch\/de\/wp-json\/wp\/v2\/categories?post=7735"},{"taxonomy":"post_tag","embeddable":true,"href":"https:\/\/diocese-lgf.ch\/de\/wp-json\/wp\/v2\/tags?post=7735"}],"curies":[{"name":"wp","href":"https:\/\/api.w.org\/{rel}","templated":true}]}}