{"id":7729,"date":"2020-12-06T11:37:48","date_gmt":"2020-12-06T10:37:48","guid":{"rendered":"https:\/\/diocese-lgf.emblematik.dev\/kirchenleben\/beerdigungen\/"},"modified":"2020-12-14T16:22:40","modified_gmt":"2020-12-14T15:22:40","slug":"beerdigungen","status":"publish","type":"page","link":"https:\/\/diocese-lgf.ch\/de\/kirchenleben\/beerdigungen\/","title":{"rendered":"Beerdigungen"},"content":{"rendered":"<div class=\"pf-content\">\t\t<div data-elementor-type=\"wp-post\" data-elementor-id=\"7729\" class=\"elementor elementor-7729 elementor-759\" data-elementor-post-type=\"page\">\n\t\t\t\t\t\t<section class=\"elementor-section elementor-top-section elementor-element elementor-element-0db2a02 elementor-section-boxed elementor-section-height-default elementor-section-height-default\" data-id=\"0db2a02\" data-element_type=\"section\" data-e-type=\"section\">\n\t\t\t\t\t\t<div class=\"elementor-container elementor-column-gap-default\">\n\t\t\t\t\t<div class=\"elementor-column elementor-col-100 elementor-top-column elementor-element elementor-element-92d453a\" data-id=\"92d453a\" data-element_type=\"column\" data-e-type=\"column\">\n\t\t\t<div class=\"elementor-widget-wrap elementor-element-populated\">\n\t\t\t\t\t\t<div class=\"elementor-element elementor-element-81b7588 elementor-widget elementor-widget-image\" data-id=\"81b7588\" data-element_type=\"widget\" data-e-type=\"widget\" data-widget_type=\"image.default\">\n\t\t\t\t<div class=\"elementor-widget-container\">\n\t\t\t\t\t\t\t\t\t\t\t\t<figure class=\"wp-caption\">\n\t\t\t\t\t\t\t\t\t\t<img fetchpriority=\"high\" decoding=\"async\" width=\"625\" height=\"411\" src=\"https:\/\/diocese-lgf.ch\/wp-content\/uploads\/2020\/01\/funerailles-3.png\" class=\"attachment-large size-large wp-image-3757\" alt=\"\" srcset=\"https:\/\/diocese-lgf.ch\/wp-content\/uploads\/2020\/01\/funerailles-3.png 625w, https:\/\/diocese-lgf.ch\/wp-content\/uploads\/2020\/01\/funerailles-3-300x197.png 300w\" sizes=\"(max-width: 625px) 100vw, 625px\" \/>\t\t\t\t\t\t\t\t\t\t\t<figcaption class=\"widget-image-caption wp-caption-text\">Hogan Jazz Archive, Tulane University Special Collections, New Orleans, LA<\/figcaption>\n\t\t\t\t\t\t\t\t\t\t<\/figure>\n\t\t\t\t\t\t\t\t\t<\/div>\n\t\t\t\t<\/div>\n\t\t\t\t\t<\/div>\n\t\t<\/div>\n\t\t\t\t\t<\/div>\n\t\t<\/section>\n\t\t\t\t<section class=\"elementor-section elementor-top-section elementor-element elementor-element-50ca27f7 elementor-section-boxed elementor-section-height-default elementor-section-height-default\" data-id=\"50ca27f7\" data-element_type=\"section\" data-e-type=\"section\">\n\t\t\t\t\t\t<div class=\"elementor-container elementor-column-gap-default\">\n\t\t\t\t\t<div class=\"elementor-column elementor-col-100 elementor-top-column elementor-element elementor-element-3b252d81\" data-id=\"3b252d81\" data-element_type=\"column\" data-e-type=\"column\">\n\t\t\t<div class=\"elementor-widget-wrap elementor-element-populated\">\n\t\t\t\t\t\t<div class=\"elementor-element elementor-element-671d643c elementor-widget elementor-widget-heading\" data-id=\"671d643c\" data-element_type=\"widget\" data-e-type=\"widget\" data-widget_type=\"heading.default\">\n\t\t\t\t<div class=\"elementor-widget-container\">\n\t\t\t\t\t<h2 class=\"elementor-heading-title elementor-size-default\">Angesichts des Todes<\/h2>\t\t\t\t<\/div>\n\t\t\t\t<\/div>\n\t\t\t\t<div class=\"elementor-element elementor-element-54bca8b2 elementor-widget elementor-widget-text-editor\" data-id=\"54bca8b2\" data-element_type=\"widget\" data-e-type=\"widget\" data-widget_type=\"text-editor.default\">\n\t\t\t\t<div class=\"elementor-widget-container\">\n\t\t\t\t\t\t\t\t\t<p>Das Lebensende aller Getauften ist ein Augenblick, bei dem die Betreuung durch Priester und von der katholischen Kirche ausgebildeten Laien auf Bitten der trauernden Familien angeboten wird. Auch Nichtgetaufte k\u00f6nnen kirchlich beerdigt werden.<\/p>\n<p>Wenn der Kontakt mit der Kirche nicht durch die Familie besteht, k\u00f6nnen die Bestattungsinstitute die Angeh\u00f6rigen unterst\u00fctzen. Wenn der Priester oder Seelsorger informiert ist, wird er schnell die Trauerfamilie kontaktieren, ihre Anliegen anh\u00f6ren und mit ihnen die Feier vorbereiten. Nach der Bestattung steht er den Angeh\u00f6rigen weiter zur Verf\u00fcgung.<\/p>\n<p>Die Beerdigung kann mit einer Messe durch einen Priester oder ohne Messe durch eine Laiin oder einen Laien der Pfarrei zelebriert werden.<\/p>\n<p>Wenn Sie von Ihrer Kirche begleitet werden m\u00f6chten, nehmen Sie bitte Kontakt mit Ihrer Pfarrei auf.<\/p>\n\t\t\t\t\t\t\t\t<\/div>\n\t\t\t\t<\/div>\n\t\t\t\t\t<\/div>\n\t\t<\/div>\n\t\t\t\t\t<\/div>\n\t\t<\/section>\n\t\t\t\t<\/div>\n\t\t<\/div>","protected":false},"excerpt":{"rendered":"<p>Hogan Jazz Archive, Tulane University Special Collections, New Orleans, LA Angesichts des Todes Das Lebensende aller Getauften ist ein Augenblick, bei dem die Betreuung durch Priester und von der katholischen [&hellip;]<\/p>\n","protected":false},"author":5,"featured_media":0,"parent":6327,"menu_order":4,"comment_status":"closed","ping_status":"closed","template":"","meta":{"_acf_changed":false,"footnotes":""},"categories":[109,70],"tags":[],"class_list":["post-7729","page","type-page","status-publish","hentry","category-pastorale-de","category-vie-eglise-de"],"acf":[],"_links":{"self":[{"href":"https:\/\/diocese-lgf.ch\/de\/wp-json\/wp\/v2\/pages\/7729","targetHints":{"allow":["GET"]}}],"collection":[{"href":"https:\/\/diocese-lgf.ch\/de\/wp-json\/wp\/v2\/pages"}],"about":[{"href":"https:\/\/diocese-lgf.ch\/de\/wp-json\/wp\/v2\/types\/page"}],"author":[{"embeddable":true,"href":"https:\/\/diocese-lgf.ch\/de\/wp-json\/wp\/v2\/users\/5"}],"replies":[{"embeddable":true,"href":"https:\/\/diocese-lgf.ch\/de\/wp-json\/wp\/v2\/comments?post=7729"}],"version-history":[{"count":8,"href":"https:\/\/diocese-lgf.ch\/de\/wp-json\/wp\/v2\/pages\/7729\/revisions"}],"predecessor-version":[{"id":9171,"href":"https:\/\/diocese-lgf.ch\/de\/wp-json\/wp\/v2\/pages\/7729\/revisions\/9171"}],"up":[{"embeddable":true,"href":"https:\/\/diocese-lgf.ch\/de\/wp-json\/wp\/v2\/pages\/6327"}],"wp:attachment":[{"href":"https:\/\/diocese-lgf.ch\/de\/wp-json\/wp\/v2\/media?parent=7729"}],"wp:term":[{"taxonomy":"category","embeddable":true,"href":"https:\/\/diocese-lgf.ch\/de\/wp-json\/wp\/v2\/categories?post=7729"},{"taxonomy":"post_tag","embeddable":true,"href":"https:\/\/diocese-lgf.ch\/de\/wp-json\/wp\/v2\/tags?post=7729"}],"curies":[{"name":"wp","href":"https:\/\/api.w.org\/{rel}","templated":true}]}}