{"id":7462,"date":"2020-10-28T14:41:53","date_gmt":"2020-10-28T13:41:53","guid":{"rendered":"https:\/\/diocese-lgf.emblematik.dev\/personalverzeichnis\/"},"modified":"2020-12-06T17:59:41","modified_gmt":"2020-12-06T16:59:41","slug":"personalverzeichnis","status":"publish","type":"page","link":"https:\/\/diocese-lgf.ch\/de\/personalverzeichnis\/","title":{"rendered":"Personalverzeichnis"},"content":{"rendered":"<div class=\"pf-content\">\t\t<div data-elementor-type=\"wp-post\" data-elementor-id=\"7462\" class=\"elementor elementor-7462 elementor-703\" data-elementor-post-type=\"page\">\n\t\t\t\t\t\t<section class=\"elementor-section elementor-top-section elementor-element elementor-element-8a389fe elementor-section-boxed elementor-section-height-default elementor-section-height-default\" data-id=\"8a389fe\" data-element_type=\"section\" data-e-type=\"section\">\n\t\t\t\t\t\t<div class=\"elementor-container elementor-column-gap-default\">\n\t\t\t\t\t<div class=\"elementor-column elementor-col-100 elementor-top-column elementor-element elementor-element-3301e19\" data-id=\"3301e19\" data-element_type=\"column\" data-e-type=\"column\">\n\t\t\t<div class=\"elementor-widget-wrap elementor-element-populated\">\n\t\t\t\t\t\t<div class=\"elementor-element elementor-element-d88f034 elementor-widget elementor-widget-text-editor\" data-id=\"d88f034\" data-element_type=\"widget\" data-e-type=\"widget\" data-widget_type=\"text-editor.default\">\n\t\t\t\t<div class=\"elementor-widget-container\">\n\t\t\t\t\t\t\t\t\t<p><img fetchpriority=\"high\" decoding=\"async\" class=\"alignleft size-medium wp-image-6395\" src=\"https:\/\/diocese-lgf.ch\/wp-content\/uploads\/2020\/10\/annuaire-260x300.png\" alt=\"\" width=\"260\" height=\"300\" srcset=\"https:\/\/diocese-lgf.ch\/wp-content\/uploads\/2020\/10\/annuaire-260x300.png 260w, https:\/\/diocese-lgf.ch\/wp-content\/uploads\/2020\/10\/annuaire.png 347w\" sizes=\"(max-width: 260px) 100vw, 260px\" \/><\/p><p>Die Kontaktdaten unserer Pfarreimitarbeitenden und Einrichtungen sind in der Datenbank unter <a href=\"https:\/\/www.kath.ch\/addresses\/\" target=\"_blank\" rel=\"noopener\">kath.ch<\/a> (interdi\u00f6zesanes kirchliches Personalverzeichnis) gespeichert.<\/p><p>Um eine \u00c4nderung anzuk\u00fcndigen, schreiben Sie an\u00a0 <a class=\"mail\" href=\"mailto:annuaire@diocese-lgf.ch\">annuaire@diocese-lgf.ch<\/a><\/p>\t\t\t\t\t\t\t\t<\/div>\n\t\t\t\t<\/div>\n\t\t\t\t\t<\/div>\n\t\t<\/div>\n\t\t\t\t\t<\/div>\n\t\t<\/section>\n\t\t\t\t<\/div>\n\t\t<\/div>","protected":false},"excerpt":{"rendered":"<p>Die Kontaktdaten unserer Pfarreimitarbeitenden und Einrichtungen sind in der Datenbank unter kath.ch (interdi\u00f6zesanes kirchliches Personalverzeichnis) gespeichert. Um eine \u00c4nderung anzuk\u00fcndigen, schreiben Sie an\u00a0 annuaire@diocese-lgf.ch<\/p>\n","protected":false},"author":5,"featured_media":0,"parent":0,"menu_order":3,"comment_status":"closed","ping_status":"closed","template":"","meta":{"_acf_changed":false,"footnotes":""},"categories":[121],"tags":[],"class_list":["post-7462","page","type-page","status-publish","hentry","category-infospratiques-de"],"acf":[],"_links":{"self":[{"href":"https:\/\/diocese-lgf.ch\/de\/wp-json\/wp\/v2\/pages\/7462","targetHints":{"allow":["GET"]}}],"collection":[{"href":"https:\/\/diocese-lgf.ch\/de\/wp-json\/wp\/v2\/pages"}],"about":[{"href":"https:\/\/diocese-lgf.ch\/de\/wp-json\/wp\/v2\/types\/page"}],"author":[{"embeddable":true,"href":"https:\/\/diocese-lgf.ch\/de\/wp-json\/wp\/v2\/users\/5"}],"replies":[{"embeddable":true,"href":"https:\/\/diocese-lgf.ch\/de\/wp-json\/wp\/v2\/comments?post=7462"}],"version-history":[{"count":19,"href":"https:\/\/diocese-lgf.ch\/de\/wp-json\/wp\/v2\/pages\/7462\/revisions"}],"predecessor-version":[{"id":7832,"href":"https:\/\/diocese-lgf.ch\/de\/wp-json\/wp\/v2\/pages\/7462\/revisions\/7832"}],"wp:attachment":[{"href":"https:\/\/diocese-lgf.ch\/de\/wp-json\/wp\/v2\/media?parent=7462"}],"wp:term":[{"taxonomy":"category","embeddable":true,"href":"https:\/\/diocese-lgf.ch\/de\/wp-json\/wp\/v2\/categories?post=7462"},{"taxonomy":"post_tag","embeddable":true,"href":"https:\/\/diocese-lgf.ch\/de\/wp-json\/wp\/v2\/tags?post=7462"}],"curies":[{"name":"wp","href":"https:\/\/api.w.org\/{rel}","templated":true}]}}