{"id":7010,"date":"2020-10-15T14:24:41","date_gmt":"2020-10-15T12:24:41","guid":{"rendered":"https:\/\/diocese-lgf.emblematik.dev\/kommission-sexuelle-ubergriffe-im-kirchlichen-umfeld\/"},"modified":"2023-03-23T09:16:58","modified_gmt":"2023-03-23T08:16:58","slug":"kommission-sexuelle-ubergriffe-im-kirchlichen-umfeld","status":"publish","type":"page","link":"https:\/\/diocese-lgf.ch\/de\/kommission-sexuelle-ubergriffe-im-kirchlichen-umfeld\/","title":{"rendered":"Kommission &#8222;Sexuelle \u00dcbergriffe im kirchlichen Umfeld&#8220;"},"content":{"rendered":"<div class=\"pf-content\">\t\t<div data-elementor-type=\"wp-post\" data-elementor-id=\"7010\" class=\"elementor elementor-7010 elementor-756\" data-elementor-post-type=\"page\">\n\t\t\t\t\t\t<section class=\"elementor-section elementor-top-section elementor-element elementor-element-751a7af1 elementor-section-boxed elementor-section-height-default elementor-section-height-default\" data-id=\"751a7af1\" data-element_type=\"section\" data-e-type=\"section\">\n\t\t\t\t\t\t<div class=\"elementor-container elementor-column-gap-default\">\n\t\t\t\t\t<div class=\"elementor-column elementor-col-100 elementor-top-column elementor-element elementor-element-2b4c3db1\" data-id=\"2b4c3db1\" data-element_type=\"column\" data-e-type=\"column\">\n\t\t\t<div class=\"elementor-widget-wrap elementor-element-populated\">\n\t\t\t\t\t\t<div class=\"elementor-element elementor-element-194f9177 elementor-widget elementor-widget-text-editor\" data-id=\"194f9177\" data-element_type=\"widget\" data-e-type=\"widget\" data-widget_type=\"text-editor.default\">\n\t\t\t\t<div class=\"elementor-widget-container\">\n\t\t\t\t\t\t\t\t\t<p>Die di\u00f6zesane Kommission \u00abSexuelle \u00dcbergriffe im kirchlichen Umfeld\u00bb (CASCE) hat folgende Ziele:<\/p><ul><li>einen Ort bieten, an dem Opfer sexuellen Missbrauchs im kirchlichen Kontext angeh\u00f6rt werden<\/li><li>einen Weg der Vers\u00f6hnung pers\u00f6nlicher Art und mit der Kirche zu beg\u00fcnstigen<\/li><li>auf Wunsch des Opfers einen Entsch\u00e4digungsantrag bei der <a href=\"http:\/\/www.bischoefe.ch\/fachgremien\/kommission-genugtuung\" target=\"_blank\" rel=\"noopener\">Kommission Genugtuung<\/a> der katholischen Kirche der Schweiz zu stellen und einzureichen<\/li><\/ul><p>Die CASCE besteht einerseits aus Kontaktpersonen, die f\u00fcr die Begegnung und Betreuung von Opfern sexuellen Missbrauchs im kirchlichen Umfeld verantwortlich sind, und Experten (Psychotherapeut, ehemaliger kantonaler Richter, kanonischer Priester) unter dem Vorsitz des Generalvikars und in Zusammenarbeit mit der Person, die f\u00fcr die Koordinierung von Dossiers im Zusammenhang mit sexuellem Missbrauch verantwortlich ist.<\/p><p>Die Fakten, ungeachtet, ob verj\u00e4hrt oder nicht, die CASCE zur Kenntnis genommen hat, werden immer an den Di\u00f6zesanbischof weitergeleitet, der daf\u00fcr verantwortlich ist, angemessene kanonische Massnahmen zu ergreifen und den Fall der Justiz zu melden.<\/p><p>CASCE h\u00e4lt sich an die <a href=\"https:\/\/www.bischoefe.ch\/richtlinien-der-sbk-und-der-vereinigung-der-hoehern-ordensobern-der-schweiz\/\" target=\"_blank\" rel=\"noopener\">Richtlinien<\/a> der SBK und der Vereinigung der H\u00f6heren Ordensobern der Schweiz \u00abSexuelle \u00dcbergriffe im kirchlichen Kontext\u00bb (Art. 4.2.1; 4. Auflage, Freiburg, M\u00e4rz 2019) \u00abSexuelle \u00dcbergriffe im kirchlichen Umfeld\u00bb.<\/p>\t\t\t\t\t\t\t\t<\/div>\n\t\t\t\t<\/div>\n\t\t\t\t\t<\/div>\n\t\t<\/div>\n\t\t\t\t\t<\/div>\n\t\t<\/section>\n\t\t\t\t<section class=\"elementor-section elementor-top-section elementor-element elementor-element-7e17be9 elementor-section-boxed elementor-section-height-default elementor-section-height-default\" data-id=\"7e17be9\" data-element_type=\"section\" data-e-type=\"section\">\n\t\t\t\t\t\t<div class=\"elementor-container elementor-column-gap-default\">\n\t\t\t\t\t<div class=\"elementor-column elementor-col-100 elementor-top-column elementor-element elementor-element-31e6bd4\" data-id=\"31e6bd4\" data-element_type=\"column\" data-e-type=\"column\">\n\t\t\t<div class=\"elementor-widget-wrap elementor-element-populated\">\n\t\t\t\t\t\t<div class=\"elementor-element elementor-element-ed24ccb elementor-widget elementor-widget-heading\" data-id=\"ed24ccb\" data-element_type=\"widget\" data-e-type=\"widget\" data-widget_type=\"heading.default\">\n\t\t\t\t<div class=\"elementor-widget-container\">\n\t\t\t\t\t<h2 class=\"elementor-heading-title elementor-size-default\">Kontakt<\/h2>\t\t\t\t<\/div>\n\t\t\t\t<\/div>\n\t\t\t\t\t<\/div>\n\t\t<\/div>\n\t\t\t\t\t<\/div>\n\t\t<\/section>\n\t\t\t\t<section class=\"elementor-section elementor-top-section elementor-element elementor-element-23069e4 elementor-section-boxed elementor-section-height-default elementor-section-height-default\" data-id=\"23069e4\" data-element_type=\"section\" data-e-type=\"section\">\n\t\t\t\t\t\t<div class=\"elementor-container elementor-column-gap-default\">\n\t\t\t\t\t<div class=\"elementor-column elementor-col-100 elementor-top-column elementor-element elementor-element-989d1f2\" data-id=\"989d1f2\" data-element_type=\"column\" data-e-type=\"column\">\n\t\t\t<div class=\"elementor-widget-wrap elementor-element-populated\">\n\t\t\t\t\t\t<div class=\"elementor-element elementor-element-1f50252 elementor-widget elementor-widget-text-editor\" data-id=\"1f50252\" data-element_type=\"widget\" data-e-type=\"widget\" data-widget_type=\"text-editor.default\">\n\t\t\t\t<div class=\"elementor-widget-container\">\n\t\t\t\t\t\t\t\t\t<p><strong>+41 79 387 21 82 <\/strong>(Mitarbeiterin) \/ <a href=\"mailto:casce@diocese-lgf.ch\"><strong>casce@diocese-lgf.ch\u00a0<\/strong><\/a>(Zeugnis einreichen oder Kontaktanfrage)<\/p>\t\t\t\t\t\t\t\t<\/div>\n\t\t\t\t<\/div>\n\t\t\t\t\t<\/div>\n\t\t<\/div>\n\t\t\t\t\t<\/div>\n\t\t<\/section>\n\t\t\t\t<section class=\"elementor-section elementor-top-section elementor-element elementor-element-4ba35c7 elementor-section-boxed elementor-section-height-default elementor-section-height-default\" data-id=\"4ba35c7\" data-element_type=\"section\" data-e-type=\"section\">\n\t\t\t\t\t\t<div class=\"elementor-container elementor-column-gap-default\">\n\t\t\t\t\t<div class=\"elementor-column elementor-col-100 elementor-top-column elementor-element elementor-element-4e0409c\" data-id=\"4e0409c\" data-element_type=\"column\" data-e-type=\"column\">\n\t\t\t<div class=\"elementor-widget-wrap elementor-element-populated\">\n\t\t\t\t\t\t<div class=\"elementor-element elementor-element-c6feaf2 elementor-widget elementor-widget-heading\" data-id=\"c6feaf2\" data-element_type=\"widget\" data-e-type=\"widget\" data-widget_type=\"heading.default\">\n\t\t\t\t<div class=\"elementor-widget-container\">\n\t\t\t\t\t<h2 class=\"elementor-heading-title elementor-size-default\">Zusammensetzung der Kommission<\/h2>\t\t\t\t<\/div>\n\t\t\t\t<\/div>\n\t\t\t\t<div class=\"elementor-element elementor-element-5e6f33c elementor-widget elementor-widget-text-editor\" data-id=\"5e6f33c\" data-element_type=\"widget\" data-e-type=\"widget\" data-widget_type=\"text-editor.default\">\n\t\t\t\t<div class=\"elementor-widget-container\">\n\t\t\t\t\t\t\t\t\t<ul><li>eine Psychotherapeutin<\/li><li>ein ehemaliger Kantonsrichter<\/li><li>eine Doktorin in Kirchenrecht<\/li><li>der Generalvikar<\/li><li>eine Sachbearbeiterin<\/li><\/ul>\t\t\t\t\t\t\t\t<\/div>\n\t\t\t\t<\/div>\n\t\t\t\t\t<\/div>\n\t\t<\/div>\n\t\t\t\t\t<\/div>\n\t\t<\/section>\n\t\t\t\t<section class=\"elementor-section elementor-top-section elementor-element elementor-element-79408c90 elementor-section-boxed elementor-section-height-default elementor-section-height-default\" data-id=\"79408c90\" data-element_type=\"section\" data-e-type=\"section\">\n\t\t\t\t\t\t<div class=\"elementor-container elementor-column-gap-default\">\n\t\t\t\t\t<div class=\"elementor-column elementor-col-100 elementor-top-column elementor-element elementor-element-4487e9fd\" data-id=\"4487e9fd\" data-element_type=\"column\" data-e-type=\"column\">\n\t\t\t<div class=\"elementor-widget-wrap elementor-element-populated\">\n\t\t\t\t\t\t<div class=\"elementor-element elementor-element-523dfb8c elementor-widget elementor-widget-heading\" data-id=\"523dfb8c\" data-element_type=\"widget\" data-e-type=\"widget\" data-widget_type=\"heading.default\">\n\t\t\t\t<div class=\"elementor-widget-container\">\n\t\t\t\t\t<h2 class=\"elementor-heading-title elementor-size-default\">Dokument zum herunterladen<\/h2>\t\t\t\t<\/div>\n\t\t\t\t<\/div>\n\t\t\t\t<div class=\"elementor-element elementor-element-6528e164 elementor-icon-list--layout-traditional elementor-list-item-link-full_width elementor-widget elementor-widget-icon-list\" data-id=\"6528e164\" data-element_type=\"widget\" data-e-type=\"widget\" data-widget_type=\"icon-list.default\">\n\t\t\t\t<div class=\"elementor-widget-container\">\n\t\t\t\t\t\t\t<ul class=\"elementor-icon-list-items\">\n\t\t\t\t\t\t\t<li class=\"elementor-icon-list-item\">\n\t\t\t\t\t\t\t\t\t\t\t<a href=\"https:\/\/www.bischoefe.ch\/wp-content\/uploads\/sites\/2\/2020\/11\/1-SBK_RichtliniensexuelleUebergriffeCES-USMrev.4Maerz2019_190509_d.pdf\" target=\"_blank\">\n\n\t\t\t\t\t\t\t\t\t\t\t\t<span class=\"elementor-icon-list-icon\">\n\t\t\t\t\t\t\t<i aria-hidden=\"true\" class=\"far fa-file-pdf\"><\/i>\t\t\t\t\t\t<\/span>\n\t\t\t\t\t\t\t\t\t\t<span class=\"elementor-icon-list-text\">Richtlinien der Schweizer Bischofskonferenz und der Vereinigung der H\u00f6heren Ordensobern der Schweiz \u00abSexuelle \u00dcbergriffe im kirchlichen Umfeld\u00bb<\/span>\n\t\t\t\t\t\t\t\t\t\t\t<\/a>\n\t\t\t\t\t\t\t\t\t<\/li>\n\t\t\t\t\t\t<\/ul>\n\t\t\t\t\t\t<\/div>\n\t\t\t\t<\/div>\n\t\t\t\t\t<\/div>\n\t\t<\/div>\n\t\t\t\t\t<\/div>\n\t\t<\/section>\n\t\t\t\t<\/div>\n\t\t<\/div>","protected":false},"excerpt":{"rendered":"<p>Die di\u00f6zesane Kommission \u00abSexuelle \u00dcbergriffe im kirchlichen Umfeld\u00bb (CASCE) hat folgende Ziele: einen Ort bieten, an dem Opfer sexuellen Missbrauchs im kirchlichen Kontext angeh\u00f6rt werden einen Weg der Vers\u00f6hnung pers\u00f6nlicher [&hellip;]<\/p>\n","protected":false},"author":5,"featured_media":0,"parent":0,"menu_order":7,"comment_status":"closed","ping_status":"closed","template":"","meta":{"_acf_changed":false,"footnotes":""},"categories":[133,125],"tags":[],"class_list":["post-7010","page","type-page","status-publish","hentry","category-ccom-de","category-eveche-de"],"acf":[],"_links":{"self":[{"href":"https:\/\/diocese-lgf.ch\/de\/wp-json\/wp\/v2\/pages\/7010","targetHints":{"allow":["GET"]}}],"collection":[{"href":"https:\/\/diocese-lgf.ch\/de\/wp-json\/wp\/v2\/pages"}],"about":[{"href":"https:\/\/diocese-lgf.ch\/de\/wp-json\/wp\/v2\/types\/page"}],"author":[{"embeddable":true,"href":"https:\/\/diocese-lgf.ch\/de\/wp-json\/wp\/v2\/users\/5"}],"replies":[{"embeddable":true,"href":"https:\/\/diocese-lgf.ch\/de\/wp-json\/wp\/v2\/comments?post=7010"}],"version-history":[{"count":20,"href":"https:\/\/diocese-lgf.ch\/de\/wp-json\/wp\/v2\/pages\/7010\/revisions"}],"predecessor-version":[{"id":21456,"href":"https:\/\/diocese-lgf.ch\/de\/wp-json\/wp\/v2\/pages\/7010\/revisions\/21456"}],"wp:attachment":[{"href":"https:\/\/diocese-lgf.ch\/de\/wp-json\/wp\/v2\/media?parent=7010"}],"wp:term":[{"taxonomy":"category","embeddable":true,"href":"https:\/\/diocese-lgf.ch\/de\/wp-json\/wp\/v2\/categories?post=7010"},{"taxonomy":"post_tag","embeddable":true,"href":"https:\/\/diocese-lgf.ch\/de\/wp-json\/wp\/v2\/tags?post=7010"}],"curies":[{"name":"wp","href":"https:\/\/api.w.org\/{rel}","templated":true}]}}