{"id":6950,"date":"2020-12-07T13:21:13","date_gmt":"2020-12-07T12:21:13","guid":{"rendered":"https:\/\/diocese-lgf.emblematik.dev\/?page_id=6950"},"modified":"2020-12-09T20:08:57","modified_gmt":"2020-12-09T19:08:57","slug":"steuern","status":"publish","type":"page","link":"https:\/\/diocese-lgf.ch\/de\/steuern\/","title":{"rendered":"Steuern?"},"content":{"rendered":"<div class=\"pf-content\">\t\t<div data-elementor-type=\"wp-post\" data-elementor-id=\"6950\" class=\"elementor elementor-6950 elementor-6949\" data-elementor-post-type=\"page\">\n\t\t\t\t\t\t<section class=\"elementor-section elementor-top-section elementor-element elementor-element-3f3c613 elementor-section-boxed elementor-section-height-default elementor-section-height-default\" data-id=\"3f3c613\" data-element_type=\"section\" data-e-type=\"section\">\n\t\t\t\t\t\t<div class=\"elementor-container elementor-column-gap-default\">\n\t\t\t\t\t<div class=\"elementor-column elementor-col-100 elementor-top-column elementor-element elementor-element-374f5fd\" data-id=\"374f5fd\" data-element_type=\"column\" data-e-type=\"column\">\n\t\t\t<div class=\"elementor-widget-wrap elementor-element-populated\">\n\t\t\t\t\t\t<div class=\"elementor-element elementor-element-6ee02d0 elementor-widget elementor-widget-image\" data-id=\"6ee02d0\" data-element_type=\"widget\" data-e-type=\"widget\" data-widget_type=\"image.default\">\n\t\t\t\t<div class=\"elementor-widget-container\">\n\t\t\t\t\t\t\t\t\t\t\t\t\t\t\t<img fetchpriority=\"high\" decoding=\"async\" width=\"1024\" height=\"692\" src=\"https:\/\/diocese-lgf.ch\/wp-content\/uploads\/2020\/12\/impots-1024x692.jpg\" class=\"attachment-large size-large wp-image-8699\" alt=\"\" srcset=\"https:\/\/diocese-lgf.ch\/wp-content\/uploads\/2020\/12\/impots-1024x692.jpg 1024w, https:\/\/diocese-lgf.ch\/wp-content\/uploads\/2020\/12\/impots-300x203.jpg 300w, https:\/\/diocese-lgf.ch\/wp-content\/uploads\/2020\/12\/impots-768x519.jpg 768w, https:\/\/diocese-lgf.ch\/wp-content\/uploads\/2020\/12\/impots-1536x1038.jpg 1536w, https:\/\/diocese-lgf.ch\/wp-content\/uploads\/2020\/12\/impots-2048x1384.jpg 2048w\" sizes=\"(max-width: 1024px) 100vw, 1024px\" \/>\t\t\t\t\t\t\t\t\t\t\t\t\t\t\t<\/div>\n\t\t\t\t<\/div>\n\t\t\t\t\t<\/div>\n\t\t<\/div>\n\t\t\t\t\t<\/div>\n\t\t<\/section>\n\t\t\t\t<section class=\"elementor-section elementor-top-section elementor-element elementor-element-611ebea7 elementor-section-boxed elementor-section-height-default elementor-section-height-default\" data-id=\"611ebea7\" data-element_type=\"section\" data-e-type=\"section\">\n\t\t\t\t\t\t<div class=\"elementor-container elementor-column-gap-default\">\n\t\t\t\t\t<div class=\"elementor-column elementor-col-100 elementor-top-column elementor-element elementor-element-2ec59265\" data-id=\"2ec59265\" data-element_type=\"column\" data-e-type=\"column\">\n\t\t\t<div class=\"elementor-widget-wrap elementor-element-populated\">\n\t\t\t\t\t\t<div class=\"elementor-element elementor-element-46a4055 elementor-widget elementor-widget-text-editor\" data-id=\"46a4055\" data-element_type=\"widget\" data-e-type=\"widget\" data-widget_type=\"text-editor.default\">\n\t\t\t\t<div class=\"elementor-widget-container\">\n\t\t\t\t\t\t\t\t\t<p><strong>Certaines id\u00e9es re\u00e7ues sont fausses et doivent \u00eatre d\u00e9menties : le Vatican ne verse pas d\u2019argent \u00e0 l\u2019Eglise en Suisse ; les pr\u00eatres ne sont pas pay\u00e9s par l\u2019Etat ; l\u2019\u00e9v\u00each\u00e9 ne pr\u00e9l\u00e8ve pas d\u2019imp\u00f4t, etc.<\/strong><\/p>\n<h4>Alors comment est financ\u00e9 le dioc\u00e8se?<\/h4>\n<p>Le financement de l\u2019Eglise catholique sur le dioc\u00e8se, incluant les cantons de Vaud, Gen\u00e8ve, Fribourg et Neuch\u00e2tel, n\u2019est pas une question simple.<\/p>\n<ul>\n<li><strong>L\u2019\u00e9v\u00each\u00e9<\/strong> (services centraux du dioc\u00e8se, situ\u00e9s \u00e0 Fribourg) ne touche aucun imp\u00f4t. Son budget, de l\u2019ordre de 2.5 millions de francs, est couvert par des contributions des 4 structures cantonales du dioc\u00e8se et quelques recettes propres.<\/li>\n<\/ul>\n<ul>\n<li>Sur le canton de <strong>Vaud<\/strong>, un subside que verse l&#8217;Etat \u00e0 la <span class=\"aCOpRe\">F\u00e9d\u00e9ration eccl\u00e9siastique catholique romaine<\/span> du canton de Vaud, ou <strong>FEDEC-VD<\/strong>, permet la r\u00e9mun\u00e9ration des pr\u00eatres, agents pastoraux la\u00efcs et personnel administratif. Les associations paroissiales ont souvent du personnel suppl\u00e9mentaire.<\/li>\n<\/ul>\n<ul>\n<li>Sur le canton de <strong>Fribourg<\/strong>, la l\u00e9gislation pr\u00e9voit que les catholiques paient un imp\u00f4t \u00e0 leur paroisse territoriale, qui peut utiliser ces revenus pour entretenir les lieux de culte et r\u00e9mun\u00e9rer le personnel local. Une part de l\u2019imp\u00f4t est transmise \u00e0 la <span class=\"aCOpRe\">Corporation eccl\u00e9siastique catholique du canton de Fribourg<\/span>, ou <strong>CEC-FR<\/strong>, qui se charge des t\u00e2ches supra-paroissiales et de la r\u00e9mun\u00e9ration du personnel pastoral, pr\u00eatres et la\u00efcs.<\/li>\n<\/ul>\n<ul>\n<li>\u00c0 <strong>Gen\u00e8ve<\/strong>, l\u2019Eglise et l\u2019Etat sont s\u00e9par\u00e9s : il n\u2019y a pas de soutien de l\u2019Etat \u00e0 l\u2019activit\u00e9 de l\u2019Eglise, si bien que la contribution eccl\u00e9siastique pr\u00e9lev\u00e9e par l\u2019interm\u00e9diaire de l\u2019Etat est facultative. Le budget de l&#8217;Eglise catholique romaine genevoise \u00e0 Gen\u00e8ve, ou <strong>ECR-GE<\/strong><u>,<\/u> ne peut \u00eatre couvert que gr\u00e2ce \u00e0 la g\u00e9n\u00e9rosit\u00e9 des fid\u00e8les, sans qui le fonctionnement op\u00e9rationnel de l\u2019Eglise ne serait pas possible.<\/li>\n<\/ul>\n<ul>\n<li>En ce qui concerne le canton de <strong>Neuch\u00e2tel<\/strong>, la situation est tr\u00e8s proche de celle de Gen\u00e8ve : il existe une contribution eccl\u00e9siastique, mais elle est facultative et, de ce fait, ne permet pas la couverture des d\u00e9penses de l\u2019Eglise. La F\u00e9d\u00e9ration catholique romaine de Neuch\u00e2tel, ou <strong>FCR-NE<\/strong>, doit ainsi \u00eatre soutenue par les dons des fid\u00e8les du canton.<\/li>\n<\/ul>\n<p><!-- \/wp:paragraph --><!-- wp:columns --><\/p>\n<p><!-- \/wp:media-text --><\/p>\n\t\t\t\t\t\t\t\t<\/div>\n\t\t\t\t<\/div>\n\t\t\t\t\t<\/div>\n\t\t<\/div>\n\t\t\t\t\t<\/div>\n\t\t<\/section>\n\t\t\t\t<section class=\"elementor-section elementor-top-section elementor-element elementor-element-6ec5a6a1 elementor-section-boxed elementor-section-height-default elementor-section-height-default\" data-id=\"6ec5a6a1\" data-element_type=\"section\" data-e-type=\"section\">\n\t\t\t\t\t\t<div class=\"elementor-container elementor-column-gap-default\">\n\t\t\t\t\t<div class=\"elementor-column elementor-col-100 elementor-top-column elementor-element elementor-element-67f5a90e\" data-id=\"67f5a90e\" data-element_type=\"column\" data-e-type=\"column\">\n\t\t\t<div class=\"elementor-widget-wrap elementor-element-populated\">\n\t\t\t\t\t\t<div class=\"elementor-element elementor-element-46004a7 elementor-widget elementor-widget-heading\" data-id=\"46004a7\" data-element_type=\"widget\" data-e-type=\"widget\" data-widget_type=\"heading.default\">\n\t\t\t\t<div class=\"elementor-widget-container\">\n\t\t\t\t\t<h2 class=\"elementor-heading-title elementor-size-medium\">Links<\/h2>\t\t\t\t<\/div>\n\t\t\t\t<\/div>\n\t\t\t\t<div class=\"elementor-element elementor-element-35be63da elementor-icon-list--layout-traditional elementor-list-item-link-full_width elementor-widget elementor-widget-icon-list\" data-id=\"35be63da\" data-element_type=\"widget\" data-e-type=\"widget\" data-widget_type=\"icon-list.default\">\n\t\t\t\t<div class=\"elementor-widget-container\">\n\t\t\t\t\t\t\t<ul class=\"elementor-icon-list-items\">\n\t\t\t\t\t\t\t<li class=\"elementor-icon-list-item\">\n\t\t\t\t\t\t\t\t\t\t\t<a href=\"https:\/\/diocese-lgf.ch\/de\/geschichte\/ehemalige-bischofe\/\">\n\n\t\t\t\t\t\t\t\t\t\t\t\t<span class=\"elementor-icon-list-icon\">\n\t\t\t\t\t\t\t<i aria-hidden=\"true\" class=\"fas fa-arrow-circle-right\"><\/i>\t\t\t\t\t\t<\/span>\n\t\t\t\t\t\t\t\t\t\t<span class=\"elementor-icon-list-text\">Di\u00f6zesanverm\u00f6gensverwaltungsrat<\/span>\n\t\t\t\t\t\t\t\t\t\t\t<\/a>\n\t\t\t\t\t\t\t\t\t<\/li>\n\t\t\t\t\t\t<\/ul>\n\t\t\t\t\t\t<\/div>\n\t\t\t\t<\/div>\n\t\t\t\t\t<\/div>\n\t\t<\/div>\n\t\t\t\t\t<\/div>\n\t\t<\/section>\n\t\t\t\t<\/div>\n\t\t<\/div>","protected":false},"excerpt":{"rendered":"<p>Certaines id\u00e9es re\u00e7ues sont fausses et doivent \u00eatre d\u00e9menties : le Vatican ne verse pas d\u2019argent \u00e0 l\u2019Eglise en Suisse ; les pr\u00eatres ne sont pas pay\u00e9s par l\u2019Etat ; [&hellip;]<\/p>\n","protected":false},"author":4,"featured_media":0,"parent":0,"menu_order":1,"comment_status":"closed","ping_status":"closed","template":"","meta":{"_acf_changed":false,"footnotes":""},"categories":[125,155],"tags":[],"class_list":["post-6950","page","type-page","status-publish","hentry","category-eveche-de","category-uber-uns"],"acf":[],"_links":{"self":[{"href":"https:\/\/diocese-lgf.ch\/de\/wp-json\/wp\/v2\/pages\/6950","targetHints":{"allow":["GET"]}}],"collection":[{"href":"https:\/\/diocese-lgf.ch\/de\/wp-json\/wp\/v2\/pages"}],"about":[{"href":"https:\/\/diocese-lgf.ch\/de\/wp-json\/wp\/v2\/types\/page"}],"author":[{"embeddable":true,"href":"https:\/\/diocese-lgf.ch\/de\/wp-json\/wp\/v2\/users\/4"}],"replies":[{"embeddable":true,"href":"https:\/\/diocese-lgf.ch\/de\/wp-json\/wp\/v2\/comments?post=6950"}],"version-history":[{"count":15,"href":"https:\/\/diocese-lgf.ch\/de\/wp-json\/wp\/v2\/pages\/6950\/revisions"}],"predecessor-version":[{"id":8702,"href":"https:\/\/diocese-lgf.ch\/de\/wp-json\/wp\/v2\/pages\/6950\/revisions\/8702"}],"wp:attachment":[{"href":"https:\/\/diocese-lgf.ch\/de\/wp-json\/wp\/v2\/media?parent=6950"}],"wp:term":[{"taxonomy":"category","embeddable":true,"href":"https:\/\/diocese-lgf.ch\/de\/wp-json\/wp\/v2\/categories?post=6950"},{"taxonomy":"post_tag","embeddable":true,"href":"https:\/\/diocese-lgf.ch\/de\/wp-json\/wp\/v2\/tags?post=6950"}],"curies":[{"name":"wp","href":"https:\/\/api.w.org\/{rel}","templated":true}]}}