{"id":6757,"date":"2020-10-09T18:12:21","date_gmt":"2020-10-09T16:12:21","guid":{"rendered":"https:\/\/diocese-lgf.emblematik.dev\/spenden\/"},"modified":"2023-05-23T08:13:16","modified_gmt":"2023-05-23T06:13:16","slug":"spenden","status":"publish","type":"page","link":"https:\/\/diocese-lgf.ch\/de\/spenden\/","title":{"rendered":"Spenden"},"content":{"rendered":"<div class=\"pf-content\">\t\t<div data-elementor-type=\"wp-post\" data-elementor-id=\"6757\" class=\"elementor elementor-6757 elementor-721\" data-elementor-post-type=\"page\">\n\t\t\t\t\t\t<section class=\"elementor-section elementor-top-section elementor-element elementor-element-9a1e0d6 elementor-section-boxed elementor-section-height-default elementor-section-height-default\" data-id=\"9a1e0d6\" data-element_type=\"section\" data-e-type=\"section\">\n\t\t\t\t\t\t<div class=\"elementor-container elementor-column-gap-default\">\n\t\t\t\t\t<div class=\"elementor-column elementor-col-100 elementor-top-column elementor-element elementor-element-777c659\" data-id=\"777c659\" data-element_type=\"column\" data-e-type=\"column\">\n\t\t\t<div class=\"elementor-widget-wrap elementor-element-populated\">\n\t\t\t\t\t\t<div class=\"elementor-element elementor-element-197ba99 elementor-widget elementor-widget-text-editor\" data-id=\"197ba99\" data-element_type=\"widget\" data-e-type=\"widget\" data-widget_type=\"text-editor.default\">\n\t\t\t\t<div class=\"elementor-widget-container\">\n\t\t\t\t\t\t\t\t\t<div class=\"csc-textpic-text\"><p><img fetchpriority=\"high\" decoding=\"async\" class=\"alignleft size-medium wp-image-6423\" src=\"https:\/\/diocese-lgf.ch\/wp-content\/uploads\/2020\/10\/don-300x300.png\" alt=\"\" width=\"300\" height=\"300\" srcset=\"https:\/\/diocese-lgf.ch\/wp-content\/uploads\/2020\/10\/don-300x300.png 300w, https:\/\/diocese-lgf.ch\/wp-content\/uploads\/2020\/10\/don-150x150.png 150w, https:\/\/diocese-lgf.ch\/wp-content\/uploads\/2020\/10\/don.png 401w\" sizes=\"(max-width: 300px) 100vw, 300px\" \/><\/p><div><p><span lang=\"DE\">M\u00f6chten Sie die T\u00e4tigkeiten <\/span><span lang=\"DE-CH\">der Di\u00f6zese und des Bischofs mit einer Spende unterst\u00fctzen? Die Angaben dazu finden Sie hier unten. Wir bedanken uns daf\u00fcr ganz herzlich. <\/span><\/p><\/div><div><p><span lang=\"IT\">via PC-Konto 17-196-4, Vermerk: \u00abSpende\u00bb<\/span><\/p><\/div><div><p><a href=\"https:\/\/diocese-lgf.ch\/wp-content\/uploads\/2022\/07\/20220704_BV-Eveche.pdf\" target=\"_blank\" rel=\"noopener\">Einzahlungsschein<\/a><\/p><\/div><div><p><span lang=\"IT\">Kollekten<\/span><span lang=\"IT\">: PC 17-4500-8 (<a href=\"https:\/\/diocese-lgf.ch\/de\/kollekten\/\">Liste der Kollekten<\/a>)<br \/><\/span><\/p><\/div><\/div>\t\t\t\t\t\t\t\t<\/div>\n\t\t\t\t<\/div>\n\t\t\t\t\t<\/div>\n\t\t<\/div>\n\t\t\t\t\t<\/div>\n\t\t<\/section>\n\t\t\t\t<\/div>\n\t\t<\/div>","protected":false},"excerpt":{"rendered":"<p>M\u00f6chten Sie die T\u00e4tigkeiten der Di\u00f6zese und des Bischofs mit einer Spende unterst\u00fctzen? Die Angaben dazu finden Sie hier unten. Wir bedanken uns daf\u00fcr ganz herzlich. via PC-Konto 17-196-4, Vermerk: [&hellip;]<\/p>\n","protected":false},"author":5,"featured_media":0,"parent":0,"menu_order":7,"comment_status":"closed","ping_status":"closed","template":"","meta":{"_acf_changed":false,"footnotes":""},"categories":[132,121],"tags":[],"class_list":["post-6757","page","type-page","status-publish","hentry","category-admin-de","category-infospratiques-de"],"acf":[],"_links":{"self":[{"href":"https:\/\/diocese-lgf.ch\/de\/wp-json\/wp\/v2\/pages\/6757","targetHints":{"allow":["GET"]}}],"collection":[{"href":"https:\/\/diocese-lgf.ch\/de\/wp-json\/wp\/v2\/pages"}],"about":[{"href":"https:\/\/diocese-lgf.ch\/de\/wp-json\/wp\/v2\/types\/page"}],"author":[{"embeddable":true,"href":"https:\/\/diocese-lgf.ch\/de\/wp-json\/wp\/v2\/users\/5"}],"replies":[{"embeddable":true,"href":"https:\/\/diocese-lgf.ch\/de\/wp-json\/wp\/v2\/comments?post=6757"}],"version-history":[{"count":20,"href":"https:\/\/diocese-lgf.ch\/de\/wp-json\/wp\/v2\/pages\/6757\/revisions"}],"predecessor-version":[{"id":21839,"href":"https:\/\/diocese-lgf.ch\/de\/wp-json\/wp\/v2\/pages\/6757\/revisions\/21839"}],"wp:attachment":[{"href":"https:\/\/diocese-lgf.ch\/de\/wp-json\/wp\/v2\/media?parent=6757"}],"wp:term":[{"taxonomy":"category","embeddable":true,"href":"https:\/\/diocese-lgf.ch\/de\/wp-json\/wp\/v2\/categories?post=6757"},{"taxonomy":"post_tag","embeddable":true,"href":"https:\/\/diocese-lgf.ch\/de\/wp-json\/wp\/v2\/tags?post=6757"}],"curies":[{"name":"wp","href":"https:\/\/api.w.org\/{rel}","templated":true}]}}