{"id":6714,"date":"2020-10-09T17:04:40","date_gmt":"2020-10-09T15:04:40","guid":{"rendered":"https:\/\/diocese-lgf.emblematik.dev\/kirchenleben\/sprachmissionen\/czy-mowi-pan-pani-po-polsku\/"},"modified":"2020-10-09T17:04:41","modified_gmt":"2020-10-09T15:04:41","slug":"czy-mowi-pan-pani-po-polsku","status":"publish","type":"page","link":"https:\/\/diocese-lgf.ch\/de\/kirchenleben\/sprachmissionen\/czy-mowi-pan-pani-po-polsku\/","title":{"rendered":"Czy m\u00f3wi Pan\/Pani po polsku?"},"content":{"rendered":"<div class=\"pf-content\">\t\t<div data-elementor-type=\"wp-post\" data-elementor-id=\"6714\" class=\"elementor elementor-6714 elementor-5202\" data-elementor-post-type=\"page\">\n\t\t\t\t\t\t<section class=\"elementor-section elementor-top-section elementor-element elementor-element-d9008ac elementor-section-boxed elementor-section-height-default elementor-section-height-default\" data-id=\"d9008ac\" data-element_type=\"section\" data-e-type=\"section\">\n\t\t\t\t\t\t<div class=\"elementor-container elementor-column-gap-default\">\n\t\t\t\t\t<div class=\"elementor-column elementor-col-100 elementor-top-column elementor-element elementor-element-a665d25\" data-id=\"a665d25\" data-element_type=\"column\" data-e-type=\"column\">\n\t\t\t<div class=\"elementor-widget-wrap elementor-element-populated\">\n\t\t\t\t\t\t<div class=\"elementor-element elementor-element-2c45cd7 elementor-widget elementor-widget-heading\" data-id=\"2c45cd7\" data-element_type=\"widget\" data-e-type=\"widget\" data-widget_type=\"heading.default\">\n\t\t\t\t<div class=\"elementor-widget-container\">\n\t\t\t\t\t<h2 class=\"elementor-heading-title elementor-size-default\">Diecezja wielokulturowa<\/h2>\t\t\t\t<\/div>\n\t\t\t\t<\/div>\n\t\t\t\t\t<\/div>\n\t\t<\/div>\n\t\t\t\t\t<\/div>\n\t\t<\/section>\n\t\t\t\t<section class=\"elementor-section elementor-top-section elementor-element elementor-element-f257e10 elementor-section-boxed elementor-section-height-default elementor-section-height-default\" data-id=\"f257e10\" data-element_type=\"section\" data-e-type=\"section\">\n\t\t\t\t\t\t<div class=\"elementor-container elementor-column-gap-default\">\n\t\t\t\t\t<div class=\"elementor-column elementor-col-100 elementor-top-column elementor-element elementor-element-f371b90\" data-id=\"f371b90\" data-element_type=\"column\" data-e-type=\"column\">\n\t\t\t<div class=\"elementor-widget-wrap elementor-element-populated\">\n\t\t\t\t\t\t<div class=\"elementor-element elementor-element-7948dac elementor-widget elementor-widget-text-editor\" data-id=\"7948dac\" data-element_type=\"widget\" data-e-type=\"widget\" data-widget_type=\"text-editor.default\">\n\t\t\t\t<div class=\"elementor-widget-container\">\n\t\t\t\t\t\t\t\t\t<p><strong>W naszej diecezji wielu katolik\u00f3w gromadzi si\u0119, w zale\u017cno\u015bci od swego j\u0119zyka czy kultury, we wsp\u00f3lnotach j\u0119zykowych, organizowane niekiedy jako \u201emisje j\u0119zykowe\u201d.<\/strong><\/p>\n<h4>S\u0142owo biskupa<\/h4>\n<p><img fetchpriority=\"high\" decoding=\"async\" class=\"alignleft size-medium wp-image-4385\" src=\"https:\/\/diocese-lgf.ch\/wp-content\/uploads\/2020\/05\/CM_serieus-300x169.jpg\" alt=\"\" width=\"300\" height=\"169\" srcset=\"https:\/\/diocese-lgf.ch\/wp-content\/uploads\/2020\/05\/CM_serieus-300x169.jpg 300w, https:\/\/diocese-lgf.ch\/wp-content\/uploads\/2020\/05\/CM_serieus-768x432.jpg 768w, https:\/\/diocese-lgf.ch\/wp-content\/uploads\/2020\/05\/CM_serieus-1024x576.jpg 1024w, https:\/\/diocese-lgf.ch\/wp-content\/uploads\/2020\/05\/CM_serieus.jpg 1234w\" sizes=\"(max-width: 300px) 100vw, 300px\" \/><em>Ponad 60 procent katolik\u00f3w w naszej diocezji stanowi\u0105 cudzoziemcy lub osoby posiadaj\u0105ce obce korzenie, a proporcje te rosn\u0105 jeszcze bardziej w\u015br\u00f3d katolik\u00f3w praktykuj\u0105cych. Parafie, a nawet misje j\u0119zykowe, nie s\u0105 nigdy jednolite kulturowo. Ta r\u00f3\u017cnorodno\u015b\u0107 w jedno\u015bci nie jest niczym wyj\u0105tkowym w Ko\u015bciele, kt\u00f3ry od pocz\u0105tku swych dziej\u00f3w jest wielokulturowy i wr\u0119cz mo\u017ce w tym wzgl\u0119dzie stanowi\u0107 cenn\u0105 warto\u015b\u0107 dla ca\u0142ego spo\u0142ecze\u0144stwa, ukazuj\u0105c na komuni\u0119 we wzajemnym przyj\u0119ciu.<\/em><\/p>\n<p><em>Ku wi\u0119kszej wsp\u00f3\u0142pracy mi\u0119dzy misjami j\u0119zykowymi a jednostkami pastoralnymi<\/em><\/p>\n<p><em>W \u017cyciu Ko\u015bcio\u0142a mog\u0105 wyst\u0119powa\u0107 r\u00f3\u017cne formy wsp\u00f3\u0142pracy pomi\u0119dzy parafiami a misjami j\u0119zykowymi: od projekt\u00f3w dora\u017anych do wsp\u00f3\u0142pracy sta\u0142ej, cz\u0119\u015bciowej (np. w katechizowaniu) czy te\u017c globalnej. Modele s\u0105 oczywi\u015bcie najr\u00f3\u017cniejsze, gdy\u017c sytuacje s\u0105 r\u00f3\u017cne: niekt\u00f3re misje j\u0119zykowe gromadz\u0105 niewielu wiernych rozproszonych po ca\u0142ej Szwajcarii, inne stanowi\u0105 sw\u0105 obecno\u015bci\u0105 silne grupy w danych jednostkach pastoralnych. \u00a0Jest wielce po\u017c\u0105dane, aby jednostki pastoralne i misje j\u0119zykowe pracowa\u0142y w coraz wi\u0119kszej \u0142\u0105czno\u015bci, nie neguj\u0105c wk\u0142adu \u017cadnej ze stron, oraz aby cz\u0142onkowie misji j\u0119zykowych zapraszani byli do ekip pastoralnych czy r\u00f3\u017cnych rad, aby wsp\u00f3lnie mo\u017cna by\u0142o opracowywa\u0107 plany u\u017cywania pomieszcze\u0144 itp.<\/em><\/p>\n\t\t\t\t\t\t\t\t<\/div>\n\t\t\t\t<\/div>\n\t\t\t\t\t<\/div>\n\t\t<\/div>\n\t\t\t\t\t<\/div>\n\t\t<\/section>\n\t\t\t\t<section class=\"elementor-section elementor-top-section elementor-element elementor-element-611ebea7 elementor-section-boxed elementor-section-height-default elementor-section-height-default\" data-id=\"611ebea7\" data-element_type=\"section\" data-e-type=\"section\">\n\t\t\t\t\t\t<div class=\"elementor-container elementor-column-gap-default\">\n\t\t\t\t\t<div class=\"elementor-column elementor-col-100 elementor-top-column elementor-element elementor-element-2ec59265\" data-id=\"2ec59265\" data-element_type=\"column\" data-e-type=\"column\">\n\t\t\t<div class=\"elementor-widget-wrap elementor-element-populated\">\n\t\t\t\t\t\t<div class=\"elementor-element elementor-element-46a4055 elementor-widget elementor-widget-text-editor\" data-id=\"46a4055\" data-element_type=\"widget\" data-e-type=\"widget\" data-widget_type=\"text-editor.default\">\n\t\t\t\t<div class=\"elementor-widget-container\">\n\t\t\t\t\t\t\t\t\t<h4>Czy m\u00f3wi Pan\/Pani po polsku?<\/h4>\n<p>Oto kilka adres\u00f3w misji j\u0119zykowych naszej diecezji::<\/p>\n<ul>\n<li>VD<\/li>\n<li><a href=\"https:\/\/info-religions-geneve.ch\/communaute\/polska-misja-katolicka-mission-catholique-polonaise\/\">GE<\/a><\/li>\n<li>FR<\/li>\n<li>NE<\/li>\n<\/ul>\n\t\t\t\t\t\t\t\t<\/div>\n\t\t\t\t<\/div>\n\t\t\t\t\t<\/div>\n\t\t<\/div>\n\t\t\t\t\t<\/div>\n\t\t<\/section>\n\t\t\t\t<\/div>\n\t\t<\/div>","protected":false},"excerpt":{"rendered":"<p>Diecezja wielokulturowa W naszej diecezji wielu katolik\u00f3w gromadzi si\u0119, w zale\u017cno\u015bci od swego j\u0119zyka czy kultury, we wsp\u00f3lnotach j\u0119zykowych, organizowane niekiedy jako \u201emisje j\u0119zykowe\u201d. S\u0142owo biskupa Ponad 60 procent katolik\u00f3w [&hellip;]<\/p>\n","protected":false},"author":4,"featured_media":0,"parent":6371,"menu_order":6,"comment_status":"closed","ping_status":"closed","template":"","meta":{"_acf_changed":false,"footnotes":""},"categories":[131,70],"tags":[],"class_list":["post-6714","page","type-page","status-publish","hentry","category-missions-linguistiques","category-vie-eglise-de"],"acf":[],"_links":{"self":[{"href":"https:\/\/diocese-lgf.ch\/de\/wp-json\/wp\/v2\/pages\/6714","targetHints":{"allow":["GET"]}}],"collection":[{"href":"https:\/\/diocese-lgf.ch\/de\/wp-json\/wp\/v2\/pages"}],"about":[{"href":"https:\/\/diocese-lgf.ch\/de\/wp-json\/wp\/v2\/types\/page"}],"author":[{"embeddable":true,"href":"https:\/\/diocese-lgf.ch\/de\/wp-json\/wp\/v2\/users\/4"}],"replies":[{"embeddable":true,"href":"https:\/\/diocese-lgf.ch\/de\/wp-json\/wp\/v2\/comments?post=6714"}],"version-history":[{"count":1,"href":"https:\/\/diocese-lgf.ch\/de\/wp-json\/wp\/v2\/pages\/6714\/revisions"}],"predecessor-version":[{"id":6715,"href":"https:\/\/diocese-lgf.ch\/de\/wp-json\/wp\/v2\/pages\/6714\/revisions\/6715"}],"up":[{"embeddable":true,"href":"https:\/\/diocese-lgf.ch\/de\/wp-json\/wp\/v2\/pages\/6371"}],"wp:attachment":[{"href":"https:\/\/diocese-lgf.ch\/de\/wp-json\/wp\/v2\/media?parent=6714"}],"wp:term":[{"taxonomy":"category","embeddable":true,"href":"https:\/\/diocese-lgf.ch\/de\/wp-json\/wp\/v2\/categories?post=6714"},{"taxonomy":"post_tag","embeddable":true,"href":"https:\/\/diocese-lgf.ch\/de\/wp-json\/wp\/v2\/tags?post=6714"}],"curies":[{"name":"wp","href":"https:\/\/api.w.org\/{rel}","templated":true}]}}