{"id":6710,"date":"2020-10-09T17:03:25","date_gmt":"2020-10-09T15:03:25","guid":{"rendered":"https:\/\/diocese-lgf.emblematik.dev\/kirchenleben\/sprachmissionen\/voce-fala-portugues\/"},"modified":"2020-10-09T17:03:25","modified_gmt":"2020-10-09T15:03:25","slug":"voce-fala-portugues","status":"publish","type":"page","link":"https:\/\/diocese-lgf.ch\/de\/kirchenleben\/sprachmissionen\/voce-fala-portugues\/","title":{"rendered":"Voc\u00ea fala portugu\u00eas?"},"content":{"rendered":"<div class=\"pf-content\">\t\t<div data-elementor-type=\"wp-post\" data-elementor-id=\"6710\" class=\"elementor elementor-6710 elementor-5193\" data-elementor-post-type=\"page\">\n\t\t\t\t\t\t<section class=\"elementor-section elementor-top-section elementor-element elementor-element-a35302c elementor-section-boxed elementor-section-height-default elementor-section-height-default\" data-id=\"a35302c\" data-element_type=\"section\" data-e-type=\"section\">\n\t\t\t\t\t\t<div class=\"elementor-container elementor-column-gap-default\">\n\t\t\t\t\t<div class=\"elementor-column elementor-col-100 elementor-top-column elementor-element elementor-element-312ebae\" data-id=\"312ebae\" data-element_type=\"column\" data-e-type=\"column\">\n\t\t\t<div class=\"elementor-widget-wrap elementor-element-populated\">\n\t\t\t\t\t\t<div class=\"elementor-element elementor-element-ede1744 elementor-widget elementor-widget-heading\" data-id=\"ede1744\" data-element_type=\"widget\" data-e-type=\"widget\" data-widget_type=\"heading.default\">\n\t\t\t\t<div class=\"elementor-widget-container\">\n\t\t\t\t\t<h2 class=\"elementor-heading-title elementor-size-default\">Voc\u00ea fala portugu\u00eas?<\/h2>\t\t\t\t<\/div>\n\t\t\t\t<\/div>\n\t\t\t\t\t<\/div>\n\t\t<\/div>\n\t\t\t\t\t<\/div>\n\t\t<\/section>\n\t\t\t\t<section class=\"elementor-section elementor-top-section elementor-element elementor-element-2b1b68f elementor-section-boxed elementor-section-height-default elementor-section-height-default\" data-id=\"2b1b68f\" data-element_type=\"section\" data-e-type=\"section\">\n\t\t\t\t\t\t<div class=\"elementor-container elementor-column-gap-default\">\n\t\t\t\t\t<div class=\"elementor-column elementor-col-100 elementor-top-column elementor-element elementor-element-5f7aadc\" data-id=\"5f7aadc\" data-element_type=\"column\" data-e-type=\"column\">\n\t\t\t<div class=\"elementor-widget-wrap elementor-element-populated\">\n\t\t\t\t\t\t<div class=\"elementor-element elementor-element-b67aa92 elementor-widget elementor-widget-text-editor\" data-id=\"b67aa92\" data-element_type=\"widget\" data-e-type=\"widget\" data-widget_type=\"text-editor.default\">\n\t\t\t\t<div class=\"elementor-widget-container\">\n\t\t\t\t\t\t\t\t\t<h4>Uma diocese multicultural<\/h4>\n<p><strong>Em nossa diocese, muitos cat\u00f3licos se re\u00fanem de acordo com sua l\u00edngua ou cultura, em comunidades lingu\u00edsticas, \u00e0s vezes organizadas em \u201cmiss\u00f5es lingu\u00edsticas\u201d.<\/strong><\/p>\n<h4>Mensagem do Bispo<\/h4>\n<h4><strong><img fetchpriority=\"high\" decoding=\"async\" class=\"alignleft size-medium wp-image-4385\" src=\"https:\/\/diocese-lgf.ch\/wp-content\/uploads\/2020\/05\/CM_serieus-300x169.jpg\" alt=\"\" width=\"300\" height=\"169\" srcset=\"https:\/\/diocese-lgf.ch\/wp-content\/uploads\/2020\/05\/CM_serieus-300x169.jpg 300w, https:\/\/diocese-lgf.ch\/wp-content\/uploads\/2020\/05\/CM_serieus-768x432.jpg 768w, https:\/\/diocese-lgf.ch\/wp-content\/uploads\/2020\/05\/CM_serieus-1024x576.jpg 1024w, https:\/\/diocese-lgf.ch\/wp-content\/uploads\/2020\/05\/CM_serieus.jpg 1234w\" sizes=\"(max-width: 300px) 100vw, 300px\" \/><\/strong><\/h4>\n<p><em>Na diocese, mais de 60% dos cat\u00f3licos s\u00e3o estrangeiros ou de origem estrangeira; a propor\u00e7\u00e3o \u00e9 ainda maior entre os praticantes. As par\u00f3quias e mesmo as miss\u00f5es lingu\u00edsticas nunca s\u00e3o monoculturais. Esta diversidade na unidade n\u00e3o \u00e9 anormal para a Igreja, que \u00e9 multicultural desde o in\u00edcio, e pode, al\u00e9m disso, a este respeito dar uma contribui\u00e7\u00e3o para toda a sociedade, manifestando nossa comunh\u00e3o no acolhimento m\u00fatuo.<\/em><\/p>\n<p><strong><em>Para uma maior colabora\u00e7\u00e3o entre miss\u00f5es lingu\u00edsticas e unidades pastorais<\/em><\/strong><\/p>\n<p><em>Na vida da Igreja, podemos considerar diferentes n\u00edveis de colabora\u00e7\u00e3o entre par\u00f3quias e miss\u00f5es lingu\u00edsticas, que v\u00e3o desde projetos pontuais a uma coopera\u00e7\u00e3o constante, que pode ser parcial (catequese &#8230;) ou global. Os modelos s\u00e3o necessariamente variados, porque as situa\u00e7\u00f5es s\u00e3o diferentes: algumas miss\u00f5es lingu\u00edsticas re\u00fanem um pequeno n\u00famero de fi\u00e9is espalhados pela Su\u00ed\u00e7a, outras est\u00e3o fortemente presentes nas unidades pastorais &#8230; \u00c9 muito desej\u00e1vel que as unidades pastorais e as miss\u00f5es lingu\u00edsticas trabalhar cada vez mais em comum, sem eliminar as pr\u00f3prias contribui\u00e7\u00f5es uns dos outros, e que os mission\u00e1rios lingu\u00edsticos sejam convidados para as equipes pastorais e v\u00e1rios conselhos, que a ocupa\u00e7\u00e3o das instala\u00e7\u00f5es seja administrada em conjunto, etc.<\/em><\/p>\n\t\t\t\t\t\t\t\t<\/div>\n\t\t\t\t<\/div>\n\t\t\t\t\t<\/div>\n\t\t<\/div>\n\t\t\t\t\t<\/div>\n\t\t<\/section>\n\t\t\t\t<section class=\"elementor-section elementor-top-section elementor-element elementor-element-611ebea7 elementor-section-boxed elementor-section-height-default elementor-section-height-default\" data-id=\"611ebea7\" data-element_type=\"section\" data-e-type=\"section\">\n\t\t\t\t\t\t<div class=\"elementor-container elementor-column-gap-default\">\n\t\t\t\t\t<div class=\"elementor-column elementor-col-100 elementor-top-column elementor-element elementor-element-2ec59265\" data-id=\"2ec59265\" data-element_type=\"column\" data-e-type=\"column\">\n\t\t\t<div class=\"elementor-widget-wrap elementor-element-populated\">\n\t\t\t\t\t\t<div class=\"elementor-element elementor-element-46a4055 elementor-widget elementor-widget-text-editor\" data-id=\"46a4055\" data-element_type=\"widget\" data-e-type=\"widget\" data-widget_type=\"text-editor.default\">\n\t\t\t\t<div class=\"elementor-widget-container\">\n\t\t\t\t\t\t\t\t\t<p>Voc\u00ea fala portugu\u00eas?\u00a0Aqui est\u00e3o alguns endere\u00e7os das miss\u00f5es lingu\u00edsticas da nossa diocese:<\/p>\n<ul>\n<li><a href=\"https:\/\/www.cath-vd.ch\/missions\/missao-cantonal-de-lingua-portuguesa\/\">VD<\/a><\/li>\n<li><a href=\"https:\/\/www.eglisecatholique-ge.ch\/messes-paroisses\/paroisses\/communaute-catholique-de-langue-portugaise\/\">GE<\/a><\/li>\n<li><a href=\"https:\/\/www.cath-fr.ch\/missao_portuguesa\">FR<\/a><\/li>\n<li><a href=\"https:\/\/www.cath-ne.ch\/mission-portugaise\">NE<\/a><\/li>\n<\/ul>\n<p>\u00a0<\/p>\n\t\t\t\t\t\t\t\t<\/div>\n\t\t\t\t<\/div>\n\t\t\t\t\t<\/div>\n\t\t<\/div>\n\t\t\t\t\t<\/div>\n\t\t<\/section>\n\t\t\t\t<\/div>\n\t\t<\/div>","protected":false},"excerpt":{"rendered":"<p>Voc\u00ea fala portugu\u00eas? Uma diocese multicultural Em nossa diocese, muitos cat\u00f3licos se re\u00fanem de acordo com sua l\u00edngua ou cultura, em comunidades lingu\u00edsticas, \u00e0s vezes organizadas em \u201cmiss\u00f5es lingu\u00edsticas\u201d. Mensagem [&hellip;]<\/p>\n","protected":false},"author":4,"featured_media":0,"parent":6371,"menu_order":3,"comment_status":"closed","ping_status":"closed","template":"","meta":{"_acf_changed":false,"footnotes":""},"categories":[131,70],"tags":[],"class_list":["post-6710","page","type-page","status-publish","hentry","category-missions-linguistiques","category-vie-eglise-de"],"acf":[],"_links":{"self":[{"href":"https:\/\/diocese-lgf.ch\/de\/wp-json\/wp\/v2\/pages\/6710","targetHints":{"allow":["GET"]}}],"collection":[{"href":"https:\/\/diocese-lgf.ch\/de\/wp-json\/wp\/v2\/pages"}],"about":[{"href":"https:\/\/diocese-lgf.ch\/de\/wp-json\/wp\/v2\/types\/page"}],"author":[{"embeddable":true,"href":"https:\/\/diocese-lgf.ch\/de\/wp-json\/wp\/v2\/users\/4"}],"replies":[{"embeddable":true,"href":"https:\/\/diocese-lgf.ch\/de\/wp-json\/wp\/v2\/comments?post=6710"}],"version-history":[{"count":1,"href":"https:\/\/diocese-lgf.ch\/de\/wp-json\/wp\/v2\/pages\/6710\/revisions"}],"predecessor-version":[{"id":6711,"href":"https:\/\/diocese-lgf.ch\/de\/wp-json\/wp\/v2\/pages\/6710\/revisions\/6711"}],"up":[{"embeddable":true,"href":"https:\/\/diocese-lgf.ch\/de\/wp-json\/wp\/v2\/pages\/6371"}],"wp:attachment":[{"href":"https:\/\/diocese-lgf.ch\/de\/wp-json\/wp\/v2\/media?parent=6710"}],"wp:term":[{"taxonomy":"category","embeddable":true,"href":"https:\/\/diocese-lgf.ch\/de\/wp-json\/wp\/v2\/categories?post=6710"},{"taxonomy":"post_tag","embeddable":true,"href":"https:\/\/diocese-lgf.ch\/de\/wp-json\/wp\/v2\/tags?post=6710"}],"curies":[{"name":"wp","href":"https:\/\/api.w.org\/{rel}","templated":true}]}}