{"id":6706,"date":"2020-10-09T17:02:15","date_gmt":"2020-10-09T15:02:15","guid":{"rendered":"https:\/\/diocese-lgf.emblematik.dev\/kirchenleben\/sprachmissionen\/parlate-italiano\/"},"modified":"2026-04-01T14:34:50","modified_gmt":"2026-04-01T12:34:50","slug":"parlate-italiano","status":"publish","type":"page","link":"https:\/\/diocese-lgf.ch\/de\/kirchenleben\/sprachmissionen\/parlate-italiano\/","title":{"rendered":"Parlate italiano?"},"content":{"rendered":"<div class=\"pf-content\">\t\t<div data-elementor-type=\"wp-post\" data-elementor-id=\"6706\" class=\"elementor elementor-6706 elementor-5188\" data-elementor-post-type=\"page\">\n\t\t\t\t\t\t<section class=\"elementor-section elementor-top-section elementor-element elementor-element-53870f5 elementor-section-boxed elementor-section-height-default elementor-section-height-default\" data-id=\"53870f5\" data-element_type=\"section\" data-e-type=\"section\">\n\t\t\t\t\t\t<div class=\"elementor-container elementor-column-gap-default\">\n\t\t\t\t\t<div class=\"elementor-column elementor-col-100 elementor-top-column elementor-element elementor-element-12fb7ce\" data-id=\"12fb7ce\" data-element_type=\"column\" data-e-type=\"column\">\n\t\t\t<div class=\"elementor-widget-wrap elementor-element-populated\">\n\t\t\t\t\t\t<div class=\"elementor-element elementor-element-1848332 elementor-widget elementor-widget-heading\" data-id=\"1848332\" data-element_type=\"widget\" data-e-type=\"widget\" data-widget_type=\"heading.default\">\n\t\t\t\t<div class=\"elementor-widget-container\">\n\t\t\t\t\t<h2 class=\"elementor-heading-title elementor-size-default\">Una diocesi multiculturale<\/h2>\t\t\t\t<\/div>\n\t\t\t\t<\/div>\n\t\t\t\t\t<\/div>\n\t\t<\/div>\n\t\t\t\t\t<\/div>\n\t\t<\/section>\n\t\t\t\t<section class=\"elementor-section elementor-top-section elementor-element elementor-element-611ebea7 elementor-section-boxed elementor-section-height-default elementor-section-height-default\" data-id=\"611ebea7\" data-element_type=\"section\" data-e-type=\"section\">\n\t\t\t\t\t\t<div class=\"elementor-container elementor-column-gap-default\">\n\t\t\t\t\t<div class=\"elementor-column elementor-col-100 elementor-top-column elementor-element elementor-element-2ec59265\" data-id=\"2ec59265\" data-element_type=\"column\" data-e-type=\"column\">\n\t\t\t<div class=\"elementor-widget-wrap elementor-element-populated\">\n\t\t\t\t\t\t<div class=\"elementor-element elementor-element-46a4055 elementor-widget elementor-widget-text-editor\" data-id=\"46a4055\" data-element_type=\"widget\" data-e-type=\"widget\" data-widget_type=\"text-editor.default\">\n\t\t\t\t<div class=\"elementor-widget-container\">\n\t\t\t\t\t\t\t\t\t<p><strong>Nella nostra diocesi, parecchi cattolici si ritrovano secondo la propria lingua o cultura, in comunit\u00e0 linguistiche, a volte organizzate in \u00ab\u00a0missioni linguistiche\u00a0\u00bb.<\/strong><\/p>\n<h4><strong>Messaggio del vescovo<\/strong><\/h4>\n<p><em><img fetchpriority=\"high\" decoding=\"async\" class=\"alignleft size-medium wp-image-4385\" src=\"https:\/\/diocese-lgf.ch\/wp-content\/uploads\/2020\/05\/CM_serieus-300x169.jpg\" alt=\"\" width=\"300\" height=\"169\" srcset=\"https:\/\/diocese-lgf.ch\/wp-content\/uploads\/2020\/05\/CM_serieus-300x169.jpg 300w, https:\/\/diocese-lgf.ch\/wp-content\/uploads\/2020\/05\/CM_serieus-768x432.jpg 768w, https:\/\/diocese-lgf.ch\/wp-content\/uploads\/2020\/05\/CM_serieus-1024x576.jpg 1024w, https:\/\/diocese-lgf.ch\/wp-content\/uploads\/2020\/05\/CM_serieus.jpg 1234w\" sizes=\"(max-width: 300px) 100vw, 300px\" \/>Nella diocesi,\u00a0pi\u00f9 del 60% dei cattolici sono stranieri o comununque di origine straniera; la proporzione \u00e8 ancora maggiore tra i praticanti. Les parrocchie e perfino le missioni linguistiche non sono mai monoculturali.Questa diversit\u00e0 nell\u2019unit\u00e0 non ha niente di anomalo per la Chiesa ,multiculturale gi\u00e0 dagli inizi , e che pu\u00f2 d\u2019altronde a questo proposito portare un contributo all\u2019insieme della societ\u00e0 mostrandovi la nostra comunione nell\u2019accoglienza reciproca.<\/em><\/p>\n<p><strong><em>Per una maggiore collaborazione tra missioni linguistiche e unit\u00e0 pastorali.<\/em><\/strong><\/p>\n<p><em>Nella vita della Chiesa si possono progettare vari livelli di cooperazione tra parrocchie e missioni linguistiche, passando da progetti puntuali a una collaborazione costante che pu\u00f2 essere parziale (catechesi)&#8230; o globale I modelli sono necessariamente vari, date le situazioni diverse: alcune missioni linguistiche raggruppano un piccolo numero di fedeli sparsi in tutta la Svizzera, altre sono fortemente presenti nelle unit\u00e0 pastorali&#8230;\u00c8 pertanto opportuno che le unit\u00e0 pastorali e le missioni linguistiche lavorino sempre pi\u00f9 in comune, tenendo conto dei contributi specifici degli uni e degli altri, e che i missionari linguistici siano invitati nelle \u201c\u00e9quipes\u201dpastorali e i diversi consigli, che l\u2019occupazione dei locali sia gestita in comune, ecc.<\/em><\/p>\n\t\t\t\t\t\t\t\t<\/div>\n\t\t\t\t<\/div>\n\t\t\t\t\t<\/div>\n\t\t<\/div>\n\t\t\t\t\t<\/div>\n\t\t<\/section>\n\t\t\t\t<section class=\"elementor-section elementor-top-section elementor-element elementor-element-a1a0cca elementor-section-boxed elementor-section-height-default elementor-section-height-default\" data-id=\"a1a0cca\" data-element_type=\"section\" data-e-type=\"section\">\n\t\t\t\t\t\t<div class=\"elementor-container elementor-column-gap-default\">\n\t\t\t\t\t<div class=\"elementor-column elementor-col-100 elementor-top-column elementor-element elementor-element-40af32c\" data-id=\"40af32c\" data-element_type=\"column\" data-e-type=\"column\">\n\t\t\t<div class=\"elementor-widget-wrap elementor-element-populated\">\n\t\t\t\t\t\t<div class=\"elementor-element elementor-element-c8517f1 elementor-widget elementor-widget-text-editor\" data-id=\"c8517f1\" data-element_type=\"widget\" data-e-type=\"widget\" data-widget_type=\"text-editor.default\">\n\t\t\t\t<div class=\"elementor-widget-container\">\n\t\t\t\t\t\t\t\t\t<h4>Parlate italiano?<\/h4><p>Ecco alcuni indirizzi delle missioni linguistiche della nostra diocesi:<\/p><ul><li><a href=\"https:\/\/www.cath-vd.ch\/missions\/missione-cantonale-di-lingua-italiana\/\">VD<\/a><\/li><li><a href=\"https:\/\/www.eglisecatholique-ge.ch\/messes-paroisses\/paroisses\/paroisse-catholique-de-langue-italienne\/\">GE<\/a><\/li><li><a href=\"https:\/\/www.cath-fr.ch\/region-diocesaine\/mission-catholique-de-langue-italienne\/\">FR<\/a><\/li><li><a href=\"https:\/\/www.cath-ne.ch\/missions-italiennes\">NE<\/a><\/li><\/ul>\t\t\t\t\t\t\t\t<\/div>\n\t\t\t\t<\/div>\n\t\t\t\t\t<\/div>\n\t\t<\/div>\n\t\t\t\t\t<\/div>\n\t\t<\/section>\n\t\t\t\t<\/div>\n\t\t<\/div>","protected":false},"excerpt":{"rendered":"<p>Una diocesi multiculturale Nella nostra diocesi, parecchi cattolici si ritrovano secondo la propria lingua o cultura, in comunit\u00e0 linguistiche, a volte organizzate in \u00ab\u00a0missioni linguistiche\u00a0\u00bb. Messaggio del vescovo Nella diocesi,\u00a0pi\u00f9 [&hellip;]<\/p>\n","protected":false},"author":4,"featured_media":0,"parent":6371,"menu_order":1,"comment_status":"closed","ping_status":"closed","template":"","meta":{"_acf_changed":false,"footnotes":""},"categories":[129,26],"tags":[],"class_list":["post-6706","page","type-page","status-publish","hentry","category-missions-ling","category-vie-eglise"],"acf":[],"_links":{"self":[{"href":"https:\/\/diocese-lgf.ch\/de\/wp-json\/wp\/v2\/pages\/6706","targetHints":{"allow":["GET"]}}],"collection":[{"href":"https:\/\/diocese-lgf.ch\/de\/wp-json\/wp\/v2\/pages"}],"about":[{"href":"https:\/\/diocese-lgf.ch\/de\/wp-json\/wp\/v2\/types\/page"}],"author":[{"embeddable":true,"href":"https:\/\/diocese-lgf.ch\/de\/wp-json\/wp\/v2\/users\/4"}],"replies":[{"embeddable":true,"href":"https:\/\/diocese-lgf.ch\/de\/wp-json\/wp\/v2\/comments?post=6706"}],"version-history":[{"count":4,"href":"https:\/\/diocese-lgf.ch\/de\/wp-json\/wp\/v2\/pages\/6706\/revisions"}],"predecessor-version":[{"id":34441,"href":"https:\/\/diocese-lgf.ch\/de\/wp-json\/wp\/v2\/pages\/6706\/revisions\/34441"}],"up":[{"embeddable":true,"href":"https:\/\/diocese-lgf.ch\/de\/wp-json\/wp\/v2\/pages\/6371"}],"wp:attachment":[{"href":"https:\/\/diocese-lgf.ch\/de\/wp-json\/wp\/v2\/media?parent=6706"}],"wp:term":[{"taxonomy":"category","embeddable":true,"href":"https:\/\/diocese-lgf.ch\/de\/wp-json\/wp\/v2\/categories?post=6706"},{"taxonomy":"post_tag","embeddable":true,"href":"https:\/\/diocese-lgf.ch\/de\/wp-json\/wp\/v2\/tags?post=6706"}],"curies":[{"name":"wp","href":"https:\/\/api.w.org\/{rel}","templated":true}]}}