{"id":6644,"date":"2020-10-09T14:41:59","date_gmt":"2020-10-09T12:41:59","guid":{"rendered":"https:\/\/diocese-lgf.emblematik.dev\/priesterweihe\/"},"modified":"2020-10-09T14:42:02","modified_gmt":"2020-10-09T12:42:02","slug":"priesterweihe","status":"publish","type":"page","link":"https:\/\/diocese-lgf.ch\/de\/kirchenleben\/priesterweihe\/","title":{"rendered":"Priesterweihe"},"content":{"rendered":"<div class=\"pf-content\">\t\t<div data-elementor-type=\"wp-post\" data-elementor-id=\"6644\" class=\"elementor elementor-6644 elementor-3716\" data-elementor-post-type=\"page\">\n\t\t\t\t\t\t<section class=\"elementor-section elementor-top-section elementor-element elementor-element-9aad2dd elementor-section-boxed elementor-section-height-default elementor-section-height-default\" data-id=\"9aad2dd\" data-element_type=\"section\" data-e-type=\"section\">\n\t\t\t\t\t\t<div class=\"elementor-container elementor-column-gap-default\">\n\t\t\t\t\t<div class=\"elementor-column elementor-col-100 elementor-top-column elementor-element elementor-element-015566b\" data-id=\"015566b\" data-element_type=\"column\" data-e-type=\"column\">\n\t\t\t<div class=\"elementor-widget-wrap elementor-element-populated\">\n\t\t\t\t\t\t<div class=\"elementor-element elementor-element-736d768 elementor-widget elementor-widget-image\" data-id=\"736d768\" data-element_type=\"widget\" data-e-type=\"widget\" data-widget_type=\"image.default\">\n\t\t\t\t<div class=\"elementor-widget-container\">\n\t\t\t\t\t\t\t\t\t\t\t\t\t\t\t<img fetchpriority=\"high\" decoding=\"async\" width=\"660\" height=\"407\" src=\"https:\/\/diocese-lgf.ch\/wp-content\/uploads\/2020\/08\/ord.png\" class=\"attachment-full size-full wp-image-5149\" alt=\"\" srcset=\"https:\/\/diocese-lgf.ch\/wp-content\/uploads\/2020\/08\/ord.png 660w, https:\/\/diocese-lgf.ch\/wp-content\/uploads\/2020\/08\/ord-300x185.png 300w\" sizes=\"(max-width: 660px) 100vw, 660px\" \/>\t\t\t\t\t\t\t\t\t\t\t\t\t\t\t<\/div>\n\t\t\t\t<\/div>\n\t\t\t\t\t<\/div>\n\t\t<\/div>\n\t\t\t\t\t<\/div>\n\t\t<\/section>\n\t\t\t\t<section class=\"elementor-section elementor-top-section elementor-element elementor-element-611ebea7 elementor-section-boxed elementor-section-height-default elementor-section-height-default\" data-id=\"611ebea7\" data-element_type=\"section\" data-e-type=\"section\">\n\t\t\t\t\t\t<div class=\"elementor-container elementor-column-gap-default\">\n\t\t\t\t\t<div class=\"elementor-column elementor-col-100 elementor-top-column elementor-element elementor-element-2ec59265\" data-id=\"2ec59265\" data-element_type=\"column\" data-e-type=\"column\">\n\t\t\t<div class=\"elementor-widget-wrap elementor-element-populated\">\n\t\t\t\t\t\t<div class=\"elementor-element elementor-element-46a4055 elementor-widget elementor-widget-text-editor\" data-id=\"46a4055\" data-element_type=\"widget\" data-e-type=\"widget\" data-widget_type=\"text-editor.default\">\n\t\t\t\t<div class=\"elementor-widget-container\">\n\t\t\t\t\t\t\t\t\t<p>Das Sakrament der Priesterweihe verleiht eine besondere Gnade den M\u00e4nnern, die sich f\u00fcr den Dienst f\u00fcr Christus und seine Kirche als Diakone oder Priester entscheiden. Nach Jahren der Pr\u00fcfung und Ausbildung werden sie vom Bischof empfangen, der ihnen dieses Sakrament spendet. Sie sind Christus gleichgestaltet, sodass sie ihrerseits die Sakramente in seinem Namen in Einheit mit ihrem Bischof spenden k\u00f6nnen.<\/p>\n<p>Dieses Sakrament macht aus einem Menschen den Diener der anderen im Namen Christi in der Diakonie, dem Priestertum oder dem Bischofsamt. Wenn Sie sich berufen f\u00fchlen, Ihr Leben Gott und anderen zu weihen, so wenden Sie sich an Abb\u00e9 Nicolas Glasson, dem Bischofsvikar f\u00fcr die Berufungspastoral und Ausbildungen, der Oberer des LGF-Seminars ist.<\/p>\n\t\t\t\t\t\t\t\t<\/div>\n\t\t\t\t<\/div>\n\t\t\t\t\t<\/div>\n\t\t<\/div>\n\t\t\t\t\t<\/div>\n\t\t<\/section>\n\t\t\t\t<\/div>\n\t\t<\/div>","protected":false},"excerpt":{"rendered":"<p>Das Sakrament der Priesterweihe verleiht eine besondere Gnade den M\u00e4nnern, die sich f\u00fcr den Dienst f\u00fcr Christus und seine Kirche als Diakone oder Priester entscheiden. Nach Jahren der Pr\u00fcfung und [&hellip;]<\/p>\n","protected":false},"author":4,"featured_media":0,"parent":6327,"menu_order":1,"comment_status":"closed","ping_status":"closed","template":"","meta":{"_acf_changed":false,"footnotes":""},"categories":[70],"tags":[],"class_list":["post-6644","page","type-page","status-publish","hentry","category-vie-eglise-de"],"acf":[],"_links":{"self":[{"href":"https:\/\/diocese-lgf.ch\/de\/wp-json\/wp\/v2\/pages\/6644","targetHints":{"allow":["GET"]}}],"collection":[{"href":"https:\/\/diocese-lgf.ch\/de\/wp-json\/wp\/v2\/pages"}],"about":[{"href":"https:\/\/diocese-lgf.ch\/de\/wp-json\/wp\/v2\/types\/page"}],"author":[{"embeddable":true,"href":"https:\/\/diocese-lgf.ch\/de\/wp-json\/wp\/v2\/users\/4"}],"replies":[{"embeddable":true,"href":"https:\/\/diocese-lgf.ch\/de\/wp-json\/wp\/v2\/comments?post=6644"}],"version-history":[{"count":3,"href":"https:\/\/diocese-lgf.ch\/de\/wp-json\/wp\/v2\/pages\/6644\/revisions"}],"predecessor-version":[{"id":6647,"href":"https:\/\/diocese-lgf.ch\/de\/wp-json\/wp\/v2\/pages\/6644\/revisions\/6647"}],"up":[{"embeddable":true,"href":"https:\/\/diocese-lgf.ch\/de\/wp-json\/wp\/v2\/pages\/6327"}],"wp:attachment":[{"href":"https:\/\/diocese-lgf.ch\/de\/wp-json\/wp\/v2\/media?parent=6644"}],"wp:term":[{"taxonomy":"category","embeddable":true,"href":"https:\/\/diocese-lgf.ch\/de\/wp-json\/wp\/v2\/categories?post=6644"},{"taxonomy":"post_tag","embeddable":true,"href":"https:\/\/diocese-lgf.ch\/de\/wp-json\/wp\/v2\/tags?post=6644"}],"curies":[{"name":"wp","href":"https:\/\/api.w.org\/{rel}","templated":true}]}}