{"id":6573,"date":"2020-10-09T13:34:49","date_gmt":"2020-10-09T11:34:49","guid":{"rendered":"https:\/\/diocese-lgf.emblematik.dev\/kirchengebaude\/"},"modified":"2023-08-29T18:59:00","modified_gmt":"2023-08-29T16:59:00","slug":"kirchengebaude","status":"publish","type":"page","link":"https:\/\/diocese-lgf.ch\/de\/kirchengebaude\/","title":{"rendered":"Kirchengeb\u00e4ude"},"content":{"rendered":"<div class=\"pf-content\">\t\t<div data-elementor-type=\"wp-post\" data-elementor-id=\"6573\" class=\"elementor elementor-6573 elementor-480\" data-elementor-post-type=\"page\">\n\t\t\t\t\t\t<section class=\"elementor-section elementor-top-section elementor-element elementor-element-a5b3c6e elementor-section-boxed elementor-section-height-default elementor-section-height-default\" data-id=\"a5b3c6e\" data-element_type=\"section\" data-e-type=\"section\">\n\t\t\t\t\t\t<div class=\"elementor-container elementor-column-gap-default\">\n\t\t\t\t\t<div class=\"elementor-column elementor-col-100 elementor-top-column elementor-element elementor-element-de6fa6d\" data-id=\"de6fa6d\" data-element_type=\"column\" data-e-type=\"column\">\n\t\t\t<div class=\"elementor-widget-wrap elementor-element-populated\">\n\t\t\t\t\t\t<div class=\"elementor-element elementor-element-2dfcf20 elementor-widget elementor-widget-heading\" data-id=\"2dfcf20\" data-element_type=\"widget\" data-e-type=\"widget\" data-widget_type=\"heading.default\">\n\t\t\t\t<div class=\"elementor-widget-container\">\n\t\t\t\t\t<h2 class=\"elementor-heading-title elementor-size-default\">Symboltr\u00e4chtige Gottesdienstorte der Di\u00f6zese<\/h2>\t\t\t\t<\/div>\n\t\t\t\t<\/div>\n\t\t\t\t<div class=\"elementor-element elementor-element-eaa9fab elementor-widget elementor-widget-toggle\" data-id=\"eaa9fab\" data-element_type=\"widget\" data-e-type=\"widget\" data-widget_type=\"toggle.default\">\n\t\t\t\t<div class=\"elementor-widget-container\">\n\t\t\t\t\t\t\t<div class=\"elementor-toggle\">\n\t\t\t\t\t\t\t<div class=\"elementor-toggle-item\">\n\t\t\t\t\t<div id=\"elementor-tab-title-2461\" class=\"elementor-tab-title\" data-tab=\"1\" role=\"button\" aria-controls=\"elementor-tab-content-2461\" aria-expanded=\"false\">\n\t\t\t\t\t\t\t\t\t\t\t\t<span class=\"elementor-toggle-icon elementor-toggle-icon-left\" aria-hidden=\"true\">\n\t\t\t\t\t\t\t\t\t\t\t\t\t\t\t<span class=\"elementor-toggle-icon-closed\"><i class=\"fas fa-caret-right\"><\/i><\/span>\n\t\t\t\t\t\t\t\t<span class=\"elementor-toggle-icon-opened\"><i class=\"elementor-toggle-icon-opened fas fa-caret-up\"><\/i><\/span>\n\t\t\t\t\t\t\t\t\t\t\t\t\t<\/span>\n\t\t\t\t\t\t\t\t\t\t\t\t<a class=\"elementor-toggle-title\" tabindex=\"0\">Kathedrale St. Nikolaus, Freiburg<\/a>\n\t\t\t\t\t<\/div>\n\n\t\t\t\t\t<div id=\"elementor-tab-content-2461\" class=\"elementor-tab-content elementor-clearfix\" data-tab=\"1\" role=\"region\" aria-labelledby=\"elementor-tab-title-2461\"><p><img fetchpriority=\"high\" decoding=\"async\" class=\"size-medium wp-image-1999 alignright\" src=\"https:\/\/diocese-lgf.ch\/wp-content\/uploads\/2019\/10\/cathedrale_Fribourg-300x225.jpg\" alt=\"\" width=\"300\" height=\"225\" srcset=\"https:\/\/diocese-lgf.ch\/wp-content\/uploads\/2019\/10\/cathedrale_Fribourg-300x225.jpg 300w, https:\/\/diocese-lgf.ch\/wp-content\/uploads\/2019\/10\/cathedrale_Fribourg-768x576.jpg 768w, https:\/\/diocese-lgf.ch\/wp-content\/uploads\/2019\/10\/cathedrale_Fribourg-1024x768.jpg 1024w, https:\/\/diocese-lgf.ch\/wp-content\/uploads\/2019\/10\/cathedrale_Fribourg.jpg 2048w\" sizes=\"(max-width: 300px) 100vw, 300px\" \/>1924 wird die Stiftskirche St. Nikolaus zur Kathedrale der neu ernannten Di\u00f6zese von Lausanne, Genf und Freiburg.<\/p><ul><li><a href=\"https:\/\/www.notre-dame-de-fribourg.ch\/patrimoine\/cathedrale-saint-nicolas\" target=\"_blank\" rel=\"noopener\">Website der Kathedrale<\/a><\/li><li><a href=\"https:\/\/www.chapitre-stnicolas.ch\/\" target=\"_blank\" rel=\"noopener\">Website des Kapitels der Kathedrale<\/a><\/li><\/ul><\/div>\n\t\t\t\t<\/div>\n\t\t\t\t\t\t\t<div class=\"elementor-toggle-item\">\n\t\t\t\t\t<div id=\"elementor-tab-title-2462\" class=\"elementor-tab-title\" data-tab=\"2\" role=\"button\" aria-controls=\"elementor-tab-content-2462\" aria-expanded=\"false\">\n\t\t\t\t\t\t\t\t\t\t\t\t<span class=\"elementor-toggle-icon elementor-toggle-icon-left\" aria-hidden=\"true\">\n\t\t\t\t\t\t\t\t\t\t\t\t\t\t\t<span class=\"elementor-toggle-icon-closed\"><i class=\"fas fa-caret-right\"><\/i><\/span>\n\t\t\t\t\t\t\t\t<span class=\"elementor-toggle-icon-opened\"><i class=\"elementor-toggle-icon-opened fas fa-caret-up\"><\/i><\/span>\n\t\t\t\t\t\t\t\t\t\t\t\t\t<\/span>\n\t\t\t\t\t\t\t\t\t\t\t\t<a class=\"elementor-toggle-title\" tabindex=\"0\">Basilika Notre-Dame, Lausanne<\/a>\n\t\t\t\t\t<\/div>\n\n\t\t\t\t\t<div id=\"elementor-tab-content-2462\" class=\"elementor-tab-content elementor-clearfix\" data-tab=\"2\" role=\"region\" aria-labelledby=\"elementor-tab-title-2462\"><p style=\"text-align: left\"><img decoding=\"async\" class=\"size-medium wp-image-2005 alignright\" src=\"https:\/\/diocese-lgf.ch\/wp-content\/uploads\/2019\/10\/basilique_Lausanne-300x269.jpg\" alt=\"\" width=\"300\" height=\"269\" srcset=\"https:\/\/diocese-lgf.ch\/wp-content\/uploads\/2019\/10\/basilique_Lausanne-300x269.jpg 300w, https:\/\/diocese-lgf.ch\/wp-content\/uploads\/2019\/10\/basilique_Lausanne-768x688.jpg 768w, https:\/\/diocese-lgf.ch\/wp-content\/uploads\/2019\/10\/basilique_Lausanne-1024x917.jpg 1024w, https:\/\/diocese-lgf.ch\/wp-content\/uploads\/2019\/10\/basilique_Lausanne.jpg 1573w\" sizes=\"(max-width: 300px) 100vw, 300px\" \/>Zur Feier des 200. Jahrestages der Wiedereinsetzung des katholischen Gottesdienstes in Lausanne (1792\u20131992) wurde die Kirche Notre-Dame in die Reihe der Basilika minor aufgenommen. Heute ist sie der wichtigste Ort f\u00fcr die Zusammenkunft der waadtl\u00e4ndischen Katholikinnen und Katholiken.<\/p><ul><li><a href=\"https:\/\/www.cath-vd.ch\/paroisses\/notre-dame\/\" target=\"_blank\" rel=\"noopener\">Website der Seelsorgeeinheit Notre-Dame von Lausanne<\/a><\/li><\/ul><\/div>\n\t\t\t\t<\/div>\n\t\t\t\t\t\t\t<div class=\"elementor-toggle-item\">\n\t\t\t\t\t<div id=\"elementor-tab-title-2463\" class=\"elementor-tab-title\" data-tab=\"3\" role=\"button\" aria-controls=\"elementor-tab-content-2463\" aria-expanded=\"false\">\n\t\t\t\t\t\t\t\t\t\t\t\t<span class=\"elementor-toggle-icon elementor-toggle-icon-left\" aria-hidden=\"true\">\n\t\t\t\t\t\t\t\t\t\t\t\t\t\t\t<span class=\"elementor-toggle-icon-closed\"><i class=\"fas fa-caret-right\"><\/i><\/span>\n\t\t\t\t\t\t\t\t<span class=\"elementor-toggle-icon-opened\"><i class=\"elementor-toggle-icon-opened fas fa-caret-up\"><\/i><\/span>\n\t\t\t\t\t\t\t\t\t\t\t\t\t<\/span>\n\t\t\t\t\t\t\t\t\t\t\t\t<a class=\"elementor-toggle-title\" tabindex=\"0\">Basilika Notre-Dame, Genf<\/a>\n\t\t\t\t\t<\/div>\n\n\t\t\t\t\t<div id=\"elementor-tab-content-2463\" class=\"elementor-tab-content elementor-clearfix\" data-tab=\"3\" role=\"region\" aria-labelledby=\"elementor-tab-title-2463\"><p><img decoding=\"async\" class=\"size-medium wp-image-2003 alignright\" src=\"https:\/\/diocese-lgf.ch\/wp-content\/uploads\/2019\/10\/basilique_Geneve-230x300.jpeg\" alt=\"\" width=\"230\" height=\"300\" srcset=\"https:\/\/diocese-lgf.ch\/wp-content\/uploads\/2019\/10\/basilique_Geneve-230x300.jpeg 230w, https:\/\/diocese-lgf.ch\/wp-content\/uploads\/2019\/10\/basilique_Geneve.jpeg 480w\" sizes=\"(max-width: 230px) 100vw, 230px\" \/>Am 5. Dezember 1954 wurde die Kirche Notre-Dame in Genf in den Rang einer Basilika minor erhoben.<\/p><ul><li><a href=\"https:\/\/www.basiliquenotredamegeneve.ch\/\" target=\"_blank\" rel=\"noopener\">Website der Basilika Notre-Dame in Genf<\/a><\/li><\/ul><\/div>\n\t\t\t\t<\/div>\n\t\t\t\t\t\t\t<div class=\"elementor-toggle-item\">\n\t\t\t\t\t<div id=\"elementor-tab-title-2464\" class=\"elementor-tab-title\" data-tab=\"4\" role=\"button\" aria-controls=\"elementor-tab-content-2464\" aria-expanded=\"false\">\n\t\t\t\t\t\t\t\t\t\t\t\t<span class=\"elementor-toggle-icon elementor-toggle-icon-left\" aria-hidden=\"true\">\n\t\t\t\t\t\t\t\t\t\t\t\t\t\t\t<span class=\"elementor-toggle-icon-closed\"><i class=\"fas fa-caret-right\"><\/i><\/span>\n\t\t\t\t\t\t\t\t<span class=\"elementor-toggle-icon-opened\"><i class=\"elementor-toggle-icon-opened fas fa-caret-up\"><\/i><\/span>\n\t\t\t\t\t\t\t\t\t\t\t\t\t<\/span>\n\t\t\t\t\t\t\t\t\t\t\t\t<a class=\"elementor-toggle-title\" tabindex=\"0\">Basilika Notre-Dame, Freiburg<\/a>\n\t\t\t\t\t<\/div>\n\n\t\t\t\t\t<div id=\"elementor-tab-content-2464\" class=\"elementor-tab-content elementor-clearfix\" data-tab=\"4\" role=\"region\" aria-labelledby=\"elementor-tab-title-2464\"><p><img loading=\"lazy\" decoding=\"async\" class=\"size-medium wp-image-2009 alignright\" src=\"https:\/\/diocese-lgf.ch\/wp-content\/uploads\/2019\/10\/basilique_Fribourg-300x225.jpg\" alt=\"\" width=\"300\" height=\"225\" srcset=\"https:\/\/diocese-lgf.ch\/wp-content\/uploads\/2019\/10\/basilique_Fribourg-300x225.jpg 300w, https:\/\/diocese-lgf.ch\/wp-content\/uploads\/2019\/10\/basilique_Fribourg-768x576.jpg 768w, https:\/\/diocese-lgf.ch\/wp-content\/uploads\/2019\/10\/basilique_Fribourg-1024x768.jpg 1024w\" sizes=\"(max-width: 300px) 100vw, 300px\" \/>Am 18. Mai 1932 erhebt Papst Pius XI. die Stiftskirche von Notre-Dame von Freiburg in den Rang einer Basilika minor.<\/p><ul><li><a href=\"http:\/\/basilique-fribourg.ch\/\" target=\"_blank\" rel=\"noopener\">Website der Basilika Notre-Dame von Freiburg<\/a><\/li><\/ul><\/div>\n\t\t\t\t<\/div>\n\t\t\t\t\t\t\t<div class=\"elementor-toggle-item\">\n\t\t\t\t\t<div id=\"elementor-tab-title-2465\" class=\"elementor-tab-title\" data-tab=\"5\" role=\"button\" aria-controls=\"elementor-tab-content-2465\" aria-expanded=\"false\">\n\t\t\t\t\t\t\t\t\t\t\t\t<span class=\"elementor-toggle-icon elementor-toggle-icon-left\" aria-hidden=\"true\">\n\t\t\t\t\t\t\t\t\t\t\t\t\t\t\t<span class=\"elementor-toggle-icon-closed\"><i class=\"fas fa-caret-right\"><\/i><\/span>\n\t\t\t\t\t\t\t\t<span class=\"elementor-toggle-icon-opened\"><i class=\"elementor-toggle-icon-opened fas fa-caret-up\"><\/i><\/span>\n\t\t\t\t\t\t\t\t\t\t\t\t\t<\/span>\n\t\t\t\t\t\t\t\t\t\t\t\t<a class=\"elementor-toggle-title\" tabindex=\"0\">Basilika Notre-Dame, Neuenburg<\/a>\n\t\t\t\t\t<\/div>\n\n\t\t\t\t\t<div id=\"elementor-tab-content-2465\" class=\"elementor-tab-content elementor-clearfix\" data-tab=\"5\" role=\"region\" aria-labelledby=\"elementor-tab-title-2465\"><p><img loading=\"lazy\" decoding=\"async\" class=\"size-medium wp-image-2007 alignright\" src=\"https:\/\/diocese-lgf.ch\/wp-content\/uploads\/2019\/10\/basilique_Neuchatel-300x225.jpg\" alt=\"\" width=\"300\" height=\"225\" srcset=\"https:\/\/diocese-lgf.ch\/wp-content\/uploads\/2019\/10\/basilique_Neuchatel-300x225.jpg 300w, https:\/\/diocese-lgf.ch\/wp-content\/uploads\/2019\/10\/basilique_Neuchatel-768x576.jpg 768w, https:\/\/diocese-lgf.ch\/wp-content\/uploads\/2019\/10\/basilique_Neuchatel-1024x768.jpg 1024w, https:\/\/diocese-lgf.ch\/wp-content\/uploads\/2019\/10\/basilique_Neuchatel.jpg 2048w\" sizes=\"(max-width: 300px) 100vw, 300px\" \/>Die Kirche Mari\u00e4 Himmelfahrt (Notre-Dame de l\u2019Assomption) in Neuenburg, die rote Kirche genannt wird, ist durch ein Dekret des Heiligen Stuhls vom 8. August 2007 zur 4. Basilika minor der Di\u00f6zese geworden.<\/p><ul><li><a href=\"https:\/\/www.cath-ne.ch\/paroisses-de-neuchatel\" target=\"_blank\" rel=\"noopener\">Website der Pfarreien der Stadt Neuenburg<\/a><\/li><\/ul><\/div>\n\t\t\t\t<\/div>\n\t\t\t\t\t\t\t<div class=\"elementor-toggle-item\">\n\t\t\t\t\t<div id=\"elementor-tab-title-2466\" class=\"elementor-tab-title\" data-tab=\"6\" role=\"button\" aria-controls=\"elementor-tab-content-2466\" aria-expanded=\"false\">\n\t\t\t\t\t\t\t\t\t\t\t\t<span class=\"elementor-toggle-icon elementor-toggle-icon-left\" aria-hidden=\"true\">\n\t\t\t\t\t\t\t\t\t\t\t\t\t\t\t<span class=\"elementor-toggle-icon-closed\"><i class=\"fas fa-caret-right\"><\/i><\/span>\n\t\t\t\t\t\t\t\t<span class=\"elementor-toggle-icon-opened\"><i class=\"elementor-toggle-icon-opened fas fa-caret-up\"><\/i><\/span>\n\t\t\t\t\t\t\t\t\t\t\t\t\t<\/span>\n\t\t\t\t\t\t\t\t\t\t\t\t<a class=\"elementor-toggle-title\" tabindex=\"0\">Heiligtum Notre-Dame de Bourguillon<\/a>\n\t\t\t\t\t<\/div>\n\n\t\t\t\t\t<div id=\"elementor-tab-content-2466\" class=\"elementor-tab-content elementor-clearfix\" data-tab=\"6\" role=\"region\" aria-labelledby=\"elementor-tab-title-2466\"><p><img loading=\"lazy\" decoding=\"async\" class=\"size-medium wp-image-6603 alignright\" src=\"https:\/\/diocese-lgf.ch\/wp-content\/uploads\/2020\/10\/ndbourguillon-300x300.jpg\" alt=\"\" width=\"300\" height=\"300\" srcset=\"https:\/\/diocese-lgf.ch\/wp-content\/uploads\/2020\/10\/ndbourguillon-300x300.jpg 300w, https:\/\/diocese-lgf.ch\/wp-content\/uploads\/2020\/10\/ndbourguillon-150x150.jpg 150w, https:\/\/diocese-lgf.ch\/wp-content\/uploads\/2020\/10\/ndbourguillon.jpg 356w\" sizes=\"(max-width: 300px) 100vw, 300px\" \/>Kurz nach der Gr\u00fcndung der Stadt Freiburg 1157 haben die B\u00fcrger auf dem H\u00fcgel ein Haus errichtet, um die Leprakranken aufzunehmen, die man zur damaligen Zeit nicht heilen konnte. 1438 organisierten die Beh\u00f6rden eine Pilgerfahrt, um f\u00fcr die Heilung des Herzogs Friedrich IV. von \u00d6sterreich zu beten. Seitdem hat die Muttergottesstatue in der Kapelle des Spitals unaufhaltsam die Pilger angezogen. Sie wurde in die jetzige Kapelle gebracht, die ausserhalb der Leprastation 1466 gebaut wurde. Bereits 1476 kamen freiburgische Soldaten, die von den Grausamkeiten der Schlacht von Murten traumatisiert waren, nach Bourguillon, um f\u00fcr die Toten zu beten. Seitdem ist der Strom der Pilger nicht abgerissen.<\/p><p><em>Quelle: Website des Heiligtums Notre-Dame de Bourguillon<\/em><\/p><p>Link: <a href=\"http:\/\/www.brancardiers-bourguillon.ch\/\" target=\"_blank\" rel=\"noopener\">Vereinigung der Krankentr\u00e4ger von Notre-Dame de Bourguillon<\/a><\/p><\/div>\n\t\t\t\t<\/div>\n\t\t\t\t\t\t\t<div class=\"elementor-toggle-item\">\n\t\t\t\t\t<div id=\"elementor-tab-title-2467\" class=\"elementor-tab-title\" data-tab=\"7\" role=\"button\" aria-controls=\"elementor-tab-content-2467\" aria-expanded=\"false\">\n\t\t\t\t\t\t\t\t\t\t\t\t<span class=\"elementor-toggle-icon elementor-toggle-icon-left\" aria-hidden=\"true\">\n\t\t\t\t\t\t\t\t\t\t\t\t\t\t\t<span class=\"elementor-toggle-icon-closed\"><i class=\"fas fa-caret-right\"><\/i><\/span>\n\t\t\t\t\t\t\t\t<span class=\"elementor-toggle-icon-opened\"><i class=\"elementor-toggle-icon-opened fas fa-caret-up\"><\/i><\/span>\n\t\t\t\t\t\t\t\t\t\t\t\t\t<\/span>\n\t\t\t\t\t\t\t\t\t\t\t\t<a class=\"elementor-toggle-title\" tabindex=\"0\">Heiligtum von Notre-Dame des Marches in Broc <\/a>\n\t\t\t\t\t<\/div>\n\n\t\t\t\t\t<div id=\"elementor-tab-content-2467\" class=\"elementor-tab-content elementor-clearfix\" data-tab=\"7\" role=\"region\" aria-labelledby=\"elementor-tab-title-2467\"><p><img loading=\"lazy\" decoding=\"async\" class=\"alignright wp-image-2041 size-medium\" src=\"https:\/\/diocese-lgf.ch\/wp-content\/uploads\/2019\/10\/sanctuaire_broc-300x225.jpg\" alt=\"\" width=\"300\" height=\"225\" srcset=\"https:\/\/diocese-lgf.ch\/wp-content\/uploads\/2019\/10\/sanctuaire_broc-300x225.jpg 300w, https:\/\/diocese-lgf.ch\/wp-content\/uploads\/2019\/10\/sanctuaire_broc-768x576.jpg 768w, https:\/\/diocese-lgf.ch\/wp-content\/uploads\/2019\/10\/sanctuaire_broc.jpg 800w\" sizes=\"(max-width: 300px) 100vw, 300px\" \/><\/p><p>Die heutige Kapelle wurde 1705 errichtet.<\/p><ul><li><a href=\"http:\/\/www.lesmarches.ch\/\" target=\"_blank\" rel=\"noopener\">Website des Heiligtums von Notre-Dame des Marches<\/a><\/li><\/ul><\/div>\n\t\t\t\t<\/div>\n\t\t\t\t\t\t\t<div class=\"elementor-toggle-item\">\n\t\t\t\t\t<div id=\"elementor-tab-title-2468\" class=\"elementor-tab-title\" data-tab=\"8\" role=\"button\" aria-controls=\"elementor-tab-content-2468\" aria-expanded=\"false\">\n\t\t\t\t\t\t\t\t\t\t\t\t<span class=\"elementor-toggle-icon elementor-toggle-icon-left\" aria-hidden=\"true\">\n\t\t\t\t\t\t\t\t\t\t\t\t\t\t\t<span class=\"elementor-toggle-icon-closed\"><i class=\"fas fa-caret-right\"><\/i><\/span>\n\t\t\t\t\t\t\t\t<span class=\"elementor-toggle-icon-opened\"><i class=\"elementor-toggle-icon-opened fas fa-caret-up\"><\/i><\/span>\n\t\t\t\t\t\t\t\t\t\t\t\t\t<\/span>\n\t\t\t\t\t\t\t\t\t\t\t\t<a class=\"elementor-toggle-title\" tabindex=\"0\">Heiligtum von Notre-Dame de Tours in Montagny<\/a>\n\t\t\t\t\t<\/div>\n\n\t\t\t\t\t<div id=\"elementor-tab-content-2468\" class=\"elementor-tab-content elementor-clearfix\" data-tab=\"8\" role=\"region\" aria-labelledby=\"elementor-tab-title-2468\"><p><img loading=\"lazy\" decoding=\"async\" class=\"size-medium wp-image-6599 alignright\" src=\"https:\/\/diocese-lgf.ch\/wp-content\/uploads\/2020\/10\/ndtours-300x169.jpg\" alt=\"\" width=\"300\" height=\"169\" srcset=\"https:\/\/diocese-lgf.ch\/wp-content\/uploads\/2020\/10\/ndtours-300x169.jpg 300w, https:\/\/diocese-lgf.ch\/wp-content\/uploads\/2020\/10\/ndtours-1024x576.jpg 1024w, https:\/\/diocese-lgf.ch\/wp-content\/uploads\/2020\/10\/ndtours-768x432.jpg 768w, https:\/\/diocese-lgf.ch\/wp-content\/uploads\/2020\/10\/ndtours-1536x864.jpg 1536w, https:\/\/diocese-lgf.ch\/wp-content\/uploads\/2020\/10\/ndtours.jpg 1920w\" sizes=\"(max-width: 300px) 100vw, 300px\" \/><\/p><ul><li><a href=\"https:\/\/ndtours.ch\/\" target=\"_blank\" rel=\"noopener\">Website des Heiligtums von Notre-Dame de Tours<\/a><\/li><\/ul><\/div>\n\t\t\t\t<\/div>\n\t\t\t\t\t\t\t\t<\/div>\n\t\t\t\t\t\t<\/div>\n\t\t\t\t<\/div>\n\t\t\t\t\t<\/div>\n\t\t<\/div>\n\t\t\t\t\t<\/div>\n\t\t<\/section>\n\t\t\t\t<section class=\"elementor-section elementor-top-section elementor-element elementor-element-f33be7f elementor-section-boxed elementor-section-height-default elementor-section-height-default\" data-id=\"f33be7f\" data-element_type=\"section\" data-e-type=\"section\">\n\t\t\t\t\t\t<div class=\"elementor-container elementor-column-gap-default\">\n\t\t\t\t\t<div class=\"elementor-column elementor-col-100 elementor-top-column elementor-element elementor-element-3ccd34c4\" data-id=\"3ccd34c4\" data-element_type=\"column\" data-e-type=\"column\">\n\t\t\t<div class=\"elementor-widget-wrap elementor-element-populated\">\n\t\t\t\t\t\t<div class=\"elementor-element elementor-element-6e0c6d4 elementor-widget-divider--view-line elementor-widget elementor-widget-divider\" data-id=\"6e0c6d4\" data-element_type=\"widget\" data-e-type=\"widget\" data-widget_type=\"divider.default\">\n\t\t\t\t<div class=\"elementor-widget-container\">\n\t\t\t\t\t\t\t<div class=\"elementor-divider\">\n\t\t\t<span class=\"elementor-divider-separator\">\n\t\t\t\t\t\t<\/span>\n\t\t<\/div>\n\t\t\t\t\t\t<\/div>\n\t\t\t\t<\/div>\n\t\t\t\t<div class=\"elementor-element elementor-element-5869657d elementor-widget elementor-widget-heading\" data-id=\"5869657d\" data-element_type=\"widget\" data-e-type=\"widget\" data-widget_type=\"heading.default\">\n\t\t\t\t<div class=\"elementor-widget-container\">\n\t\t\t\t\t<h2 class=\"elementor-heading-title elementor-size-default\">Ordinariat<\/h2>\t\t\t\t<\/div>\n\t\t\t\t<\/div>\n\t\t\t\t<div class=\"elementor-element elementor-element-1a4746d0 elementor-widget elementor-widget-text-editor\" data-id=\"1a4746d0\" data-element_type=\"widget\" data-e-type=\"widget\" data-widget_type=\"text-editor.default\">\n\t\t\t\t<div class=\"elementor-widget-container\">\n\t\t\t\t\t\t\t\t\t<p><img loading=\"lazy\" decoding=\"async\" class=\"size-medium wp-image-4161 alignright\" src=\"https:\/\/diocese-lgf.ch\/wp-content\/uploads\/2020\/04\/eveche-1-300x225.jpg\" alt=\"\" width=\"300\" height=\"225\" srcset=\"https:\/\/diocese-lgf.ch\/wp-content\/uploads\/2020\/04\/eveche-1-300x225.jpg 300w, https:\/\/diocese-lgf.ch\/wp-content\/uploads\/2020\/04\/eveche-1-768x576.jpg 768w, https:\/\/diocese-lgf.ch\/wp-content\/uploads\/2020\/04\/eveche-1-1024x768.jpg 1024w, https:\/\/diocese-lgf.ch\/wp-content\/uploads\/2020\/04\/eveche-1.jpg 2048w\" sizes=\"(max-width: 300px) 100vw, 300px\" \/>An der Lausannegasse 86 in Freiburg.<\/p><p>Das Geb\u00e4ude wurde zwischen 18742 und 1845 erreichet, wo fr\u00fcher zwei H\u00e4user standen: das eine wurde 1814 von Jaques-Christophe-Jean de Montenach an den Freiburger Klerus verkauft und 1818 an den Bischof von Lausanne; das andere wurde 1816 direkt vom Bischof erworben.<\/p>\t\t\t\t\t\t\t\t<\/div>\n\t\t\t\t<\/div>\n\t\t\t\t\t<\/div>\n\t\t<\/div>\n\t\t\t\t\t<\/div>\n\t\t<\/section>\n\t\t\t\t<\/div>\n\t\t<\/div>","protected":false},"excerpt":{"rendered":"<p>Symboltr\u00e4chtige Gottesdienstorte der Di\u00f6zese Kathedrale St. Nikolaus, Freiburg 1924 wird die Stiftskirche St. Nikolaus zur Kathedrale der neu ernannten Di\u00f6zese von Lausanne, Genf und Freiburg. Website der Kathedrale Website des [&hellip;]<\/p>\n","protected":false},"author":5,"featured_media":0,"parent":0,"menu_order":14,"comment_status":"closed","ping_status":"closed","template":"","meta":{"_acf_changed":false,"footnotes":""},"categories":[125],"tags":[],"class_list":["post-6573","page","type-page","status-publish","hentry","category-eveche-de"],"acf":[],"_links":{"self":[{"href":"https:\/\/diocese-lgf.ch\/de\/wp-json\/wp\/v2\/pages\/6573","targetHints":{"allow":["GET"]}}],"collection":[{"href":"https:\/\/diocese-lgf.ch\/de\/wp-json\/wp\/v2\/pages"}],"about":[{"href":"https:\/\/diocese-lgf.ch\/de\/wp-json\/wp\/v2\/types\/page"}],"author":[{"embeddable":true,"href":"https:\/\/diocese-lgf.ch\/de\/wp-json\/wp\/v2\/users\/5"}],"replies":[{"embeddable":true,"href":"https:\/\/diocese-lgf.ch\/de\/wp-json\/wp\/v2\/comments?post=6573"}],"version-history":[{"count":20,"href":"https:\/\/diocese-lgf.ch\/de\/wp-json\/wp\/v2\/pages\/6573\/revisions"}],"predecessor-version":[{"id":22705,"href":"https:\/\/diocese-lgf.ch\/de\/wp-json\/wp\/v2\/pages\/6573\/revisions\/22705"}],"wp:attachment":[{"href":"https:\/\/diocese-lgf.ch\/de\/wp-json\/wp\/v2\/media?parent=6573"}],"wp:term":[{"taxonomy":"category","embeddable":true,"href":"https:\/\/diocese-lgf.ch\/de\/wp-json\/wp\/v2\/categories?post=6573"},{"taxonomy":"post_tag","embeddable":true,"href":"https:\/\/diocese-lgf.ch\/de\/wp-json\/wp\/v2\/tags?post=6573"}],"curies":[{"name":"wp","href":"https:\/\/api.w.org\/{rel}","templated":true}]}}