{"id":6546,"date":"2020-10-09T13:14:26","date_gmt":"2020-10-09T11:14:26","guid":{"rendered":"https:\/\/diocese-lgf.emblematik.dev\/kartographie-und-zahlen\/"},"modified":"2025-07-01T20:22:47","modified_gmt":"2025-07-01T18:22:47","slug":"kartographie-und-zahlen","status":"publish","type":"page","link":"https:\/\/diocese-lgf.ch\/de\/kartographie-und-zahlen\/","title":{"rendered":"Kartographie und Statistiken"},"content":{"rendered":"<div class=\"pf-content\">\t\t<div data-elementor-type=\"wp-post\" data-elementor-id=\"6546\" class=\"elementor elementor-6546 elementor-1132\" data-elementor-post-type=\"page\">\n\t\t\t\t\t\t<section class=\"elementor-section elementor-top-section elementor-element elementor-element-611ebea7 elementor-section-boxed elementor-section-height-default elementor-section-height-default\" data-id=\"611ebea7\" data-element_type=\"section\" data-e-type=\"section\">\n\t\t\t\t\t\t<div class=\"elementor-container elementor-column-gap-default\">\n\t\t\t\t\t<div class=\"elementor-column elementor-col-100 elementor-top-column elementor-element elementor-element-2ec59265\" data-id=\"2ec59265\" data-element_type=\"column\" data-e-type=\"column\">\n\t\t\t<div class=\"elementor-widget-wrap elementor-element-populated\">\n\t\t\t\t\t\t<div class=\"elementor-element elementor-element-248fc70 elementor-widget elementor-widget-image\" data-id=\"248fc70\" data-element_type=\"widget\" data-e-type=\"widget\" data-widget_type=\"image.default\">\n\t\t\t\t<div class=\"elementor-widget-container\">\n\t\t\t\t\t\t\t\t\t\t\t\t\t\t\t<img fetchpriority=\"high\" decoding=\"async\" width=\"1024\" height=\"724\" src=\"https:\/\/diocese-lgf.ch\/wp-content\/uploads\/2025\/07\/Bistuemer_Schweiz-2048x1448-1-1024x724.jpg\" class=\"attachment-large size-large wp-image-30832\" alt=\"\" srcset=\"https:\/\/diocese-lgf.ch\/wp-content\/uploads\/2025\/07\/Bistuemer_Schweiz-2048x1448-1-1024x724.jpg 1024w, https:\/\/diocese-lgf.ch\/wp-content\/uploads\/2025\/07\/Bistuemer_Schweiz-2048x1448-1-300x212.jpg 300w, https:\/\/diocese-lgf.ch\/wp-content\/uploads\/2025\/07\/Bistuemer_Schweiz-2048x1448-1-768x543.jpg 768w, https:\/\/diocese-lgf.ch\/wp-content\/uploads\/2025\/07\/Bistuemer_Schweiz-2048x1448-1-1536x1086.jpg 1536w, https:\/\/diocese-lgf.ch\/wp-content\/uploads\/2025\/07\/Bistuemer_Schweiz-2048x1448-1.jpg 2048w\" sizes=\"(max-width: 1024px) 100vw, 1024px\" \/>\t\t\t\t\t\t\t\t\t\t\t\t\t\t\t<\/div>\n\t\t\t\t<\/div>\n\t\t\t\t\t<\/div>\n\t\t<\/div>\n\t\t\t\t\t<\/div>\n\t\t<\/section>\n\t\t\t\t<section class=\"elementor-section elementor-top-section elementor-element elementor-element-f13b14c elementor-section-boxed elementor-section-height-default elementor-section-height-default\" data-id=\"f13b14c\" data-element_type=\"section\" data-e-type=\"section\">\n\t\t\t\t\t\t<div class=\"elementor-container elementor-column-gap-default\">\n\t\t\t\t\t<div class=\"elementor-column elementor-col-100 elementor-top-column elementor-element elementor-element-59845cf\" data-id=\"59845cf\" data-element_type=\"column\" data-e-type=\"column\">\n\t\t\t<div class=\"elementor-widget-wrap elementor-element-populated\">\n\t\t\t\t\t\t<div class=\"elementor-element elementor-element-072e09f elementor-widget elementor-widget-text-editor\" data-id=\"072e09f\" data-element_type=\"widget\" data-e-type=\"widget\" data-widget_type=\"text-editor.default\">\n\t\t\t\t<div class=\"elementor-widget-container\">\n\t\t\t\t\t\t\t\t\t<p>Mit einer Oberfl\u00e4che von 5.565 km<sup>2<\/sup> umfasst die Di\u00f6zese die Kantone Waadt (ausser dem Chablais), Genf, Freiburg und Neuenburg und z\u00e4hlt etwa 560 000 Katholikinnen und Katholiken von insgesamt 1 848 000 Einwohnern.<\/p>\n<p>Sie besteht aus ungef\u00e4hr 220 Pfarreien, die in 50 Seelsorgeeinheiten organisiert sind.<\/p>\n<p>Etwa 400 Priester, mehr als 40 Diakone und ungef\u00e4hr 400 Laienseelsorger sind in der Di\u00f6zese t\u00e4tig, ohne die Ehrenamtlichen und das Verwaltungspersonal mitzuz\u00e4hlen. Hinzu kommen zahlreiche Ordensgemeinschaften von Frauen und M\u00e4nnern.<\/p>\n\t\t\t\t\t\t\t\t<\/div>\n\t\t\t\t<\/div>\n\t\t\t\t\t<\/div>\n\t\t<\/div>\n\t\t\t\t\t<\/div>\n\t\t<\/section>\n\t\t\t\t<section class=\"elementor-section elementor-top-section elementor-element elementor-element-6d74b49f elementor-section-boxed elementor-section-height-default elementor-section-height-default\" data-id=\"6d74b49f\" data-element_type=\"section\" data-e-type=\"section\">\n\t\t\t\t\t\t<div class=\"elementor-container elementor-column-gap-default\">\n\t\t\t\t\t<div class=\"elementor-column elementor-col-100 elementor-top-column elementor-element elementor-element-60037659\" data-id=\"60037659\" data-element_type=\"column\" data-e-type=\"column\">\n\t\t\t<div class=\"elementor-widget-wrap elementor-element-populated\">\n\t\t\t\t\t\t<div class=\"elementor-element elementor-element-75a3741a elementor-widget elementor-widget-heading\" data-id=\"75a3741a\" data-element_type=\"widget\" data-e-type=\"widget\" data-widget_type=\"heading.default\">\n\t\t\t\t<div class=\"elementor-widget-container\">\n\t\t\t\t\t<h2 class=\"elementor-heading-title elementor-size-medium\">Link<\/h2>\t\t\t\t<\/div>\n\t\t\t\t<\/div>\n\t\t\t\t<div class=\"elementor-element elementor-element-4b8af537 elementor-icon-list--layout-traditional elementor-list-item-link-full_width elementor-widget elementor-widget-icon-list\" data-id=\"4b8af537\" data-element_type=\"widget\" data-e-type=\"widget\" data-widget_type=\"icon-list.default\">\n\t\t\t\t<div class=\"elementor-widget-container\">\n\t\t\t\t\t\t\t<ul class=\"elementor-icon-list-items\">\n\t\t\t\t\t\t\t<li class=\"elementor-icon-list-item\">\n\t\t\t\t\t\t\t\t\t\t\t<a href=\"https:\/\/kirchenstatistik.spi-sg.ch\/die-schweizer-bistuemer\/\" target=\"_blank\">\n\n\t\t\t\t\t\t\t\t\t\t\t\t<span class=\"elementor-icon-list-icon\">\n\t\t\t\t\t\t\t<i aria-hidden=\"true\" class=\"fas fa-arrow-circle-right\"><\/i>\t\t\t\t\t\t<\/span>\n\t\t\t\t\t\t\t\t\t\t<span class=\"elementor-icon-list-text\">Statistiken der Kirche in der Schweiz<\/span>\n\t\t\t\t\t\t\t\t\t\t\t<\/a>\n\t\t\t\t\t\t\t\t\t<\/li>\n\t\t\t\t\t\t<\/ul>\n\t\t\t\t\t\t<\/div>\n\t\t\t\t<\/div>\n\t\t\t\t\t<\/div>\n\t\t<\/div>\n\t\t\t\t\t<\/div>\n\t\t<\/section>\n\t\t<div class=\"elementor-element elementor-element-7766996 e-flex e-con-boxed e-con e-parent\" data-id=\"7766996\" data-element_type=\"container\" data-e-type=\"container\">\n\t\t\t\t\t<div class=\"e-con-inner\">\n\t\t\t\t<div class=\"elementor-element elementor-element-774cd75 elementor-widget-divider--view-line elementor-widget elementor-widget-divider\" data-id=\"774cd75\" data-element_type=\"widget\" data-e-type=\"widget\" data-widget_type=\"divider.default\">\n\t\t\t\t<div class=\"elementor-widget-container\">\n\t\t\t\t\t\t\t<div class=\"elementor-divider\">\n\t\t\t<span class=\"elementor-divider-separator\">\n\t\t\t\t\t\t<\/span>\n\t\t<\/div>\n\t\t\t\t\t\t<\/div>\n\t\t\t\t<\/div>\n\t\t\t\t\t<\/div>\n\t\t\t\t<\/div>\n\t\t<div class=\"elementor-element elementor-element-bbe0eeb e-flex e-con-boxed e-con e-parent\" data-id=\"bbe0eeb\" data-element_type=\"container\" data-e-type=\"container\">\n\t\t\t\t\t<div class=\"e-con-inner\">\n\t\t\t\t<div class=\"elementor-element elementor-element-3f84cdd elementor-widget elementor-widget-heading\" data-id=\"3f84cdd\" data-element_type=\"widget\" data-e-type=\"widget\" data-widget_type=\"heading.default\">\n\t\t\t\t<div class=\"elementor-widget-container\">\n\t\t\t\t\t<h2 class=\"elementor-heading-title elementor-size-default\">Statistiken der Di\u00f6zese<\/h2>\t\t\t\t<\/div>\n\t\t\t\t<\/div>\n\t\t\t\t\t<\/div>\n\t\t\t\t<\/div>\n\t\t<div class=\"elementor-element elementor-element-6565fdb e-flex e-con-boxed e-con e-parent\" data-id=\"6565fdb\" data-element_type=\"container\" data-e-type=\"container\">\n\t\t\t\t\t<div class=\"e-con-inner\">\n\t\t\t\t<div class=\"elementor-element elementor-element-dc5ad72 elementor-widget elementor-widget-n-accordion\" data-id=\"dc5ad72\" data-element_type=\"widget\" data-e-type=\"widget\" data-settings=\"{&quot;default_state&quot;:&quot;expanded&quot;,&quot;max_items_expended&quot;:&quot;one&quot;,&quot;n_accordion_animation_duration&quot;:{&quot;unit&quot;:&quot;ms&quot;,&quot;size&quot;:400,&quot;sizes&quot;:[]}}\" data-widget_type=\"nested-accordion.default\">\n\t\t\t\t<div class=\"elementor-widget-container\">\n\t\t\t\t\t\t\t<div class=\"e-n-accordion\" aria-label=\"Accordion. Open links with Enter or Space, close with Escape, and navigate with Arrow Keys\">\n\t\t\t\t\t\t<details id=\"e-n-accordion-item-2310\" class=\"e-n-accordion-item\" open>\n\t\t\t\t<summary class=\"e-n-accordion-item-title\" data-accordion-index=\"1\" tabindex=\"0\" aria-expanded=\"true\" aria-controls=\"e-n-accordion-item-2310\" >\n\t\t\t\t\t<span class='e-n-accordion-item-title-header'><div class=\"e-n-accordion-item-title-text\"> Statistiken 2025 <\/div><\/span>\n\t\t\t\t\t\t\t<span class='e-n-accordion-item-title-icon'>\n\t\t\t<span class='e-opened' ><i aria-hidden=\"true\" class=\"fas fa-minus\"><\/i><\/span>\n\t\t\t<span class='e-closed'><i aria-hidden=\"true\" class=\"fas fa-plus\"><\/i><\/span>\n\t\t<\/span>\n\n\t\t\t\t\t\t<\/summary>\n\t\t\t\t<div role=\"region\" aria-labelledby=\"e-n-accordion-item-2310\" class=\"elementor-element elementor-element-405fe52 e-flex e-con-boxed e-con e-child\" data-id=\"405fe52\" data-element_type=\"container\" data-e-type=\"container\">\n\t\t\t\t\t<div class=\"e-con-inner\">\n\t\t\t\t<div class=\"elementor-element elementor-element-3ce45af elementor-widget elementor-widget-text-editor\" data-id=\"3ce45af\" data-element_type=\"widget\" data-e-type=\"widget\" data-widget_type=\"text-editor.default\">\n\t\t\t\t<div class=\"elementor-widget-container\">\n\t\t\t\t\t\t\t\t\t<p>In K\u00fcrze verf\u00fcgbar: Die Statistiken eines Jahres werden zu Beginn des folgenden Jahres erhoben.<\/p>\n\t\t\t\t\t\t\t\t<\/div>\n\t\t\t\t<\/div>\n\t\t\t\t\t<\/div>\n\t\t\t\t<\/div>\n\t\t\t\t\t<\/details>\n\t\t\t\t\t\t<details id=\"e-n-accordion-item-2311\" class=\"e-n-accordion-item\" >\n\t\t\t\t<summary class=\"e-n-accordion-item-title\" data-accordion-index=\"2\" tabindex=\"-1\" aria-expanded=\"false\" aria-controls=\"e-n-accordion-item-2311\" >\n\t\t\t\t\t<span class='e-n-accordion-item-title-header'><div class=\"e-n-accordion-item-title-text\"> Statistiken 2024 <\/div><\/span>\n\t\t\t\t\t\t\t<span class='e-n-accordion-item-title-icon'>\n\t\t\t<span class='e-opened' ><i aria-hidden=\"true\" class=\"fas fa-minus\"><\/i><\/span>\n\t\t\t<span class='e-closed'><i aria-hidden=\"true\" class=\"fas fa-plus\"><\/i><\/span>\n\t\t<\/span>\n\n\t\t\t\t\t\t<\/summary>\n\t\t\t\t<div role=\"region\" aria-labelledby=\"e-n-accordion-item-2311\" class=\"elementor-element elementor-element-652efa8 e-con-full e-flex e-con e-child\" data-id=\"652efa8\" data-element_type=\"container\" data-e-type=\"container\">\n\t\t<div role=\"region\" aria-labelledby=\"e-n-accordion-item-2311\" class=\"elementor-element elementor-element-1507462 e-flex e-con-boxed e-con e-child\" data-id=\"1507462\" data-element_type=\"container\" data-e-type=\"container\">\n\t\t\t\t\t<div class=\"e-con-inner\">\n\t\t\t\t<div class=\"elementor-element elementor-element-2a40c8f elementor-widget elementor-widget-text-editor\" data-id=\"2a40c8f\" data-element_type=\"widget\" data-e-type=\"widget\" data-widget_type=\"text-editor.default\">\n\t\t\t\t<div class=\"elementor-widget-container\">\n\t\t\t\t\t\t\t\t\t<ul><li><a href=\"https:\/\/diocese-lgf.ch\/wp-content\/uploads\/2025\/06\/Statistique-2024-VD-DE.pdf\">Waadt<\/a><\/li><li><a href=\"https:\/\/diocese-lgf.ch\/wp-content\/uploads\/2025\/06\/Statistique-2024-GE-DE.pdf\">Genf<\/a><\/li><li><a href=\"https:\/\/diocese-lgf.ch\/wp-content\/uploads\/2025\/06\/Statistique-2024-FRf-DE.pdf\">Freiburg FR<\/a><\/li><li><a href=\"https:\/\/diocese-lgf.ch\/wp-content\/uploads\/2025\/06\/Statistique-2024-FRd-DE.pdf\">Deutschfreiburg<\/a><\/li><li><a href=\"https:\/\/diocese-lgf.ch\/wp-content\/uploads\/2025\/06\/Statistique-2024-NE-DE.pdf\">Neuenburg<\/a><\/li><li><a href=\"https:\/\/diocese-lgf.ch\/wp-content\/uploads\/2025\/07\/Statistique-2024-diocese-DE.pdf\">Di\u00f6zese<\/a> (Total)<\/li><\/ul>\t\t\t\t\t\t\t\t<\/div>\n\t\t\t\t<\/div>\n\t\t\t\t\t<\/div>\n\t\t\t\t<\/div>\n\t\t\t\t<\/div>\n\t\t\t\t\t<\/details>\n\t\t\t\t\t<\/div>\n\t\t\t\t\t\t<\/div>\n\t\t\t\t<\/div>\n\t\t\t\t\t<\/div>\n\t\t\t\t<\/div>\n\t\t\t\t<\/div>\n\t\t<\/div>","protected":false},"excerpt":{"rendered":"<p>Mit einer Oberfl\u00e4che von 5.565 km2 umfasst die Di\u00f6zese die Kantone Waadt (ausser dem Chablais), Genf, Freiburg und Neuenburg und z\u00e4hlt etwa 560 000 Katholikinnen und Katholiken von insgesamt 1 [&hellip;]<\/p>\n","protected":false},"author":5,"featured_media":0,"parent":0,"menu_order":3,"comment_status":"closed","ping_status":"closed","template":"","meta":{"_acf_changed":false,"footnotes":""},"categories":[125],"tags":[],"class_list":["post-6546","page","type-page","status-publish","hentry","category-eveche-de"],"acf":[],"_links":{"self":[{"href":"https:\/\/diocese-lgf.ch\/de\/wp-json\/wp\/v2\/pages\/6546","targetHints":{"allow":["GET"]}}],"collection":[{"href":"https:\/\/diocese-lgf.ch\/de\/wp-json\/wp\/v2\/pages"}],"about":[{"href":"https:\/\/diocese-lgf.ch\/de\/wp-json\/wp\/v2\/types\/page"}],"author":[{"embeddable":true,"href":"https:\/\/diocese-lgf.ch\/de\/wp-json\/wp\/v2\/users\/5"}],"replies":[{"embeddable":true,"href":"https:\/\/diocese-lgf.ch\/de\/wp-json\/wp\/v2\/comments?post=6546"}],"version-history":[{"count":26,"href":"https:\/\/diocese-lgf.ch\/de\/wp-json\/wp\/v2\/pages\/6546\/revisions"}],"predecessor-version":[{"id":30843,"href":"https:\/\/diocese-lgf.ch\/de\/wp-json\/wp\/v2\/pages\/6546\/revisions\/30843"}],"wp:attachment":[{"href":"https:\/\/diocese-lgf.ch\/de\/wp-json\/wp\/v2\/media?parent=6546"}],"wp:term":[{"taxonomy":"category","embeddable":true,"href":"https:\/\/diocese-lgf.ch\/de\/wp-json\/wp\/v2\/categories?post=6546"},{"taxonomy":"post_tag","embeddable":true,"href":"https:\/\/diocese-lgf.ch\/de\/wp-json\/wp\/v2\/tags?post=6546"}],"curies":[{"name":"wp","href":"https:\/\/api.w.org\/{rel}","templated":true}]}}