{"id":6533,"date":"2020-10-09T12:08:06","date_gmt":"2020-10-09T10:08:06","guid":{"rendered":"https:\/\/diocese-lgf.emblematik.dev\/katholike-oder-katholikin-werden\/"},"modified":"2022-08-30T11:09:16","modified_gmt":"2022-08-30T09:09:16","slug":"katholik-oder-katholikin-werden","status":"publish","type":"page","link":"https:\/\/diocese-lgf.ch\/de\/kirchenleben\/katholik-oder-katholikin-werden\/","title":{"rendered":"Katholik oder Katholikin werden"},"content":{"rendered":"<div class=\"pf-content\">\t\t<div data-elementor-type=\"wp-post\" data-elementor-id=\"6533\" class=\"elementor elementor-6533 elementor-3345\" data-elementor-post-type=\"page\">\n\t\t\t\t\t\t<section class=\"elementor-section elementor-top-section elementor-element elementor-element-56699d7 elementor-section-boxed elementor-section-height-default elementor-section-height-default\" data-id=\"56699d7\" data-element_type=\"section\" data-e-type=\"section\">\n\t\t\t\t\t\t<div class=\"elementor-container elementor-column-gap-default\">\n\t\t\t\t\t<div class=\"elementor-column elementor-col-100 elementor-top-column elementor-element elementor-element-9489344\" data-id=\"9489344\" data-element_type=\"column\" data-e-type=\"column\">\n\t\t\t<div class=\"elementor-widget-wrap elementor-element-populated\">\n\t\t\t\t\t\t<div class=\"elementor-element elementor-element-667bba6 elementor-widget elementor-widget-image\" data-id=\"667bba6\" data-element_type=\"widget\" data-e-type=\"widget\" data-widget_type=\"image.default\">\n\t\t\t\t<div class=\"elementor-widget-container\">\n\t\t\t\t\t\t\t\t\t\t\t\t\t\t\t<img fetchpriority=\"high\" decoding=\"async\" width=\"774\" height=\"536\" src=\"https:\/\/diocese-lgf.ch\/wp-content\/uploads\/2020\/08\/devenir-cath.png\" class=\"attachment-large size-large wp-image-5145\" alt=\"\" srcset=\"https:\/\/diocese-lgf.ch\/wp-content\/uploads\/2020\/08\/devenir-cath.png 774w, https:\/\/diocese-lgf.ch\/wp-content\/uploads\/2020\/08\/devenir-cath-300x208.png 300w, https:\/\/diocese-lgf.ch\/wp-content\/uploads\/2020\/08\/devenir-cath-768x532.png 768w\" sizes=\"(max-width: 774px) 100vw, 774px\" \/>\t\t\t\t\t\t\t\t\t\t\t\t\t\t\t<\/div>\n\t\t\t\t<\/div>\n\t\t\t\t\t<\/div>\n\t\t<\/div>\n\t\t\t\t\t<\/div>\n\t\t<\/section>\n\t\t\t\t<section class=\"elementor-section elementor-top-section elementor-element elementor-element-611ebea7 elementor-section-boxed elementor-section-height-default elementor-section-height-default\" data-id=\"611ebea7\" data-element_type=\"section\" data-e-type=\"section\">\n\t\t\t\t\t\t<div class=\"elementor-container elementor-column-gap-default\">\n\t\t\t\t\t<div class=\"elementor-column elementor-col-100 elementor-top-column elementor-element elementor-element-2ec59265\" data-id=\"2ec59265\" data-element_type=\"column\" data-e-type=\"column\">\n\t\t\t<div class=\"elementor-widget-wrap elementor-element-populated\">\n\t\t\t\t\t\t<div class=\"elementor-element elementor-element-46a4055 elementor-widget elementor-widget-text-editor\" data-id=\"46a4055\" data-element_type=\"widget\" data-e-type=\"widget\" data-widget_type=\"text-editor.default\">\n\t\t\t\t<div class=\"elementor-widget-container\">\n\t\t\t\t\t\t\t\t\t<div>Jenen Erwachsenen, die sich taufen lassen m\u00f6chten, oder die darum bitten, in die katholische Kirche aufgenommen zu werden, nachdem sie bereits in einer anderen christlichen Konfession getauft wurden, schl\u00e4gt die katholische Kirche den Weg des Katechumenats vor. Es ist eine Zeit, in der sich Katechesestunden und liturgische Etappen und Feiern miteinander vermischen und den Weg ebnen. Auf diesem Weg werden die Katechumenen immer mehr Jesus und Gott, seinen Vater, entdecken, sich mit der christlichen Gemeinschaft vertraut machen und sich f\u00fcr das Wirken Gottes in ihrem t\u00e4glichen Leben \u00f6ffnen.<\/div><h4>LITURGISCHEN ETAPPEN<\/h4><p>Die liturgischen Etappen sollen wichtige Meilensteine auf dem Weg sein und noch mehr Dynamik verleihen :\u00a0<\/p><ul><li><span lang=\"DE\">Der Eintritt in das Katechumenat\u00a0<\/span>oder in die Kirche ist der erste Schritt der Kandidatin oder des Kandidaten in die christliche Gemeinschaft. Sie oder er w\u00e4hlt diesen Ansatz aus freien St\u00fccken und empf\u00e4ngt die Bibel und das Kreuz.<\/li><li><span lang=\"DE\">Der entscheidende Aufruf\u00a0<\/span>geschieht zu Beginn der Fastenzeit, 40 Tage vor der Feier der Taufe. Sie findet unter Leitung des Bischofs statt, der jeden Katechumenen mit seinem Namen aufruft.<\/li><li><span lang=\"DE\">Taufe, Firmung und Eucharistie\u00a0<\/span>werden in der Osternacht gefeiert<\/li><\/ul><h4><span lang=\"DE\">M\u00f6chten Sie mehr dar\u00fcber erfahren?<\/span><\/h4><p><span lang=\"DE\">Nehmen Sie mit den Diensten des Katechumenats der Kantone Ihrer Di\u00f6zese Kontakt auf:<\/span><\/p><ul><li><a href=\"https:\/\/www.cath-vd.ch\/etapes_de_la_vie\/devenir-catholique\/\" target=\"_blank\" rel=\"noopener\">Waadt<\/a><\/li><li><a href=\"https:\/\/www.eglisecatholique-ge.ch\/decouvrir\/services\/catechese\/\" target=\"_blank\" rel=\"noopener\">Genf<\/a><\/li><li><a href=\"https:\/\/www.cath-fr.ch\/region-diocesaine\/catechumenat\/\" target=\"_blank\" rel=\"noopener\">franz\u00f6sischsprachiges Freiburg<\/a><\/li><li><a href=\"https:\/\/www.kath-fr.ch\/erwachsenentaufe\" target=\"_blank\" rel=\"noopener\">deutschsprachiges Freiburg<\/a><\/li><li><a href=\"https:\/\/www.cath-ne.ch\/catechumenat-des-adultes\" target=\"_blank\" rel=\"noopener\">Neuenburg<\/a><\/li><\/ul>\t\t\t\t\t\t\t\t<\/div>\n\t\t\t\t<\/div>\n\t\t\t\t\t<\/div>\n\t\t<\/div>\n\t\t\t\t\t<\/div>\n\t\t<\/section>\n\t\t\t\t<\/div>\n\t\t<\/div>","protected":false},"excerpt":{"rendered":"<p>Jenen Erwachsenen, die sich taufen lassen m\u00f6chten, oder die darum bitten, in die katholische Kirche aufgenommen zu werden, nachdem sie bereits in einer anderen christlichen Konfession getauft wurden, schl\u00e4gt die [&hellip;]<\/p>\n","protected":false},"author":4,"featured_media":0,"parent":6327,"menu_order":1,"comment_status":"closed","ping_status":"closed","template":"","meta":{"_acf_changed":false,"footnotes":""},"categories":[70],"tags":[],"class_list":["post-6533","page","type-page","status-publish","hentry","category-vie-eglise-de"],"acf":[],"_links":{"self":[{"href":"https:\/\/diocese-lgf.ch\/de\/wp-json\/wp\/v2\/pages\/6533","targetHints":{"allow":["GET"]}}],"collection":[{"href":"https:\/\/diocese-lgf.ch\/de\/wp-json\/wp\/v2\/pages"}],"about":[{"href":"https:\/\/diocese-lgf.ch\/de\/wp-json\/wp\/v2\/types\/page"}],"author":[{"embeddable":true,"href":"https:\/\/diocese-lgf.ch\/de\/wp-json\/wp\/v2\/users\/4"}],"replies":[{"embeddable":true,"href":"https:\/\/diocese-lgf.ch\/de\/wp-json\/wp\/v2\/comments?post=6533"}],"version-history":[{"count":20,"href":"https:\/\/diocese-lgf.ch\/de\/wp-json\/wp\/v2\/pages\/6533\/revisions"}],"predecessor-version":[{"id":19205,"href":"https:\/\/diocese-lgf.ch\/de\/wp-json\/wp\/v2\/pages\/6533\/revisions\/19205"}],"up":[{"embeddable":true,"href":"https:\/\/diocese-lgf.ch\/de\/wp-json\/wp\/v2\/pages\/6327"}],"wp:attachment":[{"href":"https:\/\/diocese-lgf.ch\/de\/wp-json\/wp\/v2\/media?parent=6533"}],"wp:term":[{"taxonomy":"category","embeddable":true,"href":"https:\/\/diocese-lgf.ch\/de\/wp-json\/wp\/v2\/categories?post=6533"},{"taxonomy":"post_tag","embeddable":true,"href":"https:\/\/diocese-lgf.ch\/de\/wp-json\/wp\/v2\/tags?post=6533"}],"curies":[{"name":"wp","href":"https:\/\/api.w.org\/{rel}","templated":true}]}}