{"id":6512,"date":"2020-10-09T11:28:15","date_gmt":"2020-10-09T09:28:15","guid":{"rendered":"https:\/\/diocese-lgf.emblematik.dev\/mgr-alain-de-raemy\/wappen-und-wahlspruch\/"},"modified":"2020-10-09T11:48:31","modified_gmt":"2020-10-09T09:48:31","slug":"wappen-und-wahlspruch","status":"publish","type":"page","link":"https:\/\/diocese-lgf.ch\/de\/bischofe\/mgr-alain-de-raemy\/wappen-und-wahlspruch\/","title":{"rendered":"Wappen und Wahlspruch"},"content":{"rendered":"<div class=\"pf-content\">\t\t<div data-elementor-type=\"wp-post\" data-elementor-id=\"6512\" class=\"elementor elementor-6512 elementor-648\" data-elementor-post-type=\"page\">\n\t\t\t\t\t\t<section class=\"elementor-section elementor-top-section elementor-element elementor-element-4b3091c elementor-section-boxed elementor-section-height-default elementor-section-height-default\" data-id=\"4b3091c\" data-element_type=\"section\" data-e-type=\"section\">\n\t\t\t\t\t\t<div class=\"elementor-container elementor-column-gap-default\">\n\t\t\t\t\t<div class=\"elementor-column elementor-col-100 elementor-top-column elementor-element elementor-element-e1526ed\" data-id=\"e1526ed\" data-element_type=\"column\" data-e-type=\"column\">\n\t\t\t<div class=\"elementor-widget-wrap elementor-element-populated\">\n\t\t\t\t\t\t<div class=\"elementor-element elementor-element-74b02ff elementor-widget elementor-widget-heading\" data-id=\"74b02ff\" data-element_type=\"widget\" data-e-type=\"widget\" data-widget_type=\"heading.default\">\n\t\t\t\t<div class=\"elementor-widget-container\">\n\t\t\t\t\t<h2 class=\"elementor-heading-title elementor-size-default\">Wappen<\/h2>\t\t\t\t<\/div>\n\t\t\t\t<\/div>\n\t\t\t\t<div class=\"elementor-element elementor-element-04cae48 elementor-widget elementor-widget-text-editor\" data-id=\"04cae48\" data-element_type=\"widget\" data-e-type=\"widget\" data-widget_type=\"text-editor.default\">\n\t\t\t\t<div class=\"elementor-widget-container\">\n\t\t\t\t\t\t\t\t\t<p><a href=\"https:\/\/diocese-lgf.ch\/wp-content\/uploads\/2019\/10\/armes_deRaemy.pdf\">Erkl\u00e4rungen<\/a><a href=\"https:\/\/diocese-lgf.ch\/wp-content\/uploads\/2019\/10\/armes_deRaemy.pdf\"><img decoding=\"async\" class=\"alignright wp-image-2457\" src=\"https:\/\/diocese-lgf.ch\/wp-content\/uploads\/2019\/10\/armes_AdR_web-259x300.png\" alt=\"\" width=\"150\" height=\"174\" srcset=\"https:\/\/diocese-lgf.ch\/wp-content\/uploads\/2019\/10\/armes_AdR_web-259x300.png 259w, https:\/\/diocese-lgf.ch\/wp-content\/uploads\/2019\/10\/armes_AdR_web.png 700w\" sizes=\"(max-width: 150px) 100vw, 150px\" \/><\/a> der Wappen von Mgr. de Raemy von Pierre Zwick, &#8222;Les armoiries de Monseigneur Alain de Raemy&#8220; in Archives h\u00e9raldiques suisses, Separata aus Heft 2014, S. 97\u201399.<\/p>\n\t\t\t\t\t\t\t\t<\/div>\n\t\t\t\t<\/div>\n\t\t\t\t\t<\/div>\n\t\t<\/div>\n\t\t\t\t\t<\/div>\n\t\t<\/section>\n\t\t\t\t<section class=\"elementor-section elementor-top-section elementor-element elementor-element-9dec247 elementor-section-boxed elementor-section-height-default elementor-section-height-default\" data-id=\"9dec247\" data-element_type=\"section\" data-e-type=\"section\">\n\t\t\t\t\t\t<div class=\"elementor-container elementor-column-gap-default\">\n\t\t\t\t\t<div class=\"elementor-column elementor-col-100 elementor-top-column elementor-element elementor-element-3177621\" data-id=\"3177621\" data-element_type=\"column\" data-e-type=\"column\">\n\t\t\t<div class=\"elementor-widget-wrap elementor-element-populated\">\n\t\t\t\t\t\t<div class=\"elementor-element elementor-element-d04abb3 elementor-widget elementor-widget-heading\" data-id=\"d04abb3\" data-element_type=\"widget\" data-e-type=\"widget\" data-widget_type=\"heading.default\">\n\t\t\t\t<div class=\"elementor-widget-container\">\n\t\t\t\t\t<h2 class=\"elementor-heading-title elementor-size-default\">Wahlspruch<\/h2>\t\t\t\t<\/div>\n\t\t\t\t<\/div>\n\t\t\t\t<div class=\"elementor-element elementor-element-b6d5e08 elementor-widget elementor-widget-text-editor\" data-id=\"b6d5e08\" data-element_type=\"widget\" data-e-type=\"widget\" data-widget_type=\"text-editor.default\">\n\t\t\t\t<div class=\"elementor-widget-container\">\n\t\t\t\t\t\t\t\t\t<div><i><span lang=\"DE-CH\">Mgr. De Raemy erkl\u00e4rt die Wahl seiner Devise: Apud Dominum Misericordia (die Barmherzigkeit ist beim Herrn).<\/span><\/i><br \/><i><span lang=\"DE-CH\"><br \/><\/span><\/i><\/div><p>Dieser Satz fasst den Psalm 129 oder 130 gut zusammen (wobei es zwei Arten gibt, die Psalmen zu z\u00e4hlen oder zu unterteilen).<br \/><span style=\"font-size: 1rem\">Es geht um das ber\u00fchmte De Profundis, das mit den Worten beginnt: \u00abAus der Tiefe (mit anderen Worten: aus meiner Situation, meinem Zustand, meiner Verzweiflung oder dem Tiefsten meines Selbst) rufe ich, Herr, zu Dir: Herr, erh\u00f6re meine Stimme.\u00bb<br \/><\/span><span style=\"font-size: 1rem\">Das war einer der Psalmen, die wir gesungen haben, als wir auf den Tempel von Jerusalem auf den Zionsh\u00fcgel gestiegen sind. Es ist der Psalm der Aufstiege, ein Psalm zum Aufsteigen auf den Berg und wieder von Neuem beginnen. Ein Satz, der den biblischen Ruf gut zusammenfasst, nach oben und nach innen gerichtet. Aber das Wort der \u00abBarmherzigkeit\u00bb findet sich nicht darin &#8230;<br \/><\/span>Trotzdem geht es in diesem Psalm um das Vertrauen in Gott, das m\u00f6glich wird durch seine Liebe, seine Vergebung, seine Gnade, seine Treue, sein Wort, seine F\u00e4higkeit, uns zu retten, zu befreien, uns zu erl\u00f6sen. Aber erstaunlicherweise kommt das Wort \u00abBarmherzigkeit\u00bb hier gar nicht vor. In der ganzen Vielfalt von \u00dcbersetzungen, die das hebr\u00e4ische Vokabular wiedergeben, kommt der Begriff tats\u00e4chlich nicht vor. Ist das verwunderlich? Oder ist es nicht eher die Barmherzigkeit, die alle anderen Ausdr\u00fccke zusammenfasst und wieder aufnimmt?<br \/>Letzteres ist meine Meinung und der Grund f\u00fcr meine Wahl: Gott ist Liebe, nichts anderes. Und in seiner Liebe ist er Barmherzigkeit, denn seine Liebe ist nicht ausschliesslich, nicht wie ein Liebender, der seine Frau lieben und seine Schwester hassen kann. Nein, die Liebe Gottes ist f\u00fcr alle gleich, sie passt sich an alle an: auch an den S\u00fcnder, dem sie Barmherzigkeit gew\u00e4hrt. Das heisst, dass in Jesus Gott alles tut, \u00abbis zum Tod, und dem Tod am Kreuz\u00bb, um uns in der Liebe zu erneuern, uns zur Liebe zur\u00fcckzuf\u00fchren.<br \/>In der Justiz gibt es das Recht auf Beschwerde. Bei Gott ist dieses Recht unendlich. Es ist die Barmherzigkeit.<\/p><p><span style=\"font-size: 1rem\">Schon bei meiner Priesterweihe habe ich diesen Psalm gew\u00e4hlt, \u00abdenn beim Herrn ist die Huld, bei ihm ist die Erl\u00f6sung in F\u00fclle\u00bb. Der Priester ist dieses Ja zur Liebe in Jesus und zur Vergebung Gottes. Und das Gebet der Psalmen ist sein Brevier. Die Bischofsweihe hat mir die Gelegenheit geschenkt, pr\u00e4gnanter und pr\u00e4ziser zu sein, immer mehr in Seiner g\u00f6ttlichen Barmherzigkeit zu leben, f\u00fcr alle und f\u00fcr mich.<\/span><\/p><p class=\"align-justify\">+ Alain de Raemy<\/p>\t\t\t\t\t\t\t\t<\/div>\n\t\t\t\t<\/div>\n\t\t\t\t\t<\/div>\n\t\t<\/div>\n\t\t\t\t\t<\/div>\n\t\t<\/section>\n\t\t\t\t<\/div>\n\t\t<\/div>","protected":false},"excerpt":{"rendered":"<p>Wappen Erkl\u00e4rungen der Wappen von Mgr. de Raemy von Pierre Zwick, &#8222;Les armoiries de Monseigneur Alain de Raemy&#8220; in Archives h\u00e9raldiques suisses, Separata aus Heft 2014, S. 97\u201399. Wahlspruch Mgr. [&hellip;]<\/p>\n","protected":false},"author":5,"featured_media":0,"parent":6480,"menu_order":3,"comment_status":"closed","ping_status":"closed","template":"","meta":{"_acf_changed":false,"footnotes":""},"categories":[124,120],"tags":[],"class_list":["post-6512","page","type-page","status-publish","hentry","category-adr-de","category-bischofe"],"acf":[],"_links":{"self":[{"href":"https:\/\/diocese-lgf.ch\/de\/wp-json\/wp\/v2\/pages\/6512","targetHints":{"allow":["GET"]}}],"collection":[{"href":"https:\/\/diocese-lgf.ch\/de\/wp-json\/wp\/v2\/pages"}],"about":[{"href":"https:\/\/diocese-lgf.ch\/de\/wp-json\/wp\/v2\/types\/page"}],"author":[{"embeddable":true,"href":"https:\/\/diocese-lgf.ch\/de\/wp-json\/wp\/v2\/users\/5"}],"replies":[{"embeddable":true,"href":"https:\/\/diocese-lgf.ch\/de\/wp-json\/wp\/v2\/comments?post=6512"}],"version-history":[{"count":9,"href":"https:\/\/diocese-lgf.ch\/de\/wp-json\/wp\/v2\/pages\/6512\/revisions"}],"predecessor-version":[{"id":6530,"href":"https:\/\/diocese-lgf.ch\/de\/wp-json\/wp\/v2\/pages\/6512\/revisions\/6530"}],"up":[{"embeddable":true,"href":"https:\/\/diocese-lgf.ch\/de\/wp-json\/wp\/v2\/pages\/6480"}],"wp:attachment":[{"href":"https:\/\/diocese-lgf.ch\/de\/wp-json\/wp\/v2\/media?parent=6512"}],"wp:term":[{"taxonomy":"category","embeddable":true,"href":"https:\/\/diocese-lgf.ch\/de\/wp-json\/wp\/v2\/categories?post=6512"},{"taxonomy":"post_tag","embeddable":true,"href":"https:\/\/diocese-lgf.ch\/de\/wp-json\/wp\/v2\/tags?post=6512"}],"curies":[{"name":"wp","href":"https:\/\/api.w.org\/{rel}","templated":true}]}}