{"id":6480,"date":"2020-10-09T11:15:16","date_gmt":"2020-10-09T09:15:16","guid":{"rendered":"https:\/\/diocese-lgf.emblematik.dev\/mgr-alain-de-raemy\/"},"modified":"2022-10-31T14:20:25","modified_gmt":"2022-10-31T13:20:25","slug":"mgr-alain-de-raemy","status":"publish","type":"page","link":"https:\/\/diocese-lgf.ch\/de\/bischofe\/mgr-alain-de-raemy\/","title":{"rendered":"Mgr. Alain de Raemy"},"content":{"rendered":"<div class=\"pf-content\">\t\t<div data-elementor-type=\"wp-post\" data-elementor-id=\"6480\" class=\"elementor elementor-6480 elementor-647\" data-elementor-post-type=\"page\">\n\t\t\t\t\t\t<section class=\"elementor-section elementor-top-section elementor-element elementor-element-1b593fb elementor-section-boxed elementor-section-height-default elementor-section-height-default\" data-id=\"1b593fb\" data-element_type=\"section\" data-e-type=\"section\">\n\t\t\t\t\t\t<div class=\"elementor-container elementor-column-gap-default\">\n\t\t\t\t\t<div class=\"elementor-column elementor-col-100 elementor-top-column elementor-element elementor-element-3cbc844\" data-id=\"3cbc844\" data-element_type=\"column\" data-e-type=\"column\">\n\t\t\t<div class=\"elementor-widget-wrap elementor-element-populated\">\n\t\t\t\t\t\t<div class=\"elementor-element elementor-element-431507a elementor-widget elementor-widget-text-editor\" data-id=\"431507a\" data-element_type=\"widget\" data-e-type=\"widget\" data-widget_type=\"text-editor.default\">\n\t\t\t\t<div class=\"elementor-widget-container\">\n\t\t\t\t\t\t\t\t\t<div class=\"csc-textpic-text\"><p class=\"align-justify\"><img fetchpriority=\"high\" decoding=\"async\" class=\"alignright wp-image-19660 size-medium\" src=\"https:\/\/diocese-lgf.ch\/wp-content\/uploads\/2022\/10\/de-Raemy-Alain_photo-PEG_a-300x300.jpg\" alt=\"Mgr. Alain de Raemy\" width=\"300\" height=\"300\" srcset=\"https:\/\/diocese-lgf.ch\/wp-content\/uploads\/2022\/10\/de-Raemy-Alain_photo-PEG_a-300x300.jpg 300w, https:\/\/diocese-lgf.ch\/wp-content\/uploads\/2022\/10\/de-Raemy-Alain_photo-PEG_a-1024x1024.jpg 1024w, https:\/\/diocese-lgf.ch\/wp-content\/uploads\/2022\/10\/de-Raemy-Alain_photo-PEG_a-150x150.jpg 150w, https:\/\/diocese-lgf.ch\/wp-content\/uploads\/2022\/10\/de-Raemy-Alain_photo-PEG_a-768x768.jpg 768w, https:\/\/diocese-lgf.ch\/wp-content\/uploads\/2022\/10\/de-Raemy-Alain_photo-PEG_a-1536x1536.jpg 1536w, https:\/\/diocese-lgf.ch\/wp-content\/uploads\/2022\/10\/de-Raemy-Alain_photo-PEG_a.jpg 2000w\" sizes=\"(max-width: 300px) 100vw, 300px\" \/><\/p><p>Alain de Raemy ist am 10.\u00a0April 1959 in Barcelona geboren. Sein Vater war Freiburger und seine Mutter Walliserin. Er absolvierte die obligatorische Schulzeit bis 1974 in Barcelona, dann besuchte er das Kollegium des Benediktinerstifts Engelberg (OW), wo er das Gymnasium 1978 mit der lateinisch-englischen Matura abschloss. Nach einem Jahr Jurastudium in Z\u00fcrich (1978\u20131979) w\u00e4hlte er die Universit\u00e4t Freiburg f\u00fcr sein Studium der Philosophie und Theologie; als sich seine Berufung klar abzeichnete, trat er in das di\u00f6zesane Priesterseminar von Lausanne-Genf-Freiburg ein und setzte sein Theologiestudium als Seminarist fort. 1986 erhielt er sein Lizenziat mit einer Arbeit \u00fcber Ekklesiologie an der Universit\u00e4t Freiburg. Am 25.\u00a0Oktober 1986 wurde er in Freiburg zum Priester geweiht. Nachdem er von 1986 bis 1988 Vikar in der Pfarrei Saint-Pierre in Yverdon und von 1988 bis 1993 Pfarrer in solidum in Lausanne (in den Pfarreien Saint-Am\u00e9d\u00e9e, Saint-Andr\u00e9 und Saint-Esprit) gewesen war, setzte er seine theologischen Studien an der Gregoriana und dem Angelicum fort. 1995 war er Vikar in Morges, bevor er 1996 wieder nach Freiburg zur\u00fcckkehrte, wo er zuerst von 1996\u20132004 Pfarrer der Pfarrei Christ-K\u00f6nig, dann Pfarrer und Domherr der Kathedrale Sankt-Nikolaus sowie verantwortlicher Pfarrer f\u00fcr die Seelsorgeeinheit Unserer Lieben Frau von Freiburg (2004\u20132006) war. Am 1.\u00a0September 2006 wurde er Kaplan der P\u00e4pstlichen Schweizergarde im Vatikan. Alain de Raemy ist der franz\u00f6sischen, spanischen, deutschen, italienischen Sprache sowie des schweizerdeutschen Dialekts m\u00e4chtig und spricht auch Englisch.<\/p><p>Am 30.\u00a0November 2013 wurde er zum Weihbischof f\u00fcr die Di\u00f6zese Lausanne, Genf und Freiburg ernannt. Seine Bischofsweihe wurde am 11.\u00a0Januar 2014 in der Kathedrale Sankt-Nikolaus in Freiburg gefeiert.<\/p><p class=\"align-justify\">Mgr. de Raemy ist auch Mitglied des Pr\u00e4sidiums der Schweizer Bischofskonferenz f\u00fcr die Periode von Januar 2019 bis Dezember 2021.<\/p><p>Am 10. Oktober 2022 wurde er von Papst Franziskus zum Apostolischen Administrator der Di\u00f6zese Lugano ernannt.<\/p><\/div>\t\t\t\t\t\t\t\t<\/div>\n\t\t\t\t<\/div>\n\t\t\t\t\t<\/div>\n\t\t<\/div>\n\t\t\t\t\t<\/div>\n\t\t<\/section>\n\t\t\t\t<section class=\"elementor-section elementor-top-section elementor-element elementor-element-3fc8053 elementor-section-boxed elementor-section-height-default elementor-section-height-default\" data-id=\"3fc8053\" data-element_type=\"section\" data-e-type=\"section\">\n\t\t\t\t\t\t<div class=\"elementor-container elementor-column-gap-default\">\n\t\t\t\t\t<div class=\"elementor-column elementor-col-100 elementor-top-column elementor-element elementor-element-3ce58c0\" data-id=\"3ce58c0\" data-element_type=\"column\" data-e-type=\"column\">\n\t\t\t<div class=\"elementor-widget-wrap elementor-element-populated\">\n\t\t\t\t\t\t<div class=\"elementor-element elementor-element-f3fc131 elementor-widget elementor-widget-heading\" data-id=\"f3fc131\" data-element_type=\"widget\" data-e-type=\"widget\" data-widget_type=\"heading.default\">\n\t\t\t\t<div class=\"elementor-widget-container\">\n\t\t\t\t\t<h2 class=\"elementor-heading-title elementor-size-medium\">KontaKt<\/h2>\t\t\t\t<\/div>\n\t\t\t\t<\/div>\n\t\t\t\t\t<\/div>\n\t\t<\/div>\n\t\t\t\t\t<\/div>\n\t\t<\/section>\n\t\t\t\t<section class=\"elementor-section elementor-top-section elementor-element elementor-element-921ada8 elementor-section-boxed elementor-section-height-default elementor-section-height-default\" data-id=\"921ada8\" data-element_type=\"section\" data-e-type=\"section\">\n\t\t\t\t\t\t<div class=\"elementor-container elementor-column-gap-default\">\n\t\t\t\t\t<div class=\"elementor-column elementor-col-100 elementor-top-column elementor-element elementor-element-4a83df7\" data-id=\"4a83df7\" data-element_type=\"column\" data-e-type=\"column\">\n\t\t\t<div class=\"elementor-widget-wrap elementor-element-populated\">\n\t\t\t\t\t\t<div class=\"elementor-element elementor-element-c110ae0 elementor-icon-list--layout-traditional elementor-list-item-link-full_width elementor-widget elementor-widget-icon-list\" data-id=\"c110ae0\" data-element_type=\"widget\" data-e-type=\"widget\" data-widget_type=\"icon-list.default\">\n\t\t\t\t<div class=\"elementor-widget-container\">\n\t\t\t\t\t\t\t<ul class=\"elementor-icon-list-items\">\n\t\t\t\t\t\t\t<li class=\"elementor-icon-list-item\">\n\t\t\t\t\t\t\t\t\t\t\t<a href=\"mailto:curialugano@catt.ch\">\n\n\t\t\t\t\t\t\t\t\t\t\t\t<span class=\"elementor-icon-list-icon\">\n\t\t\t\t\t\t\t<i aria-hidden=\"true\" class=\"fas fa-arrow-circle-right\"><\/i>\t\t\t\t\t\t<\/span>\n\t\t\t\t\t\t\t\t\t\t<span class=\"elementor-icon-list-text\">Sekretariat des Bistums Lugano<\/span>\n\t\t\t\t\t\t\t\t\t\t\t<\/a>\n\t\t\t\t\t\t\t\t\t<\/li>\n\t\t\t\t\t\t<\/ul>\n\t\t\t\t\t\t<\/div>\n\t\t\t\t<\/div>\n\t\t\t\t<div class=\"elementor-element elementor-element-70a93f9 elementor-widget elementor-widget-heading\" data-id=\"70a93f9\" data-element_type=\"widget\" data-e-type=\"widget\" data-widget_type=\"heading.default\">\n\t\t\t\t<div class=\"elementor-widget-container\">\n\t\t\t\t\t<h2 class=\"elementor-heading-title elementor-size-medium\">LINKS<\/h2>\t\t\t\t<\/div>\n\t\t\t\t<\/div>\n\t\t\t\t<div class=\"elementor-element elementor-element-6853b7f elementor-icon-list--layout-traditional elementor-list-item-link-full_width elementor-widget elementor-widget-icon-list\" data-id=\"6853b7f\" data-element_type=\"widget\" data-e-type=\"widget\" data-widget_type=\"icon-list.default\">\n\t\t\t\t<div class=\"elementor-widget-container\">\n\t\t\t\t\t\t\t<ul class=\"elementor-icon-list-items\">\n\t\t\t\t\t\t\t<li class=\"elementor-icon-list-item\">\n\t\t\t\t\t\t\t\t\t\t\t<a href=\"https:\/\/diocese-lgf.ch\/de\/bischofe\/mgr-alain-de-raemy\/offentliche-agenda\/\" target=\"_blank\">\n\n\t\t\t\t\t\t\t\t\t\t\t\t<span class=\"elementor-icon-list-icon\">\n\t\t\t\t\t\t\t<i aria-hidden=\"true\" class=\"fas fa-arrow-circle-right\"><\/i>\t\t\t\t\t\t<\/span>\n\t\t\t\t\t\t\t\t\t\t<span class=\"elementor-icon-list-text\">\u00d6ffentliche Agenda<\/span>\n\t\t\t\t\t\t\t\t\t\t\t<\/a>\n\t\t\t\t\t\t\t\t\t<\/li>\n\t\t\t\t\t\t\t\t<li class=\"elementor-icon-list-item\">\n\t\t\t\t\t\t\t\t\t\t\t<a href=\"https:\/\/diocese-lgf.ch\/de\/mgr-alain-de-raemy\/reden-und-homilien\/\" target=\"_blank\">\n\n\t\t\t\t\t\t\t\t\t\t\t\t<span class=\"elementor-icon-list-icon\">\n\t\t\t\t\t\t\t<i aria-hidden=\"true\" class=\"fas fa-arrow-circle-right\"><\/i>\t\t\t\t\t\t<\/span>\n\t\t\t\t\t\t\t\t\t\t<span class=\"elementor-icon-list-text\">Reden und Homilien<\/span>\n\t\t\t\t\t\t\t\t\t\t\t<\/a>\n\t\t\t\t\t\t\t\t\t<\/li>\n\t\t\t\t\t\t\t\t<li class=\"elementor-icon-list-item\">\n\t\t\t\t\t\t\t\t\t\t\t<a href=\"https:\/\/diocese-lgf.ch\/de\/mgr-alain-de-raemy\/wappen-und-wahlspruch\/\" target=\"_blank\">\n\n\t\t\t\t\t\t\t\t\t\t\t\t<span class=\"elementor-icon-list-icon\">\n\t\t\t\t\t\t\t<i aria-hidden=\"true\" class=\"fas fa-arrow-circle-right\"><\/i>\t\t\t\t\t\t<\/span>\n\t\t\t\t\t\t\t\t\t\t<span class=\"elementor-icon-list-text\">Wappen und Wahlspruch<\/span>\n\t\t\t\t\t\t\t\t\t\t\t<\/a>\n\t\t\t\t\t\t\t\t\t<\/li>\n\t\t\t\t\t\t<\/ul>\n\t\t\t\t\t\t<\/div>\n\t\t\t\t<\/div>\n\t\t\t\t\t<\/div>\n\t\t<\/div>\n\t\t\t\t\t<\/div>\n\t\t<\/section>\n\t\t\t\t<\/div>\n\t\t<\/div>","protected":false},"excerpt":{"rendered":"<p>Alain de Raemy ist am 10.\u00a0April 1959 in Barcelona geboren. Sein Vater war Freiburger und seine Mutter Walliserin. Er absolvierte die obligatorische Schulzeit bis 1974 in Barcelona, dann besuchte er [&hellip;]<\/p>\n","protected":false},"author":5,"featured_media":0,"parent":7992,"menu_order":2,"comment_status":"closed","ping_status":"closed","template":"","meta":{"_acf_changed":false,"footnotes":""},"categories":[120],"tags":[],"class_list":["post-6480","page","type-page","status-publish","hentry","category-bischofe"],"acf":[],"_links":{"self":[{"href":"https:\/\/diocese-lgf.ch\/de\/wp-json\/wp\/v2\/pages\/6480","targetHints":{"allow":["GET"]}}],"collection":[{"href":"https:\/\/diocese-lgf.ch\/de\/wp-json\/wp\/v2\/pages"}],"about":[{"href":"https:\/\/diocese-lgf.ch\/de\/wp-json\/wp\/v2\/types\/page"}],"author":[{"embeddable":true,"href":"https:\/\/diocese-lgf.ch\/de\/wp-json\/wp\/v2\/users\/5"}],"replies":[{"embeddable":true,"href":"https:\/\/diocese-lgf.ch\/de\/wp-json\/wp\/v2\/comments?post=6480"}],"version-history":[{"count":20,"href":"https:\/\/diocese-lgf.ch\/de\/wp-json\/wp\/v2\/pages\/6480\/revisions"}],"predecessor-version":[{"id":19839,"href":"https:\/\/diocese-lgf.ch\/de\/wp-json\/wp\/v2\/pages\/6480\/revisions\/19839"}],"up":[{"embeddable":true,"href":"https:\/\/diocese-lgf.ch\/de\/wp-json\/wp\/v2\/pages\/7992"}],"wp:attachment":[{"href":"https:\/\/diocese-lgf.ch\/de\/wp-json\/wp\/v2\/media?parent=6480"}],"wp:term":[{"taxonomy":"category","embeddable":true,"href":"https:\/\/diocese-lgf.ch\/de\/wp-json\/wp\/v2\/categories?post=6480"},{"taxonomy":"post_tag","embeddable":true,"href":"https:\/\/diocese-lgf.ch\/de\/wp-json\/wp\/v2\/tags?post=6480"}],"curies":[{"name":"wp","href":"https:\/\/api.w.org\/{rel}","templated":true}]}}