{"id":6432,"date":"2020-10-09T10:35:52","date_gmt":"2020-10-09T08:35:52","guid":{"rendered":"https:\/\/diocese-lgf.emblematik.dev\/geschichte\/ehemalige-bischofe\/"},"modified":"2024-10-07T11:33:27","modified_gmt":"2024-10-07T09:33:27","slug":"ehemalige-bischofe","status":"publish","type":"page","link":"https:\/\/diocese-lgf.ch\/de\/geschichte\/ehemalige-bischofe\/","title":{"rendered":"Ehemalige Bisch\u00f6fe"},"content":{"rendered":"<div class=\"pf-content\">\t\t<div data-elementor-type=\"wp-post\" data-elementor-id=\"6432\" class=\"elementor elementor-6432 elementor-1852\" data-elementor-post-type=\"page\">\n\t\t\t\t\t\t<section class=\"elementor-section elementor-top-section elementor-element elementor-element-da2b334 elementor-section-boxed elementor-section-height-default elementor-section-height-default\" data-id=\"da2b334\" data-element_type=\"section\" data-e-type=\"section\">\n\t\t\t\t\t\t<div class=\"elementor-container elementor-column-gap-default\">\n\t\t\t\t\t<div class=\"elementor-column elementor-col-100 elementor-top-column elementor-element elementor-element-4185792\" data-id=\"4185792\" data-element_type=\"column\" data-e-type=\"column\">\n\t\t\t<div class=\"elementor-widget-wrap elementor-element-populated\">\n\t\t\t\t\t\t<div class=\"elementor-element elementor-element-7b19acb elementor-widget elementor-widget-image\" data-id=\"7b19acb\" data-element_type=\"widget\" data-e-type=\"widget\" data-widget_type=\"image.default\">\n\t\t\t\t<div class=\"elementor-widget-container\">\n\t\t\t\t\t\t\t\t\t\t\t\t\t\t\t<img fetchpriority=\"high\" decoding=\"async\" width=\"1024\" height=\"683\" src=\"https:\/\/diocese-lgf.ch\/wp-content\/uploads\/2019\/10\/3-couvre-chefs_petite-resol-1024x683.jpg\" class=\"attachment-large size-large wp-image-1916\" alt=\"\" srcset=\"https:\/\/diocese-lgf.ch\/wp-content\/uploads\/2019\/10\/3-couvre-chefs_petite-resol-1024x683.jpg 1024w, https:\/\/diocese-lgf.ch\/wp-content\/uploads\/2019\/10\/3-couvre-chefs_petite-resol-300x200.jpg 300w, https:\/\/diocese-lgf.ch\/wp-content\/uploads\/2019\/10\/3-couvre-chefs_petite-resol-768x512.jpg 768w, https:\/\/diocese-lgf.ch\/wp-content\/uploads\/2019\/10\/3-couvre-chefs_petite-resol.jpg 1197w\" sizes=\"(max-width: 1024px) 100vw, 1024px\" \/>\t\t\t\t\t\t\t\t\t\t\t\t\t\t\t<\/div>\n\t\t\t\t<\/div>\n\t\t\t\t<div class=\"elementor-element elementor-element-2e3e576 elementor-widget elementor-widget-toggle\" data-id=\"2e3e576\" data-element_type=\"widget\" data-e-type=\"widget\" data-widget_type=\"toggle.default\">\n\t\t\t\t<div class=\"elementor-widget-container\">\n\t\t\t\t\t\t\t<div class=\"elementor-toggle\">\n\t\t\t\t\t\t\t<div class=\"elementor-toggle-item\">\n\t\t\t\t\t<div id=\"elementor-tab-title-4841\" class=\"elementor-tab-title\" data-tab=\"1\" role=\"button\" aria-controls=\"elementor-tab-content-4841\" aria-expanded=\"false\">\n\t\t\t\t\t\t\t\t\t\t\t\t<span class=\"elementor-toggle-icon elementor-toggle-icon-left\" aria-hidden=\"true\">\n\t\t\t\t\t\t\t\t\t\t\t\t\t\t\t<span class=\"elementor-toggle-icon-closed\"><i class=\"fas fa-caret-right\"><\/i><\/span>\n\t\t\t\t\t\t\t\t<span class=\"elementor-toggle-icon-opened\"><i class=\"elementor-toggle-icon-opened fas fa-caret-up\"><\/i><\/span>\n\t\t\t\t\t\t\t\t\t\t\t\t\t<\/span>\n\t\t\t\t\t\t\t\t\t\t\t\t<a class=\"elementor-toggle-title\" tabindex=\"0\">Pierre FARINE, Weihbischof von 1996 bis 2015<\/a>\n\t\t\t\t\t<\/div>\n\n\t\t\t\t\t<div id=\"elementor-tab-content-4841\" class=\"elementor-tab-content elementor-clearfix\" data-tab=\"1\" role=\"region\" aria-labelledby=\"elementor-tab-title-4841\"><p><img decoding=\"async\" class=\"size-medium wp-image-1861 alignleft\" src=\"https:\/\/diocese-lgf.ch\/wp-content\/uploads\/2019\/10\/Farine_Pierre_20121115-1-300x200.jpg\" alt=\"\" width=\"300\" height=\"200\" srcset=\"https:\/\/diocese-lgf.ch\/wp-content\/uploads\/2019\/10\/Farine_Pierre_20121115-1-300x200.jpg 300w, https:\/\/diocese-lgf.ch\/wp-content\/uploads\/2019\/10\/Farine_Pierre_20121115-1-768x512.jpg 768w, https:\/\/diocese-lgf.ch\/wp-content\/uploads\/2019\/10\/Farine_Pierre_20121115-1-1024x683.jpg 1024w\" sizes=\"(max-width: 300px) 100vw, 300px\" \/><\/p>\n<p>Pierre Farine, der urspr\u00fcnglich aus Courroux im Jura stammt, wurde am 31.&nbsp;Mai 1940 in Locarno (TI) geboren. Seine Kindheit hat er in Winterthur (ZH) verbracht und dort auch die ersten Jahre die Primarschule besucht.<\/p>\n<p>Durch seine Familie und seine Kindheit, die er in verschiedenen Sprachregionen der Schweiz verbrachte, hat Pierre Farine umfassende Sprachkenntnisse erworben in Franz\u00f6sisch, Deutsch, Italienisch und der Tessiner Mundart.<\/p>\n<p>Die Schulbildung an den Gymnasien von Montreux (Waadt) und Saint-Maurice (Wallis) schloss er 1960 mit der eidgen\u00f6ssischen Matura ab und trat ins Di\u00f6zesanseminar von Freiburg ein, wo er bis 1965 blieb.<\/p>\n<p>Am 27. Juni 1965 wurde er von Bischof Fran\u00e7ois Charri\u00e8re in Lausanne zum Priester geweiht.<\/p>\n<p>Im gleichen Jahr wurde er zum Kaplan der Pfarrei Saint-Maurice in Pully ernannt und zwei Jahre sp\u00e4ter \u00fcbernahm er den Auftrag, als Seelsorger f\u00fcr den Schweizer Verband der katholischen Pfadfinderinnen f\u00fcr die Westschweiz t\u00e4tig zu werden. 1970 wurde er zum Kaplan der Pfarrei Notre-Dame in Genf ernannt und 1973 zum Kaplan der Pfarrei Sainte-Trinit\u00e9 in Genf. Pierre Farine engagierte sich in der Jugendpastoral, zun\u00e4chst als stellvertretender Seelsorger der Genfer katholischen Studentenjugend (JEC), dann ab 1975 als Leiter der Jugendpastoral f\u00fcr den Kanton Genf und sp\u00e4ter (1980) als kantonaler Seelsorger f\u00fcr die Sekundarstufe. 1986 wurde er zum Pfarrer der Pfarrei Saint-Maurice in Bernex ernannt und vier Jahre sp\u00e4ter nach der Neuaufteilung des Kantonsgebiets Genf in f\u00fcnf Erzpriestert\u00fcmer zum Erzpriester (Dekan) von Saint-Maurice und sp\u00e4ter vom Erzpriestertum des Hl. Franz von Sales.<\/p>\n<p>Er wurde am 12. August 1996 zum Weihbischof von Genf ernannt und am 20.&nbsp;Oktober 1996 in Freiburg zum Bischof geweiht. Vom 26.&nbsp;September 2010 bis zum Amtsantritt des neuen Bischofs (am 11.&nbsp;Dezember 2011) amtete Weihbischof Farine als di\u00f6zesaner Administrator f\u00fcr das Bistum von Lausanne, Genf und Freiburg.<\/p>\n<p>Am 30.&nbsp;Juni 2015 nahm Papst Franziskus den R\u00fccktritt von Weihbischof Farine an. F\u00fcr die Zwischenzeit (bis zum 29. Februar 2016) wurde Weihbischof Farine zum Administrator des bisch\u00f6flichen Vikariats f\u00fcr den Kanton Genf ernannt.<\/p><\/div>\n\t\t\t\t<\/div>\n\t\t\t\t\t\t\t<div class=\"elementor-toggle-item\">\n\t\t\t\t\t<div id=\"elementor-tab-title-4842\" class=\"elementor-tab-title\" data-tab=\"2\" role=\"button\" aria-controls=\"elementor-tab-content-4842\" aria-expanded=\"false\">\n\t\t\t\t\t\t\t\t\t\t\t\t<span class=\"elementor-toggle-icon elementor-toggle-icon-left\" aria-hidden=\"true\">\n\t\t\t\t\t\t\t\t\t\t\t\t\t\t\t<span class=\"elementor-toggle-icon-closed\"><i class=\"fas fa-caret-right\"><\/i><\/span>\n\t\t\t\t\t\t\t\t<span class=\"elementor-toggle-icon-opened\"><i class=\"elementor-toggle-icon-opened fas fa-caret-up\"><\/i><\/span>\n\t\t\t\t\t\t\t\t\t\t\t\t\t<\/span>\n\t\t\t\t\t\t\t\t\t\t\t\t<a class=\"elementor-toggle-title\" tabindex=\"0\">Bernard GENOUD, Di\u00f6zesanbischof von 1999 bis 2010<\/a>\n\t\t\t\t\t<\/div>\n\n\t\t\t\t\t<div id=\"elementor-tab-content-4842\" class=\"elementor-tab-content elementor-clearfix\" data-tab=\"2\" role=\"region\" aria-labelledby=\"elementor-tab-title-4842\"><p><img decoding=\"async\" class=\"size-medium wp-image-1873 alignleft\" src=\"https:\/\/diocese-lgf.ch\/wp-content\/uploads\/2019\/10\/GENOUD-Bernard-300x233.jpg\" alt=\"\" width=\"300\" height=\"233\" srcset=\"https:\/\/diocese-lgf.ch\/wp-content\/uploads\/2019\/10\/GENOUD-Bernard-300x233.jpg 300w, https:\/\/diocese-lgf.ch\/wp-content\/uploads\/2019\/10\/GENOUD-Bernard.jpg 540w\" sizes=\"(max-width: 300px) 100vw, 300px\" \/>Bischof Genoud wurde 1942 in Ch\u00e2tel-St-Denis geboren. Er wurde am 22. Juni 1968 in Freiburg zum Priester geweiht. Erst war er Lehrer am Lehrerseminar Freiburg, dann am Kollegium St. Michael in Freiburg. In den 70er Jahren erteilte er am Gymnasium des S\u00fcdens (Coll\u00e8ge du Sud) in Bulle Philosophieunterricht und dann w\u00e4hrend mehrerer Jahre an der \u00c9cole de la Foi. Vor der \u00dcbernahme der Leitung der Di\u00f6zese Lausanne, Genf und Freiburg war er Regens des di\u00f6zesanen Priesterseminars (von 1994 bis 1996) und Lehrbeauftragter an der Universit\u00e4t Freiburg (von 1996 bis 1999). Am 24.&nbsp;Mai 1999 wurde er zum Bischof geweiht. Ab 2007 war er Mitglied des Pr\u00e4sidiums der Schweizer Bischofskonferenz (SBK) und ab 1999 Mitglied und Pr\u00e4sident der frankophonen Gruppe des europ\u00e4ischen bisch\u00f6flichen Rates f\u00fcr die Medien (CEEM). Bischof Genoud leitete den Abschluss des Di\u00f6zesanen Forums 2000, das dem Leben des Bistums neuen Ansporn, neue Hoffnung und neuen missionarischen und karitativen Elan einhauchen sollte. In der Folge dieser grossen Versammlung entstanden die di\u00f6zesanen Foren. Er hat die territoriale Pastoral unter dem Blickwinkel \u00abden Glauben vorschlagen\u00bb reformiert. Bernard Genoud verstarb an den Folgen einer Krebserkrankung am 21.&nbsp;September 2010 im Pflegeheim La Providence in Freiburg.<\/p><\/div>\n\t\t\t\t<\/div>\n\t\t\t\t\t\t\t<div class=\"elementor-toggle-item\">\n\t\t\t\t\t<div id=\"elementor-tab-title-4843\" class=\"elementor-tab-title\" data-tab=\"3\" role=\"button\" aria-controls=\"elementor-tab-content-4843\" aria-expanded=\"false\">\n\t\t\t\t\t\t\t\t\t\t\t\t<span class=\"elementor-toggle-icon elementor-toggle-icon-left\" aria-hidden=\"true\">\n\t\t\t\t\t\t\t\t\t\t\t\t\t\t\t<span class=\"elementor-toggle-icon-closed\"><i class=\"fas fa-caret-right\"><\/i><\/span>\n\t\t\t\t\t\t\t\t<span class=\"elementor-toggle-icon-opened\"><i class=\"elementor-toggle-icon-opened fas fa-caret-up\"><\/i><\/span>\n\t\t\t\t\t\t\t\t\t\t\t\t\t<\/span>\n\t\t\t\t\t\t\t\t\t\t\t\t<a class=\"elementor-toggle-title\" tabindex=\"0\">Pierre B\u00dcRCHER, Weihbischof von 1994 bis 2007<\/a>\n\t\t\t\t\t<\/div>\n\n\t\t\t\t\t<div id=\"elementor-tab-content-4843\" class=\"elementor-tab-content elementor-clearfix\" data-tab=\"3\" role=\"region\" aria-labelledby=\"elementor-tab-title-4843\"><p><img loading=\"lazy\" decoding=\"async\" class=\"size-full wp-image-1891 alignleft\" src=\"https:\/\/diocese-lgf.ch\/wp-content\/uploads\/2019\/10\/portrait_Burcher_P.jpg\" alt=\"\" width=\"230\" height=\"165\">Pierre B\u00fcrcher, am 20. Dezember 1945 in Fiesch (Wallis) geboren, wurde am 27. M\u00e4rz 1971 in Genf zum Priester geweiht. Am 29. Januar 1994 wurde er zum Weihbischof des Bistums Lausanne, Genf und Freiburg ernannt, am 12. M\u00e4rz 1994 geweiht. Am 30. Oktober 2007 ernannte ihn Papst Benedikt XVI. zum Bischof von Reykjavik, die Amts\u00fcbernahme erfolgte am 15. Dezember 2007. Papst Franziskus akzeptiert per 18. September 2015 den von ihm eingereichten vorzeitigen&nbsp; R\u00fccktritt aus gesundheitlichen Gr\u00fcnden. Vom 20. Mai 2019 bis am 19. M\u00e4rz 2021 war er apostolischer Administrator der Di\u00f6zese Chur.<\/p><\/div>\n\t\t\t\t<\/div>\n\t\t\t\t\t\t\t<div class=\"elementor-toggle-item\">\n\t\t\t\t\t<div id=\"elementor-tab-title-4844\" class=\"elementor-tab-title\" data-tab=\"4\" role=\"button\" aria-controls=\"elementor-tab-content-4844\" aria-expanded=\"false\">\n\t\t\t\t\t\t\t\t\t\t\t\t<span class=\"elementor-toggle-icon elementor-toggle-icon-left\" aria-hidden=\"true\">\n\t\t\t\t\t\t\t\t\t\t\t\t\t\t\t<span class=\"elementor-toggle-icon-closed\"><i class=\"fas fa-caret-right\"><\/i><\/span>\n\t\t\t\t\t\t\t\t<span class=\"elementor-toggle-icon-opened\"><i class=\"elementor-toggle-icon-opened fas fa-caret-up\"><\/i><\/span>\n\t\t\t\t\t\t\t\t\t\t\t\t\t<\/span>\n\t\t\t\t\t\t\t\t\t\t\t\t<a class=\"elementor-toggle-title\" tabindex=\"0\">Am\u00e9d\u00e9e GRAB, Di\u00f6zesanbischof von 1995 bis 1998<\/a>\n\t\t\t\t\t<\/div>\n\n\t\t\t\t\t<div id=\"elementor-tab-content-4844\" class=\"elementor-tab-content elementor-clearfix\" data-tab=\"4\" role=\"region\" aria-labelledby=\"elementor-tab-title-4844\"><p><img loading=\"lazy\" decoding=\"async\" class=\"size-medium wp-image-1896 alignleft\" src=\"https:\/\/diocese-lgf.ch\/wp-content\/uploads\/2019\/10\/portrait_Grab_A_2011-300x221.jpg\" alt=\"\" width=\"300\" height=\"221\" srcset=\"https:\/\/diocese-lgf.ch\/wp-content\/uploads\/2019\/10\/portrait_Grab_A_2011-300x221.jpg 300w, https:\/\/diocese-lgf.ch\/wp-content\/uploads\/2019\/10\/portrait_Grab_A_2011-768x567.jpg 768w, https:\/\/diocese-lgf.ch\/wp-content\/uploads\/2019\/10\/portrait_Grab_A_2011.jpg 1024w\" sizes=\"(max-width: 300px) 100vw, 300px\" \/>Antoine-Marie Grab wurde am 3. Februar 1930 in Z\u00fcrich geboren. Am 12. Juni 1954 wurde er zum Priester geweiht, im Februar 1987 zum Weihbischof von Genf, dann 1995 zum Bischof der Di\u00f6zese von Lausanne, Genf und Freiburg und 1998 an die Spitze des Bistums Chur ernannt. Er pr\u00e4sidierte die SBK von 1998 bis 2006. \u00dcberdies war er von 2001 bis 2006 Pr\u00e4sident des Rates der Europ\u00e4ischen Bischofskonferenzen (CCEE). Am 16. September 2007 emeritierte er. Am\u00e9d\u00e9e Grab verstarb am 19. Mai 2019.<\/p><\/div>\n\t\t\t\t<\/div>\n\t\t\t\t\t\t\t<div class=\"elementor-toggle-item\">\n\t\t\t\t\t<div id=\"elementor-tab-title-4845\" class=\"elementor-tab-title\" data-tab=\"5\" role=\"button\" aria-controls=\"elementor-tab-content-4845\" aria-expanded=\"false\">\n\t\t\t\t\t\t\t\t\t\t\t\t<span class=\"elementor-toggle-icon elementor-toggle-icon-left\" aria-hidden=\"true\">\n\t\t\t\t\t\t\t\t\t\t\t\t\t\t\t<span class=\"elementor-toggle-icon-closed\"><i class=\"fas fa-caret-right\"><\/i><\/span>\n\t\t\t\t\t\t\t\t<span class=\"elementor-toggle-icon-opened\"><i class=\"elementor-toggle-icon-opened fas fa-caret-up\"><\/i><\/span>\n\t\t\t\t\t\t\t\t\t\t\t\t\t<\/span>\n\t\t\t\t\t\t\t\t\t\t\t\t<a class=\"elementor-toggle-title\" tabindex=\"0\">Pierre MAMIE, Di\u00f6zesanbischof von 1970 bis 1995<\/a>\n\t\t\t\t\t<\/div>\n\n\t\t\t\t\t<div id=\"elementor-tab-content-4845\" class=\"elementor-tab-content elementor-clearfix\" data-tab=\"5\" role=\"region\" aria-labelledby=\"elementor-tab-title-4845\"><p><img loading=\"lazy\" decoding=\"async\" class=\"size-medium wp-image-1900 alignleft\" src=\"https:\/\/diocese-lgf.ch\/wp-content\/uploads\/2019\/10\/portrait_Mamie_P-300x197.jpg\" alt=\"\" width=\"300\" height=\"197\" srcset=\"https:\/\/diocese-lgf.ch\/wp-content\/uploads\/2019\/10\/portrait_Mamie_P-300x197.jpg 300w, https:\/\/diocese-lgf.ch\/wp-content\/uploads\/2019\/10\/portrait_Mamie_P-768x506.jpg 768w, https:\/\/diocese-lgf.ch\/wp-content\/uploads\/2019\/10\/portrait_Mamie_P.jpg 1024w\" sizes=\"(max-width: 300px) 100vw, 300px\" \/>Bischof Pierre Mamie, jurassischer Herkunft, geboren am 4.&nbsp;M\u00e4rz 1920 in La Chaux-de-Fonds, wurde am 7.&nbsp;Juli 1946 in Freiburg zum Priester geweiht. Er wirkte zuerst als Kaplan in Lausanne (Pfarrei St-&nbsp;R\u00e9dempteur), war anschliessend Studentenseelsorger an der Universit\u00e4t Lausanne. Darauf studierte er in Rom und Jerusalem. Als Regens des Priesterseminars dozierte er Exegese. Im Juli 1968 wurde er zum Weihbischof von Bischof Fran\u00e7ois Charri\u00e8re ernannt. Kardinal Charles Journet weihte ihn am 6. Oktober 1968 zum Bischof. Am 29.&nbsp;Dezember 1970 wurde er zum Di\u00f6zesanbischof von Lausanne, Genf und Freiburg ernannt. Er war Mitglied des P\u00e4pstlichen Rats zur F\u00f6rderung der Einheit der Christen (1973 bis 2000) und auch Mitglied der Kongregation f\u00fcr den Klerus (1979 bis 1982). Bischof Mamie pr\u00e4sidierte die Schweizer Bischofskonferenz in den Jahren 1977 bis 1979 sowie 1992 bis 1994. Nach 25-j\u00e4hriger T\u00e4tigkeit als Di\u00f6zesanbischof reichte er gem\u00e4ss dem Kirchenrecht im M\u00e4rz 1995 dem Papst seinen R\u00fccktritt ein. Er verstarb am 14.&nbsp;M\u00e4rz 2008.<\/p><\/div>\n\t\t\t\t<\/div>\n\t\t\t\t\t\t\t<div class=\"elementor-toggle-item\">\n\t\t\t\t\t<div id=\"elementor-tab-title-4846\" class=\"elementor-tab-title\" data-tab=\"6\" role=\"button\" aria-controls=\"elementor-tab-content-4846\" aria-expanded=\"false\">\n\t\t\t\t\t\t\t\t\t\t\t\t<span class=\"elementor-toggle-icon elementor-toggle-icon-left\" aria-hidden=\"true\">\n\t\t\t\t\t\t\t\t\t\t\t\t\t\t\t<span class=\"elementor-toggle-icon-closed\"><i class=\"fas fa-caret-right\"><\/i><\/span>\n\t\t\t\t\t\t\t\t<span class=\"elementor-toggle-icon-opened\"><i class=\"elementor-toggle-icon-opened fas fa-caret-up\"><\/i><\/span>\n\t\t\t\t\t\t\t\t\t\t\t\t\t<\/span>\n\t\t\t\t\t\t\t\t\t\t\t\t<a class=\"elementor-toggle-title\" tabindex=\"0\">Gabriel BULLET, Weihbischof von 1971 bis 1993<\/a>\n\t\t\t\t\t<\/div>\n\n\t\t\t\t\t<div id=\"elementor-tab-content-4846\" class=\"elementor-tab-content elementor-clearfix\" data-tab=\"6\" role=\"region\" aria-labelledby=\"elementor-tab-title-4846\"><p><img loading=\"lazy\" decoding=\"async\" class=\"size-medium wp-image-1879 alignleft\" src=\"https:\/\/diocese-lgf.ch\/wp-content\/uploads\/2019\/10\/portraitGBullet2011-300x202.jpg\" alt=\"\" width=\"300\" height=\"202\" srcset=\"https:\/\/diocese-lgf.ch\/wp-content\/uploads\/2019\/10\/portraitGBullet2011-300x202.jpg 300w, https:\/\/diocese-lgf.ch\/wp-content\/uploads\/2019\/10\/portraitGBullet2011-768x517.jpg 768w, https:\/\/diocese-lgf.ch\/wp-content\/uploads\/2019\/10\/portraitGBullet2011.jpg 1024w\" sizes=\"(max-width: 300px) 100vw, 300px\" \/>Gabriel Bullet, geboren am 22. M\u00e4rz 1921 in Estavayer-le-Lac (FR), wurde am 8. Juli 1945 in Freiburg zum Priester geweiht. Von 1950 bis 1951 studierte er in Rom und an der Universit\u00e4t Freiburg von 1954 bis 1958 bis zu seinem Abschluss mit dem Doktorat in Theologie. Er wurde Lehrbeauftragter an der Universit\u00e4t Freiburg f\u00fcr Katechetik und dann f\u00fcr Moraltheologie. 1968 wurde er zum Direktor des theologischen Institutes der Universit\u00e4t ernannt und \u00fcbte auch das Amt des stellvertretenden Oberen des Seminars von 1957 bis 1970 aus. Am 19. Dezember 1970 ernannte Paul VI. Gabriel Bullet zum Weihbischof unserer Di\u00f6zese. Am 6. Februar 1971 wurde er von Bischof Fran\u00e7ois Charri\u00e8re zum Bischof geweiht und war vor allem f\u00fcr den Kanton Waadt zust\u00e4ndig. Ab 1987 residierte Weihbischof Bullet in Lausanne. Zwischen 1988 und 1991 war er Vizepr\u00e4sident der Schweizer Bischofskonferenz. Sein R\u00fccktritt wurde 1993 angenommen, und Weihbischof Gabriel Bullet verstarb am 7. September 2011.<\/p><\/div>\n\t\t\t\t<\/div>\n\t\t\t\t\t\t\t<div class=\"elementor-toggle-item\">\n\t\t\t\t\t<div id=\"elementor-tab-title-4847\" class=\"elementor-tab-title\" data-tab=\"7\" role=\"button\" aria-controls=\"elementor-tab-content-4847\" aria-expanded=\"false\">\n\t\t\t\t\t\t\t\t\t\t\t\t<span class=\"elementor-toggle-icon elementor-toggle-icon-left\" aria-hidden=\"true\">\n\t\t\t\t\t\t\t\t\t\t\t\t\t\t\t<span class=\"elementor-toggle-icon-closed\"><i class=\"fas fa-caret-right\"><\/i><\/span>\n\t\t\t\t\t\t\t\t<span class=\"elementor-toggle-icon-opened\"><i class=\"elementor-toggle-icon-opened fas fa-caret-up\"><\/i><\/span>\n\t\t\t\t\t\t\t\t\t\t\t\t\t<\/span>\n\t\t\t\t\t\t\t\t\t\t\t\t<a class=\"elementor-toggle-title\" tabindex=\"0\">Fran\u00e7ois CHARRIERE, Di\u00f6zesanbischof von 1945 bis 1970<\/a>\n\t\t\t\t\t<\/div>\n\n\t\t\t\t\t<div id=\"elementor-tab-content-4847\" class=\"elementor-tab-content elementor-clearfix\" data-tab=\"7\" role=\"region\" aria-labelledby=\"elementor-tab-title-4847\"><p><img loading=\"lazy\" decoding=\"async\" class=\"size-medium wp-image-1883 alignleft\" src=\"https:\/\/diocese-lgf.ch\/wp-content\/uploads\/2019\/10\/portraitFCharriere-300x239.jpg\" alt=\"\" width=\"300\" height=\"239\" srcset=\"https:\/\/diocese-lgf.ch\/wp-content\/uploads\/2019\/10\/portraitFCharriere-300x239.jpg 300w, https:\/\/diocese-lgf.ch\/wp-content\/uploads\/2019\/10\/portraitFCharriere-768x611.jpg 768w, https:\/\/diocese-lgf.ch\/wp-content\/uploads\/2019\/10\/portraitFCharriere.jpg 966w\" sizes=\"(max-width: 300px) 100vw, 300px\" \/>Er wurde am 1. September 1893 in Cerniat (FR) geboren und am 15. Juli 1917 von Bischof Colliard zum Priester geweiht. Von 1921 bis 1923 wurde er von der Di\u00f6zese nach Rom ans Angelicum geschickt, wo er Kirchenrecht studierte und seinen Doktorgrad erhielt. Am 24. April 1924 wurde er zum Professor am Grossen Seminar von Freiburg ernannt. Zusammen mit Charles Journet gr\u00fcndete er 1926 die Zeitschrift Nova et Vetera. Von 1941 bis 1945 war er auch Direktor der Zeitung La Libert\u00e9 in Freiburg. Am 24. Oktober 1945 wurde er von Pius XII. ernannt und am 21. November in der Kathedrale St. Nikolaus zum Bischof von Lausanne, Genf und Freiburg geweiht. 1970 erkl\u00e4rt er seinen R\u00fccktritt und verstarb am 11. Juli 1976.<\/p><\/div>\n\t\t\t\t<\/div>\n\t\t\t\t\t\t\t<div class=\"elementor-toggle-item\">\n\t\t\t\t\t<div id=\"elementor-tab-title-4848\" class=\"elementor-tab-title\" data-tab=\"8\" role=\"button\" aria-controls=\"elementor-tab-content-4848\" aria-expanded=\"false\">\n\t\t\t\t\t\t\t\t\t\t\t\t<span class=\"elementor-toggle-icon elementor-toggle-icon-left\" aria-hidden=\"true\">\n\t\t\t\t\t\t\t\t\t\t\t\t\t\t\t<span class=\"elementor-toggle-icon-closed\"><i class=\"fas fa-caret-right\"><\/i><\/span>\n\t\t\t\t\t\t\t\t<span class=\"elementor-toggle-icon-opened\"><i class=\"elementor-toggle-icon-opened fas fa-caret-up\"><\/i><\/span>\n\t\t\t\t\t\t\t\t\t\t\t\t\t<\/span>\n\t\t\t\t\t\t\t\t\t\t\t\t<a class=\"elementor-toggle-title\" tabindex=\"0\">Marius BESSON, Di\u00f6zesanbischof von 1920 bis 1945<\/a>\n\t\t\t\t\t<\/div>\n\n\t\t\t\t\t<div id=\"elementor-tab-content-4848\" class=\"elementor-tab-content elementor-clearfix\" data-tab=\"8\" role=\"region\" aria-labelledby=\"elementor-tab-title-4848\"><p><img loading=\"lazy\" decoding=\"async\" class=\"size-medium wp-image-1890 alignleft\" src=\"https:\/\/diocese-lgf.ch\/wp-content\/uploads\/2019\/10\/portrait_Besson_M-300x199.jpg\" alt=\"\" width=\"300\" height=\"199\" srcset=\"https:\/\/diocese-lgf.ch\/wp-content\/uploads\/2019\/10\/portrait_Besson_M-300x200.jpg 300w, https:\/\/diocese-lgf.ch\/wp-content\/uploads\/2019\/10\/portrait_Besson_M-768x509.jpg 768w, https:\/\/diocese-lgf.ch\/wp-content\/uploads\/2019\/10\/portrait_Besson_M.jpg 1024w\" sizes=\"(max-width: 300px) 100vw, 300px\" \/>Marius Besson wurde am 28. Juni 1876 in Turin geboren. Sp\u00e4ter besuchte er das kleine Seminar in Lyon und dann das grosse Seminar in Alix (Rh\u00f4ne). Von 1894 bis 1900 studierte er an der Universit\u00e4t Freiburg und schloss mit dem Diplom in Theologie ab. Am 23. Juli 1899 wurde er zum Priester geweiht und zum Kaplan in La Chaux-de-Fonds ernannt. 1905 erhielt er den Titel des Dr. phil. Von der Universit\u00e4t Freiburg. Als Rektor und Professor am Seminar von Freiburg von 1907 bis 1916 war er gleichzeitig Professor f\u00fcr mittelalterliche Geschichte an der Universit\u00e4t Freiburg von 1908 bis 1920. Er war auch Gr\u00fcnder der katholischen Wochenzeitung \u00abL\u2019Echo vaudois\u00bb, die er von 1910 bis 1919 leitete. Nach seiner Ernennung durch Benedikt XV. am 5. Mai 1920 wurde er am 13. Mai desselben Jahres zum Bischof geweiht.<\/p>\n<p>Unter dem Episkopat von Bischof Besson wurde Freiburg endg\u00fcltig zum Sitz des Bischofs und das Chorherrenstift St. Nikolaus wurde in der Kathedrale eingerichtet. Bischof Besson setzte sich f\u00fcr die F\u00f6rderung der Wohlt\u00e4tigkeitsinstitute der Di\u00f6zese, aber auch f\u00fcr die christliche Kunst ein. Als Pr\u00e4sident von Catholica Unio wurde er 1933 von Pius XI. zum Berater der p\u00e4pstlichen Kongregation f\u00fcr die Ostkirche ernannt. Er wurde zum Sprecher der katholischen Kirche beim V\u00f6lkerbund und gr\u00fcndete ab September 1939 die katholische Mission f\u00fcr die Kriegsgefangenen. Am 24.&nbsp;Februar 1945 verstarb Bischof Besson in Freiburg.<\/p><\/div>\n\t\t\t\t<\/div>\n\t\t\t\t\t\t\t\t<\/div>\n\t\t\t\t\t\t<\/div>\n\t\t\t\t<\/div>\n\t\t\t\t\t<\/div>\n\t\t<\/div>\n\t\t\t\t\t<\/div>\n\t\t<\/section>\n\t\t\t\t<\/div>\n\t\t<\/div>","protected":false},"excerpt":{"rendered":"<p>Pierre FARINE, Weihbischof von 1996 bis 2015 Pierre Farine, der urspr\u00fcnglich aus Courroux im Jura stammt, wurde am 31.&nbsp;Mai 1940 in Locarno (TI) geboren. Seine Kindheit hat er in Winterthur [&hellip;]<\/p>\n","protected":false},"author":4,"featured_media":0,"parent":6398,"menu_order":2,"comment_status":"closed","ping_status":"closed","template":"","meta":{"_acf_changed":false,"footnotes":""},"categories":[125,126,155],"tags":[],"class_list":["post-6432","page","type-page","status-publish","hentry","category-eveche-de","category-histoire-de","category-uber-uns"],"acf":[],"_links":{"self":[{"href":"https:\/\/diocese-lgf.ch\/de\/wp-json\/wp\/v2\/pages\/6432","targetHints":{"allow":["GET"]}}],"collection":[{"href":"https:\/\/diocese-lgf.ch\/de\/wp-json\/wp\/v2\/pages"}],"about":[{"href":"https:\/\/diocese-lgf.ch\/de\/wp-json\/wp\/v2\/types\/page"}],"author":[{"embeddable":true,"href":"https:\/\/diocese-lgf.ch\/de\/wp-json\/wp\/v2\/users\/4"}],"replies":[{"embeddable":true,"href":"https:\/\/diocese-lgf.ch\/de\/wp-json\/wp\/v2\/comments?post=6432"}],"version-history":[{"count":18,"href":"https:\/\/diocese-lgf.ch\/de\/wp-json\/wp\/v2\/pages\/6432\/revisions"}],"predecessor-version":[{"id":27293,"href":"https:\/\/diocese-lgf.ch\/de\/wp-json\/wp\/v2\/pages\/6432\/revisions\/27293"}],"up":[{"embeddable":true,"href":"https:\/\/diocese-lgf.ch\/de\/wp-json\/wp\/v2\/pages\/6398"}],"wp:attachment":[{"href":"https:\/\/diocese-lgf.ch\/de\/wp-json\/wp\/v2\/media?parent=6432"}],"wp:term":[{"taxonomy":"category","embeddable":true,"href":"https:\/\/diocese-lgf.ch\/de\/wp-json\/wp\/v2\/categories?post=6432"},{"taxonomy":"post_tag","embeddable":true,"href":"https:\/\/diocese-lgf.ch\/de\/wp-json\/wp\/v2\/tags?post=6432"}],"curies":[{"name":"wp","href":"https:\/\/api.w.org\/{rel}","templated":true}]}}