{"id":6416,"date":"2020-10-09T10:22:26","date_gmt":"2020-10-09T08:22:26","guid":{"rendered":"https:\/\/diocese-lgf.emblematik.dev\/geschichte\/wappen\/"},"modified":"2020-10-09T10:28:52","modified_gmt":"2020-10-09T08:28:52","slug":"wappen","status":"publish","type":"page","link":"https:\/\/diocese-lgf.ch\/de\/geschichte\/wappen\/","title":{"rendered":"Wappen"},"content":{"rendered":"<div class=\"pf-content\">\t\t<div data-elementor-type=\"wp-post\" data-elementor-id=\"6416\" class=\"elementor elementor-6416 elementor-1848\" data-elementor-post-type=\"page\">\n\t\t\t\t\t\t<section class=\"elementor-section elementor-top-section elementor-element elementor-element-50beea59 elementor-section-boxed elementor-section-height-default elementor-section-height-default\" data-id=\"50beea59\" data-element_type=\"section\" data-e-type=\"section\">\n\t\t\t\t\t\t<div class=\"elementor-container elementor-column-gap-default\">\n\t\t\t\t\t<div class=\"elementor-column elementor-col-100 elementor-top-column elementor-element elementor-element-56124f89\" data-id=\"56124f89\" data-element_type=\"column\" data-e-type=\"column\">\n\t\t\t<div class=\"elementor-widget-wrap elementor-element-populated\">\n\t\t\t\t\t\t<div class=\"elementor-element elementor-element-14c383eb elementor-widget elementor-widget-text-editor\" data-id=\"14c383eb\" data-element_type=\"widget\" data-e-type=\"widget\" data-widget_type=\"text-editor.default\">\n\t\t\t\t<div class=\"elementor-widget-container\">\n\t\t\t\t\t\t\t\t\t<p style=\"text-align: left\"><img decoding=\"async\" class=\"size-full wp-image-6426 alignleft\" src=\"https:\/\/diocese-lgf.ch\/wp-content\/uploads\/2020\/10\/DioceseLGF_web.png\" alt=\"\" width=\"83\" height=\"160\" \/>Das Schild ist in drei Teile gespalten, was relativ selten ist. Im ersten Drittel befinden sich die Wappenzeichen des Kapitels der Kathedrale von Lausanne (Kollegium der Domherren), \u00abPro blessem Argent und Gules wurden zwei Pyxe gegengetauscht\u00bb. Die Glasuren (Farben) nehmen weiss und rot auf, was f\u00fcr die Stadt Lausanne typisch ist. Nach der Aufl\u00f6sung des Kapitels 1537 wurden die Wappen zu denen der Di\u00f6zese (von Lausanne). Sie finden sich in den heutigen Wappen der waadtl\u00e4ndischen Gemeinden Vuarrens und Pr\u00e9vonloup wieder.<\/p><p>Das zweite Drittel bezieht sich nat\u00fcrlich auf Genf, das 1821 der Di\u00f6zese von Lausanne angeschlossen wurde. Es handelt sich um das Wappen des Kapitels der Kathedrale von Genf, \u00abGules mit zwei goldenen Schl\u00fcsseln, zum B\u00e4ndel gekreuzt\u00bb.<\/p><p>Im dritten Drittel sind die Wappenzeichen des Kapitels St. Nikolaus, der Hauptkirche Freiburgs zu sehen, die 1925 zur Kathedrale erhoben wurde, \u00abin Blau ein goldenes Armreliquiar mit segnender silbener, goldberingter Hand\u00bb. So sind in die jetzigen Wappen der Di\u00f6zese die drei Kapitel der Kathedrale \u00fcbernommen worden, die im Laufe der Jahrhunderte bestanden haben oder heute noch existieren.<\/p><p><strong>In der St. Nikolaus-Kathedrale<\/strong><\/p><p>Diese Wappen finden sich auf den Dokumenten und Drucksachen des Bistums wieder. Sie befinden sich ebenfalls in der Kathedrale St. Nikolas, auf dem Chorgitter \u00fcber dem Bischofssitz, der Kathedra. Das die Wappen schm\u00fcckende Mobiliar \u2013 Ziborium, Schl\u00fcssel, segnende Arme \u2013 hat gewiss auch eine religi\u00f6se Bedeutung, aber das entscheidende Element ist selbstverst\u00e4ndlich das Bischofskreuz auf der Rippe hinter dem Schild. Es erinnert uns daran, dass unsere Di\u00f6zese eine der Teilkirchen ist, \u00abin denen und aus denen die eine und einzige katholische Kirche besteht\u00bb (LG23).<\/p><p><em>(Auszug aus GARDAZ Philippe, \u00abLe sens d&#8217;un logo historique\u00bb, \u00c9vangile et Mission, Nr.\u00a019, 28.\u00a010.\u00a02009, S.\u00a0756)<\/em><\/p>\t\t\t\t\t\t\t\t<\/div>\n\t\t\t\t<\/div>\n\t\t\t\t\t<\/div>\n\t\t<\/div>\n\t\t\t\t\t<\/div>\n\t\t<\/section>\n\t\t\t\t<\/div>\n\t\t<\/div>","protected":false},"excerpt":{"rendered":"<p>Das Schild ist in drei Teile gespalten, was relativ selten ist. Im ersten Drittel befinden sich die Wappenzeichen des Kapitels der Kathedrale von Lausanne (Kollegium der Domherren), \u00abPro blessem Argent [&hellip;]<\/p>\n","protected":false},"author":7,"featured_media":0,"parent":6398,"menu_order":1,"comment_status":"closed","ping_status":"closed","template":"","meta":{"_acf_changed":false,"footnotes":""},"categories":[125,126],"tags":[],"class_list":["post-6416","page","type-page","status-publish","hentry","category-eveche-de","category-histoire-de"],"acf":[],"_links":{"self":[{"href":"https:\/\/diocese-lgf.ch\/de\/wp-json\/wp\/v2\/pages\/6416","targetHints":{"allow":["GET"]}}],"collection":[{"href":"https:\/\/diocese-lgf.ch\/de\/wp-json\/wp\/v2\/pages"}],"about":[{"href":"https:\/\/diocese-lgf.ch\/de\/wp-json\/wp\/v2\/types\/page"}],"author":[{"embeddable":true,"href":"https:\/\/diocese-lgf.ch\/de\/wp-json\/wp\/v2\/users\/7"}],"replies":[{"embeddable":true,"href":"https:\/\/diocese-lgf.ch\/de\/wp-json\/wp\/v2\/comments?post=6416"}],"version-history":[{"count":5,"href":"https:\/\/diocese-lgf.ch\/de\/wp-json\/wp\/v2\/pages\/6416\/revisions"}],"predecessor-version":[{"id":6430,"href":"https:\/\/diocese-lgf.ch\/de\/wp-json\/wp\/v2\/pages\/6416\/revisions\/6430"}],"up":[{"embeddable":true,"href":"https:\/\/diocese-lgf.ch\/de\/wp-json\/wp\/v2\/pages\/6398"}],"wp:attachment":[{"href":"https:\/\/diocese-lgf.ch\/de\/wp-json\/wp\/v2\/media?parent=6416"}],"wp:term":[{"taxonomy":"category","embeddable":true,"href":"https:\/\/diocese-lgf.ch\/de\/wp-json\/wp\/v2\/categories?post=6416"},{"taxonomy":"post_tag","embeddable":true,"href":"https:\/\/diocese-lgf.ch\/de\/wp-json\/wp\/v2\/tags?post=6416"}],"curies":[{"name":"wp","href":"https:\/\/api.w.org\/{rel}","templated":true}]}}