{"id":6371,"date":"2020-10-09T07:50:22","date_gmt":"2020-10-09T05:50:22","guid":{"rendered":"https:\/\/diocese-lgf.emblematik.dev\/kirchenleben\/sprachmissionen\/"},"modified":"2020-10-09T16:44:26","modified_gmt":"2020-10-09T14:44:26","slug":"sprachmissionen","status":"publish","type":"page","link":"https:\/\/diocese-lgf.ch\/de\/kirchenleben\/sprachmissionen\/","title":{"rendered":"Sprachmissionen"},"content":{"rendered":"<div class=\"pf-content\">\t\t<div data-elementor-type=\"wp-post\" data-elementor-id=\"6371\" class=\"elementor elementor-6371 elementor-4180\" data-elementor-post-type=\"page\">\n\t\t\t\t\t\t<section class=\"elementor-section elementor-top-section elementor-element elementor-element-93ed9db elementor-section-boxed elementor-section-height-default elementor-section-height-default\" data-id=\"93ed9db\" data-element_type=\"section\" data-e-type=\"section\">\n\t\t\t\t\t\t<div class=\"elementor-container elementor-column-gap-default\">\n\t\t\t\t\t<div class=\"elementor-column elementor-col-100 elementor-top-column elementor-element elementor-element-dca07af\" data-id=\"dca07af\" data-element_type=\"column\" data-e-type=\"column\">\n\t\t\t<div class=\"elementor-widget-wrap elementor-element-populated\">\n\t\t\t\t\t\t<div class=\"elementor-element elementor-element-2a16068 elementor-widget elementor-widget-heading\" data-id=\"2a16068\" data-element_type=\"widget\" data-e-type=\"widget\" data-widget_type=\"heading.default\">\n\t\t\t\t<div class=\"elementor-widget-container\">\n\t\t\t\t\t<h2 class=\"elementor-heading-title elementor-size-default\">Eine multikulturelle Di\u00f6zese<\/h2>\t\t\t\t<\/div>\n\t\t\t\t<\/div>\n\t\t\t\t<div class=\"elementor-element elementor-element-3cfb546 elementor-widget elementor-widget-text-editor\" data-id=\"3cfb546\" data-element_type=\"widget\" data-e-type=\"widget\" data-widget_type=\"text-editor.default\">\n\t\t\t\t<div class=\"elementor-widget-container\">\n\t\t\t\t\t\t\t\t\t<p><strong>In der Di\u00f6zese versammeln sich zahlreiche Katholikinnen und Katholiken nach ihrer Sprache oder Kultur, manchmal in sogenannten Sprachmissionen organisiert.<\/strong><\/p><h4><strong><br \/>Botschaft des Bischofs<\/strong><\/h4><p><em><img fetchpriority=\"high\" decoding=\"async\" class=\"alignleft size-medium wp-image-4386\" src=\"https:\/\/diocese-lgf.ch\/wp-content\/uploads\/2020\/05\/CM_serieus-300x169.jpg\" alt=\"\" width=\"300\" height=\"169\" srcset=\"https:\/\/diocese-lgf.ch\/wp-content\/uploads\/2020\/05\/CM_serieus-300x169.jpg 300w, https:\/\/diocese-lgf.ch\/wp-content\/uploads\/2020\/05\/CM_serieus-768x432.jpg 768w, https:\/\/diocese-lgf.ch\/wp-content\/uploads\/2020\/05\/CM_serieus-1024x576.jpg 1024w, https:\/\/diocese-lgf.ch\/wp-content\/uploads\/2020\/05\/CM_serieus.jpg 1234w\" sizes=\"(max-width: 300px) 100vw, 300px\" \/>In der Di\u00f6zese sind mehr als 60\u00a0% der Katholikinnen und Katholiken Ausl\u00e4nder oder ausl\u00e4ndischer Herkunft; unter den Praktikantinnen und Praktikanten ist der Anteil noch gr\u00f6sser. Die Pfarreien und selbst die Sprachmissionen sind nie monokulturell. Diese Vielfalt in der Einheit ist f\u00fcr die Kirche nichts Ungew\u00f6hnliches, denn sie ist seit ihren Anf\u00e4ngen multikulturell und kann von daher einen Beitrag zur ganzen Gesellschaft leisten und ihr zeigen, dass wir uns gegenseitig in unserer Gemeinschaft annehmen.<\/em><\/p><p><em><strong>F\u00fcr mehr Zusammenarbeit zwischen Sprachmissionen und Seelsorgeeinheiten <\/strong><\/em><\/p><p><em>Im Kirchenleben kann es verschiedene Ebenen der Zusammenarbeit zwischen Pfarreien und Sprachmissionen geben; sie reicht von punktuellen Projekten bis zur regelm\u00e4ssigen Zusammenarbeit, die einen Teil (Katechese) oder das Ganze betrifft. Es gibt vielf\u00e4ltige Modelle, weil sich die Situationen auch unterscheiden: Einige Sprachmissionen versammeln eine kleine Zahl von Gl\u00e4ubigen, die \u00fcber die ganze Schweiz verstreut leben, andere sind in den Seelsorgeeinheiten sehr stark vertreten. Es w\u00e4re sehr zu w\u00fcnschen, dass die Sprachmissionen st\u00e4rker zusammenarbeiten, ohne den jeweiligen Beitrag zu vergessen, und dass die Sprachmissionare in die Seelsorgeteams und R\u00e4te eingeladen werden, dass sie sich gemeinsam um die Verwaltung der R\u00e4umlichkeiten k\u00fcmmern etc.<\/em><\/p>\t\t\t\t\t\t\t\t<\/div>\n\t\t\t\t<\/div>\n\t\t\t\t\t<\/div>\n\t\t<\/div>\n\t\t\t\t\t<\/div>\n\t\t<\/section>\n\t\t\t\t<section class=\"elementor-section elementor-top-section elementor-element elementor-element-4f001b32 elementor-section-boxed elementor-section-height-default elementor-section-height-default\" data-id=\"4f001b32\" data-element_type=\"section\" data-e-type=\"section\">\n\t\t\t\t\t\t<div class=\"elementor-container elementor-column-gap-default\">\n\t\t\t\t\t<div class=\"elementor-column elementor-col-100 elementor-top-column elementor-element elementor-element-12b74bfb\" data-id=\"12b74bfb\" data-element_type=\"column\" data-e-type=\"column\">\n\t\t\t<div class=\"elementor-widget-wrap elementor-element-populated\">\n\t\t\t\t\t\t<div class=\"elementor-element elementor-element-43db37c5 elementor-widget elementor-widget-heading\" data-id=\"43db37c5\" data-element_type=\"widget\" data-e-type=\"widget\" data-widget_type=\"heading.default\">\n\t\t\t\t<div class=\"elementor-widget-container\">\n\t\t\t\t\t<h2 class=\"elementor-heading-title elementor-size-small\">Link<\/h2>\t\t\t\t<\/div>\n\t\t\t\t<\/div>\n\t\t\t\t<div class=\"elementor-element elementor-element-76e1c359 elementor-icon-list--layout-traditional elementor-list-item-link-full_width elementor-widget elementor-widget-icon-list\" data-id=\"76e1c359\" data-element_type=\"widget\" data-e-type=\"widget\" data-widget_type=\"icon-list.default\">\n\t\t\t\t<div class=\"elementor-widget-container\">\n\t\t\t\t\t\t\t<ul class=\"elementor-icon-list-items\">\n\t\t\t\t\t\t\t<li class=\"elementor-icon-list-item\">\n\t\t\t\t\t\t\t\t\t\t\t<a href=\"https:\/\/diocese-lgf.ch\/de\/diozesane-weiterbildung-2019\/\">\n\n\t\t\t\t\t\t\t\t\t\t\t\t<span class=\"elementor-icon-list-icon\">\n\t\t\t\t\t\t\t<i aria-hidden=\"true\" class=\"fas fa-arrow-circle-right\"><\/i>\t\t\t\t\t\t<\/span>\n\t\t\t\t\t\t\t\t\t\t<span class=\"elementor-icon-list-text\">Di\u00f6zesane Weiterbildung 2019: \"Kirche ohne Grenze\"<\/span>\n\t\t\t\t\t\t\t\t\t\t\t<\/a>\n\t\t\t\t\t\t\t\t\t<\/li>\n\t\t\t\t\t\t<\/ul>\n\t\t\t\t\t\t<\/div>\n\t\t\t\t<\/div>\n\t\t\t\t\t<\/div>\n\t\t<\/div>\n\t\t\t\t\t<\/div>\n\t\t<\/section>\n\t\t\t\t<\/div>\n\t\t<\/div>","protected":false},"excerpt":{"rendered":"<p>Eine multikulturelle Di\u00f6zese In der Di\u00f6zese versammeln sich zahlreiche Katholikinnen und Katholiken nach ihrer Sprache oder Kultur, manchmal in sogenannten Sprachmissionen organisiert. Botschaft des Bischofs In der Di\u00f6zese sind mehr [&hellip;]<\/p>\n","protected":false},"author":4,"featured_media":0,"parent":6327,"menu_order":15,"comment_status":"closed","ping_status":"closed","template":"","meta":{"_acf_changed":false,"footnotes":""},"categories":[131,70],"tags":[],"class_list":["post-6371","page","type-page","status-publish","hentry","category-missions-linguistiques","category-vie-eglise-de"],"acf":[],"_links":{"self":[{"href":"https:\/\/diocese-lgf.ch\/de\/wp-json\/wp\/v2\/pages\/6371","targetHints":{"allow":["GET"]}}],"collection":[{"href":"https:\/\/diocese-lgf.ch\/de\/wp-json\/wp\/v2\/pages"}],"about":[{"href":"https:\/\/diocese-lgf.ch\/de\/wp-json\/wp\/v2\/types\/page"}],"author":[{"embeddable":true,"href":"https:\/\/diocese-lgf.ch\/de\/wp-json\/wp\/v2\/users\/4"}],"replies":[{"embeddable":true,"href":"https:\/\/diocese-lgf.ch\/de\/wp-json\/wp\/v2\/comments?post=6371"}],"version-history":[{"count":7,"href":"https:\/\/diocese-lgf.ch\/de\/wp-json\/wp\/v2\/pages\/6371\/revisions"}],"predecessor-version":[{"id":6704,"href":"https:\/\/diocese-lgf.ch\/de\/wp-json\/wp\/v2\/pages\/6371\/revisions\/6704"}],"up":[{"embeddable":true,"href":"https:\/\/diocese-lgf.ch\/de\/wp-json\/wp\/v2\/pages\/6327"}],"wp:attachment":[{"href":"https:\/\/diocese-lgf.ch\/de\/wp-json\/wp\/v2\/media?parent=6371"}],"wp:term":[{"taxonomy":"category","embeddable":true,"href":"https:\/\/diocese-lgf.ch\/de\/wp-json\/wp\/v2\/categories?post=6371"},{"taxonomy":"post_tag","embeddable":true,"href":"https:\/\/diocese-lgf.ch\/de\/wp-json\/wp\/v2\/tags?post=6371"}],"curies":[{"name":"wp","href":"https:\/\/api.w.org\/{rel}","templated":true}]}}