{"id":6362,"date":"2020-10-08T18:26:56","date_gmt":"2020-10-08T16:26:56","guid":{"rendered":"https:\/\/diocese-lgf.emblematik.dev\/pastorale-besuche\/"},"modified":"2020-10-08T18:29:32","modified_gmt":"2020-10-08T16:29:32","slug":"pastorale-besuche","status":"publish","type":"page","link":"https:\/\/diocese-lgf.ch\/de\/bischofe\/pastorale-besuche\/","title":{"rendered":"Pastorale Besuche"},"content":{"rendered":"<div class=\"pf-content\">\t\t<div data-elementor-type=\"wp-post\" data-elementor-id=\"6362\" class=\"elementor elementor-6362 elementor-654\" data-elementor-post-type=\"page\">\n\t\t\t\t\t\t<section class=\"elementor-section elementor-top-section elementor-element elementor-element-1aaafdff elementor-section-boxed elementor-section-height-default elementor-section-height-default\" data-id=\"1aaafdff\" data-element_type=\"section\" data-e-type=\"section\">\n\t\t\t\t\t\t<div class=\"elementor-container elementor-column-gap-default\">\n\t\t\t\t\t<div class=\"elementor-column elementor-col-100 elementor-top-column elementor-element elementor-element-25a7dcbc\" data-id=\"25a7dcbc\" data-element_type=\"column\" data-e-type=\"column\">\n\t\t\t<div class=\"elementor-widget-wrap elementor-element-populated\">\n\t\t\t\t\t\t<div class=\"elementor-element elementor-element-77c919d7 elementor-widget elementor-widget-text-editor\" data-id=\"77c919d7\" data-element_type=\"widget\" data-e-type=\"widget\" data-widget_type=\"text-editor.default\">\n\t\t\t\t<div class=\"elementor-widget-container\">\n\t\t\t\t\t\t\t\t\t<p>Seit seiner Ernennung hat sich Mgr. Morerod zum Ziel gesetzt, die verschiedenen Pastoraleinheiten der Di\u00f6zese (sowie das Di\u00f6zesanseminar) zu besuchen. Hierbei wird er im Rahmen des M\u00f6glichen vom entsprechenden Bischofsvikar oder von einem Weihbischof begleitet.<\/p>\n<p>&nbsp;<span style=\"font-size: 1rem\">Anl\u00e4sslich dieses Besuchs trifft der Bischof Priester, Laien, die in den Pastoraleinheiten angestellt sind, Mitglieder der verschiedenen R\u00e4te. Er feiert den Gottesdienst, zu dem alle Mitglieder der Pfarrgemeinde eingeladen sind.<\/span><\/p>\n<p>Die folgenden Besuche haben bereits stattgefunden (SE = Seelsorgeeinheit)<\/p>\n<ul>\n<li>Di\u00f6zesanseminar, Givisiez (FR), 11. April&nbsp;2012<\/li>\n<li>SE Prilly-Pr\u00e9laz, 24.\u201325 M\u00e4rz&nbsp;2012<\/li>\n<li>SE Chasseron-Lac (Region Yverdon), 27.\u201328 April&nbsp;2012<\/li>\n<li>SE Ste-Claire (Region Marly), 12.\u201313 Oktober&nbsp;2012<\/li>\n<li>Di\u00f6zesanseminar, Givisiez (FR), 15. Februar&nbsp;2013<\/li>\n<li>SE Neuenburg-West, 22.\u201323 Februar&nbsp;2013<\/li>\n<li>SE Montagnes neuch\u00e2teloises (Region La Chaux-de-Fonds), 26.\u201328 April&nbsp;2013<\/li>\n<li>SE Neuenburg-Ost (Region Cressier, Le Landeron), 3.\u20134 Mai&nbsp;2013<\/li>\n<li>SE St-Urbain (Region Murten), 25.\u201326. Oktober&nbsp;2013<\/li>\n<li>SE Plateau (Onex, Petit-Lancy), 13.\u201314 Dezember&nbsp;2013<\/li>\n<li>SE Nyon \u2013Terre Sainte, 18.\u201319 Januar 2014<\/li>\n<li>SE Ste-Th\u00e9r\u00e8se und St-Laurent (Freiburg und Givisiez), 24.\u201325. Januar 2014<\/li>\n<li>SE Boucles-du-Rh\u00f4ne (GE), 14.\u201316 M\u00e4rz&nbsp;2014<\/li>\n<li>Di\u00f6zesanseminar, Givisiez (FR), 23. M\u00e4rz&nbsp;2014<\/li>\n<li>SE St-Laurent (Region Estavayer-le-Lac), 28.\u201329 M\u00e4rz&nbsp;2014<\/li>\n<li>SE Lausanne-Nord, 9.\u201311 Mai 2014<\/li>\n<li>Italienische, spanische und portugiesische Sprachmissionen von Genf, 21.\u201322 November 2014<\/li>\n<li>SE St-Pierre-les-Roches (Region Ursy, Moudon), 12.\u201313 Dezember 2014<\/li>\n<li>SE Neuenburg-Stadt, 16.\u201318 Januar 2015 (durch Mgr. de Raemy)<\/li>\n<li>SE Sts-Pierre-et-Paul (Freiburg und Villars-sur-Gl\u00e2ne), 13.\u201314 Februar 2015<\/li>\n<li>SE Gros-de-Vaud (Region Echallens), 27.\u201328 Februar&nbsp;2015<\/li>\n<li>Di\u00f6zesanseminar, Givisiez (FR), 6.\u20137 M\u00e4rz 2015<\/li>\n<li>Departement<br>\u00abSolidarit\u00e9\u00bb der Kirche \u00ab\u00c9glise catholique romaine de Gen\u00e8ve\u00bb, Genf, 20.\u201321 M\u00e4rz 2015<\/li>\n<li>SE Renens-Bussigny, 25.\u201326 April 2015<\/li>\n<li>SE La Venoge &#8211; L&#8217;Aubonne (r\u00e9gion Morges, Rolle), 6.\u20137 Juni 2015<\/li>\n<li>Portugiesischsprachige Katholische Mission Waadt (Lausanne); Mgr. de Raemy<\/li>\n<li>SE Untere Sense (Region Schmitten), 16.\u201317 Oktober 2015 (mit Mgr. de Raemy)<\/li>\n<li>SE Champagne (Region Athenaz, Bernex, Confignon), 30.\u201331. Oktober 2015 (Protokoll S.&nbsp;12 im Pastoralbrief \u00ab<a href=\"http:\/\/ecr-ge.ch\/wp-content\/uploads\/2015\/12\/CP-DECEMBRE-2015.pdf\">courrier pastoral\u00bb der Kirche ECR (Katholische Kirche von Genf), Dezember 2015<\/a>)<\/li>\n<li>SE Eaux-Vives &#8211; Champel (Genf), 12.\u201313. Dezember 2015<\/li>\n<li>SE Sal\u00e8ve (Region von Veyrier), 16.\u201317 Januar 2016 (Protokoll S.&nbsp;12 Pastoralbrief \u00ab<a href=\"http:\/\/ecr-ge.ch\/wp-content\/uploads\/2016\/01\/COURRIER_PASTORAL_FEVRIER_2016.pdf\">courrier pastoral\u00bb der Kirche ECR Februar 2016<\/a>)<\/li>\n<li>Maison des S\u00e9minaires, Givisiez, 19.\u201321 Februar 2016 (mit dem Bischof von Sitten)<\/li>\n<li>SE St-Denis (Region Ch\u00e2tel-St-Denis), 11.\u201312 M\u00e4rz 2016<\/li>\n<li>SE Dent-de-Vaulion (Region Cossonay, Vallorbe, Orbe, Vall\u00e9e de Joux), 27.\u201328 Mai 2016<\/li>\n<li>SE La Seymaz (Region Ch\u00eane-Bourg, Th\u00f4nex, Cologny), 3.\u20134&nbsp;Juni 2016<\/li>\n<li>SE L&#8217;Orient (Lausanne), 10.\u201311 Dezember 2016<\/li>\n<li>SE Notre-Dame de Lausanne, 4.\u20135 M\u00e4rz 2017<\/li>\n<li>SE Rives de l\u2019Aire (Region Grand-Lancy), 9.\u201310 d\u00e9cembre 2017<\/li>\n<li>SE Notre-Dame de Compassion (Region Bulle), 13.\u201314 Januar 2018<\/li>\n<li>SE Meyrin &#8211; Mandement, 25.\u201326 Mai 2018<\/li>\n<li>SE La Venoge \u2013 L\u2019Aubonne (r\u00e9gion Morges, Rolle, Aubonne, St-Prex), 17.\u201318 November 2018<\/li>\n<li>SE Lausanne-Lac, 15.\u201316 Dezember 2018<\/li>\n<li>Visite canonique des s\u00e9maires<\/li>\n<li>UP Arve et Lac (r\u00e9gion Corsier, V\u00e9senaz, Hermance, Collonge-Bellerive, Meinier, Gy, Jussy), 2.\u20133. M\u00e4rz 2019<\/li>\n<li>SE Notre-Dame de Tours (r\u00e9gion Mannens-Grandsivaz, Gletterens, Belmont, Montagny-Tours, Avenches, Vully, Saint-Aubin, Villarepos, Delley-Portalban, Carignan-Vallon), 30.\u201331 M\u00e4rz 2019<\/li>\n<\/ul>\t\t\t\t\t\t\t\t<\/div>\n\t\t\t\t<\/div>\n\t\t\t\t\t<\/div>\n\t\t<\/div>\n\t\t\t\t\t<\/div>\n\t\t<\/section>\n\t\t\t\t<\/div>\n\t\t<\/div>","protected":false},"excerpt":{"rendered":"<p>Seit seiner Ernennung hat sich Mgr. Morerod zum Ziel gesetzt, die verschiedenen Pastoraleinheiten der Di\u00f6zese (sowie das Di\u00f6zesanseminar) zu besuchen. Hierbei wird er im Rahmen des M\u00f6glichen vom entsprechenden Bischofsvikar [&hellip;]<\/p>\n","protected":false},"author":5,"featured_media":0,"parent":7992,"menu_order":9,"comment_status":"closed","ping_status":"closed","template":"","meta":{"_acf_changed":false,"footnotes":""},"categories":[124,123],"tags":[],"class_list":["post-6362","page","type-page","status-publish","hentry","category-adr-de","category-cm-de"],"acf":[],"_links":{"self":[{"href":"https:\/\/diocese-lgf.ch\/de\/wp-json\/wp\/v2\/pages\/6362","targetHints":{"allow":["GET"]}}],"collection":[{"href":"https:\/\/diocese-lgf.ch\/de\/wp-json\/wp\/v2\/pages"}],"about":[{"href":"https:\/\/diocese-lgf.ch\/de\/wp-json\/wp\/v2\/types\/page"}],"author":[{"embeddable":true,"href":"https:\/\/diocese-lgf.ch\/de\/wp-json\/wp\/v2\/users\/5"}],"replies":[{"embeddable":true,"href":"https:\/\/diocese-lgf.ch\/de\/wp-json\/wp\/v2\/comments?post=6362"}],"version-history":[{"count":7,"href":"https:\/\/diocese-lgf.ch\/de\/wp-json\/wp\/v2\/pages\/6362\/revisions"}],"predecessor-version":[{"id":6369,"href":"https:\/\/diocese-lgf.ch\/de\/wp-json\/wp\/v2\/pages\/6362\/revisions\/6369"}],"up":[{"embeddable":true,"href":"https:\/\/diocese-lgf.ch\/de\/wp-json\/wp\/v2\/pages\/7992"}],"wp:attachment":[{"href":"https:\/\/diocese-lgf.ch\/de\/wp-json\/wp\/v2\/media?parent=6362"}],"wp:term":[{"taxonomy":"category","embeddable":true,"href":"https:\/\/diocese-lgf.ch\/de\/wp-json\/wp\/v2\/categories?post=6362"},{"taxonomy":"post_tag","embeddable":true,"href":"https:\/\/diocese-lgf.ch\/de\/wp-json\/wp\/v2\/tags?post=6362"}],"curies":[{"name":"wp","href":"https:\/\/api.w.org\/{rel}","templated":true}]}}