{"id":6345,"date":"2020-10-08T18:11:28","date_gmt":"2020-10-08T16:11:28","guid":{"rendered":"https:\/\/diocese-lgf.emblematik.dev\/mgr-charles-morerod\/wappen-und-wahlspruch\/"},"modified":"2020-10-09T11:51:11","modified_gmt":"2020-10-09T09:51:11","slug":"wappen-und-wahlspruch","status":"publish","type":"page","link":"https:\/\/diocese-lgf.ch\/de\/bischofe\/mgr-charles-morerod\/wappen-und-wahlspruch\/","title":{"rendered":"Wappen und Wahlspruch"},"content":{"rendered":"<div class=\"pf-content\">\t\t<div data-elementor-type=\"wp-post\" data-elementor-id=\"6345\" class=\"elementor elementor-6345 elementor-630\" data-elementor-post-type=\"page\">\n\t\t\t\t\t\t<section class=\"elementor-section elementor-top-section elementor-element elementor-element-4197632c elementor-section-boxed elementor-section-height-default elementor-section-height-default\" data-id=\"4197632c\" data-element_type=\"section\" data-e-type=\"section\">\n\t\t\t\t\t\t<div class=\"elementor-container elementor-column-gap-default\">\n\t\t\t\t\t<div class=\"elementor-column elementor-col-100 elementor-top-column elementor-element elementor-element-34a821a7\" data-id=\"34a821a7\" data-element_type=\"column\" data-e-type=\"column\">\n\t\t\t<div class=\"elementor-widget-wrap elementor-element-populated\">\n\t\t\t\t\t\t<div class=\"elementor-element elementor-element-cfe8cc2 elementor-widget elementor-widget-heading\" data-id=\"cfe8cc2\" data-element_type=\"widget\" data-e-type=\"widget\" data-widget_type=\"heading.default\">\n\t\t\t\t<div class=\"elementor-widget-container\">\n\t\t\t\t\t<h2 class=\"elementor-heading-title elementor-size-default\">Wappen<\/h2>\t\t\t\t<\/div>\n\t\t\t\t<\/div>\n\t\t\t\t<div class=\"elementor-element elementor-element-3c1760b2 elementor-widget elementor-widget-text-editor\" data-id=\"3c1760b2\" data-element_type=\"widget\" data-e-type=\"widget\" data-widget_type=\"text-editor.default\">\n\t\t\t\t<div class=\"elementor-widget-container\">\n\t\t\t\t\t\t\t\t\t<div><span lang=\"DE-CH\"><a href=\"https:\/\/diocese-lgf.ch\/wp-content\/uploads\/2019\/10\/2012_archives_heraldiques_armes_CM_par_P_Zwick.pdf\"><img decoding=\"async\" class=\" wp-image-491 alignright\" src=\"https:\/\/diocese-lgf.ch\/wp-content\/uploads\/2019\/07\/ArmesChM-300x296.jpg\" alt=\"\" width=\"155\" height=\"153\" srcset=\"https:\/\/diocese-lgf.ch\/wp-content\/uploads\/2019\/07\/ArmesChM-300x296.jpg 300w, https:\/\/diocese-lgf.ch\/wp-content\/uploads\/2019\/07\/ArmesChM.jpg 467w\" sizes=\"(max-width: 155px) 100vw, 155px\" \/>Erl\u00e4uterungen<\/a> der Wappen von Mgr. Morerod seitens Pierre Zwick, \u00abDie Wappen von Bischof Charles Morerod OP, des neuen Bischofs von Lausanne, Genf und Freiburg\u00bb in Archives h\u00e9raldiques suisses, Separata aus Heft 2012 1, Seiten 18\u201321.<br \/><\/span><\/div>\t\t\t\t\t\t\t\t<\/div>\n\t\t\t\t<\/div>\n\t\t\t\t\t<\/div>\n\t\t<\/div>\n\t\t\t\t\t<\/div>\n\t\t<\/section>\n\t\t\t\t<section class=\"elementor-section elementor-top-section elementor-element elementor-element-8a4776d elementor-section-boxed elementor-section-height-default elementor-section-height-default\" data-id=\"8a4776d\" data-element_type=\"section\" data-e-type=\"section\">\n\t\t\t\t\t\t<div class=\"elementor-container elementor-column-gap-default\">\n\t\t\t\t\t<div class=\"elementor-column elementor-col-100 elementor-top-column elementor-element elementor-element-5fde54f\" data-id=\"5fde54f\" data-element_type=\"column\" data-e-type=\"column\">\n\t\t\t<div class=\"elementor-widget-wrap elementor-element-populated\">\n\t\t\t\t\t\t<div class=\"elementor-element elementor-element-2d853e2 elementor-widget elementor-widget-heading\" data-id=\"2d853e2\" data-element_type=\"widget\" data-e-type=\"widget\" data-widget_type=\"heading.default\">\n\t\t\t\t<div class=\"elementor-widget-container\">\n\t\t\t\t\t<h2 class=\"elementor-heading-title elementor-size-default\">Wahlspruch<\/h2>\t\t\t\t<\/div>\n\t\t\t\t<\/div>\n\t\t\t\t<div class=\"elementor-element elementor-element-3a49940 elementor-widget elementor-widget-text-editor\" data-id=\"3a49940\" data-element_type=\"widget\" data-e-type=\"widget\" data-widget_type=\"text-editor.default\">\n\t\t\t\t<div class=\"elementor-widget-container\">\n\t\t\t\t\t\t\t\t\t<div><em><span lang=\"DE-CH\">Mgr. Morerod erl\u00e4utert seine Wahl des Spruchs \u00abVivere Christus est\u00bb.<\/span><\/em><\/div><div>\u00a0<\/div><p class=\"align-justify\"><i><img fetchpriority=\"high\" decoding=\"async\" class=\"alignleft size-medium wp-image-4385\" src=\"https:\/\/diocese-lgf.ch\/wp-content\/uploads\/2020\/05\/CM_serieus-300x169.jpg\" alt=\"\" width=\"300\" height=\"169\" srcset=\"https:\/\/diocese-lgf.ch\/wp-content\/uploads\/2020\/05\/CM_serieus-300x169.jpg 300w, https:\/\/diocese-lgf.ch\/wp-content\/uploads\/2020\/05\/CM_serieus-768x432.jpg 768w, https:\/\/diocese-lgf.ch\/wp-content\/uploads\/2020\/05\/CM_serieus-1024x576.jpg 1024w, https:\/\/diocese-lgf.ch\/wp-content\/uploads\/2020\/05\/CM_serieus.jpg 1234w\" sizes=\"(max-width: 300px) 100vw, 300px\" \/><\/i><\/p><div><span lang=\"DE-CH\">Kann der Mensch nur von materiellen G\u00fctern leben? Jene, die davon in H\u00fclle und F\u00fclle haben, versp\u00fcren oft eine Leere, so stark bisweilen, dass sie keine Lust zu leben mehr versp\u00fcren (das sieht man in der Schweiz an zwei Gruppen von Menschen: Ich denke dabei gleichzeitig an eine Orientierungslosigkeit zahlreicher jungen Menschen und an das Versagensgef\u00fchl, das oft pensionierte Menschen in Altersheimen haben; beide Altersgruppen weisen hohe Suizidraten auf). Schon Jesus sagte es: \u00abDer Mensch lebt nicht von Brot allein, sondern von jedem Wort, das aus Gottes Mund kommt.\u00bb (Mt 4,4) Wo kann man so ein Wort finden? S. Jean beantwortet die Frage, indem er sich an Jesus wendet: \u00abHerr, wohin wollen wir gehen? Du hast Worte des ewigen Lebens.\u00bb (Jn 6,68)<\/span><\/div><div>\u00a0<\/div><div><div><span lang=\"DE-CH\">Das Wort, das aus Gottes Mund kommt ist nicht nur eine Idee \u2013 so wie es uns mit unseren Worten jeweils ergeht \u2013 es ist der Sohn Gottes, er selbst ist Mensch. Als das II. Vatikanische Konzil das Thema der Offenbarung einf\u00fchrt, zitiert er Johannes: \u00abWir haben gesehen und bezeugen und verk\u00fcndigen euch das ewige Leben, das beim Vater war und uns erschienen ist -, 3\u00a0was wir nun gesehen und geh\u00f6rt haben, das verk\u00fcndigen wir euch, damit auch ihr Gemeinschaft habt mit uns. Die Gemeinschaft mit uns aber ist Gemeinschaft mit dem Vater und mit seinem Sohn Jesus Christus. (1\u00a0Jn\u00a01, 2\u20133). Die Kommunion besteht darin, mit Gott eins zu sein, was zu einer Einheit unter uns f\u00fchrt. Wenn wir in der Eucharistie h\u00f6ren \u00abGott sei mit euch\u00bb (Emmanuel), dann beteiligen wir uns in seinem K\u00f6rper (die Kirche) am Leben von Christus. In diesem Sinne, der jenseits mancher Ideen (theoretischer oder moralischer Natur) geht, ist es so: \u00abLeben heisst Christus\u00bb (Ph 1,21)<\/span><\/div><div>\u00a0<\/div><div>Ich bedanke mich bei Gott f\u00fcr das Geschenk, das er uns macht, indem ich diesen Satz als Res\u00fcmee des christlichen Lebens w\u00e4hle, und ich stelle mich in den Dienst der Realisierung im Leben jedes Einzelnen.<\/div><div>\u00a0<\/div><div>+ Charles Morerod<\/div><\/div>\t\t\t\t\t\t\t\t<\/div>\n\t\t\t\t<\/div>\n\t\t\t\t\t<\/div>\n\t\t<\/div>\n\t\t\t\t\t<\/div>\n\t\t<\/section>\n\t\t\t\t<\/div>\n\t\t<\/div>","protected":false},"excerpt":{"rendered":"<p>Wappen Erl\u00e4uterungen der Wappen von Mgr. Morerod seitens Pierre Zwick, \u00abDie Wappen von Bischof Charles Morerod OP, des neuen Bischofs von Lausanne, Genf und Freiburg\u00bb in Archives h\u00e9raldiques suisses, Separata [&hellip;]<\/p>\n","protected":false},"author":5,"featured_media":0,"parent":6207,"menu_order":7,"comment_status":"closed","ping_status":"closed","template":"","meta":{"_acf_changed":false,"footnotes":""},"categories":[120],"tags":[],"class_list":["post-6345","page","type-page","status-publish","hentry","category-bischofe"],"acf":[],"_links":{"self":[{"href":"https:\/\/diocese-lgf.ch\/de\/wp-json\/wp\/v2\/pages\/6345","targetHints":{"allow":["GET"]}}],"collection":[{"href":"https:\/\/diocese-lgf.ch\/de\/wp-json\/wp\/v2\/pages"}],"about":[{"href":"https:\/\/diocese-lgf.ch\/de\/wp-json\/wp\/v2\/types\/page"}],"author":[{"embeddable":true,"href":"https:\/\/diocese-lgf.ch\/de\/wp-json\/wp\/v2\/users\/5"}],"replies":[{"embeddable":true,"href":"https:\/\/diocese-lgf.ch\/de\/wp-json\/wp\/v2\/comments?post=6345"}],"version-history":[{"count":11,"href":"https:\/\/diocese-lgf.ch\/de\/wp-json\/wp\/v2\/pages\/6345\/revisions"}],"predecessor-version":[{"id":6532,"href":"https:\/\/diocese-lgf.ch\/de\/wp-json\/wp\/v2\/pages\/6345\/revisions\/6532"}],"up":[{"embeddable":true,"href":"https:\/\/diocese-lgf.ch\/de\/wp-json\/wp\/v2\/pages\/6207"}],"wp:attachment":[{"href":"https:\/\/diocese-lgf.ch\/de\/wp-json\/wp\/v2\/media?parent=6345"}],"wp:term":[{"taxonomy":"category","embeddable":true,"href":"https:\/\/diocese-lgf.ch\/de\/wp-json\/wp\/v2\/categories?post=6345"},{"taxonomy":"post_tag","embeddable":true,"href":"https:\/\/diocese-lgf.ch\/de\/wp-json\/wp\/v2\/tags?post=6345"}],"curies":[{"name":"wp","href":"https:\/\/api.w.org\/{rel}","templated":true}]}}