{"id":6303,"date":"2020-10-08T15:03:16","date_gmt":"2020-10-08T13:03:16","guid":{"rendered":"https:\/\/diocese-lgf.emblematik.dev\/bildungsangebote\/"},"modified":"2020-10-08T15:03:21","modified_gmt":"2020-10-08T13:03:21","slug":"bildungsangebote","status":"publish","type":"page","link":"https:\/\/diocese-lgf.ch\/de\/kirchenleben\/bildungsangebote\/","title":{"rendered":"Bildungsangebote"},"content":{"rendered":"<div class=\"pf-content\">\t\t<div data-elementor-type=\"wp-post\" data-elementor-id=\"6303\" class=\"elementor elementor-6303 elementor-4184\" data-elementor-post-type=\"page\">\n\t\t\t\t\t\t<section class=\"elementor-section elementor-top-section elementor-element elementor-element-3af9618 elementor-section-boxed elementor-section-height-default elementor-section-height-default\" data-id=\"3af9618\" data-element_type=\"section\" data-e-type=\"section\">\n\t\t\t\t\t\t<div class=\"elementor-container elementor-column-gap-default\">\n\t\t\t\t\t<div class=\"elementor-column elementor-col-100 elementor-top-column elementor-element elementor-element-4796ca7\" data-id=\"4796ca7\" data-element_type=\"column\" data-e-type=\"column\">\n\t\t\t<div class=\"elementor-widget-wrap elementor-element-populated\">\n\t\t\t\t\t\t<div class=\"elementor-element elementor-element-d9f1928 elementor-widget elementor-widget-heading\" data-id=\"d9f1928\" data-element_type=\"widget\" data-e-type=\"widget\" data-widget_type=\"heading.default\">\n\t\t\t\t<div class=\"elementor-widget-container\">\n\t\t\t\t\t<h2 class=\"elementor-heading-title elementor-size-default\">In der ganzen Di\u00f6zese<\/h2>\t\t\t\t<\/div>\n\t\t\t\t<\/div>\n\t\t\t\t\t<\/div>\n\t\t<\/div>\n\t\t\t\t\t<\/div>\n\t\t<\/section>\n\t\t\t\t<section class=\"elementor-section elementor-top-section elementor-element elementor-element-50ddabc elementor-section-boxed elementor-section-height-default elementor-section-height-default\" data-id=\"50ddabc\" data-element_type=\"section\" data-e-type=\"section\">\n\t\t\t\t\t\t<div class=\"elementor-container elementor-column-gap-default\">\n\t\t\t\t\t<div class=\"elementor-column elementor-col-100 elementor-top-column elementor-element elementor-element-0e9c8e4\" data-id=\"0e9c8e4\" data-element_type=\"column\" data-e-type=\"column\">\n\t\t\t<div class=\"elementor-widget-wrap elementor-element-populated\">\n\t\t\t\t\t\t<div class=\"elementor-element elementor-element-d517568 elementor-widget elementor-widget-text-editor\" data-id=\"d517568\" data-element_type=\"widget\" data-e-type=\"widget\" data-widget_type=\"text-editor.default\">\n\t\t\t\t<div class=\"elementor-widget-container\">\n\t\t\t\t\t\t\t\t\t<p>Alle Ausbildungen \u2013 im biblischen, theologischen, spirituellen, katechetischen, sozialen oder \u00f6kumenischen Bereich \u2013 sind darauf ausgerichtet, den Gl\u00e4ubigen Gott n\u00e4herzubringen und auf die Frage jener zu antworten, die nach einem Sinn suchen, um besser inmitten ihrer famili\u00e4ren, beruflichen, kirchlichen oder gesellschaftlichen Realit\u00e4t leben und handeln zu k\u00f6nnen. Hier sind einige Angebote in unseren Kantonen:<\/p>\n<ul>\n<li><a href=\"https:\/\/www.cath-vd.ch\/se-former-sengager\/\" target=\"_blank\" rel=\"noopener\">Waadt<\/a><\/li>\n<li><a href=\"https:\/\/www.eglisecatholique-ge.ch\/decouvrir\/services\/formation\/\" target=\"_blank\" rel=\"noopener\">Genf<\/a><\/li>\n<li><a href=\"https:\/\/www.cath-fr.ch\/formation\/presentation\" target=\"_blank\" rel=\"noopener\">franz\u00f6sischsprachiges Freiburg<\/a><\/li>\n<li><a href=\"https:\/\/www.kath-fr.ch\/bildung\/praesentation\" target=\"_blank\" rel=\"noopener\">deutschsprachiges Freiburg<\/a><\/li>\n<li><a href=\"https:\/\/www.cath-ne.ch\/formation\" target=\"_blank\" rel=\"noopener\">Neuenburg<\/a><\/li>\n<\/ul>\n\t\t\t\t\t\t\t\t<\/div>\n\t\t\t\t<\/div>\n\t\t\t\t\t<\/div>\n\t\t<\/div>\n\t\t\t\t\t<\/div>\n\t\t<\/section>\n\t\t\t\t<\/div>\n\t\t<\/div>","protected":false},"excerpt":{"rendered":"<p>In der ganzen Di\u00f6zese Alle Ausbildungen \u2013 im biblischen, theologischen, spirituellen, katechetischen, sozialen oder \u00f6kumenischen Bereich \u2013 sind darauf ausgerichtet, den Gl\u00e4ubigen Gott n\u00e4herzubringen und auf die Frage jener zu [&hellip;]<\/p>\n","protected":false},"author":4,"featured_media":0,"parent":6327,"menu_order":1,"comment_status":"closed","ping_status":"closed","template":"","meta":{"_acf_changed":false,"footnotes":""},"categories":[70],"tags":[],"class_list":["post-6303","page","type-page","status-publish","hentry","category-vie-eglise-de"],"acf":[],"_links":{"self":[{"href":"https:\/\/diocese-lgf.ch\/de\/wp-json\/wp\/v2\/pages\/6303","targetHints":{"allow":["GET"]}}],"collection":[{"href":"https:\/\/diocese-lgf.ch\/de\/wp-json\/wp\/v2\/pages"}],"about":[{"href":"https:\/\/diocese-lgf.ch\/de\/wp-json\/wp\/v2\/types\/page"}],"author":[{"embeddable":true,"href":"https:\/\/diocese-lgf.ch\/de\/wp-json\/wp\/v2\/users\/4"}],"replies":[{"embeddable":true,"href":"https:\/\/diocese-lgf.ch\/de\/wp-json\/wp\/v2\/comments?post=6303"}],"version-history":[{"count":3,"href":"https:\/\/diocese-lgf.ch\/de\/wp-json\/wp\/v2\/pages\/6303\/revisions"}],"predecessor-version":[{"id":6306,"href":"https:\/\/diocese-lgf.ch\/de\/wp-json\/wp\/v2\/pages\/6303\/revisions\/6306"}],"up":[{"embeddable":true,"href":"https:\/\/diocese-lgf.ch\/de\/wp-json\/wp\/v2\/pages\/6327"}],"wp:attachment":[{"href":"https:\/\/diocese-lgf.ch\/de\/wp-json\/wp\/v2\/media?parent=6303"}],"wp:term":[{"taxonomy":"category","embeddable":true,"href":"https:\/\/diocese-lgf.ch\/de\/wp-json\/wp\/v2\/categories?post=6303"},{"taxonomy":"post_tag","embeddable":true,"href":"https:\/\/diocese-lgf.ch\/de\/wp-json\/wp\/v2\/tags?post=6303"}],"curies":[{"name":"wp","href":"https:\/\/api.w.org\/{rel}","templated":true}]}}