{"id":6299,"date":"2020-10-08T14:51:24","date_gmt":"2020-10-08T12:51:24","guid":{"rendered":"https:\/\/diocese-lgf.emblematik.dev\/standiges-diakonat\/"},"modified":"2023-02-28T14:35:54","modified_gmt":"2023-02-28T13:35:54","slug":"standiges-diakonat","status":"publish","type":"page","link":"https:\/\/diocese-lgf.ch\/de\/kirchenleben\/standiges-diakonat\/","title":{"rendered":"St\u00e4ndiges Diakonat"},"content":{"rendered":"<div class=\"pf-content\">\t\t<div data-elementor-type=\"wp-post\" data-elementor-id=\"6299\" class=\"elementor elementor-6299 elementor-2672\" data-elementor-post-type=\"page\">\n\t\t\t\t\t\t<section class=\"elementor-section elementor-top-section elementor-element elementor-element-c33d95a elementor-section-boxed elementor-section-height-default elementor-section-height-default\" data-id=\"c33d95a\" data-element_type=\"section\" data-e-type=\"section\">\n\t\t\t\t\t\t<div class=\"elementor-container elementor-column-gap-default\">\n\t\t\t\t\t<div class=\"elementor-column elementor-col-100 elementor-top-column elementor-element elementor-element-1d8b354\" data-id=\"1d8b354\" data-element_type=\"column\" data-e-type=\"column\">\n\t\t\t<div class=\"elementor-widget-wrap elementor-element-populated\">\n\t\t\t\t\t\t<div class=\"elementor-element elementor-element-41db7b6 elementor-widget elementor-widget-heading\" data-id=\"41db7b6\" data-element_type=\"widget\" data-e-type=\"widget\" data-widget_type=\"heading.default\">\n\t\t\t\t<div class=\"elementor-widget-container\">\n\t\t\t\t\t<h2 class=\"elementor-heading-title elementor-size-default\">Diakon sein, was ist das?<\/h2>\t\t\t\t<\/div>\n\t\t\t\t<\/div>\n\t\t\t\t<div class=\"elementor-element elementor-element-ffdbe0c elementor-widget elementor-widget-text-editor\" data-id=\"ffdbe0c\" data-element_type=\"widget\" data-e-type=\"widget\" data-widget_type=\"text-editor.default\">\n\t\t\t\t<div class=\"elementor-widget-container\">\n\t\t\t\t\t\t\t\t\t<p><strong>EINE BERUFUNG, ZU DIENEN<\/strong><\/p><p>Das Wort Diakon ist die \u00dcbersetzung des griechischen Wortes \u00abdiakonos\u00bb, was Diener bedeutet. Der Diakon ist ein Getaufter, der das Sakrament der Weihe empfangen hat, um sich in der Kirche nach dem Vorbild Christi zu engagieren, \u00abder nicht gekommen ist, um sich dienen zu lassen, sondern um zu dienen\u00bb (Mt 20, 28).<\/p><p>Er lebt dieses Engagement in Gemeinschaft mit dem Bischof, von dem er diesen Auftrag erhalten hat, und in Zusammenarbeit mit den Priestern und Laien. Durch sein hingegebenes Leben erinnert er daran, dass die Kirche selbst dazu berufen ist, ganz \u00abdiakonisch\u00bb zu werden, d.\u00a0h., eine dienende Haltung einzunehmen. Dieser Dienst verbindet untrennbar den Dienst an Gott und an den Menschen.<\/p><p><strong>INMITTEN DER WELT SEIN<\/strong><\/p><p>Einige werden zu Diakonen geweiht im Hinblick auf das Presbyterium (Priestertum), andere bleiben f\u00fcr immer Diakone. Die st\u00e4ndigen Diakone sind oft verheiratet und \u00fcben auch nach der Ordination weiter ihren Beruf aus. Sie haben eine besondere Sendung, die ihnen vom Bischof \u00fcbertragen wird und die mit ihren famili\u00e4ren Verpflichtungen und ihrer beruflichen Situation vereinbar ist. Einige sind als Seelsorger t\u00e4tig. Ihre Einbindung in die Mitte der Welt erlaubt es ihnen, \u00aban der Schwelle\u00bb zu sein. So k\u00f6nnen sie Christus in ihr Lebensumfeld tragen und die Sorgen derer, denen sie begegnen, vor Christus bringen.<\/p><p>Wenn der Diakon verheiratet ist, ist es wesentlich, dass die Ehefrau auf diesem Weg mitgeht. Sie ist eingeladen, an der Berufsfindung und Ausbildung ihres Mannes teilzuhaben, der diesem besonderen Ruf nur mit Einverst\u00e4ndnis seiner Frau folgen kann.<\/p><p><em>\u00abDen Ehefrauen und Kindern aller, die verheiratet sind, m\u00f6chte ich meine Bewunderung und meine Achtung bekunden. Die Kirche ist ihnen dankbar f\u00fcr alle Formen der Unterst\u00fctzung und Mitarbeit, die sie ihren Ehem\u00e4nnern und V\u00e4tern in ihrem Amt als Diakone gew\u00e4hren.\u00bb (Kardinal Claudio Hummes, Brief an die Diakone, 2009)<\/em><\/p><p><strong>DIE DREI DIMENSIONEN DES AUFTRAGS DER DIAKONE<\/strong><\/p><p>Der missionarische Auftrag des Diakons ist auf drei Pole ausgerichtet mit besonderen Akzentsetzungen je nach den Charismen oder Berufungen des Einzelnen:<\/p><ul><li>Der Dienst der N\u00e4chstenliebe: indem sie im Namen Jesu Menschen helfen, die aus verschiedenen Gr\u00fcnden in Armut leben;<\/li><li>Der Dienst des Wortes: indem sie das Evangelium verk\u00fcnden und predigen, in der Katechese etc.;<\/li><li>Der Dienst der Liturgie: indem sie dem Bischof oder dem Priester am Altar assistieren, indem sie taufen, Hochzeiten feiern, segnen, die Eucharistie austeilen, Gebete sprechen etc.<\/li><\/ul><p><strong>IM DIENST DES GEBETES<\/strong><\/p><p>Wesentlich im Leben des Diakons ist die Selbstbesinnung. Er verpflichtet sich, das Stundengebet in Verbundenheit mit dem Volk Gottes zu feiern, indem er F\u00fcrbitte h\u00e4lt f\u00fcr sich, seine Angeh\u00f6rigen und f\u00fcr die ganze Welt.<\/p><p><strong>FRAGEN?<\/strong><\/p><p>Manchmal wird man von einem Verantwortlichen der Kirche angesprochen oder man sp\u00fcrt selbst den inneren Wunsch, Gott auf diese Weise zu dienen. Bei Fragen ist es gut, mit seinem Gemeindepfarrer zu sprechen oder sich mit Kontaktpersonen in Verbindung zu setzen (siehe unten).<\/p><p><strong>BEGLEITUNG UND BRUDERSCHAFT<\/strong><\/p><p>F\u00fcr die Begleitung der Kandidaten und Diakone wird ein Bischofsrat ernannt. Alle geweihten Diakone sind in einer Bruderschaft vereint.<\/p>\t\t\t\t\t\t\t\t<\/div>\n\t\t\t\t<\/div>\n\t\t\t\t\t<\/div>\n\t\t<\/div>\n\t\t\t\t\t<\/div>\n\t\t<\/section>\n\t\t\t\t<section class=\"elementor-section elementor-top-section elementor-element elementor-element-cc2ec65 elementor-section-boxed elementor-section-height-default elementor-section-height-default\" data-id=\"cc2ec65\" data-element_type=\"section\" data-e-type=\"section\">\n\t\t\t\t\t\t<div class=\"elementor-container elementor-column-gap-default\">\n\t\t\t\t\t<div class=\"elementor-column elementor-col-100 elementor-top-column elementor-element elementor-element-52e9f52\" data-id=\"52e9f52\" data-element_type=\"column\" data-e-type=\"column\">\n\t\t\t<div class=\"elementor-widget-wrap elementor-element-populated\">\n\t\t\t\t\t\t<div class=\"elementor-element elementor-element-5aeaf04 elementor-widget elementor-widget-heading\" data-id=\"5aeaf04\" data-element_type=\"widget\" data-e-type=\"widget\" data-widget_type=\"heading.default\">\n\t\t\t\t<div class=\"elementor-widget-container\">\n\t\t\t\t\t<h2 class=\"elementor-heading-title elementor-size-medium\">Link<\/h2>\t\t\t\t<\/div>\n\t\t\t\t<\/div>\n\t\t\t\t<div class=\"elementor-element elementor-element-c085db4 elementor-icon-list--layout-traditional elementor-list-item-link-full_width elementor-widget elementor-widget-icon-list\" data-id=\"c085db4\" data-element_type=\"widget\" data-e-type=\"widget\" data-widget_type=\"icon-list.default\">\n\t\t\t\t<div class=\"elementor-widget-container\">\n\t\t\t\t\t\t\t<ul class=\"elementor-icon-list-items\">\n\t\t\t\t\t\t\t<li class=\"elementor-icon-list-item\">\n\t\t\t\t\t\t\t\t\t\t\t<a href=\"https:\/\/diocese-lgf.ch\/commission-diaconat\/\" target=\"_blank\">\n\n\t\t\t\t\t\t\t\t\t\t\t\t<span class=\"elementor-icon-list-icon\">\n\t\t\t\t\t\t\t<i aria-hidden=\"true\" class=\"fas fa-arrow-circle-right\"><\/i>\t\t\t\t\t\t<\/span>\n\t\t\t\t\t\t\t\t\t\t<span class=\"elementor-icon-list-text\">Bischofsrat Diakonat<\/span>\n\t\t\t\t\t\t\t\t\t\t\t<\/a>\n\t\t\t\t\t\t\t\t\t<\/li>\n\t\t\t\t\t\t<\/ul>\n\t\t\t\t\t\t<\/div>\n\t\t\t\t<\/div>\n\t\t\t\t\t<\/div>\n\t\t<\/div>\n\t\t\t\t\t<\/div>\n\t\t<\/section>\n\t\t\t\t<\/div>\n\t\t<\/div>","protected":false},"excerpt":{"rendered":"<p>Diakon sein, was ist das? EINE BERUFUNG, ZU DIENEN Das Wort Diakon ist die \u00dcbersetzung des griechischen Wortes \u00abdiakonos\u00bb, was Diener bedeutet. Der Diakon ist ein Getaufter, der das Sakrament [&hellip;]<\/p>\n","protected":false},"author":7,"featured_media":0,"parent":6327,"menu_order":6,"comment_status":"closed","ping_status":"closed","template":"","meta":{"_acf_changed":false,"footnotes":""},"categories":[70],"tags":[],"class_list":["post-6299","page","type-page","status-publish","hentry","category-vie-eglise-de"],"acf":[],"_links":{"self":[{"href":"https:\/\/diocese-lgf.ch\/de\/wp-json\/wp\/v2\/pages\/6299","targetHints":{"allow":["GET"]}}],"collection":[{"href":"https:\/\/diocese-lgf.ch\/de\/wp-json\/wp\/v2\/pages"}],"about":[{"href":"https:\/\/diocese-lgf.ch\/de\/wp-json\/wp\/v2\/types\/page"}],"author":[{"embeddable":true,"href":"https:\/\/diocese-lgf.ch\/de\/wp-json\/wp\/v2\/users\/7"}],"replies":[{"embeddable":true,"href":"https:\/\/diocese-lgf.ch\/de\/wp-json\/wp\/v2\/comments?post=6299"}],"version-history":[{"count":6,"href":"https:\/\/diocese-lgf.ch\/de\/wp-json\/wp\/v2\/pages\/6299\/revisions"}],"predecessor-version":[{"id":21164,"href":"https:\/\/diocese-lgf.ch\/de\/wp-json\/wp\/v2\/pages\/6299\/revisions\/21164"}],"up":[{"embeddable":true,"href":"https:\/\/diocese-lgf.ch\/de\/wp-json\/wp\/v2\/pages\/6327"}],"wp:attachment":[{"href":"https:\/\/diocese-lgf.ch\/de\/wp-json\/wp\/v2\/media?parent=6299"}],"wp:term":[{"taxonomy":"category","embeddable":true,"href":"https:\/\/diocese-lgf.ch\/de\/wp-json\/wp\/v2\/categories?post=6299"},{"taxonomy":"post_tag","embeddable":true,"href":"https:\/\/diocese-lgf.ch\/de\/wp-json\/wp\/v2\/tags?post=6299"}],"curies":[{"name":"wp","href":"https:\/\/api.w.org\/{rel}","templated":true}]}}