{"id":6292,"date":"2020-10-08T14:41:48","date_gmt":"2020-10-08T12:41:48","guid":{"rendered":"https:\/\/diocese-lgf.emblematik.dev\/katechese-und-katechumenat\/"},"modified":"2020-10-08T14:41:48","modified_gmt":"2020-10-08T12:41:48","slug":"katechese-und-katechumenat","status":"publish","type":"page","link":"https:\/\/diocese-lgf.ch\/de\/kirchenleben\/katechese-und-katechumenat\/","title":{"rendered":"Katechese und Katechumenat"},"content":{"rendered":"<div class=\"pf-content\">\t\t<div data-elementor-type=\"wp-post\" data-elementor-id=\"6292\" class=\"elementor elementor-6292 elementor-4188\" data-elementor-post-type=\"page\">\n\t\t\t\t\t\t<section class=\"elementor-section elementor-top-section elementor-element elementor-element-3af9618 elementor-section-boxed elementor-section-height-default elementor-section-height-default\" data-id=\"3af9618\" data-element_type=\"section\" data-e-type=\"section\">\n\t\t\t\t\t\t<div class=\"elementor-container elementor-column-gap-default\">\n\t\t\t\t\t<div class=\"elementor-column elementor-col-100 elementor-top-column elementor-element elementor-element-4796ca7\" data-id=\"4796ca7\" data-element_type=\"column\" data-e-type=\"column\">\n\t\t\t<div class=\"elementor-widget-wrap elementor-element-populated\">\n\t\t\t\t\t\t<div class=\"elementor-element elementor-element-d9f1928 elementor-widget elementor-widget-heading\" data-id=\"d9f1928\" data-element_type=\"widget\" data-e-type=\"widget\" data-widget_type=\"heading.default\">\n\t\t\t\t<div class=\"elementor-widget-container\">\n\t\t\t\t\t<h2 class=\"elementor-heading-title elementor-size-default\">Den katholischen Glauben entdecken<\/h2>\t\t\t\t<\/div>\n\t\t\t\t<\/div>\n\t\t\t\t\t<\/div>\n\t\t<\/div>\n\t\t\t\t\t<\/div>\n\t\t<\/section>\n\t\t\t\t<section class=\"elementor-section elementor-top-section elementor-element elementor-element-50ddabc elementor-section-boxed elementor-section-height-default elementor-section-height-default\" data-id=\"50ddabc\" data-element_type=\"section\" data-e-type=\"section\">\n\t\t\t\t\t\t<div class=\"elementor-container elementor-column-gap-default\">\n\t\t\t\t\t<div class=\"elementor-column elementor-col-100 elementor-top-column elementor-element elementor-element-0e9c8e4\" data-id=\"0e9c8e4\" data-element_type=\"column\" data-e-type=\"column\">\n\t\t\t<div class=\"elementor-widget-wrap elementor-element-populated\">\n\t\t\t\t\t\t<div class=\"elementor-element elementor-element-d517568 elementor-widget elementor-widget-text-editor\" data-id=\"d517568\" data-element_type=\"widget\" data-e-type=\"widget\" data-widget_type=\"text-editor.default\">\n\t\t\t\t<div class=\"elementor-widget-container\">\n\t\t\t\t\t\t\t\t\t<p>Unsere Di\u00f6zese bietet die Katechese f\u00fcr Kinder und das Katechumenat f\u00fcr Kinder und Erwachsene an, wobei sich die Form je nach Kanton unterscheiden kann. Ziel ist es, die pers\u00f6nlichen Beziehungen, den Erfahrungsaustausch und eine P\u00e4dagogik, die den individuellen Weg ber\u00fccksichtigt, in den Vordergrund zu stellen.<\/p>\n<ul>\n<li><a href=\"https:\/\/www.cath-vd.ch\/generations\/enfants\/\" target=\"_blank\" rel=\"noopener\">Waadt<\/a><\/li>\n<li><a href=\"https:\/\/www.eglisecatholique-ge.ch\/decouvrir\/services\/catechese\/\" target=\"_blank\" rel=\"noopener\">Genf<\/a><\/li>\n<li><a href=\"https:\/\/www.cath-fr.ch\/catech%C3%A8se\/presentation\" target=\"_blank\" rel=\"noopener\">franz\u00f6sischsprachiges Freiburg<\/a><\/li>\n<li><a href=\"https:\/\/www.kath-fr.ch\/defka\" target=\"_blank\" rel=\"noopener\">deutschsprachiges Freiburg<\/a><\/li>\n<li><a href=\"https:\/\/www.cath-ne.ch\/catechse-et-catechumenat\" target=\"_blank\" rel=\"noopener\">Neuenburg<\/a><\/li>\n<\/ul>\n\t\t\t\t\t\t\t\t<\/div>\n\t\t\t\t<\/div>\n\t\t\t\t\t<\/div>\n\t\t<\/div>\n\t\t\t\t\t<\/div>\n\t\t<\/section>\n\t\t\t\t<\/div>\n\t\t<\/div>","protected":false},"excerpt":{"rendered":"<p>Den katholischen Glauben entdecken Unsere Di\u00f6zese bietet die Katechese f\u00fcr Kinder und das Katechumenat f\u00fcr Kinder und Erwachsene an, wobei sich die Form je nach Kanton unterscheiden kann. Ziel ist [&hellip;]<\/p>\n","protected":false},"author":4,"featured_media":0,"parent":6327,"menu_order":1,"comment_status":"closed","ping_status":"closed","template":"","meta":{"_acf_changed":false,"footnotes":""},"categories":[70],"tags":[],"class_list":["post-6292","page","type-page","status-publish","hentry","category-vie-eglise-de"],"acf":[],"_links":{"self":[{"href":"https:\/\/diocese-lgf.ch\/de\/wp-json\/wp\/v2\/pages\/6292","targetHints":{"allow":["GET"]}}],"collection":[{"href":"https:\/\/diocese-lgf.ch\/de\/wp-json\/wp\/v2\/pages"}],"about":[{"href":"https:\/\/diocese-lgf.ch\/de\/wp-json\/wp\/v2\/types\/page"}],"author":[{"embeddable":true,"href":"https:\/\/diocese-lgf.ch\/de\/wp-json\/wp\/v2\/users\/4"}],"replies":[{"embeddable":true,"href":"https:\/\/diocese-lgf.ch\/de\/wp-json\/wp\/v2\/comments?post=6292"}],"version-history":[{"count":1,"href":"https:\/\/diocese-lgf.ch\/de\/wp-json\/wp\/v2\/pages\/6292\/revisions"}],"predecessor-version":[{"id":6293,"href":"https:\/\/diocese-lgf.ch\/de\/wp-json\/wp\/v2\/pages\/6292\/revisions\/6293"}],"up":[{"embeddable":true,"href":"https:\/\/diocese-lgf.ch\/de\/wp-json\/wp\/v2\/pages\/6327"}],"wp:attachment":[{"href":"https:\/\/diocese-lgf.ch\/de\/wp-json\/wp\/v2\/media?parent=6292"}],"wp:term":[{"taxonomy":"category","embeddable":true,"href":"https:\/\/diocese-lgf.ch\/de\/wp-json\/wp\/v2\/categories?post=6292"},{"taxonomy":"post_tag","embeddable":true,"href":"https:\/\/diocese-lgf.ch\/de\/wp-json\/wp\/v2\/tags?post=6292"}],"curies":[{"name":"wp","href":"https:\/\/api.w.org\/{rel}","templated":true}]}}