{"id":6257,"date":"2020-10-08T14:18:15","date_gmt":"2020-10-08T12:18:15","guid":{"rendered":"https:\/\/diocese-lgf.emblematik.dev\/seminare\/"},"modified":"2020-10-08T14:26:29","modified_gmt":"2020-10-08T12:26:29","slug":"seminare","status":"publish","type":"page","link":"https:\/\/diocese-lgf.ch\/de\/kirchenleben\/seminare\/","title":{"rendered":"Seminare"},"content":{"rendered":"<div class=\"pf-content\">\t\t<div data-elementor-type=\"wp-post\" data-elementor-id=\"6257\" class=\"elementor elementor-6257 elementor-664\" data-elementor-post-type=\"page\">\n\t\t\t\t\t\t<section class=\"elementor-section elementor-top-section elementor-element elementor-element-47a458c elementor-section-boxed elementor-section-height-default elementor-section-height-default\" data-id=\"47a458c\" data-element_type=\"section\" data-e-type=\"section\">\n\t\t\t\t\t\t<div class=\"elementor-container elementor-column-gap-default\">\n\t\t\t\t\t<div class=\"elementor-column elementor-col-100 elementor-top-column elementor-element elementor-element-193c3e2\" data-id=\"193c3e2\" data-element_type=\"column\" data-e-type=\"column\">\n\t\t\t<div class=\"elementor-widget-wrap elementor-element-populated\">\n\t\t\t\t\t\t<div class=\"elementor-element elementor-element-ae521cd elementor-widget elementor-widget-heading\" data-id=\"ae521cd\" data-element_type=\"widget\" data-e-type=\"widget\" data-widget_type=\"heading.default\">\n\t\t\t\t<div class=\"elementor-widget-container\">\n\t\t\t\t\t<h2 class=\"elementor-heading-title elementor-size-default\">Seminar der Di\u00f6zese Lausanne, Genf und Freiburg<\/h2>\t\t\t\t<\/div>\n\t\t\t\t<\/div>\n\t\t\t\t\t<\/div>\n\t\t<\/div>\n\t\t\t\t\t<\/div>\n\t\t<\/section>\n\t\t\t\t<section class=\"elementor-section elementor-top-section elementor-element elementor-element-9330e97 elementor-section-boxed elementor-section-height-default elementor-section-height-default\" data-id=\"9330e97\" data-element_type=\"section\" data-e-type=\"section\">\n\t\t\t\t\t\t<div class=\"elementor-container elementor-column-gap-default\">\n\t\t\t\t\t<div class=\"elementor-column elementor-col-100 elementor-top-column elementor-element elementor-element-7bf6986\" data-id=\"7bf6986\" data-element_type=\"column\" data-e-type=\"column\">\n\t\t\t<div class=\"elementor-widget-wrap elementor-element-populated\">\n\t\t\t\t\t\t<div class=\"elementor-element elementor-element-129fa55 elementor-widget elementor-widget-text-editor\" data-id=\"129fa55\" data-element_type=\"widget\" data-e-type=\"widget\" data-widget_type=\"text-editor.default\">\n\t\t\t\t<div class=\"elementor-widget-container\">\n\t\t\t\t\t\t\t\t\t<p class=\"align-justify\"><img decoding=\"async\" class=\"alignleft size-medium wp-image-5408\" src=\"https:\/\/diocese-lgf.ch\/wp-content\/uploads\/2020\/09\/seminaire-LGF-300x127.png\" alt=\"\" width=\"300\" height=\"127\" srcset=\"https:\/\/diocese-lgf.ch\/wp-content\/uploads\/2020\/09\/seminaire-LGF-300x127.png 300w, https:\/\/diocese-lgf.ch\/wp-content\/uploads\/2020\/09\/seminaire-LGF-768x325.png 768w, https:\/\/diocese-lgf.ch\/wp-content\/uploads\/2020\/09\/seminaire-LGF.png 838w\" sizes=\"(max-width: 300px) 100vw, 300px\" \/><\/p>\n<p>Die Di\u00f6zese Lausanne, Genf und Freiburg verf\u00fcgt \u00fcber ein Seminar, in dem die zuk\u00fcnftigen Priester ausgebildet werden.<\/p>\n<p>Das Seminar bietet jungen Leuten der Kantone Genf, Waadt, Freiburg und Neuenburg, die weltliche Priester werden m\u00f6chten, eine Ausbildung an. Diese dauert sechs Jahre und besteht aus einem Einf\u00fchrungsjahr und anschliessend aus f\u00fcnf Jahren Ausbildung im Seminar.<\/p>\n<p>Seit September 2012 befindet sich das Seminar im \u00abHaus der Seminare\u00bb, einer neuen Einrichtung, die mehrere Gemeinschaften vereint: das Seminar von Lausanne, Genf und Freiburg, das Seminar von Sitten und das Einf\u00fchrungsjahr in den Seminargeb\u00e4uden von Givisiez. Diese Zusammenlegung erm\u00f6glicht den Fortbestand der einzelnen Institute und vereint gleichzeitig alle Kr\u00e4fte im Dienst der Ausbildung der Seminaristen.<\/p>\n<p class=\"align-justify\">Die offizielle Einsegnung des \u00abHauses der Seminare\u00bb hat am 22.\u00a0Oktober 2012 in Anwesenheit von Mgr. Morerod und Mgr. Norbert Brunner stattgefunden.<\/p>\n\t\t\t\t\t\t\t\t<\/div>\n\t\t\t\t<\/div>\n\t\t\t\t\t<\/div>\n\t\t<\/div>\n\t\t\t\t\t<\/div>\n\t\t<\/section>\n\t\t\t\t<section class=\"elementor-section elementor-top-section elementor-element elementor-element-0dbae72 elementor-section-boxed elementor-section-height-default elementor-section-height-default\" data-id=\"0dbae72\" data-element_type=\"section\" data-e-type=\"section\">\n\t\t\t\t\t\t<div class=\"elementor-container elementor-column-gap-default\">\n\t\t\t\t\t<div class=\"elementor-column elementor-col-100 elementor-top-column elementor-element elementor-element-b1c8876\" data-id=\"b1c8876\" data-element_type=\"column\" data-e-type=\"column\">\n\t\t\t<div class=\"elementor-widget-wrap elementor-element-populated\">\n\t\t\t\t\t\t<div class=\"elementor-element elementor-element-991c064 elementor-widget elementor-widget-heading\" data-id=\"991c064\" data-element_type=\"widget\" data-e-type=\"widget\" data-widget_type=\"heading.default\">\n\t\t\t\t<div class=\"elementor-widget-container\">\n\t\t\t\t\t<h2 class=\"elementor-heading-title elementor-size-small\">Link<\/h2>\t\t\t\t<\/div>\n\t\t\t\t<\/div>\n\t\t\t\t<div class=\"elementor-element elementor-element-e086cd9 elementor-icon-list--layout-traditional elementor-list-item-link-full_width elementor-widget elementor-widget-icon-list\" data-id=\"e086cd9\" data-element_type=\"widget\" data-e-type=\"widget\" data-widget_type=\"icon-list.default\">\n\t\t\t\t<div class=\"elementor-widget-container\">\n\t\t\t\t\t\t\t<ul class=\"elementor-icon-list-items\">\n\t\t\t\t\t\t\t<li class=\"elementor-icon-list-item\">\n\t\t\t\t\t\t\t\t\t\t\t<a href=\"http:\/\/www.seminaire-lgf.ch\/\" target=\"_blank\">\n\n\t\t\t\t\t\t\t\t\t\t\t\t<span class=\"elementor-icon-list-icon\">\n\t\t\t\t\t\t\t<i aria-hidden=\"true\" class=\"fas fa-arrow-circle-right\"><\/i>\t\t\t\t\t\t<\/span>\n\t\t\t\t\t\t\t\t\t\t<span class=\"elementor-icon-list-text\">Seminar der Di\u00f6zese Lausanne, Genf und Freiburg<\/span>\n\t\t\t\t\t\t\t\t\t\t\t<\/a>\n\t\t\t\t\t\t\t\t\t<\/li>\n\t\t\t\t\t\t<\/ul>\n\t\t\t\t\t\t<\/div>\n\t\t\t\t<\/div>\n\t\t\t\t\t<\/div>\n\t\t<\/div>\n\t\t\t\t\t<\/div>\n\t\t<\/section>\n\t\t\t\t<section class=\"elementor-section elementor-top-section elementor-element elementor-element-d598f73 elementor-section-boxed elementor-section-height-default elementor-section-height-default\" data-id=\"d598f73\" data-element_type=\"section\" data-e-type=\"section\">\n\t\t\t\t\t\t<div class=\"elementor-container elementor-column-gap-default\">\n\t\t\t\t\t<div class=\"elementor-column elementor-col-100 elementor-top-column elementor-element elementor-element-374ea17\" data-id=\"374ea17\" data-element_type=\"column\" data-e-type=\"column\">\n\t\t\t<div class=\"elementor-widget-wrap elementor-element-populated\">\n\t\t\t\t\t\t<div class=\"elementor-element elementor-element-a0ff931 elementor-widget elementor-widget-spacer\" data-id=\"a0ff931\" data-element_type=\"widget\" data-e-type=\"widget\" data-widget_type=\"spacer.default\">\n\t\t\t\t<div class=\"elementor-widget-container\">\n\t\t\t\t\t\t\t<div class=\"elementor-spacer\">\n\t\t\t<div class=\"elementor-spacer-inner\"><\/div>\n\t\t<\/div>\n\t\t\t\t\t\t<\/div>\n\t\t\t\t<\/div>\n\t\t\t\t<div class=\"elementor-element elementor-element-8a2b3d2 elementor-widget elementor-widget-heading\" data-id=\"8a2b3d2\" data-element_type=\"widget\" data-e-type=\"widget\" data-widget_type=\"heading.default\">\n\t\t\t\t<div class=\"elementor-widget-container\">\n\t\t\t\t\t<h2 class=\"elementor-heading-title elementor-size-default\">Missionarisches Di\u00f6zesanseminar \"Redemptoris Mater\"<\/h2>\t\t\t\t<\/div>\n\t\t\t\t<\/div>\n\t\t\t\t\t<\/div>\n\t\t<\/div>\n\t\t\t\t\t<\/div>\n\t\t<\/section>\n\t\t\t\t<section class=\"elementor-section elementor-top-section elementor-element elementor-element-b371537 elementor-section-boxed elementor-section-height-default elementor-section-height-default\" data-id=\"b371537\" data-element_type=\"section\" data-e-type=\"section\">\n\t\t\t\t\t\t<div class=\"elementor-container elementor-column-gap-default\">\n\t\t\t\t\t<div class=\"elementor-column elementor-col-100 elementor-top-column elementor-element elementor-element-6044169\" data-id=\"6044169\" data-element_type=\"column\" data-e-type=\"column\">\n\t\t\t<div class=\"elementor-widget-wrap elementor-element-populated\">\n\t\t\t\t\t\t<div class=\"elementor-element elementor-element-05e5c23 elementor-widget elementor-widget-text-editor\" data-id=\"05e5c23\" data-element_type=\"widget\" data-e-type=\"widget\" data-widget_type=\"text-editor.default\">\n\t\t\t\t<div class=\"elementor-widget-container\">\n\t\t\t\t\t\t\t\t\t<p>Das Internationale Missionarische Di\u00f6zesanseminar <em>Redemptoris Mater<\/em> f\u00fcr die Ausbildung zum Priesteramt und f\u00fcr die neue Evangelisation wurde 2018 von Mgr. Charles Morerod f\u00fcr die Di\u00f6zese Lausanne, Genf und Freiburg errichtet.<\/p>\n<p>Es entspricht dem Wunsch, den der heilige Vater Johannes Paul II. in seiner nach-synodalen Ermahnung <em>Ecclesia in Europa <\/em>ge\u00e4ussert hat.<\/p>\n<p>Das Seminar hat seinen Sitz in Freiburg.<\/p>\n<p class=\"align-justify\">Um auf die dringenden Bed\u00fcrfnisse von einzelnen Kirchen in Europa und anderen Kontinenten einzugehen, k\u00f6nnen die aus dem Seminar hervorgehenden und f\u00fcr die neue Evangelisation ausgebildeten Priester als mobile Priester oder im Dienst an Familien im Rahmen der <em>Missio ad Gentes<\/em> ausgesandt werden.<\/p>\n\t\t\t\t\t\t\t\t<\/div>\n\t\t\t\t<\/div>\n\t\t\t\t\t<\/div>\n\t\t<\/div>\n\t\t\t\t\t<\/div>\n\t\t<\/section>\n\t\t\t\t<section class=\"elementor-section elementor-top-section elementor-element elementor-element-17ccf16 elementor-section-boxed elementor-section-height-default elementor-section-height-default\" data-id=\"17ccf16\" data-element_type=\"section\" data-e-type=\"section\">\n\t\t\t\t\t\t<div class=\"elementor-container elementor-column-gap-default\">\n\t\t\t\t\t<div class=\"elementor-column elementor-col-100 elementor-top-column elementor-element elementor-element-2dd7f4b\" data-id=\"2dd7f4b\" data-element_type=\"column\" data-e-type=\"column\">\n\t\t\t<div class=\"elementor-widget-wrap elementor-element-populated\">\n\t\t\t\t\t\t<div class=\"elementor-element elementor-element-15c2445 elementor-widget elementor-widget-heading\" data-id=\"15c2445\" data-element_type=\"widget\" data-e-type=\"widget\" data-widget_type=\"heading.default\">\n\t\t\t\t<div class=\"elementor-widget-container\">\n\t\t\t\t\t<h2 class=\"elementor-heading-title elementor-size-small\">Link<\/h2>\t\t\t\t<\/div>\n\t\t\t\t<\/div>\n\t\t\t\t<div class=\"elementor-element elementor-element-ca77fde elementor-icon-list--layout-traditional elementor-list-item-link-full_width elementor-widget elementor-widget-icon-list\" data-id=\"ca77fde\" data-element_type=\"widget\" data-e-type=\"widget\" data-widget_type=\"icon-list.default\">\n\t\t\t\t<div class=\"elementor-widget-container\">\n\t\t\t\t\t\t\t<ul class=\"elementor-icon-list-items\">\n\t\t\t\t\t\t\t<li class=\"elementor-icon-list-item\">\n\t\t\t\t\t\t\t\t\t\t\t<a href=\"http:\/\/redemptorismaterfribourg.ch\/\" target=\"_blank\">\n\n\t\t\t\t\t\t\t\t\t\t\t\t<span class=\"elementor-icon-list-icon\">\n\t\t\t\t\t\t\t<i aria-hidden=\"true\" class=\"fas fa-arrow-circle-right\"><\/i>\t\t\t\t\t\t<\/span>\n\t\t\t\t\t\t\t\t\t\t<span class=\"elementor-icon-list-text\">Missionarisches Di\u00f6zesanseminar \"Redemptoris Mater\"<\/span>\n\t\t\t\t\t\t\t\t\t\t\t<\/a>\n\t\t\t\t\t\t\t\t\t<\/li>\n\t\t\t\t\t\t<\/ul>\n\t\t\t\t\t\t<\/div>\n\t\t\t\t<\/div>\n\t\t\t\t\t<\/div>\n\t\t<\/div>\n\t\t\t\t\t<\/div>\n\t\t<\/section>\n\t\t\t\t<\/div>\n\t\t<\/div>","protected":false},"excerpt":{"rendered":"<p>Seminar der Di\u00f6zese Lausanne, Genf und Freiburg Die Di\u00f6zese Lausanne, Genf und Freiburg verf\u00fcgt \u00fcber ein Seminar, in dem die zuk\u00fcnftigen Priester ausgebildet werden. Das Seminar bietet jungen Leuten der [&hellip;]<\/p>\n","protected":false},"author":5,"featured_media":0,"parent":6327,"menu_order":5,"comment_status":"closed","ping_status":"closed","template":"","meta":{"_acf_changed":false,"footnotes":""},"categories":[70],"tags":[],"class_list":["post-6257","page","type-page","status-publish","hentry","category-vie-eglise-de"],"acf":[],"_links":{"self":[{"href":"https:\/\/diocese-lgf.ch\/de\/wp-json\/wp\/v2\/pages\/6257","targetHints":{"allow":["GET"]}}],"collection":[{"href":"https:\/\/diocese-lgf.ch\/de\/wp-json\/wp\/v2\/pages"}],"about":[{"href":"https:\/\/diocese-lgf.ch\/de\/wp-json\/wp\/v2\/types\/page"}],"author":[{"embeddable":true,"href":"https:\/\/diocese-lgf.ch\/de\/wp-json\/wp\/v2\/users\/5"}],"replies":[{"embeddable":true,"href":"https:\/\/diocese-lgf.ch\/de\/wp-json\/wp\/v2\/comments?post=6257"}],"version-history":[{"count":20,"href":"https:\/\/diocese-lgf.ch\/de\/wp-json\/wp\/v2\/pages\/6257\/revisions"}],"predecessor-version":[{"id":6291,"href":"https:\/\/diocese-lgf.ch\/de\/wp-json\/wp\/v2\/pages\/6257\/revisions\/6291"}],"up":[{"embeddable":true,"href":"https:\/\/diocese-lgf.ch\/de\/wp-json\/wp\/v2\/pages\/6327"}],"wp:attachment":[{"href":"https:\/\/diocese-lgf.ch\/de\/wp-json\/wp\/v2\/media?parent=6257"}],"wp:term":[{"taxonomy":"category","embeddable":true,"href":"https:\/\/diocese-lgf.ch\/de\/wp-json\/wp\/v2\/categories?post=6257"},{"taxonomy":"post_tag","embeddable":true,"href":"https:\/\/diocese-lgf.ch\/de\/wp-json\/wp\/v2\/tags?post=6257"}],"curies":[{"name":"wp","href":"https:\/\/api.w.org\/{rel}","templated":true}]}}