{"id":6252,"date":"2020-10-08T14:09:15","date_gmt":"2020-10-08T12:09:15","guid":{"rendered":"https:\/\/diocese-lgf.emblematik.dev\/centre-romand-de-formations-en-eglise\/"},"modified":"2020-12-06T17:41:19","modified_gmt":"2020-12-06T16:41:19","slug":"centre-romand-de-formations-en-eglise","status":"publish","type":"page","link":"https:\/\/diocese-lgf.ch\/de\/kirchenleben\/centre-romand-de-formations-en-eglise\/","title":{"rendered":"Ausbildung in der Kirche Westschweiz (CCRFE)"},"content":{"rendered":"<div class=\"pf-content\">\t\t<div data-elementor-type=\"wp-post\" data-elementor-id=\"6252\" class=\"elementor elementor-6252 elementor-2577\" data-elementor-post-type=\"page\">\n\t\t\t\t\t\t<section class=\"elementor-section elementor-top-section elementor-element elementor-element-3af9618 elementor-section-boxed elementor-section-height-default elementor-section-height-default\" data-id=\"3af9618\" data-element_type=\"section\" data-e-type=\"section\">\n\t\t\t\t\t\t<div class=\"elementor-container elementor-column-gap-default\">\n\t\t\t\t\t<div class=\"elementor-column elementor-col-100 elementor-top-column elementor-element elementor-element-4796ca7\" data-id=\"4796ca7\" data-element_type=\"column\" data-e-type=\"column\">\n\t\t\t<div class=\"elementor-widget-wrap elementor-element-populated\">\n\t\t\t\t\t\t<div class=\"elementor-element elementor-element-d9f1928 elementor-widget elementor-widget-heading\" data-id=\"d9f1928\" data-element_type=\"widget\" data-e-type=\"widget\" data-widget_type=\"heading.default\">\n\t\t\t\t<div class=\"elementor-widget-container\">\n\t\t\t\t\t<h2 class=\"elementor-heading-title elementor-size-default\">Katholisches Zentrum der Westschweiz f\u00fcr die Ausbildung in der Kirche (CCRFE)<\/h2>\t\t\t\t<\/div>\n\t\t\t\t<\/div>\n\t\t\t\t\t<\/div>\n\t\t<\/div>\n\t\t\t\t\t<\/div>\n\t\t<\/section>\n\t\t\t\t<section class=\"elementor-section elementor-top-section elementor-element elementor-element-50ddabc elementor-section-boxed elementor-section-height-default elementor-section-height-default\" data-id=\"50ddabc\" data-element_type=\"section\" data-e-type=\"section\">\n\t\t\t\t\t\t<div class=\"elementor-container elementor-column-gap-default\">\n\t\t\t\t\t<div class=\"elementor-column elementor-col-100 elementor-top-column elementor-element elementor-element-0e9c8e4\" data-id=\"0e9c8e4\" data-element_type=\"column\" data-e-type=\"column\">\n\t\t\t<div class=\"elementor-widget-wrap elementor-element-populated\">\n\t\t\t\t\t\t<div class=\"elementor-element elementor-element-d517568 elementor-widget elementor-widget-text-editor\" data-id=\"d517568\" data-element_type=\"widget\" data-e-type=\"widget\" data-widget_type=\"text-editor.default\">\n\t\t\t\t<div class=\"elementor-widget-container\">\n\t\t\t\t\t\t\t\t\t<p>Das CCRFE hat den Auftrag, die Kandidaten zum Priestertum, zum Diakonat oder zum Amt\/Dienst als Laienseelsorger vorzubereiten.<\/p>\n<p>Das Ausbildungsangebot ist in <strong>sieben Bereiche<\/strong> aufgeteilt:<\/p>\n<ol>\n<li>Die Ausbildung zur\/zum Pastoralmitarbeitenden (bis jetzt IFM) \u2013 duale Ausbildung in drei Jahren<\/li>\n<li>Das Jahr der Berufsfindung zur Vorbereitung auf das Priesteramt (in Zusammenarbeit mit den Seminaren) vor dem Eintritt in das Seminar<\/li>\n<li>Das praktische Jahr f\u00fcr Seminaristen und Theologen nach dem Theologiestudium<\/li>\n<li>Die Ausbildung der Kandidaten zum st\u00e4ndigen Diakonat f\u00fcr die Di\u00f6zesen LGF und Sitten<\/li>\n<li>Die kirchliche Begleitung der Theologiestudenten<\/li>\n<li>Die ersten Amtsjahre der Priester, Diakone und Laienseelsorger<\/li>\n<li>Die Weiterbildung der Priester, Diakone und Laienseelsorger:<\/li>\n<\/ol>\n<ul>\n<li style=\"list-style-type: none;\">\n<ul>\n<li>Obligatorische regelm\u00e4ssige Kurse<\/li>\n<li>Spezielle Module f\u00fcr einzelne Bereiche der Pastoral (Gesundheit, Beerdigungen, Zuh\u00f6ren)<\/li>\n<li>Sitzungen und Tage \u00fcber einzelne Themen<\/li>\n<li>Die M\u00f6glichkeit der pers\u00f6nlichen Begleitung und im Team (Supervision, Intervision und Korrektur der Praxis)<\/li>\n<li>Die M\u00f6glichkeit, Auszeiten zu nehmen oder Zeit zum Auffrischen der theologischen pastoralen Kenntnisse<\/li>\n<\/ul>\n<\/li>\n<\/ul>\n\t\t\t\t\t\t\t\t<\/div>\n\t\t\t\t<\/div>\n\t\t\t\t\t<\/div>\n\t\t<\/div>\n\t\t\t\t\t<\/div>\n\t\t<\/section>\n\t\t\t\t<section class=\"elementor-section elementor-top-section elementor-element elementor-element-2b4bb97 elementor-section-boxed elementor-section-height-default elementor-section-height-default\" data-id=\"2b4bb97\" data-element_type=\"section\" data-e-type=\"section\">\n\t\t\t\t\t\t<div class=\"elementor-container elementor-column-gap-default\">\n\t\t\t\t\t<div class=\"elementor-column elementor-col-100 elementor-top-column elementor-element elementor-element-0b80d66\" data-id=\"0b80d66\" data-element_type=\"column\" data-e-type=\"column\">\n\t\t\t<div class=\"elementor-widget-wrap elementor-element-populated\">\n\t\t\t\t\t\t<div class=\"elementor-element elementor-element-21dea09 elementor-widget elementor-widget-heading\" data-id=\"21dea09\" data-element_type=\"widget\" data-e-type=\"widget\" data-widget_type=\"heading.default\">\n\t\t\t\t<div class=\"elementor-widget-container\">\n\t\t\t\t\t<h2 class=\"elementor-heading-title elementor-size-small\">Link<\/h2>\t\t\t\t<\/div>\n\t\t\t\t<\/div>\n\t\t\t\t<div class=\"elementor-element elementor-element-e1938c3 elementor-icon-list--layout-traditional elementor-list-item-link-full_width elementor-widget elementor-widget-icon-list\" data-id=\"e1938c3\" data-element_type=\"widget\" data-e-type=\"widget\" data-widget_type=\"icon-list.default\">\n\t\t\t\t<div class=\"elementor-widget-container\">\n\t\t\t\t\t\t\t<ul class=\"elementor-icon-list-items\">\n\t\t\t\t\t\t\t<li class=\"elementor-icon-list-item\">\n\t\t\t\t\t\t\t\t\t\t\t<a href=\"http:\/\/ccrfe.ch\/\">\n\n\t\t\t\t\t\t\t\t\t\t\t\t<span class=\"elementor-icon-list-icon\">\n\t\t\t\t\t\t\t<i aria-hidden=\"true\" class=\"fas fa-arrow-circle-right\"><\/i>\t\t\t\t\t\t<\/span>\n\t\t\t\t\t\t\t\t\t\t<span class=\"elementor-icon-list-text\">Centre catholique romand de formations en Eglise (CCRFE)<\/span>\n\t\t\t\t\t\t\t\t\t\t\t<\/a>\n\t\t\t\t\t\t\t\t\t<\/li>\n\t\t\t\t\t\t<\/ul>\n\t\t\t\t\t\t<\/div>\n\t\t\t\t<\/div>\n\t\t\t\t\t<\/div>\n\t\t<\/div>\n\t\t\t\t\t<\/div>\n\t\t<\/section>\n\t\t\t\t<\/div>\n\t\t<\/div>","protected":false},"excerpt":{"rendered":"<p>Katholisches Zentrum der Westschweiz f\u00fcr die Ausbildung in der Kirche (CCRFE) Das CCRFE hat den Auftrag, die Kandidaten zum Priestertum, zum Diakonat oder zum Amt\/Dienst als Laienseelsorger vorzubereiten. Das Ausbildungsangebot [&hellip;]<\/p>\n","protected":false},"author":7,"featured_media":0,"parent":6327,"menu_order":6,"comment_status":"closed","ping_status":"closed","template":"","meta":{"_acf_changed":false,"footnotes":""},"categories":[70],"tags":[],"class_list":["post-6252","page","type-page","status-publish","hentry","category-vie-eglise-de"],"acf":[],"_links":{"self":[{"href":"https:\/\/diocese-lgf.ch\/de\/wp-json\/wp\/v2\/pages\/6252","targetHints":{"allow":["GET"]}}],"collection":[{"href":"https:\/\/diocese-lgf.ch\/de\/wp-json\/wp\/v2\/pages"}],"about":[{"href":"https:\/\/diocese-lgf.ch\/de\/wp-json\/wp\/v2\/types\/page"}],"author":[{"embeddable":true,"href":"https:\/\/diocese-lgf.ch\/de\/wp-json\/wp\/v2\/users\/7"}],"replies":[{"embeddable":true,"href":"https:\/\/diocese-lgf.ch\/de\/wp-json\/wp\/v2\/comments?post=6252"}],"version-history":[{"count":6,"href":"https:\/\/diocese-lgf.ch\/de\/wp-json\/wp\/v2\/pages\/6252\/revisions"}],"predecessor-version":[{"id":7827,"href":"https:\/\/diocese-lgf.ch\/de\/wp-json\/wp\/v2\/pages\/6252\/revisions\/7827"}],"up":[{"embeddable":true,"href":"https:\/\/diocese-lgf.ch\/de\/wp-json\/wp\/v2\/pages\/6327"}],"wp:attachment":[{"href":"https:\/\/diocese-lgf.ch\/de\/wp-json\/wp\/v2\/media?parent=6252"}],"wp:term":[{"taxonomy":"category","embeddable":true,"href":"https:\/\/diocese-lgf.ch\/de\/wp-json\/wp\/v2\/categories?post=6252"},{"taxonomy":"post_tag","embeddable":true,"href":"https:\/\/diocese-lgf.ch\/de\/wp-json\/wp\/v2\/tags?post=6252"}],"curies":[{"name":"wp","href":"https:\/\/api.w.org\/{rel}","templated":true}]}}