{"id":6242,"date":"2020-10-08T13:48:56","date_gmt":"2020-10-08T11:48:56","guid":{"rendered":"https:\/\/diocese-lgf.emblematik.dev\/mgr-charles-morerod\/reden-und-homilien\/"},"modified":"2026-04-02T10:22:49","modified_gmt":"2026-04-02T08:22:49","slug":"reden-und-homilien","status":"publish","type":"page","link":"https:\/\/diocese-lgf.ch\/de\/bischofe\/mgr-charles-morerod\/reden-und-homilien\/","title":{"rendered":"Reden und Homilien"},"content":{"rendered":"<div class=\"pf-content\">\t\t<div data-elementor-type=\"wp-post\" data-elementor-id=\"6242\" class=\"elementor elementor-6242 elementor-631\" data-elementor-post-type=\"page\">\n\t\t\t\t\t\t<section class=\"elementor-section elementor-top-section elementor-element elementor-element-3d87fedf elementor-section-boxed elementor-section-height-default elementor-section-height-default\" data-id=\"3d87fedf\" data-element_type=\"section\" data-e-type=\"section\">\n\t\t\t\t\t\t<div class=\"elementor-container elementor-column-gap-default\">\n\t\t\t\t\t<div class=\"elementor-column elementor-col-100 elementor-top-column elementor-element elementor-element-45ce9f23\" data-id=\"45ce9f23\" data-element_type=\"column\" data-e-type=\"column\">\n\t\t\t<div class=\"elementor-widget-wrap elementor-element-populated\">\n\t\t\t\t\t\t<div class=\"elementor-element elementor-element-c374d93 elementor-widget elementor-widget-text-editor\" data-id=\"c374d93\" data-element_type=\"widget\" data-e-type=\"widget\" data-widget_type=\"text-editor.default\">\n\t\t\t\t<div class=\"elementor-widget-container\">\n\t\t\t\t\t\t\t\t\t<div><div><div><span lang=\"DE-CH\">Hier finden Sie diverse Reden, Homilien und weitere Botschaften von Mgr. Morerod (in chronologischer Reihenfolge)<\/span> :<\/div><div>\u00a0<\/div><\/div><\/div><div><ul><li>MOREROD Charles, <a href=\"https:\/\/diocese-lgf.ch\/wp-content\/uploads\/2026\/04\/20260331_homelie_CM_messe_chrismale.pdf\">Homilie<\/a>, Chrismam-Messe, Lausanne, 31.03.2026<\/li><li>MOREROD Charles, <a href=\"https:\/\/diocese-lgf.ch\/wp-content\/uploads\/2023\/06\/20230608_homelie-CM-Fete-Dieu-Fribourg.pdf\" target=\"_blank\" rel=\"noopener\">Homilie<\/a>, Fronleichnam, Freiburg, 08.06.2023<\/li><li>MOREROD Charles, <a href=\"https:\/\/diocese-lgf.ch\/wp-content\/uploads\/2023\/04\/20230409_homelie_CM_eglise_StPierre_Fribourg.pdf\" target=\"_blank\" rel=\"noopener\">Homilie<\/a>, Kirche St-Pierre, Freiburg, 09.04.2023 (Eurovision)<\/li><li>MOREROD Charles, <a href=\"https:\/\/diocese-lgf.ch\/wp-content\/uploads\/2020\/05\/20200419_homelie_CM_eglise_Ursy.pdf\" target=\"_blank\" rel=\"noopener\">Homilie<\/a>, Kirche St-Maurice, Ursy, 19.04.2020 (Messe live ausgestrahlt auf RTS 2 und Espace 2)<\/li><li>MOREROD Charles, <a href=\"https:\/\/diocese-lgf.ch\/wp-content\/uploads\/2019\/10\/20190825_homelie_CM_messe_radiodiffusee_Basilique_Lausanne.pdf\" target=\"_blank\" rel=\"noopener\">Homilie<\/a>, Basilika Notre-Dame, Lausanne, 25.08.2019 (Messe im Radio \u00fcbertragen)<\/li><li>MOREROD Charles, <a href=\"https:\/\/diocese-lgf.ch\/wp-content\/uploads\/2019\/10\/20190118_discours_CM_voeux_EtatFR.pdf\" target=\"_blank\" rel=\"noopener\">Rede<\/a>, Austausch Gl\u00fcckw\u00fcnsche mit Freiburger Staatsrat von Freiburg, Freiburg, 18.\u00a01.\u00a02019<\/li><li>MOREROD Charles, <a href=\"https:\/\/diocese-lgf.ch\/wp-content\/uploads\/2019\/10\/20170416_homelie_CM_paques_prison_gorgier.pdf\" target=\"_blank\" rel=\"noopener\">Homilie<\/a>, Gef\u00e4ngnis in Gorgier (NE), Ostern, 16.\u00a04.\u00a02017<\/li><li>MOREROD Charles, <a href=\"https:\/\/diocese-lgf.ch\/wp-content\/uploads\/2019\/10\/20170226_homelie_CM_messe_radio_basilique_lausanne.pdf\" target=\"_blank\" rel=\"noopener\">Homilie<\/a>, Basilika Notre-Dame, Lausanne, 26.\u00a02017 (Gottesdienst im Radio \u00fcbertragen)<\/li><li>MOREROD Charles, <a href=\"http:\/\/www.abbaye-hauterive.ch\/fileadmin\/user_upload\/Documents\/AbbayeHauterive\/WWW\/Editors\/fichiers-audio\/homelies_audio\/2017_homelies_audio\/2017-02-12_Mgr_Morerod.mp3\" target=\"_blank\" rel=\"noopener\">Homilie<\/a>, Abtei Hauterive, Posieux, 12.\u00a02.\u00a02017<\/li><li>MOREROD Charles, <a href=\"https:\/\/diocese-lgf.ch\/wp-content\/uploads\/2019\/10\/20160122_discours_Morerod_Etat_FR.pdf\" target=\"_blank\" rel=\"noopener\">Rede<\/a>, Austausch Gl\u00fcckw\u00fcnsche mit Freiburger Staatsrat von Freiburg, Freiburg, 22.\u00a01.\u00a02016<\/li><li>MOREROD Charles, <a href=\"https:\/\/diocese-lgf.ch\/wp-content\/uploads\/2019\/10\/20150628_homelie_CM_messe_radio_basilique_lausanne.pdf\" target=\"_blank\" rel=\"noopener\">Homilie<\/a>, Pfarrei Notre-Dame, Lausanne, 28.\u00a06.\u00a02015 (Messe im Radio \u00fcbertragen)<\/li><li>MOREROD Charles, La persona umana non pu\u00f2 vivere da sola (Der Mensch kann nicht alleine leben), <a href=\"https:\/\/www.youtube.com\/watch?v=6OWqzP8Zh6M&amp;index=1&amp;list=PLIEbCI5h3wDB9eETDOtI-UDZjF90TKygT\" target=\"_blank\" rel=\"noopener\">Konferenz<\/a>, Fakult\u00e4t f\u00fcr Theologie, Lugano, 18. 2. 2015<\/li><li>MOREROD Charles, Je reconnais un seul bapt\u00eame \u2026 (Ich anerkenne eine einzige Taufe) (Nr.\u00a015), <a href=\"https:\/\/diocese-lgf.ch\/wp-content\/uploads\/2019\/10\/20130512_homelie_CM_credo15_Je_reconnais_un_seul_bapteme.pdf\" target=\"_blank\" rel=\"noopener\">Homilie<\/a>, Predigtserie zum Credo, Kathedrale Freiburg, 12.\u00a05.\u00a02013<\/li><li>MOREROD Charles, Je crois en l\u2019\u00c9glise, une, sainte, (Ich glaube an die eine, heilige Kirche) \u2026 (Nr.\u00a014), <a href=\"https:\/\/diocese-lgf.ch\/wp-content\/uploads\/2019\/10\/20130505_homelie_CM_credo14_Je_crois_en_l_Eglise.pdf\" target=\"_blank\" rel=\"noopener\">Homilie<\/a>, Predigtserie zum Credo, 5.\u00a05.\u00a02013<\/li><li>MOREROD Charles, Il a parl\u00e9 par les proph\u00e8tes (Er hat durch die Propheten gesprochen) (Nr.\u00a013), <a href=\"https:\/\/diocese-lgf.ch\/wp-content\/uploads\/2019\/10\/20130428_homelie_CM_credo13_Il_a_parle_par_les_prophetes.pdf\" target=\"_blank\" rel=\"noopener\">Homilie<\/a>, Predigtserie zum Credo, Kathedrale Freiburg, 28.\u00a04.\u00a02013<\/li><li>MOREROD Charles, Je crois en l\u2019Esprit-Saint, (Ich glaube an den Heiligen Geist) \u2026 (Nr.\u00a012), <a href=\"https:\/\/diocese-lgf.ch\/wp-content\/uploads\/2019\/10\/20130421_homelie_CM_credo12_Je_crois_en_l_Esprit_Saint.pdf\" target=\"_blank\" rel=\"noopener\">Homilie<\/a>, Predigtserie zum Credo, Kathedrale Freiburg, 21.\u00a04.\u00a02013<\/li><li>MOREROD Charles, Il reviendra dans la gloire \u2026 (Er wird wiederkommen in Herrlichkeit) (Nr.\u00a011), <a href=\"https:\/\/diocese-lgf.ch\/wp-content\/uploads\/2019\/10\/20130414_homelie_CM_credo11_Il_reviendra_dans_la_gloire.pdf\" target=\"_blank\" rel=\"noopener\">Homilie<\/a>, Predigtserie zum Credo, Kathedrale von Freiburg, 14.\u00a04.\u00a02013<\/li><li>MOREROD Charles, Il ressuscita le troisi\u00e8me jour (Er stand am dritten Tag wieder auf) \u2026 (Nr.\u00a010), <a href=\"https:\/\/diocese-lgf.ch\/wp-content\/uploads\/2019\/10\/20130407_homelie_CM_credo10_Il-ressuscita_le_troisieme_jour.pdf\" target=\"_blank\" rel=\"noopener\">Homilie<\/a>, Predigtserie zum Credo, Kathedrale Freiburg, 7.\u00a04.\u00a02013<\/li><li>MOREROD Charles, Crucifi\u00e9 pour nous sous Ponce Pilate, il souffrit sa passion et fut mis au tombeau (Nr.\u00a09) (F\u00fcr uns gekreuzigt unter Ponzius Pilatus, litt er seine Qualen \u2026 (Nr.\u00a09), <a href=\"https:\/\/diocese-lgf.ch\/wp-content\/uploads\/2019\/10\/20130317_homelie_CM_credo9_Crucifie_pour_nous.pdf\" target=\"_blank\" rel=\"noopener\">Homelie<\/a>, Predigtserie zum Credo, Kathedrale Freiburg, 17.\u00a03.\u00a02013<\/li><li>MOREROD Charles,\u00a0Par l&#8217;Esprit Saint, il a pris chair de la Vierge Marie, &#8230; (Nr.\u00a08), <a href=\"https:\/\/diocese-lgf.ch\/wp-content\/uploads\/2019\/10\/20130310_homelie_CM_credo8_Par_l_Esprit_Saint.pdf\" target=\"_blank\" rel=\"noopener\">Homilie<\/a>, Predigtserie zum Credo, Kathedrale Freiburg, 10.\u00a03.\u00a02013<\/li><li>MOREROD Charles, Pour nous les hommes, et pour notre salut, &#8230; (n\u00b0 7), <a href=\"https:\/\/diocese-lgf.ch\/wp-content\/uploads\/2019\/10\/20130303_homelie_CM_credo7_Pour_nous_les_hommes.pdf\" target=\"_blank\" rel=\"noopener\">Homilie<\/a>, Predigtserie zum Credo, Kathedrale Freiburg, 3.\u00a03.\u00a02013<\/li><li>MOREROD Charles, Le Fils unique de Dieu &#8230; (n\u00b0 6), <a href=\"https:\/\/diocese-lgf.ch\/wp-content\/uploads\/2019\/10\/20130224_homelie_CM_credo6_Le_Fils_unique.pdf\" target=\"_blank\" rel=\"noopener\">Homilie<\/a>, Predigtserie zum Credo, 24.\u00a02.\u00a02013<\/li><li>MOREROD Charles,\u00a0Je crois en un seul Seigneur, J\u00e9sus Christ (Nr.\u00a05) <a href=\"https:\/\/diocese-lgf.ch\/wp-content\/uploads\/2019\/10\/20130217_homelie_CM_credo5_Un_seul_Seigneur.pdf\" target=\"_blank\" rel=\"noopener\">Homilie<\/a>, Predigtserie zum Credo, Kathedrale Freiburg, 17.\u00a02.\u00a02013<\/li><li>MOREROD Charles,\u00a0Cr\u00e9ateur du ciel et de la terre, de l&#8217;univers visible et invisible (Nr.\u00a04), <a href=\"https:\/\/diocese-lgf.ch\/wp-content\/uploads\/2019\/10\/20130203_homelie_CM_credo4_Createur.pdf\" target=\"_blank\" rel=\"noopener\">Homilie<\/a>, Predigtserie zum Credo, Kathedrale Freiburg, 3.\u00a02.\u00a02013<\/li><li>MOREROD Charles,\u00a0Gott, der Allm\u00e4chtige (Nr.\u00a03), <a href=\"https:\/\/diocese-lgf.ch\/wp-content\/uploads\/2019\/10\/20130127_homelie_CM_credo3_Le_Pere_Tout_Puissant.pdf\" target=\"_blank\" rel=\"noopener\">Homilie<\/a>, Predigtserie zum Credo, Kathedrale Freiburg, 27.\u00a01.\u00a02013<\/li><li>MOREROD Charles,\u00a0Ich glaube an einen Gott (Nr.\u00a02), <a href=\"https:\/\/diocese-lgf.ch\/wp-content\/uploads\/2019\/10\/20130120_homelie_CM_credo2_Un_seul_Dieu.pdf\" target=\"_blank\" rel=\"noopener\">Homilie<\/a>, Predigtserie zum Credo, Kathedrale Freiburg, 20.\u00a01.\u00a02013<\/li><li>MOREROD Charles,\u00a0Wozu ein Credo ? (Nr.\u00a01), <a href=\"https:\/\/diocese-lgf.ch\/wp-content\/uploads\/2019\/10\/20130113_homelie_CM_credo1_Introduction.pdf\" target=\"_blank\" rel=\"noopener\">Homilie<\/a>, Predigtserie, Kathedrale Freiburg, 13.\u00a01.\u00a02013<\/li><li>MOREROD Charles, Hors-les-murs (1 Jahr Episkopat), <a href=\"https:\/\/diocese-lgf.ch\/wp-content\/uploads\/2019\/10\/20121211_message_CM_1an_episcopat_f.pdf\" target=\"_blank\" rel=\"noopener\">Botschaft<\/a>, Freiburg, 11.\u00a012.\u00a02012<\/li><li>MOREROD Charles, Kirche und Kommunikation, <a href=\"https:\/\/diocese-lgf.ch\/wp-content\/uploads\/2019\/10\/20121020_discours_CM_14e_journee_presse_paroissiale_lausanne_eglise_et_communication_fr.pdf\" target=\"_blank\" rel=\"noopener\">Rede<\/a>, 14. Begehung des Tags \u00abJourn\u00e9e de la presse paroissiale\u00bb, Lausanne, 20.\u00a010.\u00a02012<\/li><li>MOREROD Charles, Vatican II: seine Wirkung nach 50 Jahren, <a href=\"https:\/\/diocese-lgf.ch\/wp-content\/uploads\/2019\/10\/20121011_discours_CM_berne_vatican_2_integral_f.pdf\" target=\"_blank\" rel=\"noopener\">Rede<\/a>, Er\u00f6ffnungszeremonie: c\u00e9r\u00e9monie d&#8217;ouverture du jubil\u00e9 du Concile Vatican II,\u00a0Bern, 11.\u00a010.\u00a02012<\/li><li>MOREROD Charles,\u00a0 Zweites Vatikanisches Konzil und seine Auswirkung, <a href=\"https:\/\/diocese-lgf.ch\/wp-content\/uploads\/2019\/10\/20120618_discours_CM_USM_saintmaurice_vatican_2_f.pdf\" target=\"_blank\" rel=\"noopener\">Rede<\/a>, Assembl\u00e9e g\u00e9n\u00e9rale de l&#8217;Union des Sup\u00e9rieurs Majeurs de Suisse (VOS&#8217;USM), Saint-Maurice (VS), 18.\u00a06.\u00a02012<\/li><li>COTTIER Georges Marie,\u00a0zur Ernennung zum Bischof von Charles Morerod, <a href=\"https:\/\/diocese-lgf.ch\/wp-content\/uploads\/2019\/10\/20111211_homelie_cardinal_cottier_ordination_episcopale_CM.pdf\" target=\"_blank\" rel=\"noopener\">Homilie<\/a>, Kathedrale Fribourg, 11.\u00a012.\u00a02011<\/li><\/ul><\/div>\t\t\t\t\t\t\t\t<\/div>\n\t\t\t\t<\/div>\n\t\t\t\t\t<\/div>\n\t\t<\/div>\n\t\t\t\t\t<\/div>\n\t\t<\/section>\n\t\t\t\t<section class=\"elementor-section elementor-top-section elementor-element elementor-element-e585dca elementor-section-boxed elementor-section-height-default elementor-section-height-default\" data-id=\"e585dca\" data-element_type=\"section\" data-e-type=\"section\">\n\t\t\t\t\t\t<div class=\"elementor-container elementor-column-gap-default\">\n\t\t\t\t\t<div class=\"elementor-column elementor-col-100 elementor-top-column elementor-element elementor-element-c6844b7\" data-id=\"c6844b7\" data-element_type=\"column\" data-e-type=\"column\">\n\t\t\t<div class=\"elementor-widget-wrap elementor-element-populated\">\n\t\t\t\t\t\t<div class=\"elementor-element elementor-element-3b763c6 elementor-widget elementor-widget-heading\" data-id=\"3b763c6\" data-element_type=\"widget\" data-e-type=\"widget\" data-widget_type=\"heading.default\">\n\t\t\t\t<div class=\"elementor-widget-container\">\n\t\t\t\t\t<h2 class=\"elementor-heading-title elementor-size-medium\">Links<\/h2>\t\t\t\t<\/div>\n\t\t\t\t<\/div>\n\t\t\t\t<div class=\"elementor-element elementor-element-2c520e4 elementor-icon-list--layout-traditional elementor-list-item-link-full_width elementor-widget elementor-widget-icon-list\" data-id=\"2c520e4\" data-element_type=\"widget\" data-e-type=\"widget\" data-widget_type=\"icon-list.default\">\n\t\t\t\t<div class=\"elementor-widget-container\">\n\t\t\t\t\t\t\t<ul class=\"elementor-icon-list-items\">\n\t\t\t\t\t\t\t<li class=\"elementor-icon-list-item\">\n\t\t\t\t\t\t\t\t\t\t\t<a href=\"\/?page_id=2192\">\n\n\t\t\t\t\t\t\t\t\t\t\t\t<span class=\"elementor-icon-list-icon\">\n\t\t\t\t\t\t\t<i aria-hidden=\"true\" class=\"fas fa-arrow-circle-right\"><\/i>\t\t\t\t\t\t<\/span>\n\t\t\t\t\t\t\t\t\t\t<span class=\"elementor-icon-list-text\">Pastoralbriefe<\/span>\n\t\t\t\t\t\t\t\t\t\t\t<\/a>\n\t\t\t\t\t\t\t\t\t<\/li>\n\t\t\t\t\t\t\t\t<li class=\"elementor-icon-list-item\">\n\t\t\t\t\t\t\t\t\t\t\t<span class=\"elementor-icon-list-icon\">\n\t\t\t\t\t\t\t<i aria-hidden=\"true\" class=\"fas fa-arrow-circle-right\"><\/i>\t\t\t\t\t\t<\/span>\n\t\t\t\t\t\t\t\t\t\t<span class=\"elementor-icon-list-text\">Dekrete<\/span>\n\t\t\t\t\t\t\t\t\t<\/li>\n\t\t\t\t\t\t\t\t<li class=\"elementor-icon-list-item\">\n\t\t\t\t\t\t\t\t\t\t\t<span class=\"elementor-icon-list-icon\">\n\t\t\t\t\t\t\t<i aria-hidden=\"true\" class=\"fas fa-arrow-circle-right\"><\/i>\t\t\t\t\t\t<\/span>\n\t\t\t\t\t\t\t\t\t\t<span class=\"elementor-icon-list-text\">Richtlinien<\/span>\n\t\t\t\t\t\t\t\t\t<\/li>\n\t\t\t\t\t\t<\/ul>\n\t\t\t\t\t\t<\/div>\n\t\t\t\t<\/div>\n\t\t\t\t\t<\/div>\n\t\t<\/div>\n\t\t\t\t\t<\/div>\n\t\t<\/section>\n\t\t\t\t<\/div>\n\t\t<\/div>","protected":false},"excerpt":{"rendered":"<p>Hier finden Sie diverse Reden, Homilien und weitere Botschaften von Mgr. Morerod (in chronologischer Reihenfolge) :\u00a0 MOREROD Charles, Homilie, Chrismam-Messe, Lausanne, 31.03.2026 MOREROD Charles, Homilie, Fronleichnam, Freiburg, 08.06.2023 MOREROD Charles, [&hellip;]<\/p>\n","protected":false},"author":5,"featured_media":0,"parent":6207,"menu_order":4,"comment_status":"closed","ping_status":"closed","template":"","meta":{"_acf_changed":false,"footnotes":""},"categories":[58],"tags":[],"class_list":["post-6242","page","type-page","status-publish","hentry","category-cm"],"acf":[],"_links":{"self":[{"href":"https:\/\/diocese-lgf.ch\/de\/wp-json\/wp\/v2\/pages\/6242","targetHints":{"allow":["GET"]}}],"collection":[{"href":"https:\/\/diocese-lgf.ch\/de\/wp-json\/wp\/v2\/pages"}],"about":[{"href":"https:\/\/diocese-lgf.ch\/de\/wp-json\/wp\/v2\/types\/page"}],"author":[{"embeddable":true,"href":"https:\/\/diocese-lgf.ch\/de\/wp-json\/wp\/v2\/users\/5"}],"replies":[{"embeddable":true,"href":"https:\/\/diocese-lgf.ch\/de\/wp-json\/wp\/v2\/comments?post=6242"}],"version-history":[{"count":23,"href":"https:\/\/diocese-lgf.ch\/de\/wp-json\/wp\/v2\/pages\/6242\/revisions"}],"predecessor-version":[{"id":34466,"href":"https:\/\/diocese-lgf.ch\/de\/wp-json\/wp\/v2\/pages\/6242\/revisions\/34466"}],"up":[{"embeddable":true,"href":"https:\/\/diocese-lgf.ch\/de\/wp-json\/wp\/v2\/pages\/6207"}],"wp:attachment":[{"href":"https:\/\/diocese-lgf.ch\/de\/wp-json\/wp\/v2\/media?parent=6242"}],"wp:term":[{"taxonomy":"category","embeddable":true,"href":"https:\/\/diocese-lgf.ch\/de\/wp-json\/wp\/v2\/categories?post=6242"},{"taxonomy":"post_tag","embeddable":true,"href":"https:\/\/diocese-lgf.ch\/de\/wp-json\/wp\/v2\/tags?post=6242"}],"curies":[{"name":"wp","href":"https:\/\/api.w.org\/{rel}","templated":true}]}}