{"id":6219,"date":"2020-10-08T11:15:57","date_gmt":"2020-10-08T09:15:57","guid":{"rendered":"https:\/\/diocese-lgf.emblematik.dev\/mgr-charles-morerod\/biografie\/"},"modified":"2023-02-01T11:02:16","modified_gmt":"2023-02-01T10:02:16","slug":"biografie","status":"publish","type":"page","link":"https:\/\/diocese-lgf.ch\/de\/bischofe\/mgr-charles-morerod\/biografie\/","title":{"rendered":"Biografie"},"content":{"rendered":"<div class=\"pf-content\">\t\t<div data-elementor-type=\"wp-post\" data-elementor-id=\"6219\" class=\"elementor elementor-6219 elementor-2338\" data-elementor-post-type=\"page\">\n\t\t\t\t\t\t<section class=\"elementor-section elementor-top-section elementor-element elementor-element-50c3f0b elementor-section-boxed elementor-section-height-default elementor-section-height-default\" data-id=\"50c3f0b\" data-element_type=\"section\" data-e-type=\"section\">\n\t\t\t\t\t\t<div class=\"elementor-container elementor-column-gap-default\">\n\t\t\t\t\t<div class=\"elementor-column elementor-col-100 elementor-top-column elementor-element elementor-element-03539f3\" data-id=\"03539f3\" data-element_type=\"column\" data-e-type=\"column\">\n\t\t\t<div class=\"elementor-widget-wrap elementor-element-populated\">\n\t\t\t\t\t\t<div class=\"elementor-element elementor-element-51811e5 elementor-widget elementor-widget-text-editor\" data-id=\"51811e5\" data-element_type=\"widget\" data-e-type=\"widget\" data-widget_type=\"text-editor.default\">\n\t\t\t\t<div class=\"elementor-widget-container\">\n\t\t\t\t\t\t\t\t\t<figure id=\"attachment_5122\" aria-describedby=\"caption-attachment-5122\" style=\"width: 200px\" class=\"wp-caption alignleft\"><img fetchpriority=\"high\" decoding=\"async\" class=\"size-medium wp-image-5121\" src=\"https:\/\/diocese-lgf.ch\/wp-content\/uploads\/2020\/08\/Calotte-et-\u00e9v\u00eaque-GLENZ-200x300.jpg\" alt=\"\" width=\"200\" height=\"300\" srcset=\"https:\/\/diocese-lgf.ch\/wp-content\/uploads\/2020\/08\/Calotte-et-\u00e9v\u00eaque-GLENZ-200x300.jpg 200w, https:\/\/diocese-lgf.ch\/wp-content\/uploads\/2020\/08\/Calotte-et-\u00e9v\u00eaque-GLENZ-683x1024.jpg 683w, https:\/\/diocese-lgf.ch\/wp-content\/uploads\/2020\/08\/Calotte-et-\u00e9v\u00eaque-GLENZ-768x1152.jpg 768w, https:\/\/diocese-lgf.ch\/wp-content\/uploads\/2020\/08\/Calotte-et-\u00e9v\u00eaque-GLENZ-1024x1536.jpg 1024w, https:\/\/diocese-lgf.ch\/wp-content\/uploads\/2020\/08\/Calotte-et-\u00e9v\u00eaque-GLENZ-1366x2048.jpg 1366w, https:\/\/diocese-lgf.ch\/wp-content\/uploads\/2020\/08\/Calotte-et-\u00e9v\u00eaque-GLENZ-scaled.jpg 1707w\" sizes=\"(max-width: 200px) 100vw, 200px\" \/><figcaption id=\"caption-attachment-5122\" class=\"wp-caption-text\">Philippe Glenz<\/figcaption><\/figure><div><p><span lang=\"DE-CH\">Charles Morerod wurde am 28. Oktober 1961 in Riaz (FR) geboren.<\/span><\/p><p><span lang=\"DE-CH\">Nach der Matura in sprachlicher Richtung am Coll\u00e8ge du Sud in Bulle trat er 1983 in den Predigerorden der Dominikaner ein und studierte an der Universit\u00e4t Freiburg Theologie. Im Jahr 1987 erlangte er ein erstes Lizenziat in Theologie mit einer Lizenziatsarbeit bwz. Abhandlung \u00fcber die Ekklesiologie von Kardinal Journet. Am 30. April 1988 wurde Charles Morerod in Genf zum Priester geweiht. Dort war er zwei Jahre in der Pfarrei Saint-Paul in Granges-Canal t\u00e4tig.<\/span><\/p><\/div><div><p class=\"align-justify\"><span lang=\"DE-CH\">Von 1989 bis 1992 war er als Assistent an der Theologischen Fakult\u00e4t in Freiburg und von 1991 bis 1994 als Hochschulseelsorger t\u00e4tig. 1994 wurde er zum Doktor der Theologie promoviert, Thema seiner Dissertation war die Konfrontation zwischen Martin Luther und Kardinal Caetano in Augsburg 1518. In den Jahren 1994 bis 1999 war er Lehrbeauftragter in Fundamentaltheologie an der Universit\u00e4t Freiburg. Gleichzeitig erlangte er 1996 ein Lizenziat in Philosophie 1996 mit einer Lizenziatsarbeit \u00fcber die Natur bei Aristoteles und Kant.<\/span><\/p><\/div><div><p class=\"align-justify\"><span lang=\"DE-CH\">Seit 1997 ist er Mitglied der Redaktion der franz\u00f6sischen Ausgabe von Nova et Vetera, einer christlichen Zeitschrift mit Beitr\u00e4gen zu Theologie, Philosophie, Ethik, Kunst, Wissenschaft, Politik usw. <\/span><\/p><\/div><div><p class=\"align-justify\"><span lang=\"DE-CH\">Nachdem er drei Jahre als Gastprofessor an der p\u00e4pstlichen Universit\u00e4t Thomas von Aquin-Angelicum in Rom unterrichtet hatte, wurde Charles Morerod 1999 zum ordentlichen Professor ernannt. Gleichzeitig, 1999 bis 2002, unterrichtete er Theologie an der Universit\u00e4t in Lugano. Im Jahr 2002 wurde er Mitglied des wissenschaftlichen Vorstandes des Instituts Paul VI. in Brescia \u2014 eines Instituts, das Leben und Werk von Papst Paul VI. erforscht, indem es insbesondere internationale Tagungen durchf\u00fchrt. 2003 wurde er Vizedekan der Theologischen Fakult\u00e4t und Dekan der Philosophischen Fakult\u00e4t am Angelicum. 2004 erwarb er sich ein Doktorat in Philosophie an der Katholischen Universit\u00e4t von Toulouse. Seine Dissertation handelte von dem liberalen britischen Protestanten John Hick, einem grossen Theoretiker des religi\u00f6sen Pluralismus. <\/span><span lang=\"EN-US\">2007 war er Gastprofessor im Blessed Diego Luis de San Vitores Catholic Theological Institute for Oceania in Guam. <\/span><span lang=\"DE-CH\">Von 2008 bis 2011 wirkte er als Direktor des Programms Roman Catholic Studies der Universit\u00e4t St-Thomas (St. Paul, Minnesota), dessen Ziel es ist, ein halbj\u00e4hriges Studienprogramm in Rom (Theologie, Philosophie und Kunstgeschichte usw.) f\u00fcr amerikanische Studierende zu organisieren.<\/span><\/p><\/div><div><p class=\"align-justify\"><span lang=\"DE-CH\">Charles Morerod hat verschiedene \u00c4mter in offiziellen Kommissionen des Heiligen Stuhls f\u00fcr den Dialog inne. Er war Mitglied der Internationalen anglikanisch\/r\u00f6misch-katholischen Kommission (ARCIC) (2002 bis 2005), der Internationalen gemischten Kommission f\u00fcr den theologischen Dialog zwischen katholischer und orthodoxer Kirche (seit 2005) und nimmt seit Oktober 2009 als vom Vatikan ernanntes Mitglied an den Gespr\u00e4chen in Lehrfragen zwischen der Bruderschaft Saint Pie X und dem Heiligen Stuhl teil. <\/span><\/p><\/div><div><p class=\"align-justify\"><span lang=\"DE-CH\">Seit 2008 ist er Mitglied der P\u00e4pstlichen Akademie Thomas von Aquin, deren Ziel es ist, die Rolle des thomasischen Denkens in der Gesellschaft bekannt zu machen. Im April 2009 wurde er von Papst Benedikt XVI. zum Generalsekret\u00e4r der Internationalen Theologischen Kommission (2009 bis 2014) und zum Konsultor der Kongregation f\u00fcr die Glaubenslehre ernannt. Im gleichen Jahr wurde er Rektor der Universit\u00e4t Thomas von Aquin-Angelicum in Rom. <\/span><\/p><\/div><div><p class=\"align-justify\"><span lang=\"DE-CH\">Am 3. November 2011 wurde Charles Morerod zum Bischof des Bistums Lausanne, Genf und Freiburg ernannt. Die Bischofsweihe wurde von Kardinal Georges Cottier im Beisein von Kardinal William Joseph Levada erteilt und fand am 11.\u00a0Dezember 2011 in der Kathedrale Freiburg statt. <\/span><\/p><\/div><div><p class=\"align-justify\"><span lang=\"DE-CH\">Seit 2012 ist Mgr. Morerod ordentliches Mitglied der P\u00e4pstlichen Akademie f\u00fcr Theologie. Am 12. Juni 2012 wurde er vom Papst Benedikt XVI. zum Mitglied der Kongregation f\u00fcr das Katholische Bildungswesen ernannt, die dem vatikanischen \u00abMinisterium f\u00fcr Bildung\u00bb entspricht und f\u00fcr die katholischen Schulen und Seminare in der Welt zust\u00e4ndig ist. Seine Amtszeit endet im Jahr 2021.<br \/><\/span><\/p><\/div><div><p class=\"align-justify\"><span lang=\"DE-CH\">Mgr. Charles Morerod wurde zum Vizepr\u00e4sidenten (2013 bis 2015) und zum Pr\u00e4sidenten (2016 bis 2018) der Schweizer Bischofskonferenz ernannt. Im Juli 2013 w\u00e4hlte ihn die Schweizer Bischofskonferenz zum Nationalpr\u00e4sidenten von Catholica <i>Unio Schweiz<\/i>, einem katholischen Werk zu Unterst\u00fctzung des christlichen Orients. Von 2018-2022 wurde er zum Pr\u00e4sidenten von Catholica <em>Unio Internationalis<\/em> ernannt.<\/span><\/p><\/div><div><p class=\"align-justify\"><span lang=\"DE-CH\">Seit dem 14.\u00a0Juli 2012 ist er Kaplan ad honorem des Malteserordens.<\/span><\/p><\/div><div><p class=\"align-justify\"><span lang=\"DE-CH\">Am 16. Oktober 2013 erhielt Mgr. Morerod in Bern vom franz\u00f6sischen Botschafter in der Schweiz, Michel Duclos, den Orden der Ehrenlegion im Rang eines Ritters. Er wurde dadurch f\u00fcr seine Jahre in Rom geehrt, wo er als Rektor und Professor Verdienste um die Frankophonie erworben hat. <\/span><\/p><\/div><div><span lang=\"DE-CH\">Am 29. M\u00e4rz 2014 wurde er von Papst Franziskus zum Mitglied des P\u00e4pstlichen Rates f\u00fcr Kultur und am 28. Oktober 2016 zum Mitglied der Kongregation f\u00fcr den Gottesdienst und die Sakramentenordnung ernannt.<\/span><\/div><div>\u00a0<\/div><div>Am 12. Januar 2023 wurde er f\u00fcr f\u00fcnf Jahre zum Mitglied des Dikasteriums f\u00fcr die Kultur und die Bildung ernannt.<\/div><div>\u00a0<\/div><div><b><span lang=\"DE-CH\">Mgr. Charles Morerod ist anerkannter Fachmann f\u00fcr Werk und Leben vom Heiligen Thomas von Aquin und Experte in Fragen der \u00d6kumene. Er hat weltweit rund hundert Vortr\u00e4ge \u00fcber theologische Themen (Kirche, \u00d6kumene usw.) und \u00fcber philosophische Fragen (zeitgen\u00f6ssischer Atheismus usw.) gehalten.<\/span><\/b><\/div>\t\t\t\t\t\t\t\t<\/div>\n\t\t\t\t<\/div>\n\t\t\t\t\t<\/div>\n\t\t<\/div>\n\t\t\t\t\t<\/div>\n\t\t<\/section>\n\t\t\t\t<\/div>\n\t\t<\/div>","protected":false},"excerpt":{"rendered":"<p>Charles Morerod wurde am 28. Oktober 1961 in Riaz (FR) geboren. Nach der Matura in sprachlicher Richtung am Coll\u00e8ge du Sud in Bulle trat er 1983 in den Predigerorden der [&hellip;]<\/p>\n","protected":false},"author":7,"featured_media":0,"parent":6207,"menu_order":1,"comment_status":"closed","ping_status":"closed","template":"","meta":{"_acf_changed":false,"footnotes":""},"categories":[123],"tags":[],"class_list":["post-6219","page","type-page","status-publish","hentry","category-cm-de"],"acf":[],"_links":{"self":[{"href":"https:\/\/diocese-lgf.ch\/de\/wp-json\/wp\/v2\/pages\/6219","targetHints":{"allow":["GET"]}}],"collection":[{"href":"https:\/\/diocese-lgf.ch\/de\/wp-json\/wp\/v2\/pages"}],"about":[{"href":"https:\/\/diocese-lgf.ch\/de\/wp-json\/wp\/v2\/types\/page"}],"author":[{"embeddable":true,"href":"https:\/\/diocese-lgf.ch\/de\/wp-json\/wp\/v2\/users\/7"}],"replies":[{"embeddable":true,"href":"https:\/\/diocese-lgf.ch\/de\/wp-json\/wp\/v2\/comments?post=6219"}],"version-history":[{"count":9,"href":"https:\/\/diocese-lgf.ch\/de\/wp-json\/wp\/v2\/pages\/6219\/revisions"}],"predecessor-version":[{"id":20987,"href":"https:\/\/diocese-lgf.ch\/de\/wp-json\/wp\/v2\/pages\/6219\/revisions\/20987"}],"up":[{"embeddable":true,"href":"https:\/\/diocese-lgf.ch\/de\/wp-json\/wp\/v2\/pages\/6207"}],"wp:attachment":[{"href":"https:\/\/diocese-lgf.ch\/de\/wp-json\/wp\/v2\/media?parent=6219"}],"wp:term":[{"taxonomy":"category","embeddable":true,"href":"https:\/\/diocese-lgf.ch\/de\/wp-json\/wp\/v2\/categories?post=6219"},{"taxonomy":"post_tag","embeddable":true,"href":"https:\/\/diocese-lgf.ch\/de\/wp-json\/wp\/v2\/tags?post=6219"}],"curies":[{"name":"wp","href":"https:\/\/api.w.org\/{rel}","templated":true}]}}