{"id":6062,"date":"2020-10-07T20:58:48","date_gmt":"2020-10-07T18:58:48","guid":{"rendered":"https:\/\/diocese-lgf.emblematik.dev\/ehe\/"},"modified":"2024-11-11T15:01:05","modified_gmt":"2024-11-11T14:01:05","slug":"ehe","status":"publish","type":"page","link":"https:\/\/diocese-lgf.ch\/de\/kirchenleben\/ehe\/","title":{"rendered":"Ehe"},"content":{"rendered":"<div class=\"pf-content\">\t\t<div data-elementor-type=\"wp-post\" data-elementor-id=\"6062\" class=\"elementor elementor-6062 elementor-3601\" data-elementor-post-type=\"page\">\n\t\t\t\t\t\t<section class=\"elementor-section elementor-top-section elementor-element elementor-element-9aad2dd elementor-section-boxed elementor-section-height-default elementor-section-height-default\" data-id=\"9aad2dd\" data-element_type=\"section\" data-e-type=\"section\">\n\t\t\t\t\t\t<div class=\"elementor-container elementor-column-gap-default\">\n\t\t\t\t\t<div class=\"elementor-column elementor-col-100 elementor-top-column elementor-element elementor-element-015566b\" data-id=\"015566b\" data-element_type=\"column\" data-e-type=\"column\">\n\t\t\t<div class=\"elementor-widget-wrap elementor-element-populated\">\n\t\t\t\t\t\t<div class=\"elementor-element elementor-element-736d768 elementor-widget elementor-widget-image\" data-id=\"736d768\" data-element_type=\"widget\" data-e-type=\"widget\" data-widget_type=\"image.default\">\n\t\t\t\t<div class=\"elementor-widget-container\">\n\t\t\t\t\t\t\t\t\t\t\t\t\t\t\t<img fetchpriority=\"high\" decoding=\"async\" width=\"770\" height=\"555\" src=\"https:\/\/diocese-lgf.ch\/wp-content\/uploads\/2020\/09\/mariage-ovo.jpg\" class=\"attachment-full size-full wp-image-5562\" alt=\"\" srcset=\"https:\/\/diocese-lgf.ch\/wp-content\/uploads\/2020\/09\/mariage-ovo.jpg 770w, https:\/\/diocese-lgf.ch\/wp-content\/uploads\/2020\/09\/mariage-ovo-300x216.jpg 300w, https:\/\/diocese-lgf.ch\/wp-content\/uploads\/2020\/09\/mariage-ovo-768x554.jpg 768w\" sizes=\"(max-width: 770px) 100vw, 770px\" \/>\t\t\t\t\t\t\t\t\t\t\t\t\t\t\t<\/div>\n\t\t\t\t<\/div>\n\t\t\t\t\t<\/div>\n\t\t<\/div>\n\t\t\t\t\t<\/div>\n\t\t<\/section>\n\t\t\t\t<section class=\"elementor-section elementor-top-section elementor-element elementor-element-611ebea7 elementor-section-boxed elementor-section-height-default elementor-section-height-default\" data-id=\"611ebea7\" data-element_type=\"section\" data-e-type=\"section\">\n\t\t\t\t\t\t<div class=\"elementor-container elementor-column-gap-default\">\n\t\t\t\t\t<div class=\"elementor-column elementor-col-100 elementor-top-column elementor-element elementor-element-2ec59265\" data-id=\"2ec59265\" data-element_type=\"column\" data-e-type=\"column\">\n\t\t\t<div class=\"elementor-widget-wrap elementor-element-populated\">\n\t\t\t\t\t\t<div class=\"elementor-element elementor-element-46a4055 elementor-widget elementor-widget-text-editor\" data-id=\"46a4055\" data-element_type=\"widget\" data-e-type=\"widget\" data-widget_type=\"text-editor.default\">\n\t\t\t\t<div class=\"elementor-widget-container\">\n\t\t\t\t\t\t\t\t\t<p>Die Ehe ist die Vereinigung von Frau und Mann, die nach dem Ebenbild Gottes erschaffen sind und Zeichen der unausl\u00f6schlichen und ewigen Liebe Christus zu seiner Kirche sind. Die Ehe ist auch Sinnbild der Freiheit des Menschen: Die Ehepartner verpflichten sich gegenseitig durch ein bewusstes und freies Versprechen, bei dem der Priester oder der Diakon Zeugen sind im Namen der Kirche und Gottes. Er schenkt ihnen die n\u00f6tige Gnade der Bereitschaft zur Familiengr\u00fcndung und der elterlichen Verantwortung der Ehepartner.<\/p><p>Um Ihre Eheschliessung in der Kirche vorzubereiten, sind mehrere Schritte n\u00f6tig, und da die Fristen manchmal lang sind, sollten Sie <strong>sechs Monate<\/strong> im Voraus damit beginnen:<span style=\"font-size: 1rem;\">\u00a0<\/span><\/p><ol><li><strong>Vereinbaren Sie einen Termin mit dem Priester Ihrer Pfarrei <\/strong>am Wohnort, um das Dossier und die administrativen Verfahren zu er\u00f6ffnen. Der Priester tr\u00e4gt auch dann die Verantwortung, wenn Sie w\u00fcnschen, dass ein anderer Priester Ihre Hochzeit zelebriert.<\/li><li>Besorgen Sie die <strong>erforderlichen Unterlagen<\/strong> (Tauf- und Firmungszeugnis, Auszug aus dem Melderegister und Kopie der Bescheinigung \u00fcber die zivile Trauung vom Standesamt).<\/li><li>Nehmen Sie zusammen mit anderen Paaren und einem Leitungsteam an einer Sitzung zur Ehevorbereitung teil, je nachdem, was Ihr Priester empfiehlt.<\/li><li>Bereiten Sie die Liturgie mit dem Priester, der Ihre Hochzeit zelebriert, sowie mit den an der Feier Beteiligten vor.<\/li><\/ol><ul><li><a href=\"https:\/\/www.cath-vd.ch\/etapes_de_la_vie\/mariage\/\" target=\"_blank\" rel=\"noopener\">Waadt<\/a><\/li><li><a href=\"https:\/\/pastorale-familles-geneve.ch\/\" target=\"_blank\" rel=\"noopener\">Genf<\/a><\/li><li><a href=\"https:\/\/www.cath-fr.ch\/etapes-de-vie\/mariage\/\" target=\"_blank\" rel=\"noopener\">franz\u00f6sischsprachiges Freiburg<\/a><\/li><li><a href=\"https:\/\/www.cath-fr.ch\/de\/kirchlichesleben\/heirat\/\" target=\"_blank\" rel=\"noopener\">deutschsprachiges Freiburg<\/a><\/li><li><a href=\"https:\/\/cath-ne.ch\/mariage\/\" target=\"_blank\" rel=\"noopener\">Neuenburg<\/a><\/li><\/ul>\t\t\t\t\t\t\t\t<\/div>\n\t\t\t\t<\/div>\n\t\t\t\t\t<\/div>\n\t\t<\/div>\n\t\t\t\t\t<\/div>\n\t\t<\/section>\n\t\t\t\t<\/div>\n\t\t<\/div>","protected":false},"excerpt":{"rendered":"<p>Die Ehe ist die Vereinigung von Frau und Mann, die nach dem Ebenbild Gottes erschaffen sind und Zeichen der unausl\u00f6schlichen und ewigen Liebe Christus zu seiner Kirche sind. Die Ehe [&hellip;]<\/p>\n","protected":false},"author":4,"featured_media":0,"parent":6327,"menu_order":1,"comment_status":"closed","ping_status":"closed","template":"","meta":{"_acf_changed":false,"footnotes":""},"categories":[70],"tags":[],"class_list":["post-6062","page","type-page","status-publish","hentry","category-vie-eglise-de"],"acf":[],"_links":{"self":[{"href":"https:\/\/diocese-lgf.ch\/de\/wp-json\/wp\/v2\/pages\/6062","targetHints":{"allow":["GET"]}}],"collection":[{"href":"https:\/\/diocese-lgf.ch\/de\/wp-json\/wp\/v2\/pages"}],"about":[{"href":"https:\/\/diocese-lgf.ch\/de\/wp-json\/wp\/v2\/types\/page"}],"author":[{"embeddable":true,"href":"https:\/\/diocese-lgf.ch\/de\/wp-json\/wp\/v2\/users\/4"}],"replies":[{"embeddable":true,"href":"https:\/\/diocese-lgf.ch\/de\/wp-json\/wp\/v2\/comments?post=6062"}],"version-history":[{"count":17,"href":"https:\/\/diocese-lgf.ch\/de\/wp-json\/wp\/v2\/pages\/6062\/revisions"}],"predecessor-version":[{"id":27586,"href":"https:\/\/diocese-lgf.ch\/de\/wp-json\/wp\/v2\/pages\/6062\/revisions\/27586"}],"up":[{"embeddable":true,"href":"https:\/\/diocese-lgf.ch\/de\/wp-json\/wp\/v2\/pages\/6327"}],"wp:attachment":[{"href":"https:\/\/diocese-lgf.ch\/de\/wp-json\/wp\/v2\/media?parent=6062"}],"wp:term":[{"taxonomy":"category","embeddable":true,"href":"https:\/\/diocese-lgf.ch\/de\/wp-json\/wp\/v2\/categories?post=6062"},{"taxonomy":"post_tag","embeddable":true,"href":"https:\/\/diocese-lgf.ch\/de\/wp-json\/wp\/v2\/tags?post=6062"}],"curies":[{"name":"wp","href":"https:\/\/api.w.org\/{rel}","templated":true}]}}