{"id":5656,"date":"2020-10-02T10:20:47","date_gmt":"2020-10-02T08:20:47","guid":{"rendered":"https:\/\/diocese-lgf.emblematik.dev\/freiwilligenarbeit\/"},"modified":"2020-12-06T14:24:10","modified_gmt":"2020-12-06T13:24:10","slug":"freiwilligenarbeit","status":"publish","type":"page","link":"https:\/\/diocese-lgf.ch\/de\/kirchenleben\/freiwilligenarbeit\/","title":{"rendered":"Freiwilligenarbeit"},"content":{"rendered":"<div class=\"pf-content\">\t\t<div data-elementor-type=\"wp-post\" data-elementor-id=\"5656\" class=\"elementor elementor-5656 elementor-4199\" data-elementor-post-type=\"page\">\n\t\t\t\t\t\t<section class=\"elementor-section elementor-top-section elementor-element elementor-element-93ed9db elementor-section-boxed elementor-section-height-default elementor-section-height-default\" data-id=\"93ed9db\" data-element_type=\"section\" data-e-type=\"section\">\n\t\t\t\t\t\t<div class=\"elementor-container elementor-column-gap-default\">\n\t\t\t\t\t<div class=\"elementor-column elementor-col-100 elementor-top-column elementor-element elementor-element-dca07af\" data-id=\"dca07af\" data-element_type=\"column\" data-e-type=\"column\">\n\t\t\t<div class=\"elementor-widget-wrap elementor-element-populated\">\n\t\t\t\t\t\t<div class=\"elementor-element elementor-element-2a16068 elementor-widget elementor-widget-heading\" data-id=\"2a16068\" data-element_type=\"widget\" data-e-type=\"widget\" data-widget_type=\"heading.default\">\n\t\t\t\t<div class=\"elementor-widget-container\">\n\t\t\t\t\t<h2 class=\"elementor-heading-title elementor-size-default\">Ohne sie w\u00fcrde die Kirche nicht existieren<\/h2>\t\t\t\t<\/div>\n\t\t\t\t<\/div>\n\t\t\t\t<div class=\"elementor-element elementor-element-3cfb546 elementor-widget elementor-widget-text-editor\" data-id=\"3cfb546\" data-element_type=\"widget\" data-e-type=\"widget\" data-widget_type=\"text-editor.default\">\n\t\t\t\t<div class=\"elementor-widget-container\">\n\t\t\t\t\t\t\t\t\t<p>Die ehrenamtlichen Mitarbeiterinnen und Mitarbeiter spielen in unserer Di\u00f6zese eine grosse Rolle. Junge oder \u00e4ltere Menschen schenken etwas von ihrer Zeit; sei es bei Gottesdienstfeiern (Chor, Lesung, Liturgie), der Katechese, bei Besuchen in den APH, indem sie einsamen oder kranken Menschen zuh\u00f6ren; indem sie Lebensmittel verteilen und Menschen in Not begegnen; indem sie Unterst\u00fctzung bei der Verwaltung des kirchlichen Lebens bieten etc.<\/p><p><strong>F\u00fcr den grossen Einsatz danken wir allen Ehrenamtlichen!<\/strong><\/p><p>Wir heissen alle willkommen, die einen Teil ihrer Zeit dem katholischen Leben in unserer Di\u00f6zese widmen m\u00f6chten.<\/p><ul><li><a href=\"https:\/\/www.cath-vd.ch\/benevolat\/dossier-benevolat\/\" target=\"_blank\" rel=\"noopener\">Waadt<\/a><\/li><li><a href=\"https:\/\/www.eglisecatholique-ge.ch\/aider-soutenir\/devenir-benevole\/\" target=\"_blank\" rel=\"noopener\">Genf<\/a><\/li><li>franz\u00f6sischsprachiges Freiburg<\/li><li>deutschsprachiges Freiburg<\/li><li>Neuenburg<\/li><\/ul>\t\t\t\t\t\t\t\t<\/div>\n\t\t\t\t<\/div>\n\t\t\t\t\t<\/div>\n\t\t<\/div>\n\t\t\t\t\t<\/div>\n\t\t<\/section>\n\t\t\t\t<\/div>\n\t\t<\/div>","protected":false},"excerpt":{"rendered":"<p>Ohne sie w\u00fcrde die Kirche nicht existieren Die ehrenamtlichen Mitarbeiterinnen und Mitarbeiter spielen in unserer Di\u00f6zese eine grosse Rolle. Junge oder \u00e4ltere Menschen schenken etwas von ihrer Zeit; sei es [&hellip;]<\/p>\n","protected":false},"author":4,"featured_media":0,"parent":6327,"menu_order":15,"comment_status":"closed","ping_status":"closed","template":"","meta":{"_acf_changed":false,"footnotes":""},"categories":[109,70],"tags":[],"class_list":["post-5656","page","type-page","status-publish","hentry","category-pastorale-de","category-vie-eglise-de"],"acf":[],"_links":{"self":[{"href":"https:\/\/diocese-lgf.ch\/de\/wp-json\/wp\/v2\/pages\/5656","targetHints":{"allow":["GET"]}}],"collection":[{"href":"https:\/\/diocese-lgf.ch\/de\/wp-json\/wp\/v2\/pages"}],"about":[{"href":"https:\/\/diocese-lgf.ch\/de\/wp-json\/wp\/v2\/types\/page"}],"author":[{"embeddable":true,"href":"https:\/\/diocese-lgf.ch\/de\/wp-json\/wp\/v2\/users\/4"}],"replies":[{"embeddable":true,"href":"https:\/\/diocese-lgf.ch\/de\/wp-json\/wp\/v2\/comments?post=5656"}],"version-history":[{"count":6,"href":"https:\/\/diocese-lgf.ch\/de\/wp-json\/wp\/v2\/pages\/5656\/revisions"}],"predecessor-version":[{"id":7814,"href":"https:\/\/diocese-lgf.ch\/de\/wp-json\/wp\/v2\/pages\/5656\/revisions\/7814"}],"up":[{"embeddable":true,"href":"https:\/\/diocese-lgf.ch\/de\/wp-json\/wp\/v2\/pages\/6327"}],"wp:attachment":[{"href":"https:\/\/diocese-lgf.ch\/de\/wp-json\/wp\/v2\/media?parent=5656"}],"wp:term":[{"taxonomy":"category","embeddable":true,"href":"https:\/\/diocese-lgf.ch\/de\/wp-json\/wp\/v2\/categories?post=5656"},{"taxonomy":"post_tag","embeddable":true,"href":"https:\/\/diocese-lgf.ch\/de\/wp-json\/wp\/v2\/tags?post=5656"}],"curies":[{"name":"wp","href":"https:\/\/api.w.org\/{rel}","templated":true}]}}