{"id":4335,"date":"2020-05-13T13:52:47","date_gmt":"2020-05-13T11:52:47","guid":{"rendered":"https:\/\/diocese-lgf.emblematik.dev\/jugend\/"},"modified":"2024-01-26T14:21:26","modified_gmt":"2024-01-26T13:21:26","slug":"jugend","status":"publish","type":"page","link":"https:\/\/diocese-lgf.ch\/de\/kirchenleben\/jugend\/","title":{"rendered":"Jugend"},"content":{"rendered":"<div class=\"pf-content\">\t\t<div data-elementor-type=\"wp-post\" data-elementor-id=\"4335\" class=\"elementor elementor-4335 elementor-668\" data-elementor-post-type=\"page\">\n\t\t\t\t\t\t<section class=\"elementor-section elementor-top-section elementor-element elementor-element-631aeb1 elementor-section-boxed elementor-section-height-default elementor-section-height-default\" data-id=\"631aeb1\" data-element_type=\"section\" data-e-type=\"section\">\n\t\t\t\t\t\t<div class=\"elementor-container elementor-column-gap-default\">\n\t\t\t\t\t<div class=\"elementor-column elementor-col-100 elementor-top-column elementor-element elementor-element-70b8ecb\" data-id=\"70b8ecb\" data-element_type=\"column\" data-e-type=\"column\">\n\t\t\t<div class=\"elementor-widget-wrap elementor-element-populated\">\n\t\t\t\t\t\t<div class=\"elementor-element elementor-element-52c7728 elementor-widget elementor-widget-image\" data-id=\"52c7728\" data-element_type=\"widget\" data-e-type=\"widget\" data-widget_type=\"image.default\">\n\t\t\t\t<div class=\"elementor-widget-container\">\n\t\t\t\t\t\t\t\t\t\t\t\t\t\t\t<img fetchpriority=\"high\" decoding=\"async\" width=\"1024\" height=\"791\" src=\"https:\/\/diocese-lgf.ch\/wp-content\/uploads\/2020\/01\/jeunesse2-1024x791.jpg\" class=\"attachment-large size-large wp-image-3745\" alt=\"\" srcset=\"https:\/\/diocese-lgf.ch\/wp-content\/uploads\/2020\/01\/jeunesse2.jpg 1024w, https:\/\/diocese-lgf.ch\/wp-content\/uploads\/2020\/01\/jeunesse2-300x232.jpg 300w, https:\/\/diocese-lgf.ch\/wp-content\/uploads\/2020\/01\/jeunesse2-768x593.jpg 768w\" sizes=\"(max-width: 1024px) 100vw, 1024px\" \/>\t\t\t\t\t\t\t\t\t\t\t\t\t\t\t<\/div>\n\t\t\t\t<\/div>\n\t\t\t\t\t<\/div>\n\t\t<\/div>\n\t\t\t\t\t<\/div>\n\t\t<\/section>\n\t\t\t\t<section class=\"elementor-section elementor-top-section elementor-element elementor-element-d6beced elementor-section-boxed elementor-section-height-default elementor-section-height-default\" data-id=\"d6beced\" data-element_type=\"section\" data-e-type=\"section\">\n\t\t\t\t\t\t<div class=\"elementor-container elementor-column-gap-default\">\n\t\t\t\t\t<div class=\"elementor-column elementor-col-100 elementor-top-column elementor-element elementor-element-09653e2\" data-id=\"09653e2\" data-element_type=\"column\" data-e-type=\"column\">\n\t\t\t<div class=\"elementor-widget-wrap elementor-element-populated\">\n\t\t\t\t\t\t<div class=\"elementor-element elementor-element-dc8e8f7 elementor-widget elementor-widget-heading\" data-id=\"dc8e8f7\" data-element_type=\"widget\" data-e-type=\"widget\" data-widget_type=\"heading.default\">\n\t\t\t\t<div class=\"elementor-widget-container\">\n\t\t\t\t\t<h2 class=\"elementor-heading-title elementor-size-default\">Jugendpastoral<\/h2>\t\t\t\t<\/div>\n\t\t\t\t<\/div>\n\t\t\t\t<div class=\"elementor-element elementor-element-a32498d elementor-widget elementor-widget-text-editor\" data-id=\"a32498d\" data-element_type=\"widget\" data-e-type=\"widget\" data-widget_type=\"text-editor.default\">\n\t\t\t\t<div class=\"elementor-widget-container\">\n\t\t\t\t\t\t\t\t\t<p>Die Di\u00f6zese bietet an, Jugendliche und junge Erwachsene, ganz gleich wo sie sich befinden, in ihrem menschlichen und spirituellen Wachstum zu begleiten. Jedes Jahr werden gr\u00f6ssere oder kleinere Veranstaltungen f\u00fcr die Jugendlichen oder von ihnen organisiert: Ferienlager, Wochenenden, Taiz\u00e9-Gebete, Retraiten, JMJ, Auf-dem-Weg-zu-Ostern oder Pilgerfahrten. Diese Veranstaltungen verstehen sich als Orte der Begegnung, die allen offenstehen, die den christlichen Glauben entdecken wollen. Sie werden von der Jugendarbeit der Di\u00f6zese oder auch anderen Einheiten veranstaltet. Die Jugendpastoral ist auch vertreten durch die Seelsorgearbeit in den Schulen, Universit\u00e4ten etc.<\/p><ul><li><a href=\"http:\/\/www.pasaj.ch\/\">Waadt<\/a><\/li><li><a href=\"https:\/\/www.eglisecatholique-ge.ch\/decouvrir\/services\/jeunesse\/\">Genf<\/a><\/li><li><a href=\"https:\/\/www.formulejeunes.ch\/\"><u>franz\u00f6sischsprachiges Freiburg<\/u><\/a><\/li><li><a href=\"https:\/\/www.cath-fr.ch\/de\/bistumsregion\/juseso\/\"><u>deutschsprachiges Freiburg<\/u><\/a><\/li><li><a href=\"https:\/\/www.cath-ne.ch\/copie-de-catechese-et-catechumenat\">Neuenburg<\/a><\/li><li><a href=\"http:\/\/www.vocations.ch\/camps-voc\/\">Camps voc&#8216;<\/a><\/li><\/ul>\t\t\t\t\t\t\t\t<\/div>\n\t\t\t\t<\/div>\n\t\t\t\t\t<\/div>\n\t\t<\/div>\n\t\t\t\t\t<\/div>\n\t\t<\/section>\n\t\t\t\t<\/div>\n\t\t<\/div>","protected":false},"excerpt":{"rendered":"<p>Jugendpastoral Die Di\u00f6zese bietet an, Jugendliche und junge Erwachsene, ganz gleich wo sie sich befinden, in ihrem menschlichen und spirituellen Wachstum zu begleiten. Jedes Jahr werden gr\u00f6ssere oder kleinere Veranstaltungen [&hellip;]<\/p>\n","protected":false},"author":5,"featured_media":0,"parent":6327,"menu_order":10,"comment_status":"closed","ping_status":"closed","template":"","meta":{"_acf_changed":false,"footnotes":""},"categories":[70],"tags":[],"class_list":["post-4335","page","type-page","status-publish","hentry","category-vie-eglise-de"],"acf":[],"_links":{"self":[{"href":"https:\/\/diocese-lgf.ch\/de\/wp-json\/wp\/v2\/pages\/4335","targetHints":{"allow":["GET"]}}],"collection":[{"href":"https:\/\/diocese-lgf.ch\/de\/wp-json\/wp\/v2\/pages"}],"about":[{"href":"https:\/\/diocese-lgf.ch\/de\/wp-json\/wp\/v2\/types\/page"}],"author":[{"embeddable":true,"href":"https:\/\/diocese-lgf.ch\/de\/wp-json\/wp\/v2\/users\/5"}],"replies":[{"embeddable":true,"href":"https:\/\/diocese-lgf.ch\/de\/wp-json\/wp\/v2\/comments?post=4335"}],"version-history":[{"count":20,"href":"https:\/\/diocese-lgf.ch\/de\/wp-json\/wp\/v2\/pages\/4335\/revisions"}],"predecessor-version":[{"id":24619,"href":"https:\/\/diocese-lgf.ch\/de\/wp-json\/wp\/v2\/pages\/4335\/revisions\/24619"}],"up":[{"embeddable":true,"href":"https:\/\/diocese-lgf.ch\/de\/wp-json\/wp\/v2\/pages\/6327"}],"wp:attachment":[{"href":"https:\/\/diocese-lgf.ch\/de\/wp-json\/wp\/v2\/media?parent=4335"}],"wp:term":[{"taxonomy":"category","embeddable":true,"href":"https:\/\/diocese-lgf.ch\/de\/wp-json\/wp\/v2\/categories?post=4335"},{"taxonomy":"post_tag","embeddable":true,"href":"https:\/\/diocese-lgf.ch\/de\/wp-json\/wp\/v2\/tags?post=4335"}],"curies":[{"name":"wp","href":"https:\/\/api.w.org\/{rel}","templated":true}]}}