{"id":32704,"date":"2025-11-28T10:39:11","date_gmt":"2025-11-28T09:39:11","guid":{"rendered":"https:\/\/diocese-lgf.ch\/?page_id=32704"},"modified":"2025-11-28T12:06:48","modified_gmt":"2025-11-28T11:06:48","slug":"infrastrukturen-und-gebaeude","status":"publish","type":"page","link":"https:\/\/diocese-lgf.ch\/de\/infrastrukturen-und-gebaeude\/","title":{"rendered":"Infrastrukturen und Geb\u00e4ude"},"content":{"rendered":"<div class=\"pf-content\">\t\t<div data-elementor-type=\"wp-page\" data-elementor-id=\"32704\" class=\"elementor elementor-32704 elementor-32281\" data-elementor-post-type=\"page\">\n\t\t\t\t<div class=\"elementor-element elementor-element-0342c8a e-flex e-con-boxed e-con e-parent\" data-id=\"0342c8a\" data-element_type=\"container\" data-e-type=\"container\">\n\t\t\t\t\t<div class=\"e-con-inner\">\n\t\t\t\t<div class=\"elementor-element elementor-element-ead2652 elementor-widget elementor-widget-image\" data-id=\"ead2652\" data-element_type=\"widget\" data-e-type=\"widget\" data-widget_type=\"image.default\">\n\t\t\t\t<div class=\"elementor-widget-container\">\n\t\t\t\t\t\t\t\t\t\t\t\t\t\t\t<img decoding=\"async\" width=\"76\" height=\"76\" src=\"https:\/\/diocese-lgf.ch\/wp-content\/uploads\/2025\/11\/image_logo_page_infrastructure_CEEcologie.png\" class=\"attachment-thumbnail size-thumbnail wp-image-32310\" alt=\"\" \/>\t\t\t\t\t\t\t\t\t\t\t\t\t\t\t<\/div>\n\t\t\t\t<\/div>\n\t\t\t\t<div class=\"elementor-element elementor-element-696ee2d elementor-widget elementor-widget-heading\" data-id=\"696ee2d\" data-element_type=\"widget\" data-e-type=\"widget\" data-widget_type=\"heading.default\">\n\t\t\t\t<div class=\"elementor-widget-container\">\n\t\t\t\t\t<h2 class=\"elementor-heading-title elementor-size-default\">Vision und Werte: St\u00e4rkung der nachhaltigen Verwaltung von Institutionen und Infrastrukturen<\/h2>\t\t\t\t<\/div>\n\t\t\t\t<\/div>\n\t\t\t\t\t<\/div>\n\t\t\t\t<\/div>\n\t\t<div class=\"elementor-element elementor-element-ee5bcae e-flex e-con-boxed e-con e-parent\" data-id=\"ee5bcae\" data-element_type=\"container\" data-e-type=\"container\">\n\t\t\t\t\t<div class=\"e-con-inner\">\n\t\t\t\t<div class=\"elementor-element elementor-element-aaf2e0f elementor-widget elementor-widget-text-editor\" data-id=\"aaf2e0f\" data-element_type=\"widget\" data-e-type=\"widget\" data-widget_type=\"text-editor.default\">\n\t\t\t\t<div class=\"elementor-widget-container\">\n\t\t\t\t\t\t\t\t\t<p>Die Verwaltung der Institutionen und Infrastrukturen ber\u00fccksichtigt Nachhaltigkeitskriterien, was ihre Koh\u00e4renz und Glaubw\u00fcrdigkeit st\u00e4rkt.<\/p><p><br \/>Die zunehmende Synodalit\u00e4t in der Verwaltung ihrer sozialen, wirtschaftlichen und politischen Organisation erm\u00f6glicht es der Kirche, sich auf lokaler, regionaler und globaler Ebene angemessener einzubringen und \u00f6kologisch wirksamer zu sein.<\/p>\t\t\t\t\t\t\t\t<\/div>\n\t\t\t\t<\/div>\n\t\t\t\t\t<\/div>\n\t\t\t\t<\/div>\n\t\t<div class=\"elementor-element elementor-element-c034e75 e-flex e-con-boxed e-con e-parent\" data-id=\"c034e75\" data-element_type=\"container\" data-e-type=\"container\">\n\t\t\t\t\t<div class=\"e-con-inner\">\n\t\t\t\t<div class=\"elementor-element elementor-element-588a066 elementor-widget elementor-widget-image\" data-id=\"588a066\" data-element_type=\"widget\" data-e-type=\"widget\" data-widget_type=\"image.default\">\n\t\t\t\t<div class=\"elementor-widget-container\">\n\t\t\t\t\t\t\t\t\t\t\t\t\t\t\t<img fetchpriority=\"high\" decoding=\"async\" width=\"1024\" height=\"233\" src=\"https:\/\/diocese-lgf.ch\/wp-content\/uploads\/2025\/11\/Capture-decran-2025-11-28-a-12.02.43-1024x233.png\" class=\"attachment-large size-large wp-image-32761\" alt=\"\" srcset=\"https:\/\/diocese-lgf.ch\/wp-content\/uploads\/2025\/11\/Capture-decran-2025-11-28-a-12.02.43-1024x233.png 1024w, https:\/\/diocese-lgf.ch\/wp-content\/uploads\/2025\/11\/Capture-decran-2025-11-28-a-12.02.43-300x68.png 300w, https:\/\/diocese-lgf.ch\/wp-content\/uploads\/2025\/11\/Capture-decran-2025-11-28-a-12.02.43-768x174.png 768w, https:\/\/diocese-lgf.ch\/wp-content\/uploads\/2025\/11\/Capture-decran-2025-11-28-a-12.02.43-1536x349.png 1536w, https:\/\/diocese-lgf.ch\/wp-content\/uploads\/2025\/11\/Capture-decran-2025-11-28-a-12.02.43.png 1972w\" sizes=\"(max-width: 1024px) 100vw, 1024px\" \/>\t\t\t\t\t\t\t\t\t\t\t\t\t\t\t<\/div>\n\t\t\t\t<\/div>\n\t\t\t\t<div class=\"elementor-element elementor-element-2511c20 elementor-widget elementor-widget-heading\" data-id=\"2511c20\" data-element_type=\"widget\" data-e-type=\"widget\" data-widget_type=\"heading.default\">\n\t\t\t\t<div class=\"elementor-widget-container\">\n\t\t\t\t\t<h2 class=\"elementor-heading-title elementor-size-default\">Strategisches Ziel<\/h2>\t\t\t\t<\/div>\n\t\t\t\t<\/div>\n\t\t\t\t<div class=\"elementor-element elementor-element-6f7fa3e elementor-widget elementor-widget-text-editor\" data-id=\"6f7fa3e\" data-element_type=\"widget\" data-e-type=\"widget\" data-widget_type=\"text-editor.default\">\n\t\t\t\t<div class=\"elementor-widget-container\">\n\t\t\t\t\t\t\t\t\t<ul><li>Die 240 Pfarreien, Di\u00f6zesanh\u00e4user, religi\u00f6sen Gemeinschaften und das Bistum integrieren mindestens sechs Nachhaltigkeitskriterien in die Verwaltung ihrer Einrichtungen und Infrastrukturen (H2).<\/li><li>15 % der Pfarreien streben eine Zertifizierung mit dem Label \u201eCoq Vert\u201d an und\/oder melden sich f\u00fcr die \u00d6ko-Diagnose von <em><a href=\"https:\/\/ecoeglise.ch\/participer\/eco-diagnostic\/\" target=\"_blank\" rel=\"noopener\">EcoEglise<\/a><\/em> an (H2-H3).<\/li><li>Bei allen Renovierungen oder Neubauten innerhalb der Pfarreien der Di\u00f6zese werden die h\u00f6chsten Nachhaltigkeitskriterien angewendet (H3).<\/li><li>Die soziale und wirtschaftliche Organisation sowie das politische Engagement aller Akteure innerhalb der Kirche werden synodal nach dem Vorbild des Gespr\u00e4chs im Heiligen Geist betrachtet (H3).<\/li><\/ul><p><strong>Bestandsaufnahme<\/strong><\/p><p>Was wurde in Ihrer Gemeinde (Pfarrei, Kirche usw.) bereits umgesetzt? Sie k\u00f6nnen diese Bestandsaufnahme mithilfe der \u00d6ko-Diagnose von <em><a href=\"https:\/\/ecoeglise.ch\/participer\/eco-diagnostic\/\" target=\"_blank\" rel=\"noopener\">EcoEglise<\/a><\/em> durchf\u00fchren, die dieselben Handlungsfelder wie die hier aufgef\u00fchrten behandelt.<\/p><p><strong>Handlungsfeld<\/strong><\/p><p>In welchem Teilbereich (Infrastruktur, Geb\u00e4ude, Governance) m\u00f6chten Sie Ver\u00e4nderungen vornehmen? Sie k\u00f6nnen einen bestimmten Teilbereich ausw\u00e4hlen oder Ma\u00dfnahmen aus allen drei Teilbereichen w\u00e4hlen.<\/p><p><strong>Zu erreichende Ziele<\/strong><\/p><p>Welche Ergebnisse m\u00f6chten Sie erzielen? Setzen Sie sich ein Ziel, das zur Verwirklichung des oben beschriebenen strategischen Ziels beitr\u00e4gt.<\/p><p><strong>Zu mobilisierende Ressourcen<\/strong><\/p><p>Welche Mittel k\u00f6nnen Sie mobilisieren oder einsetzen, um Ihr Ziel zu erreichen?<\/p><p><strong>Planung<\/strong><\/p><p>Was sind die wichtigsten Etappen und wie viel Zeit nehmen Sie sich f\u00fcr dieses Projekt?<\/p>\t\t\t\t\t\t\t\t<\/div>\n\t\t\t\t<\/div>\n\t\t\t\t\t<\/div>\n\t\t\t\t<\/div>\n\t\t<div class=\"elementor-element elementor-element-2da9960 e-flex e-con-boxed e-con e-parent\" data-id=\"2da9960\" data-element_type=\"container\" data-e-type=\"container\">\n\t\t\t\t\t<div class=\"e-con-inner\">\n\t\t\t\t<div class=\"elementor-element elementor-element-9148c16 elementor-widget elementor-widget-heading\" data-id=\"9148c16\" data-element_type=\"widget\" data-e-type=\"widget\" data-widget_type=\"heading.default\">\n\t\t\t\t<div class=\"elementor-widget-container\">\n\t\t\t\t\t<h2 class=\"elementor-heading-title elementor-size-default\">Beispiele f\u00fcr m\u00f6gliche Ma\u00dfnahmen<\/h2>\t\t\t\t<\/div>\n\t\t\t\t<\/div>\n\t\t\t\t\t<\/div>\n\t\t\t\t<\/div>\n\t\t<div class=\"elementor-element elementor-element-9b1dfec e-flex e-con-boxed e-con e-parent\" data-id=\"9b1dfec\" data-element_type=\"container\" data-e-type=\"container\">\n\t\t\t\t\t<div class=\"e-con-inner\">\n\t\t\t\t<div class=\"elementor-element elementor-element-e7b2722 elementor-widget elementor-widget-text-editor\" data-id=\"e7b2722\" data-element_type=\"widget\" data-e-type=\"widget\" data-widget_type=\"text-editor.default\">\n\t\t\t\t<div class=\"elementor-widget-container\">\n\t\t\t\t\t\t\t\t\t<p>Wir schlagen Ihnen drei m\u00f6gliche Massnahmen f\u00fcr jeden Teilbereich vor. Zu jedem Massnahmenvorschlag nennen wir Ihnen die zu erwartenden Vorteile. Ausserdem stellen wir Ihnen Ideen f\u00fcr Ressourcen zur Verf\u00fcgung.<\/p>\t\t\t\t\t\t\t\t<\/div>\n\t\t\t\t<\/div>\n\t\t\t\t\t<\/div>\n\t\t\t\t<\/div>\n\t\t<div class=\"elementor-element elementor-element-9c13d0d e-flex e-con-boxed e-con e-parent\" data-id=\"9c13d0d\" data-element_type=\"container\" data-e-type=\"container\">\n\t\t\t\t\t<div class=\"e-con-inner\">\n\t\t<div class=\"elementor-element elementor-element-47edc6c e-con-full e-flex e-con e-child\" data-id=\"47edc6c\" data-element_type=\"container\" data-e-type=\"container\">\n\t\t\t\t<div class=\"elementor-element elementor-element-8636fb0 elementor-icon-list--layout-traditional elementor-list-item-link-full_width elementor-widget elementor-widget-icon-list\" data-id=\"8636fb0\" data-element_type=\"widget\" data-e-type=\"widget\" data-widget_type=\"icon-list.default\">\n\t\t\t\t<div class=\"elementor-widget-container\">\n\t\t\t\t\t\t\t<ul class=\"elementor-icon-list-items\">\n\t\t\t\t\t\t\t<li class=\"elementor-icon-list-item\">\n\t\t\t\t\t\t\t\t\t\t\t<span class=\"elementor-icon-list-icon\">\n\t\t\t\t\t\t\t<i aria-hidden=\"true\" class=\"fas fa-hand-point-right\"><\/i>\t\t\t\t\t\t<\/span>\n\t\t\t\t\t\t\t\t\t\t<span class=\"elementor-icon-list-text\">Handlungs-m\u00f6glichkeiten<\/span>\n\t\t\t\t\t\t\t\t\t<\/li>\n\t\t\t\t\t\t<\/ul>\n\t\t\t\t\t\t<\/div>\n\t\t\t\t<\/div>\n\t\t\t\t<\/div>\n\t\t<div class=\"elementor-element elementor-element-28879fd e-con-full e-flex e-con e-child\" data-id=\"28879fd\" data-element_type=\"container\" data-e-type=\"container\">\n\t\t\t\t<div class=\"elementor-element elementor-element-2d62c69 elementor-icon-list--layout-traditional elementor-list-item-link-full_width elementor-widget elementor-widget-icon-list\" data-id=\"2d62c69\" data-element_type=\"widget\" data-e-type=\"widget\" data-widget_type=\"icon-list.default\">\n\t\t\t\t<div class=\"elementor-widget-container\">\n\t\t\t\t\t\t\t<ul class=\"elementor-icon-list-items\">\n\t\t\t\t\t\t\t<li class=\"elementor-icon-list-item\">\n\t\t\t\t\t\t\t\t\t\t\t<span class=\"elementor-icon-list-icon\">\n\t\t\t\t\t\t\t<i aria-hidden=\"true\" class=\"fas fa-hand-point-right\"><\/i>\t\t\t\t\t\t<\/span>\n\t\t\t\t\t\t\t\t\t\t<span class=\"elementor-icon-list-text\">Vorteile<\/span>\n\t\t\t\t\t\t\t\t\t<\/li>\n\t\t\t\t\t\t<\/ul>\n\t\t\t\t\t\t<\/div>\n\t\t\t\t<\/div>\n\t\t\t\t<\/div>\n\t\t<div class=\"elementor-element elementor-element-3b07211 e-con-full e-flex e-con e-child\" data-id=\"3b07211\" data-element_type=\"container\" data-e-type=\"container\">\n\t\t\t\t<div class=\"elementor-element elementor-element-121040f elementor-icon-list--layout-traditional elementor-list-item-link-full_width elementor-widget elementor-widget-icon-list\" data-id=\"121040f\" data-element_type=\"widget\" data-e-type=\"widget\" data-widget_type=\"icon-list.default\">\n\t\t\t\t<div class=\"elementor-widget-container\">\n\t\t\t\t\t\t\t<ul class=\"elementor-icon-list-items\">\n\t\t\t\t\t\t\t<li class=\"elementor-icon-list-item\">\n\t\t\t\t\t\t\t\t\t\t\t<span class=\"elementor-icon-list-icon\">\n\t\t\t\t\t\t\t<i aria-hidden=\"true\" class=\"fas fa-hand-point-right\"><\/i>\t\t\t\t\t\t<\/span>\n\t\t\t\t\t\t\t\t\t\t<span class=\"elementor-icon-list-text\">M\u00f6gliche Ressourcen<\/span>\n\t\t\t\t\t\t\t\t\t<\/li>\n\t\t\t\t\t\t<\/ul>\n\t\t\t\t\t\t<\/div>\n\t\t\t\t<\/div>\n\t\t\t\t<\/div>\n\t\t\t\t\t<\/div>\n\t\t\t\t<\/div>\n\t\t<div class=\"elementor-element elementor-element-ca3cf29 e-grid e-con-boxed e-con e-parent\" data-id=\"ca3cf29\" data-element_type=\"container\" data-e-type=\"container\">\n\t\t\t\t\t<div class=\"e-con-inner\">\n\t\t\t\t<div class=\"elementor-element elementor-element-833083c elementor-widget elementor-widget-text-editor\" data-id=\"833083c\" data-element_type=\"widget\" data-e-type=\"widget\" data-widget_type=\"text-editor.default\">\n\t\t\t\t<div class=\"elementor-widget-container\">\n\t\t\t\t\t\t\t\t\t<p>Sensibilisierung der Mitglieder der Kirchgemeinder\u00e4te f\u00fcr m\u00f6gliche L\u00f6sungen zur Energieoptimierung von Geb\u00e4uden und Infrastrukturen<\/p>\t\t\t\t\t\t\t\t<\/div>\n\t\t\t\t<\/div>\n\t\t\t\t<div class=\"elementor-element elementor-element-ae0628c elementor-widget elementor-widget-text-editor\" data-id=\"ae0628c\" data-element_type=\"widget\" data-e-type=\"widget\" data-widget_type=\"text-editor.default\">\n\t\t\t\t<div class=\"elementor-widget-container\">\n\t\t\t\t\t\t\t\t\t<ul><li>Verbesserung der Energieeffizienz von Energieerzeugungs-, -verteilungs- und -verbrauchssystemen<\/li><li>Senkung der Heizkosten<\/li><li>Entscheidung f\u00fcr erneuerbare Energien<\/li><li>Umstellung auf umweltbewusstes Verhalten im Alltag<\/li><\/ul>\t\t\t\t\t\t\t\t<\/div>\n\t\t\t\t<\/div>\n\t\t\t\t<div class=\"elementor-element elementor-element-ba0f48d elementor-widget elementor-widget-text-editor\" data-id=\"ba0f48d\" data-element_type=\"widget\" data-e-type=\"widget\" data-widget_type=\"text-editor.default\">\n\t\t\t\t<div class=\"elementor-widget-container\">\n\t\t\t\t\t\t\t\t\t<ul><li><a href=\"https:\/\/ecoeglise.ch\/wp-content\/uploads\/sites\/2\/2022\/02\/oeku_guide_energie.pdf\">Praktischer Leitfaden f\u00fcr Kirchgemeinden von Oeco<\/a><\/li><li>Das <a href=\"https:\/\/www.dasgebaeudeprogramm.ch\/de\/\" target=\"_blank\" rel=\"noopener\">Programm Geb\u00e4ude<\/a> des Bundesamtes f\u00fcr Umwelt<\/li><\/ul>\t\t\t\t\t\t\t\t<\/div>\n\t\t\t\t<\/div>\n\t\t\t\t\t<\/div>\n\t\t\t\t<\/div>\n\t\t<div class=\"elementor-element elementor-element-5491e4e e-grid e-con-boxed e-con e-parent\" data-id=\"5491e4e\" data-element_type=\"container\" data-e-type=\"container\">\n\t\t\t\t\t<div class=\"e-con-inner\">\n\t\t\t\t<div class=\"elementor-element elementor-element-2cda2ae elementor-widget elementor-widget-text-editor\" data-id=\"2cda2ae\" data-element_type=\"widget\" data-e-type=\"widget\" data-widget_type=\"text-editor.default\">\n\t\t\t\t<div class=\"elementor-widget-container\">\n\t\t\t\t\t\t\t\t\t<p>Eine Gruppe von Personen bilden, die im Umweltmanagement von <a href=\"https:\/\/oeku.ch\/umweltpraxis\/\" target=\"_blank\" rel=\"noopener\">Kirchen f\u00fcr die Umwelt<\/a> (oeku) geschult sind, um kirchliche Einrichtungen bei der Durchf\u00fchrung einer Energieanalyse zu begleiten.<\/p>\t\t\t\t\t\t\t\t<\/div>\n\t\t\t\t<\/div>\n\t\t\t\t<div class=\"elementor-element elementor-element-4654f09 elementor-widget elementor-widget-text-editor\" data-id=\"4654f09\" data-element_type=\"widget\" data-e-type=\"widget\" data-widget_type=\"text-editor.default\">\n\t\t\t\t<div class=\"elementor-widget-container\">\n\t\t\t\t\t\t\t\t\t<p>\u00dcber geschulte Fachkr\u00e4fte verf\u00fcgen, die eine Energiebilanz erstellen k\u00f6nnen<\/p>\t\t\t\t\t\t\t\t<\/div>\n\t\t\t\t<\/div>\n\t\t\t\t<div class=\"elementor-element elementor-element-aad7e08 elementor-widget elementor-widget-text-editor\" data-id=\"aad7e08\" data-element_type=\"widget\" data-e-type=\"widget\" data-widget_type=\"text-editor.default\">\n\t\t\t\t<div class=\"elementor-widget-container\">\n\t\t\t\t\t\t\t\t\t<ul><li><a href=\"https:\/\/oeku.ch\/\" target=\"_blank\" rel=\"noopener\">Kirchen f\u00fcr die Umwelt<\/a> (oeku)<\/li><li>Kontakt zum Koordinator in der Deutschschweiz: <a href=\"mailto:frei@oeku.ch\">Andreas Frei<\/a><\/li><\/ul>\t\t\t\t\t\t\t\t<\/div>\n\t\t\t\t<\/div>\n\t\t\t\t\t<\/div>\n\t\t\t\t<\/div>\n\t\t<div class=\"elementor-element elementor-element-f0c8c46 e-grid e-con-boxed e-con e-parent\" data-id=\"f0c8c46\" data-element_type=\"container\" data-e-type=\"container\">\n\t\t\t\t\t<div class=\"e-con-inner\">\n\t\t\t\t<div class=\"elementor-element elementor-element-5a1ddc4 elementor-widget elementor-widget-text-editor\" data-id=\"5a1ddc4\" data-element_type=\"widget\" data-e-type=\"widget\" data-widget_type=\"text-editor.default\">\n\t\t\t\t<div class=\"elementor-widget-container\">\n\t\t\t\t\t\t\t\t\t<p>Massnahmen zur F\u00f6rderung des synodalen Engagements innerhalb der Kirche einf\u00fchren oder weiterf\u00fchren<\/p>\t\t\t\t\t\t\t\t<\/div>\n\t\t\t\t<\/div>\n\t\t\t\t<div class=\"elementor-element elementor-element-e2af461 elementor-widget elementor-widget-text-editor\" data-id=\"e2af461\" data-element_type=\"widget\" data-e-type=\"widget\" data-widget_type=\"text-editor.default\">\n\t\t\t\t<div class=\"elementor-widget-container\">\n\t\t\t\t\t\t\t\t\t<ul><li>Lernen, zuzuh\u00f6ren, gemeinsam zu unterscheiden und zu entscheiden<\/li><li>Lernen, gemeinschaftliche F\u00fchrung, Mitverantwortung und die Beteiligung aller umzusetzen<\/li><li>Die Liturgie grundlegend erneuern und sie als Schmelztiegel der Synodalit\u00e4t entdecken, als Ort der Gemeinschaft aller Getauften, die vom Herrn versammelt sind<\/li><li>Die missionarische Berufung aller Getauften wiederentdecken<\/li><li>Die Stimme der Armen h\u00f6ren, die im Mittelpunkt des synodalen Lebens steht<\/li><\/ul>\t\t\t\t\t\t\t\t<\/div>\n\t\t\t\t<\/div>\n\t\t\t\t<div class=\"elementor-element elementor-element-97e257f elementor-widget elementor-widget-text-editor\" data-id=\"97e257f\" data-element_type=\"widget\" data-e-type=\"widget\" data-widget_type=\"text-editor.default\">\n\t\t\t\t<div class=\"elementor-widget-container\">\n\t\t\t\t\t\t\t\t\t<p><a href=\"https:\/\/diocese-lgf.ch\/wp-content\/uploads\/2022\/04\/20220331_contribution_diocese_LGF_consultation_synodale_d.pdf\" target=\"_blank\" rel=\"noopener\">Beitrag<\/a> der Di\u00f6zese Lausanne, Genf und Freiburg zur universellen synodalen Konsultation<\/p>\t\t\t\t\t\t\t\t<\/div>\n\t\t\t\t<\/div>\n\t\t\t\t\t<\/div>\n\t\t\t\t<\/div>\n\t\t\t\t<\/div>\n\t\t<\/div>","protected":false},"excerpt":{"rendered":"<p>Vision und Werte: St\u00e4rkung der nachhaltigen Verwaltung von Institutionen und Infrastrukturen Die Verwaltung der Institutionen und Infrastrukturen ber\u00fccksichtigt Nachhaltigkeitskriterien, was ihre Koh\u00e4renz und Glaubw\u00fcrdigkeit st\u00e4rkt. Die zunehmende Synodalit\u00e4t in der [&hellip;]<\/p>\n","protected":false},"author":7,"featured_media":0,"parent":0,"menu_order":0,"comment_status":"closed","ping_status":"closed","template":"","meta":{"_acf_changed":false,"footnotes":""},"categories":[],"tags":[],"class_list":["post-32704","page","type-page","status-publish","hentry"],"acf":[],"_links":{"self":[{"href":"https:\/\/diocese-lgf.ch\/de\/wp-json\/wp\/v2\/pages\/32704","targetHints":{"allow":["GET"]}}],"collection":[{"href":"https:\/\/diocese-lgf.ch\/de\/wp-json\/wp\/v2\/pages"}],"about":[{"href":"https:\/\/diocese-lgf.ch\/de\/wp-json\/wp\/v2\/types\/page"}],"author":[{"embeddable":true,"href":"https:\/\/diocese-lgf.ch\/de\/wp-json\/wp\/v2\/users\/7"}],"replies":[{"embeddable":true,"href":"https:\/\/diocese-lgf.ch\/de\/wp-json\/wp\/v2\/comments?post=32704"}],"version-history":[{"count":19,"href":"https:\/\/diocese-lgf.ch\/de\/wp-json\/wp\/v2\/pages\/32704\/revisions"}],"predecessor-version":[{"id":32764,"href":"https:\/\/diocese-lgf.ch\/de\/wp-json\/wp\/v2\/pages\/32704\/revisions\/32764"}],"wp:attachment":[{"href":"https:\/\/diocese-lgf.ch\/de\/wp-json\/wp\/v2\/media?parent=32704"}],"wp:term":[{"taxonomy":"category","embeddable":true,"href":"https:\/\/diocese-lgf.ch\/de\/wp-json\/wp\/v2\/categories?post=32704"},{"taxonomy":"post_tag","embeddable":true,"href":"https:\/\/diocese-lgf.ch\/de\/wp-json\/wp\/v2\/tags?post=32704"}],"curies":[{"name":"wp","href":"https:\/\/api.w.org\/{rel}","templated":true}]}}