{"id":32679,"date":"2025-11-28T10:22:44","date_gmt":"2025-11-28T09:22:44","guid":{"rendered":"https:\/\/diocese-lgf.ch\/?page_id=32679"},"modified":"2025-11-28T12:14:55","modified_gmt":"2025-11-28T11:14:55","slug":"land-und-biodiversitaet","status":"publish","type":"page","link":"https:\/\/diocese-lgf.ch\/de\/land-und-biodiversitaet\/","title":{"rendered":"Land und Biodiversit\u00e4t"},"content":{"rendered":"<div class=\"pf-content\">\t\t<div data-elementor-type=\"wp-page\" data-elementor-id=\"32679\" class=\"elementor elementor-32679 elementor-32297\" data-elementor-post-type=\"page\">\n\t\t\t\t<div class=\"elementor-element elementor-element-0342c8a e-flex e-con-boxed e-con e-parent\" data-id=\"0342c8a\" data-element_type=\"container\" data-e-type=\"container\">\n\t\t\t\t\t<div class=\"e-con-inner\">\n\t\t\t\t<div class=\"elementor-element elementor-element-95e1ff2 elementor-widget elementor-widget-image\" data-id=\"95e1ff2\" data-element_type=\"widget\" data-e-type=\"widget\" data-widget_type=\"image.default\">\n\t\t\t\t<div class=\"elementor-widget-container\">\n\t\t\t\t\t\t\t\t\t\t\t\t\t\t\t<img decoding=\"async\" width=\"76\" height=\"76\" src=\"https:\/\/diocese-lgf.ch\/wp-content\/uploads\/2025\/11\/image_logo_page_terrain_CEEcologie.png\" class=\"attachment-thumbnail size-thumbnail wp-image-32311\" alt=\"\" \/>\t\t\t\t\t\t\t\t\t\t\t\t\t\t\t<\/div>\n\t\t\t\t<\/div>\n\t\t\t\t<div class=\"elementor-element elementor-element-696ee2d elementor-widget elementor-widget-heading\" data-id=\"696ee2d\" data-element_type=\"widget\" data-e-type=\"widget\" data-widget_type=\"heading.default\">\n\t\t\t\t<div class=\"elementor-widget-container\">\n\t\t\t\t\t<h2 class=\"elementor-heading-title elementor-size-default\">Vision und Werte: Staunen vor und mit dem Lebendigen<\/h2>\t\t\t\t<\/div>\n\t\t\t\t<\/div>\n\t\t\t\t\t<\/div>\n\t\t\t\t<\/div>\n\t\t<div class=\"elementor-element elementor-element-ee5bcae e-flex e-con-boxed e-con e-parent\" data-id=\"ee5bcae\" data-element_type=\"container\" data-e-type=\"container\">\n\t\t\t\t\t<div class=\"e-con-inner\">\n\t\t\t\t<div class=\"elementor-element elementor-element-aaf2e0f elementor-widget elementor-widget-text-editor\" data-id=\"aaf2e0f\" data-element_type=\"widget\" data-e-type=\"widget\" data-widget_type=\"text-editor.default\">\n\t\t\t\t<div class=\"elementor-widget-container\">\n\t\t\t\t\t\t\t\t\t<p>Das Staunen \u00fcber die Sch\u00f6pfung und unsere Verbundenheit mit den Wesen, die sie bewohnen, sind die Quelle unseres Engagements.<br \/>Als Menschen erhalten wir unseren Lebensunterhalt dank der \u00d6kosysteme, in denen wir leben.<br \/>Die Entwicklung der Biodiversit\u00e4t wird von den verschiedenen kirchlichen Institutionen gef\u00f6rdert, die f\u00fcr die Naturr\u00e4ume und Grundst\u00fccke, die sie pflegen und besitzen, verantwortlich sind.<\/p>\t\t\t\t\t\t\t\t<\/div>\n\t\t\t\t<\/div>\n\t\t\t\t\t<\/div>\n\t\t\t\t<\/div>\n\t\t<div class=\"elementor-element elementor-element-c034e75 e-flex e-con-boxed e-con e-parent\" data-id=\"c034e75\" data-element_type=\"container\" data-e-type=\"container\">\n\t\t\t\t\t<div class=\"e-con-inner\">\n\t\t\t\t<div class=\"elementor-element elementor-element-588a066 elementor-widget elementor-widget-image\" data-id=\"588a066\" data-element_type=\"widget\" data-e-type=\"widget\" data-widget_type=\"image.default\">\n\t\t\t\t<div class=\"elementor-widget-container\">\n\t\t\t\t\t\t\t\t\t\t\t\t\t\t\t<img fetchpriority=\"high\" decoding=\"async\" width=\"1024\" height=\"244\" src=\"https:\/\/diocese-lgf.ch\/wp-content\/uploads\/2025\/11\/Capture-decran-2025-11-28-a-12.09.47-1024x244.png\" class=\"attachment-large size-large wp-image-32765\" alt=\"\" srcset=\"https:\/\/diocese-lgf.ch\/wp-content\/uploads\/2025\/11\/Capture-decran-2025-11-28-a-12.09.47-1024x244.png 1024w, https:\/\/diocese-lgf.ch\/wp-content\/uploads\/2025\/11\/Capture-decran-2025-11-28-a-12.09.47-300x72.png 300w, https:\/\/diocese-lgf.ch\/wp-content\/uploads\/2025\/11\/Capture-decran-2025-11-28-a-12.09.47-768x183.png 768w, https:\/\/diocese-lgf.ch\/wp-content\/uploads\/2025\/11\/Capture-decran-2025-11-28-a-12.09.47-1536x367.png 1536w, https:\/\/diocese-lgf.ch\/wp-content\/uploads\/2025\/11\/Capture-decran-2025-11-28-a-12.09.47.png 2036w\" sizes=\"(max-width: 1024px) 100vw, 1024px\" \/>\t\t\t\t\t\t\t\t\t\t\t\t\t\t\t<\/div>\n\t\t\t\t<\/div>\n\t\t\t\t<div class=\"elementor-element elementor-element-2511c20 elementor-widget elementor-widget-heading\" data-id=\"2511c20\" data-element_type=\"widget\" data-e-type=\"widget\" data-widget_type=\"heading.default\">\n\t\t\t\t<div class=\"elementor-widget-container\">\n\t\t\t\t\t<h2 class=\"elementor-heading-title elementor-size-default\">Strategisches Ziel<\/h2>\t\t\t\t<\/div>\n\t\t\t\t<\/div>\n\t\t\t\t<div class=\"elementor-element elementor-element-6f7fa3e elementor-widget elementor-widget-text-editor\" data-id=\"6f7fa3e\" data-element_type=\"widget\" data-e-type=\"widget\" data-widget_type=\"text-editor.default\">\n\t\t\t\t<div class=\"elementor-widget-container\">\n\t\t\t\t\t\t\t\t\t<ul><li>Integration von Experimentierzeiten mit Lebewesen in die Aus- und Weiterbildung in integraler \u00d6kologie am <a href=\"https:\/\/ccrfe.ch\/\" target=\"_blank\" rel=\"noopener\">CCRFE<\/a> (H3)<\/li><li>Organisation oder Weitergabe von Veranstaltungen und Konferenzen zum Thema \u201eStaunen \u00fcber das Leben\u201d (H1).<\/li><li>Entwicklung von Ma\u00dfnahmen zur F\u00f6rderung der Biodiversit\u00e4t in Kirchengeb\u00e4uden oder auf Kirchengel\u00e4nden (H1-H3).<\/li><\/ul><p><strong>Bestandsaufnahme<\/strong><\/p><p>Was wurde in Ihrer Gemeinde (Pfarrei, Kirchengemeinde usw.) bereits umgesetzt? Sie k\u00f6nnen diese Bestandsaufnahme mithilfe der \u00d6ko-Diagnose von <a href=\"https:\/\/ecoeglise.ch\/participer\/eco-diagnostic\/\" target=\"_blank\" rel=\"noopener\">EcoEglise<\/a> durchf\u00fchren, die dieselben Engagementbereiche wie die hier aufgef\u00fchrten behandelt.<\/p><p><strong>Interventionsbereich<\/strong><\/p><p>In welchem Teilbereich (Biodiversit\u00e4t, Gel\u00e4nde) m\u00f6chten Sie eine Ver\u00e4nderung herbeif\u00fchren? Sie k\u00f6nnen einen bestimmten Teilbereich ausw\u00e4hlen oder Ma\u00dfnahmen in beiden vorhandenen Teilbereichen w\u00e4hlen.<\/p><p><strong>Zu erreichende Ziele<\/strong><\/p><p>Welche Ergebnisse m\u00f6chten Sie erzielen? Setzen Sie sich ein Ziel, das zur Erreichung des oben beschriebenen strategischen Ziels beitr\u00e4gt.<\/p><p><strong>Zu mobilisierende Ressourcen<\/strong><\/p><p>Welche Mittel k\u00f6nnen Sie mobilisieren oder einsetzen, um Ihr Ziel zu erreichen?<\/p><p><strong>Plan<\/strong><\/p><p>Was sind die wichtigsten Schritte und wie viel Zeit nehmen Sie sich f\u00fcr dieses Projekt?<\/p>\t\t\t\t\t\t\t\t<\/div>\n\t\t\t\t<\/div>\n\t\t\t\t\t<\/div>\n\t\t\t\t<\/div>\n\t\t<div class=\"elementor-element elementor-element-2da9960 e-flex e-con-boxed e-con e-parent\" data-id=\"2da9960\" data-element_type=\"container\" data-e-type=\"container\">\n\t\t\t\t\t<div class=\"e-con-inner\">\n\t\t\t\t<div class=\"elementor-element elementor-element-9148c16 elementor-widget elementor-widget-heading\" data-id=\"9148c16\" data-element_type=\"widget\" data-e-type=\"widget\" data-widget_type=\"heading.default\">\n\t\t\t\t<div class=\"elementor-widget-container\">\n\t\t\t\t\t<h2 class=\"elementor-heading-title elementor-size-default\">Beispiele f\u00fcr m\u00f6gliche Ma\u00dfnahmen<\/h2>\t\t\t\t<\/div>\n\t\t\t\t<\/div>\n\t\t\t\t\t<\/div>\n\t\t\t\t<\/div>\n\t\t<div class=\"elementor-element elementor-element-9b1dfec e-flex e-con-boxed e-con e-parent\" data-id=\"9b1dfec\" data-element_type=\"container\" data-e-type=\"container\">\n\t\t\t\t\t<div class=\"e-con-inner\">\n\t\t\t\t<div class=\"elementor-element elementor-element-e7b2722 elementor-widget elementor-widget-text-editor\" data-id=\"e7b2722\" data-element_type=\"widget\" data-e-type=\"widget\" data-widget_type=\"text-editor.default\">\n\t\t\t\t<div class=\"elementor-widget-container\">\n\t\t\t\t\t\t\t\t\t<p>Wir schlagen Ihnen drei m\u00f6gliche Ma\u00dfnahmen f\u00fcr jeden Teilbereich vor. Zu jedem Ma\u00dfnahmenvorschlag nennen wir Ihnen die zu erwartenden Vorteile. Au\u00dferdem stellen wir Ihnen Ideen f\u00fcr Ressourcen zur Verf\u00fcgung.<\/p>\t\t\t\t\t\t\t\t<\/div>\n\t\t\t\t<\/div>\n\t\t\t\t\t<\/div>\n\t\t\t\t<\/div>\n\t\t<div class=\"elementor-element elementor-element-9c13d0d e-flex e-con-boxed e-con e-parent\" data-id=\"9c13d0d\" data-element_type=\"container\" data-e-type=\"container\">\n\t\t\t\t\t<div class=\"e-con-inner\">\n\t\t<div class=\"elementor-element elementor-element-47edc6c e-con-full e-flex e-con e-child\" data-id=\"47edc6c\" data-element_type=\"container\" data-e-type=\"container\">\n\t\t\t\t<div class=\"elementor-element elementor-element-8636fb0 elementor-icon-list--layout-traditional elementor-list-item-link-full_width elementor-widget elementor-widget-icon-list\" data-id=\"8636fb0\" data-element_type=\"widget\" data-e-type=\"widget\" data-widget_type=\"icon-list.default\">\n\t\t\t\t<div class=\"elementor-widget-container\">\n\t\t\t\t\t\t\t<ul class=\"elementor-icon-list-items\">\n\t\t\t\t\t\t\t<li class=\"elementor-icon-list-item\">\n\t\t\t\t\t\t\t\t\t\t\t<span class=\"elementor-icon-list-icon\">\n\t\t\t\t\t\t\t<i aria-hidden=\"true\" class=\"fas fa-hand-point-right\"><\/i>\t\t\t\t\t\t<\/span>\n\t\t\t\t\t\t\t\t\t\t<span class=\"elementor-icon-list-text\">Handlungs-m\u00f6glichkeiten<\/span>\n\t\t\t\t\t\t\t\t\t<\/li>\n\t\t\t\t\t\t<\/ul>\n\t\t\t\t\t\t<\/div>\n\t\t\t\t<\/div>\n\t\t\t\t<\/div>\n\t\t<div class=\"elementor-element elementor-element-28879fd e-con-full e-flex e-con e-child\" data-id=\"28879fd\" data-element_type=\"container\" data-e-type=\"container\">\n\t\t\t\t<div class=\"elementor-element elementor-element-2d62c69 elementor-icon-list--layout-traditional elementor-list-item-link-full_width elementor-widget elementor-widget-icon-list\" data-id=\"2d62c69\" data-element_type=\"widget\" data-e-type=\"widget\" data-widget_type=\"icon-list.default\">\n\t\t\t\t<div class=\"elementor-widget-container\">\n\t\t\t\t\t\t\t<ul class=\"elementor-icon-list-items\">\n\t\t\t\t\t\t\t<li class=\"elementor-icon-list-item\">\n\t\t\t\t\t\t\t\t\t\t\t<span class=\"elementor-icon-list-icon\">\n\t\t\t\t\t\t\t<i aria-hidden=\"true\" class=\"fas fa-hand-point-right\"><\/i>\t\t\t\t\t\t<\/span>\n\t\t\t\t\t\t\t\t\t\t<span class=\"elementor-icon-list-text\">Vorteile<\/span>\n\t\t\t\t\t\t\t\t\t<\/li>\n\t\t\t\t\t\t<\/ul>\n\t\t\t\t\t\t<\/div>\n\t\t\t\t<\/div>\n\t\t\t\t<\/div>\n\t\t<div class=\"elementor-element elementor-element-3b07211 e-con-full e-flex e-con e-child\" data-id=\"3b07211\" data-element_type=\"container\" data-e-type=\"container\">\n\t\t\t\t<div class=\"elementor-element elementor-element-121040f elementor-icon-list--layout-traditional elementor-list-item-link-full_width elementor-widget elementor-widget-icon-list\" data-id=\"121040f\" data-element_type=\"widget\" data-e-type=\"widget\" data-widget_type=\"icon-list.default\">\n\t\t\t\t<div class=\"elementor-widget-container\">\n\t\t\t\t\t\t\t<ul class=\"elementor-icon-list-items\">\n\t\t\t\t\t\t\t<li class=\"elementor-icon-list-item\">\n\t\t\t\t\t\t\t\t\t\t\t<span class=\"elementor-icon-list-icon\">\n\t\t\t\t\t\t\t<i aria-hidden=\"true\" class=\"fas fa-hand-point-right\"><\/i>\t\t\t\t\t\t<\/span>\n\t\t\t\t\t\t\t\t\t\t<span class=\"elementor-icon-list-text\">M\u00f6gliche Ressourcen<\/span>\n\t\t\t\t\t\t\t\t\t<\/li>\n\t\t\t\t\t\t<\/ul>\n\t\t\t\t\t\t<\/div>\n\t\t\t\t<\/div>\n\t\t\t\t<\/div>\n\t\t\t\t\t<\/div>\n\t\t\t\t<\/div>\n\t\t<div class=\"elementor-element elementor-element-ca3cf29 e-grid e-con-boxed e-con e-parent\" data-id=\"ca3cf29\" data-element_type=\"container\" data-e-type=\"container\">\n\t\t\t\t\t<div class=\"e-con-inner\">\n\t\t\t\t<div class=\"elementor-element elementor-element-833083c elementor-widget elementor-widget-text-editor\" data-id=\"833083c\" data-element_type=\"widget\" data-e-type=\"widget\" data-widget_type=\"text-editor.default\">\n\t\t\t\t<div class=\"elementor-widget-container\">\n\t\t\t\t\t\t\t\t\t<p>Teilnahme an und F\u00f6rderung des gemeinsamen Veranstaltungs-kalenders von <em>EcoEglise<\/em>, der die meisten Veranstaltungen im Zusammenhang mit \u00d6kologie und \u00d6kospiritualit\u00e4t in der gesamten Westschweiz auflistet.<\/p>\t\t\t\t\t\t\t\t<\/div>\n\t\t\t\t<\/div>\n\t\t\t\t<div class=\"elementor-element elementor-element-ae0628c elementor-widget elementor-widget-text-editor\" data-id=\"ae0628c\" data-element_type=\"widget\" data-e-type=\"widget\" data-widget_type=\"text-editor.default\">\n\t\t\t\t<div class=\"elementor-widget-container\">\n\t\t\t\t\t\t\t\t\t<p>Planen Sie Ihre \u00f6ffentliche Veranstaltung so, dass sie nicht mit anderen Veranstaltungen am selben Tag konkurriert.<\/p>\t\t\t\t\t\t\t\t<\/div>\n\t\t\t\t<\/div>\n\t\t\t\t<div class=\"elementor-element elementor-element-ba0f48d elementor-widget elementor-widget-text-editor\" data-id=\"ba0f48d\" data-element_type=\"widget\" data-e-type=\"widget\" data-widget_type=\"text-editor.default\">\n\t\t\t\t<div class=\"elementor-widget-container\">\n\t\t\t\t\t\t\t\t\t<p><a href=\"https:\/\/ecoeglise.ch\/event\/\" target=\"_blank\" rel=\"noopener\">Kalender des Netzwerks EcoEglise<\/a><\/p>\t\t\t\t\t\t\t\t<\/div>\n\t\t\t\t<\/div>\n\t\t\t\t\t<\/div>\n\t\t\t\t<\/div>\n\t\t<div class=\"elementor-element elementor-element-5491e4e e-grid e-con-boxed e-con e-parent\" data-id=\"5491e4e\" data-element_type=\"container\" data-e-type=\"container\">\n\t\t\t\t\t<div class=\"e-con-inner\">\n\t\t\t\t<div class=\"elementor-element elementor-element-2cda2ae elementor-widget elementor-widget-text-editor\" data-id=\"2cda2ae\" data-element_type=\"widget\" data-e-type=\"widget\" data-widget_type=\"text-editor.default\">\n\t\t\t\t<div class=\"elementor-widget-container\">\n\t\t\t\t\t\t\t\t\t<p>Legen Sie einen \u201eLaudato Si&#8217;\u201c-Garten auf einem Ihrer Grundst\u00fccke an<\/p>\t\t\t\t\t\t\t\t<\/div>\n\t\t\t\t<\/div>\n\t\t\t\t<div class=\"elementor-element elementor-element-4654f09 elementor-widget elementor-widget-text-editor\" data-id=\"4654f09\" data-element_type=\"widget\" data-e-type=\"widget\" data-widget_type=\"text-editor.default\">\n\t\t\t\t<div class=\"elementor-widget-container\">\n\t\t\t\t\t\t\t\t\t<ul><li>Die Grunds\u00e4tze der Enzyklika bekannt machen<\/li><li>Die Suche nach Sinn anregen<\/li><li>Einen Ort der Besinnung bieten<\/li><li>Die Artenvielfalt sch\u00fctzen<\/li><li>Sich lokal und saisonal ern\u00e4hren<\/li><li>Biologisch produzieren<\/li><\/ul>\t\t\t\t\t\t\t\t<\/div>\n\t\t\t\t<\/div>\n\t\t\t\t<div class=\"elementor-element elementor-element-aad7e08 elementor-widget elementor-widget-text-editor\" data-id=\"aad7e08\" data-element_type=\"widget\" data-e-type=\"widget\" data-widget_type=\"text-editor.default\">\n\t\t\t\t<div class=\"elementor-widget-container\">\n\t\t\t\t\t\t\t\t\t<ul><li><a href=\"https:\/\/www.vaticannews.va\/fr\/vatican\/news\/2025-07\/borgo-laudato-si-castel-gandolfo-service-creation-volontaires.html#:~:text=s%C3%A9minaristes-,Le%20village%20Laudato%20si'%2C%20une%20exp%C3%A9rience%20in%C3%A9dite%20au%20service%20de,par%20le%20Pape%20L%C3%A9on%20XIV.&amp;text=La%20brise%20qui%20caresse%20les,service%20et%20de%20la%20fraternit%C3%A9.\" target=\"_blank\" rel=\"noopener\">Borgo <em>Laudato si&#8216;<\/em> in Castel Gandolfo<\/a><\/li><li><em>Laudato si&#8216;<\/em>-Garten des Benediktinerinnen-klosters Fahr in Aargau (<a href=\"https:\/\/www.kloster-fahr.ch\/unser-kloster\/gaerten#laudato-si--garten\">auf Deutsch<\/a>) (<a href=\"https:\/\/www.cath.ch\/newsf\/le-couvent-des-benedictines-de-fahr-honore-soeur-hedwig-lecrivaine-et-poetesse-silja-walterfahr\/\">auf Franz\u00f6sisch<\/a>)<\/li><\/ul>\t\t\t\t\t\t\t\t<\/div>\n\t\t\t\t<\/div>\n\t\t\t\t\t<\/div>\n\t\t\t\t<\/div>\n\t\t<div class=\"elementor-element elementor-element-f0c8c46 e-grid e-con-boxed e-con e-parent\" data-id=\"f0c8c46\" data-element_type=\"container\" data-e-type=\"container\">\n\t\t\t\t\t<div class=\"e-con-inner\">\n\t\t\t\t<div class=\"elementor-element elementor-element-5a1ddc4 elementor-widget elementor-widget-text-editor\" data-id=\"5a1ddc4\" data-element_type=\"widget\" data-e-type=\"widget\" data-widget_type=\"text-editor.default\">\n\t\t\t\t<div class=\"elementor-widget-container\">\n\t\t\t\t\t\t\t\t\t<p>An einem Workshop oder einer Fortbildung teilnehmen, die innovative oder neue Erfahrungen mit unserer Verbindung zum Leben bietet.<\/p>\t\t\t\t\t\t\t\t<\/div>\n\t\t\t\t<\/div>\n\t\t\t\t<div class=\"elementor-element elementor-element-e2af461 elementor-widget elementor-widget-text-editor\" data-id=\"e2af461\" data-element_type=\"widget\" data-e-type=\"widget\" data-widget_type=\"text-editor.default\">\n\t\t\t\t<div class=\"elementor-widget-container\">\n\t\t\t\t\t\t\t\t\t<ul><li>Sich mit dem Lebendigen verbinden<\/li><li>Die Sch\u00f6pfung mit anderen Augen sehen<\/li><li>Seine inneren Ressourcen n\u00e4hren, um sich zu engagieren<\/li><\/ul>\t\t\t\t\t\t\t\t<\/div>\n\t\t\t\t<\/div>\n\t\t\t\t<div class=\"elementor-element elementor-element-97e257f elementor-widget elementor-widget-text-editor\" data-id=\"97e257f\" data-element_type=\"widget\" data-e-type=\"widget\" data-widget_type=\"text-editor.default\">\n\t\t\t\t<div class=\"elementor-widget-container\">\n\t\t\t\t\t\t\t\t\t<ul><li><a href=\"https:\/\/ccrfe.ch\/catalogue\/session-eco-spiritualite\/\" target=\"_blank\" rel=\"noopener\">\u00d6kospiritualit\u00e4ts-sitzung des CCRFE<\/a><\/li><li><a href=\"https:\/\/www.meditantmilitant.ch\/\" target=\"_blank\" rel=\"noopener\">Werdegang einer meditierenden Aktivistin<\/a><\/li><li><a href=\"https:\/\/www.heks.ch\/transformaction-lab\" target=\"_blank\" rel=\"noopener\">Transform Action Lab<\/a><\/li><\/ul>\t\t\t\t\t\t\t\t<\/div>\n\t\t\t\t<\/div>\n\t\t\t\t\t<\/div>\n\t\t\t\t<\/div>\n\t\t\t\t<\/div>\n\t\t<\/div>","protected":false},"excerpt":{"rendered":"<p>Vision und Werte: Staunen vor und mit dem Lebendigen Das Staunen \u00fcber die Sch\u00f6pfung und unsere Verbundenheit mit den Wesen, die sie bewohnen, sind die Quelle unseres Engagements.Als Menschen erhalten [&hellip;]<\/p>\n","protected":false},"author":7,"featured_media":0,"parent":0,"menu_order":0,"comment_status":"closed","ping_status":"closed","template":"","meta":{"_acf_changed":false,"footnotes":""},"categories":[],"tags":[],"class_list":["post-32679","page","type-page","status-publish","hentry"],"acf":[],"_links":{"self":[{"href":"https:\/\/diocese-lgf.ch\/de\/wp-json\/wp\/v2\/pages\/32679","targetHints":{"allow":["GET"]}}],"collection":[{"href":"https:\/\/diocese-lgf.ch\/de\/wp-json\/wp\/v2\/pages"}],"about":[{"href":"https:\/\/diocese-lgf.ch\/de\/wp-json\/wp\/v2\/types\/page"}],"author":[{"embeddable":true,"href":"https:\/\/diocese-lgf.ch\/de\/wp-json\/wp\/v2\/users\/7"}],"replies":[{"embeddable":true,"href":"https:\/\/diocese-lgf.ch\/de\/wp-json\/wp\/v2\/comments?post=32679"}],"version-history":[{"count":16,"href":"https:\/\/diocese-lgf.ch\/de\/wp-json\/wp\/v2\/pages\/32679\/revisions"}],"predecessor-version":[{"id":32771,"href":"https:\/\/diocese-lgf.ch\/de\/wp-json\/wp\/v2\/pages\/32679\/revisions\/32771"}],"wp:attachment":[{"href":"https:\/\/diocese-lgf.ch\/de\/wp-json\/wp\/v2\/media?parent=32679"}],"wp:term":[{"taxonomy":"category","embeddable":true,"href":"https:\/\/diocese-lgf.ch\/de\/wp-json\/wp\/v2\/categories?post=32679"},{"taxonomy":"post_tag","embeddable":true,"href":"https:\/\/diocese-lgf.ch\/de\/wp-json\/wp\/v2\/tags?post=32679"}],"curies":[{"name":"wp","href":"https:\/\/api.w.org\/{rel}","templated":true}]}}