{"id":32651,"date":"2025-11-27T20:17:16","date_gmt":"2025-11-27T19:17:16","guid":{"rendered":"https:\/\/diocese-lgf.ch\/?page_id=32651"},"modified":"2025-11-28T11:24:13","modified_gmt":"2025-11-28T10:24:13","slug":"engagement-solidaire-et-ethique","status":"publish","type":"page","link":"https:\/\/diocese-lgf.ch\/de\/engagement-solidaire-et-ethique\/","title":{"rendered":"Solidarisches und ethisches Engagement"},"content":{"rendered":"<div class=\"pf-content\">\t\t<div data-elementor-type=\"wp-page\" data-elementor-id=\"32651\" class=\"elementor elementor-32651 elementor-32256\" data-elementor-post-type=\"page\">\n\t\t\t\t<div class=\"elementor-element elementor-element-0342c8a e-flex e-con-boxed e-con e-parent\" data-id=\"0342c8a\" data-element_type=\"container\" data-e-type=\"container\">\n\t\t\t\t\t<div class=\"e-con-inner\">\n\t\t\t\t<div class=\"elementor-element elementor-element-39ec0be elementor-widget elementor-widget-image\" data-id=\"39ec0be\" data-element_type=\"widget\" data-e-type=\"widget\" data-widget_type=\"image.default\">\n\t\t\t\t<div class=\"elementor-widget-container\">\n\t\t\t\t\t\t\t\t\t\t\t\t\t\t\t<img decoding=\"async\" width=\"76\" height=\"76\" src=\"https:\/\/diocese-lgf.ch\/wp-content\/uploads\/2025\/11\/image_logo_page_engagement_ethique_CEEcologie.png\" class=\"attachment-thumbnail size-thumbnail wp-image-32309\" alt=\"\" \/>\t\t\t\t\t\t\t\t\t\t\t\t\t\t\t<\/div>\n\t\t\t\t<\/div>\n\t\t\t\t<div class=\"elementor-element elementor-element-696ee2d elementor-widget elementor-widget-heading\" data-id=\"696ee2d\" data-element_type=\"widget\" data-e-type=\"widget\" data-widget_type=\"heading.default\">\n\t\t\t\t<div class=\"elementor-widget-container\">\n\t\t\t\t\t<h2 class=\"elementor-heading-title elementor-size-default\">Vision und Werte: Verantwortungsbewusst, nachhaltig und solidarisch in unserem gemeinsamen Haus leben<\/h2>\t\t\t\t<\/div>\n\t\t\t\t<\/div>\n\t\t\t\t\t<\/div>\n\t\t\t\t<\/div>\n\t\t<div class=\"elementor-element elementor-element-ee5bcae e-flex e-con-boxed e-con e-parent\" data-id=\"ee5bcae\" data-element_type=\"container\" data-e-type=\"container\">\n\t\t\t\t\t<div class=\"e-con-inner\">\n\t\t\t\t<div class=\"elementor-element elementor-element-aaf2e0f elementor-widget elementor-widget-text-editor\" data-id=\"aaf2e0f\" data-element_type=\"widget\" data-e-type=\"widget\" data-widget_type=\"text-editor.default\">\n\t\t\t\t<div class=\"elementor-widget-container\">\n\t\t\t\t\t\t\t\t\t<div><span lang=\"DE-CH\">Christen sind dazu aufgerufen, zu verstehen, dass alles in der Sch\u00f6pfung miteinander verbunden ist und dass jedes Lebewesen in gegenseitiger Abh\u00e4ngigkeit mit dem Rest der Lebewesen lebt<\/span>.<\/div><div>\u00a0<\/div><div>Fragen der sozialen Gerechtigkeit k\u00f6nnen nicht mehr ohne Ber\u00fccksichtigung \u00f6kologischer Herausforderungen und ohne echte Klimagerechtigkeit auf globaler Ebene gedacht und gel\u00f6st werden.<\/div><div>\u00a0<\/div><div>Aus christlicher Sicht ist die Wirtschaft aufgefordert, sich von der Wachstumsbesessenheit zu befreien und sich regenerativ und distributiv zu wandeln.<\/div><div>\u00a0<\/div><div><span style=\"font-weight: 400;\">Die Rolle des Menschen auf der Erde besteht darin, als Verwalter und Diener f\u00fcr die Sch\u00f6pfung zu sorgen, nicht als Potentat (oder Raubtier).<\/span><\/div>\t\t\t\t\t\t\t\t<\/div>\n\t\t\t\t<\/div>\n\t\t\t\t\t<\/div>\n\t\t\t\t<\/div>\n\t\t<div class=\"elementor-element elementor-element-c034e75 e-flex e-con-boxed e-con e-parent\" data-id=\"c034e75\" data-element_type=\"container\" data-e-type=\"container\">\n\t\t\t\t\t<div class=\"e-con-inner\">\n\t\t\t\t<div class=\"elementor-element elementor-element-588a066 elementor-widget elementor-widget-image\" data-id=\"588a066\" data-element_type=\"widget\" data-e-type=\"widget\" data-widget_type=\"image.default\">\n\t\t\t\t<div class=\"elementor-widget-container\">\n\t\t\t\t\t\t\t\t\t\t\t\t\t\t\t<img fetchpriority=\"high\" decoding=\"async\" width=\"1994\" height=\"566\" src=\"https:\/\/diocese-lgf.ch\/wp-content\/uploads\/2025\/11\/Capture-decran-2025-11-28-a-11.00.59.png\" class=\"attachment-full size-full wp-image-32732\" alt=\"\" srcset=\"https:\/\/diocese-lgf.ch\/wp-content\/uploads\/2025\/11\/Capture-decran-2025-11-28-a-11.00.59.png 1994w, https:\/\/diocese-lgf.ch\/wp-content\/uploads\/2025\/11\/Capture-decran-2025-11-28-a-11.00.59-300x85.png 300w, https:\/\/diocese-lgf.ch\/wp-content\/uploads\/2025\/11\/Capture-decran-2025-11-28-a-11.00.59-1024x291.png 1024w, https:\/\/diocese-lgf.ch\/wp-content\/uploads\/2025\/11\/Capture-decran-2025-11-28-a-11.00.59-768x218.png 768w, https:\/\/diocese-lgf.ch\/wp-content\/uploads\/2025\/11\/Capture-decran-2025-11-28-a-11.00.59-1536x436.png 1536w\" sizes=\"(max-width: 1994px) 100vw, 1994px\" \/>\t\t\t\t\t\t\t\t\t\t\t\t\t\t\t<\/div>\n\t\t\t\t<\/div>\n\t\t\t\t<div class=\"elementor-element elementor-element-2511c20 elementor-widget elementor-widget-heading\" data-id=\"2511c20\" data-element_type=\"widget\" data-e-type=\"widget\" data-widget_type=\"heading.default\">\n\t\t\t\t<div class=\"elementor-widget-container\">\n\t\t\t\t\t<h2 class=\"elementor-heading-title elementor-size-default\">Strategische Ziele<\/h2>\t\t\t\t<\/div>\n\t\t\t\t<\/div>\n\t\t\t\t<div class=\"elementor-element elementor-element-6f7fa3e elementor-widget elementor-widget-text-editor\" data-id=\"6f7fa3e\" data-element_type=\"widget\" data-e-type=\"widget\" data-widget_type=\"text-editor.default\">\n\t\t\t\t<div class=\"elementor-widget-container\">\n\t\t\t\t\t\t\t\t\t<ul><li>Die Wiederverbindung mit der Welt der Lebewesen und das Engagement f\u00fcr die Gemeinschaft durch gegenseitige Hilfe und gegenseitige Unterst\u00fctzung erleben (H3)<\/li><li>Durch individuelle und kollektive Aktionen und Projekte solidarisch, verantwortungsbewusst und nachhaltig zum Gemeinwohl beitragen (H2)<\/li><li>Sich durch Kampagnen von <em>Missio<\/em>, <em>Fastenopfer<\/em> und <em>Migratio<\/em> f\u00fcr die Weltkirche und die internationale Solidarit\u00e4t engagieren (H1)<\/li><\/ul><div><strong><span lang=\"DE-CH\">Bestandsaufnahme<\/span><\/strong><\/div><div><span lang=\"DE-CH\">Was wurde in Ihrer Gemeinde (Pfarrei, Kirchengemeinde usw.) bereits umgesetzt? Sie k\u00f6nnen diese Bestandsaufnahme mithilfe der \u00d6ko-Diagnose <\/span><\/div><div><a href=\"https:\/\/ecoeglise.ch\/participer\/eco-diagnostic\/\"><span lang=\"DE-CH\">von EcoEglise<\/span><\/a><\/div><div><span lang=\"DE-CH\"> durchf\u00fchren, die dieselben Engagementbereiche wie die hier aufgef\u00fchrten behandelt.<\/span><\/div><div>\u00a0<\/div><div><strong><span lang=\"DE-CH\">Handlungsfeld<\/span><\/strong><\/div><div>\u00a0<\/div><div><span lang=\"DE-CH\">In welchem Teilbereich (solidarisches Engagement, ethisches Engagement) m\u00f6chten Sie eine Ver\u00e4nderung bewirken? Sie k\u00f6nnen einen bestimmten Teilbereich ausw\u00e4hlen oder Ma\u00dfnahmen aus beiden Teilbereichen w\u00e4hlen.<\/span><\/div><div>\u00a0<\/div><div><strong><span lang=\"DE-CH\">Zu erreichende Ziele<\/span><\/strong><\/div><div>\u00a0<\/div><div><span lang=\"DE-CH\">Welche Ergebnisse m\u00f6chten Sie erzielen? Setzen Sie sich ein Ziel, das zur Erreichung des oben beschriebenen strategischen Ziels beitr\u00e4gt.<\/span><\/div><div>\u00a0<\/div><div><strong><span lang=\"DE-CH\">Zu mobilisierende Ressourcen<\/span><\/strong><\/div><div>\u00a0<\/div><div><span lang=\"DE-CH\">Welche Mittel k\u00f6nnen Sie mobilisieren oder einsetzen, um Ihr Ziel zu erreichen?<\/span><\/div><div>\u00a0<\/div><div><strong>Planung<\/strong><\/div><div>\u00a0<\/div><div><span lang=\"DE-CH\">Was sind die wichtigsten Schritte und wie viel Zeit nehmen Sie sich f\u00fcr dieses Projekt?<\/span><\/div><div>\u00a0<\/div>\t\t\t\t\t\t\t\t<\/div>\n\t\t\t\t<\/div>\n\t\t\t\t\t<\/div>\n\t\t\t\t<\/div>\n\t\t<div class=\"elementor-element elementor-element-2da9960 e-flex e-con-boxed e-con e-parent\" data-id=\"2da9960\" data-element_type=\"container\" data-e-type=\"container\">\n\t\t\t\t\t<div class=\"e-con-inner\">\n\t\t\t\t<div class=\"elementor-element elementor-element-9148c16 elementor-widget elementor-widget-heading\" data-id=\"9148c16\" data-element_type=\"widget\" data-e-type=\"widget\" data-widget_type=\"heading.default\">\n\t\t\t\t<div class=\"elementor-widget-container\">\n\t\t\t\t\t<h2 class=\"elementor-heading-title elementor-size-default\">Beispiele f\u00fcr m\u00f6gliche Massnahmen<\/h2>\t\t\t\t<\/div>\n\t\t\t\t<\/div>\n\t\t\t\t\t<\/div>\n\t\t\t\t<\/div>\n\t\t<div class=\"elementor-element elementor-element-9b1dfec e-flex e-con-boxed e-con e-parent\" data-id=\"9b1dfec\" data-element_type=\"container\" data-e-type=\"container\">\n\t\t\t\t\t<div class=\"e-con-inner\">\n\t\t\t\t<div class=\"elementor-element elementor-element-e7b2722 elementor-widget elementor-widget-text-editor\" data-id=\"e7b2722\" data-element_type=\"widget\" data-e-type=\"widget\" data-widget_type=\"text-editor.default\">\n\t\t\t\t<div class=\"elementor-widget-container\">\n\t\t\t\t\t\t\t\t\t<p>Wir schlagen Ihnen drei m\u00f6gliche Massnahmen f\u00fcr jeden Teilbereich vor. Zu jedem Massnahmenvorschlag nennen wir Ihnen die zu erwartenden Vorteile. Ausserdem stellen wir Ihnen Ideen f\u00fcr Ressourcen zur Verf\u00fcgung.<\/p>\t\t\t\t\t\t\t\t<\/div>\n\t\t\t\t<\/div>\n\t\t\t\t\t<\/div>\n\t\t\t\t<\/div>\n\t\t<div class=\"elementor-element elementor-element-9c13d0d e-flex e-con-boxed e-con e-parent\" data-id=\"9c13d0d\" data-element_type=\"container\" data-e-type=\"container\">\n\t\t\t\t\t<div class=\"e-con-inner\">\n\t\t<div class=\"elementor-element elementor-element-47edc6c e-con-full e-flex e-con e-child\" data-id=\"47edc6c\" data-element_type=\"container\" data-e-type=\"container\">\n\t\t\t\t<div class=\"elementor-element elementor-element-6ff753f elementor-icon-list--layout-traditional elementor-list-item-link-full_width elementor-widget elementor-widget-icon-list\" data-id=\"6ff753f\" data-element_type=\"widget\" data-e-type=\"widget\" data-widget_type=\"icon-list.default\">\n\t\t\t\t<div class=\"elementor-widget-container\">\n\t\t\t\t\t\t\t<ul class=\"elementor-icon-list-items\">\n\t\t\t\t\t\t\t<li class=\"elementor-icon-list-item\">\n\t\t\t\t\t\t\t\t\t\t\t<span class=\"elementor-icon-list-icon\">\n\t\t\t\t\t\t\t<i aria-hidden=\"true\" class=\"fas fa-hand-point-right\"><\/i>\t\t\t\t\t\t<\/span>\n\t\t\t\t\t\t\t\t\t\t<span class=\"elementor-icon-list-text\">Handlungs-m\u00f6glichkeiten<\/span>\n\t\t\t\t\t\t\t\t\t<\/li>\n\t\t\t\t\t\t<\/ul>\n\t\t\t\t\t\t<\/div>\n\t\t\t\t<\/div>\n\t\t\t\t<\/div>\n\t\t<div class=\"elementor-element elementor-element-28879fd e-con-full e-flex e-con e-child\" data-id=\"28879fd\" data-element_type=\"container\" data-e-type=\"container\">\n\t\t\t\t<div class=\"elementor-element elementor-element-24cf53a elementor-icon-list--layout-traditional elementor-list-item-link-full_width elementor-widget elementor-widget-icon-list\" data-id=\"24cf53a\" data-element_type=\"widget\" data-e-type=\"widget\" data-widget_type=\"icon-list.default\">\n\t\t\t\t<div class=\"elementor-widget-container\">\n\t\t\t\t\t\t\t<ul class=\"elementor-icon-list-items\">\n\t\t\t\t\t\t\t<li class=\"elementor-icon-list-item\">\n\t\t\t\t\t\t\t\t\t\t\t<span class=\"elementor-icon-list-icon\">\n\t\t\t\t\t\t\t<i aria-hidden=\"true\" class=\"fas fa-hand-point-right\"><\/i>\t\t\t\t\t\t<\/span>\n\t\t\t\t\t\t\t\t\t\t<span class=\"elementor-icon-list-text\">Vorteile<\/span>\n\t\t\t\t\t\t\t\t\t<\/li>\n\t\t\t\t\t\t<\/ul>\n\t\t\t\t\t\t<\/div>\n\t\t\t\t<\/div>\n\t\t\t\t<\/div>\n\t\t<div class=\"elementor-element elementor-element-3b07211 e-con-full e-flex e-con e-child\" data-id=\"3b07211\" data-element_type=\"container\" data-e-type=\"container\">\n\t\t\t\t<div class=\"elementor-element elementor-element-1db5722 elementor-icon-list--layout-traditional elementor-list-item-link-full_width elementor-widget elementor-widget-icon-list\" data-id=\"1db5722\" data-element_type=\"widget\" data-e-type=\"widget\" data-widget_type=\"icon-list.default\">\n\t\t\t\t<div class=\"elementor-widget-container\">\n\t\t\t\t\t\t\t<ul class=\"elementor-icon-list-items\">\n\t\t\t\t\t\t\t<li class=\"elementor-icon-list-item\">\n\t\t\t\t\t\t\t\t\t\t\t<span class=\"elementor-icon-list-icon\">\n\t\t\t\t\t\t\t<i aria-hidden=\"true\" class=\"fas fa-hand-point-right\"><\/i>\t\t\t\t\t\t<\/span>\n\t\t\t\t\t\t\t\t\t\t<span class=\"elementor-icon-list-text\">M\u00f6gliche Ressourcen<\/span>\n\t\t\t\t\t\t\t\t\t<\/li>\n\t\t\t\t\t\t<\/ul>\n\t\t\t\t\t\t<\/div>\n\t\t\t\t<\/div>\n\t\t\t\t<\/div>\n\t\t\t\t\t<\/div>\n\t\t\t\t<\/div>\n\t\t<div class=\"elementor-element elementor-element-ca3cf29 e-grid e-con-boxed e-con e-parent\" data-id=\"ca3cf29\" data-element_type=\"container\" data-e-type=\"container\">\n\t\t\t\t\t<div class=\"e-con-inner\">\n\t\t\t\t<div class=\"elementor-element elementor-element-833083c elementor-widget elementor-widget-text-editor\" data-id=\"833083c\" data-element_type=\"widget\" data-e-type=\"widget\" data-widget_type=\"text-editor.default\">\n\t\t\t\t<div class=\"elementor-widget-container\">\n\t\t\t\t\t\t\t\t\t<p style=\"font-weight: 400;\">Aktive Teilnahme an und F\u00f6rderung von Sensibilisierungs-kampagnen der Hilfswerke zu den Themen soziale Gerechtigkeit, Weltmission und internationale Solidarit\u00e4t<\/p>\t\t\t\t\t\t\t\t<\/div>\n\t\t\t\t<\/div>\n\t\t\t\t<div class=\"elementor-element elementor-element-ae0628c elementor-widget elementor-widget-text-editor\" data-id=\"ae0628c\" data-element_type=\"widget\" data-e-type=\"widget\" data-widget_type=\"text-editor.default\">\n\t\t\t\t<div class=\"elementor-widget-container\">\n\t\t\t\t\t\t\t\t\t<ul><li><div><span lang=\"DE-CH\">Auf internationaler Ebene in den \u00e4rmsten L\u00e4ndern t\u00e4tig werden, um deren <\/span><\/div><div><span lang=\"DE-CH\">Einwohnerinnen und Einwohnern <\/span><\/div><div><span lang=\"DE-CH\">ein Leben in W\u00fcrde zu erm\u00f6glichen<\/span><\/div><\/li><li><div><span lang=\"DE-CH\">Ressourcen teilen und gegenseitige Hilfe und Solidarit\u00e4t entwickeln<\/span><\/div><\/li><\/ul>\t\t\t\t\t\t\t\t<\/div>\n\t\t\t\t<\/div>\n\t\t\t\t<div class=\"elementor-element elementor-element-ba0f48d elementor-widget elementor-widget-text-editor\" data-id=\"ba0f48d\" data-element_type=\"widget\" data-e-type=\"widget\" data-widget_type=\"text-editor.default\">\n\t\t\t\t<div class=\"elementor-widget-container\">\n\t\t\t\t\t\t\t\t\t<ul><li><a href=\"https:\/\/fastenaktion.ch\/\">Fastenaktion<\/a><\/li><li><a href=\"https:\/\/missio.ch\/de\/\">Missio<\/a><\/li><li><a href=\"https:\/\/www.migratio.ch\">Migratio<\/a><\/li><\/ul>\t\t\t\t\t\t\t\t<\/div>\n\t\t\t\t<\/div>\n\t\t\t\t\t<\/div>\n\t\t\t\t<\/div>\n\t\t<div class=\"elementor-element elementor-element-5491e4e e-grid e-con-boxed e-con e-parent\" data-id=\"5491e4e\" data-element_type=\"container\" data-e-type=\"container\">\n\t\t\t\t\t<div class=\"e-con-inner\">\n\t\t\t\t<div class=\"elementor-element elementor-element-2cda2ae elementor-widget elementor-widget-text-editor\" data-id=\"2cda2ae\" data-element_type=\"widget\" data-e-type=\"widget\" data-widget_type=\"text-editor.default\">\n\t\t\t\t<div class=\"elementor-widget-container\">\n\t\t\t\t\t\t\t\t\t<p style=\"font-weight: 400;\">Zusammenarbeit mit lokalen Vereinigungen in der Schweiz in den Bereichen Aufnahme von Migrantinnen und Migranten, Bek\u00e4mpfung der Armut und Klimawandel<\/p>\t\t\t\t\t\t\t\t<\/div>\n\t\t\t\t<\/div>\n\t\t\t\t<div class=\"elementor-element elementor-element-4654f09 elementor-widget elementor-widget-text-editor\" data-id=\"4654f09\" data-element_type=\"widget\" data-e-type=\"widget\" data-widget_type=\"text-editor.default\">\n\t\t\t\t<div class=\"elementor-widget-container\">\n\t\t\t\t\t\t\t\t\t<div><span lang=\"DE-CH\">Lokal handeln, um Armut in der Schweiz zu bek\u00e4mpfen, die Zahl der <\/span><\/div><div><span lang=\"DE-CH\">Klimafl\u00fcchtlinge<\/span><\/div><div><span lang=\"DE-CH\"> zu verringern <\/span><\/div><div><span lang=\"DE-CH\">und Migranten ein Leben in W\u00fcrde zu erm\u00f6glichen<\/span><\/div>\t\t\t\t\t\t\t\t<\/div>\n\t\t\t\t<\/div>\n\t\t\t\t<div class=\"elementor-element elementor-element-aad7e08 elementor-widget elementor-widget-text-editor\" data-id=\"aad7e08\" data-element_type=\"widget\" data-e-type=\"widget\" data-widget_type=\"text-editor.default\">\n\t\t\t\t<div class=\"elementor-widget-container\">\n\t\t\t\t\t\t\t\t\t<ul><li><a href=\"https:\/\/www.caritas.ch\/de\/regionale-caritas\/\">Regionale Caritas<\/a>\u00a0<\/li><li><a href=\"https:\/\/www.cath-vd.ch\/\" target=\"_blank\" rel=\"noopener\">D\u00e9partement Solidarit\u00e9s de l\u2019\u00c9glise catholique vaudoise (Fr.)<\/a><\/li><li><a href=\"https:\/\/www.cath-fr.ch\/region-diocesaine\/diaconie\/\" target=\"_blank\" rel=\"noopener\">Service diaconie de l\u2019\u00c9glise catholique fribourgeoise (Fr.)<\/a><\/li><li><a href=\"https:\/\/www.eglisecatholique-ge.ch\/decouvrir\/services\/solidarite\/\" target=\"_blank\" rel=\"noopener\">Pastorale des Milieux ouverts de l\u2019\u00c9glise catholique genevoise (Fr.)<\/a><\/li><li><a href=\"https:\/\/cath-ne.ch\/aumonerie-de-rue\/\" target=\"_blank\" rel=\"noopener\">Aum\u00f4nerie de rue de Neuch\u00e2tel (Fr.)<\/a><\/li><li><div><span lang=\"DE-CH\">Vinzenzkonferenzen in der Di\u00f6zese<\/span><\/div><\/li><\/ul>\t\t\t\t\t\t\t\t<\/div>\n\t\t\t\t<\/div>\n\t\t\t\t\t<\/div>\n\t\t\t\t<\/div>\n\t\t<div class=\"elementor-element elementor-element-f0c8c46 e-grid e-con-boxed e-con e-parent\" data-id=\"f0c8c46\" data-element_type=\"container\" data-e-type=\"container\">\n\t\t\t\t\t<div class=\"e-con-inner\">\n\t\t\t\t<div class=\"elementor-element elementor-element-5a1ddc4 elementor-widget elementor-widget-text-editor\" data-id=\"5a1ddc4\" data-element_type=\"widget\" data-e-type=\"widget\" data-widget_type=\"text-editor.default\">\n\t\t\t\t<div class=\"elementor-widget-container\">\n\t\t\t\t\t\t\t\t\t<div><span lang=\"DE-CH\">Erstellen Sie eine Ethik-Charta f\u00fcr Ihre Gemeinschaft<\/span><\/div>\t\t\t\t\t\t\t\t<\/div>\n\t\t\t\t<\/div>\n\t\t\t\t<div class=\"elementor-element elementor-element-e2af461 elementor-widget elementor-widget-text-editor\" data-id=\"e2af461\" data-element_type=\"widget\" data-e-type=\"widget\" data-widget_type=\"text-editor.default\">\n\t\t\t\t<div class=\"elementor-widget-container\">\n\t\t\t\t\t\t\t\t\t<ul><li><div><span lang=\"DE-CH\">Nutzen Sie einen \u201eethischen Kompass\u201d, um Ihr Handeln zu leiten<\/span><\/div><\/li><li><div><span lang=\"DE-CH\">Gemeinsam die Werte und die Vorgehensweise innerhalb der Gemeinschaft festlegen<\/span><\/div><\/li><\/ul>\t\t\t\t\t\t\t\t<\/div>\n\t\t\t\t<\/div>\n\t\t\t\t<div class=\"elementor-element elementor-element-97e257f elementor-widget elementor-widget-text-editor\" data-id=\"97e257f\" data-element_type=\"widget\" data-e-type=\"widget\" data-widget_type=\"text-editor.default\">\n\t\t\t\t<div class=\"elementor-widget-container\">\n\t\t\t\t\t\t\t\t\t<ul><li><a href=\"https:\/\/dignitedeveloppement.ch\/\" target=\"_blank\" rel=\"noopener\">Plateforme Dignit\u00e9 et D\u00e9veloppement (Fr.)<\/a><\/li><li><a href=\"https:\/\/www.bischoefe.ch\/gremien-und-dienstellen\/dienststelle-ethik-und-gesellschaft\/\">Dienststelle Ethik und Gessellschaft<\/a><\/li><\/ul>\t\t\t\t\t\t\t\t<\/div>\n\t\t\t\t<\/div>\n\t\t\t\t\t<\/div>\n\t\t\t\t<\/div>\n\t\t\t\t<\/div>\n\t\t<\/div>","protected":false},"excerpt":{"rendered":"<p>Vision und Werte: Verantwortungsbewusst, nachhaltig und solidarisch in unserem gemeinsamen Haus leben Christen sind dazu aufgerufen, zu verstehen, dass alles in der Sch\u00f6pfung miteinander verbunden ist und dass jedes Lebewesen [&hellip;]<\/p>\n","protected":false},"author":4,"featured_media":0,"parent":0,"menu_order":0,"comment_status":"closed","ping_status":"closed","template":"","meta":{"_acf_changed":false,"footnotes":""},"categories":[],"tags":[],"class_list":["post-32651","page","type-page","status-publish","hentry"],"acf":[],"_links":{"self":[{"href":"https:\/\/diocese-lgf.ch\/de\/wp-json\/wp\/v2\/pages\/32651","targetHints":{"allow":["GET"]}}],"collection":[{"href":"https:\/\/diocese-lgf.ch\/de\/wp-json\/wp\/v2\/pages"}],"about":[{"href":"https:\/\/diocese-lgf.ch\/de\/wp-json\/wp\/v2\/types\/page"}],"author":[{"embeddable":true,"href":"https:\/\/diocese-lgf.ch\/de\/wp-json\/wp\/v2\/users\/4"}],"replies":[{"embeddable":true,"href":"https:\/\/diocese-lgf.ch\/de\/wp-json\/wp\/v2\/comments?post=32651"}],"version-history":[{"count":23,"href":"https:\/\/diocese-lgf.ch\/de\/wp-json\/wp\/v2\/pages\/32651\/revisions"}],"predecessor-version":[{"id":32756,"href":"https:\/\/diocese-lgf.ch\/de\/wp-json\/wp\/v2\/pages\/32651\/revisions\/32756"}],"wp:attachment":[{"href":"https:\/\/diocese-lgf.ch\/de\/wp-json\/wp\/v2\/media?parent=32651"}],"wp:term":[{"taxonomy":"category","embeddable":true,"href":"https:\/\/diocese-lgf.ch\/de\/wp-json\/wp\/v2\/categories?post=32651"},{"taxonomy":"post_tag","embeddable":true,"href":"https:\/\/diocese-lgf.ch\/de\/wp-json\/wp\/v2\/tags?post=32651"}],"curies":[{"name":"wp","href":"https:\/\/api.w.org\/{rel}","templated":true}]}}