{"id":32632,"date":"2025-11-27T19:03:53","date_gmt":"2025-11-27T18:03:53","guid":{"rendered":"https:\/\/diocese-lgf.ch\/?page_id=32632"},"modified":"2025-11-27T20:12:01","modified_gmt":"2025-11-27T19:12:01","slug":"konsum-mobilitaet-und-finanzen","status":"publish","type":"page","link":"https:\/\/diocese-lgf.ch\/de\/konsum-mobilitaet-und-finanzen\/","title":{"rendered":"Konsum, Mobilit\u00e4t und Finanzen"},"content":{"rendered":"<div class=\"pf-content\">\t\t<div data-elementor-type=\"wp-page\" data-elementor-id=\"32632\" class=\"elementor elementor-32632 elementor-30985\" data-elementor-post-type=\"page\">\n\t\t\t\t<div class=\"elementor-element elementor-element-0342c8a e-flex e-con-boxed e-con e-parent\" data-id=\"0342c8a\" data-element_type=\"container\" data-e-type=\"container\">\n\t\t\t\t\t<div class=\"e-con-inner\">\n\t\t\t\t<div class=\"elementor-element elementor-element-cd9ea05 elementor-widget elementor-widget-image\" data-id=\"cd9ea05\" data-element_type=\"widget\" data-e-type=\"widget\" data-widget_type=\"image.default\">\n\t\t\t\t<div class=\"elementor-widget-container\">\n\t\t\t\t\t\t\t\t\t\t\t\t\t\t\t<img decoding=\"async\" width=\"71\" height=\"76\" src=\"https:\/\/diocese-lgf.ch\/wp-content\/uploads\/2025\/11\/image_logo_page_consommation_CEEcologie.png\" class=\"attachment-thumbnail size-thumbnail wp-image-32308\" alt=\"\" \/>\t\t\t\t\t\t\t\t\t\t\t\t\t\t\t<\/div>\n\t\t\t\t<\/div>\n\t\t\t\t<div class=\"elementor-element elementor-element-696ee2d elementor-widget elementor-widget-heading\" data-id=\"696ee2d\" data-element_type=\"widget\" data-e-type=\"widget\" data-widget_type=\"heading.default\">\n\t\t\t\t<div class=\"elementor-widget-container\">\n\t\t\t\t\t<h2 class=\"elementor-heading-title elementor-size-default\">Vision und Werte: Entfaltung durch freudige Gen\u00fcgsamkeit<\/h2>\t\t\t\t<\/div>\n\t\t\t\t<\/div>\n\t\t\t\t\t<\/div>\n\t\t\t\t<\/div>\n\t\t<div class=\"elementor-element elementor-element-ee5bcae e-flex e-con-boxed e-con e-parent\" data-id=\"ee5bcae\" data-element_type=\"container\" data-e-type=\"container\">\n\t\t\t\t\t<div class=\"e-con-inner\">\n\t\t\t\t<div class=\"elementor-element elementor-element-aaf2e0f elementor-widget elementor-widget-text-editor\" data-id=\"aaf2e0f\" data-element_type=\"widget\" data-e-type=\"widget\" data-widget_type=\"text-editor.default\">\n\t\t\t\t<div class=\"elementor-widget-container\">\n\t\t\t\t\t\t\t\t\t<p style=\"font-weight: 400;\">Das Gebet, die Kontemplation und das Bewusstsein, dass wir in unserem gemeinsamen Haus leben, f\u00fchren zu einem ausgeglichenen, bescheidenen und dem\u00fctigen Lebensstil.<\/p><p style=\"font-weight: 400;\">Die Dankbarkeit gegen\u00fcber Gott f\u00fcr seine Gaben erm\u00f6glicht es uns, im Alltag eine Beziehung der Freude und Zufriedenheit gegen\u00fcber der geschaffenen Welt und allen Lebewesen zu pflegen.<\/p><p style=\"font-weight: 400;\">Eine \u00d6kologie des Verlangens, die mit der Gegenwart und dem Wirken Gottes als ihrer tiefen Quelle verbunden ist, ersetzt eine \u00d6kologie des \u201eMuss\u201d.<\/p><p style=\"font-weight: 400;\">Die \u00d6kologie ist in ihrem Wesen relational, genau wie die conditio humana, die Kirche und der dreifaltige Gott.<\/p>\t\t\t\t\t\t\t\t<\/div>\n\t\t\t\t<\/div>\n\t\t\t\t\t<\/div>\n\t\t\t\t<\/div>\n\t\t<div class=\"elementor-element elementor-element-c034e75 e-flex e-con-boxed e-con e-parent\" data-id=\"c034e75\" data-element_type=\"container\" data-e-type=\"container\">\n\t\t\t\t\t<div class=\"e-con-inner\">\n\t\t\t\t<div class=\"elementor-element elementor-element-588a066 elementor-widget elementor-widget-image\" data-id=\"588a066\" data-element_type=\"widget\" data-e-type=\"widget\" data-widget_type=\"image.default\">\n\t\t\t\t<div class=\"elementor-widget-container\">\n\t\t\t\t\t\t\t\t\t\t\t\t\t\t\t<img fetchpriority=\"high\" decoding=\"async\" width=\"2172\" height=\"616\" src=\"https:\/\/diocese-lgf.ch\/wp-content\/uploads\/2025\/11\/Capture-decran-2025-11-27-a-20.11.00.png\" class=\"attachment-full size-full wp-image-32644\" alt=\"\" srcset=\"https:\/\/diocese-lgf.ch\/wp-content\/uploads\/2025\/11\/Capture-decran-2025-11-27-a-20.11.00.png 2172w, https:\/\/diocese-lgf.ch\/wp-content\/uploads\/2025\/11\/Capture-decran-2025-11-27-a-20.11.00-300x85.png 300w, https:\/\/diocese-lgf.ch\/wp-content\/uploads\/2025\/11\/Capture-decran-2025-11-27-a-20.11.00-1024x290.png 1024w, https:\/\/diocese-lgf.ch\/wp-content\/uploads\/2025\/11\/Capture-decran-2025-11-27-a-20.11.00-768x218.png 768w, https:\/\/diocese-lgf.ch\/wp-content\/uploads\/2025\/11\/Capture-decran-2025-11-27-a-20.11.00-1536x436.png 1536w, https:\/\/diocese-lgf.ch\/wp-content\/uploads\/2025\/11\/Capture-decran-2025-11-27-a-20.11.00-2048x581.png 2048w\" sizes=\"(max-width: 2172px) 100vw, 2172px\" \/>\t\t\t\t\t\t\t\t\t\t\t\t\t\t\t<\/div>\n\t\t\t\t<\/div>\n\t\t\t\t<div class=\"elementor-element elementor-element-2511c20 elementor-widget elementor-widget-heading\" data-id=\"2511c20\" data-element_type=\"widget\" data-e-type=\"widget\" data-widget_type=\"heading.default\">\n\t\t\t\t<div class=\"elementor-widget-container\">\n\t\t\t\t\t<h2 class=\"elementor-heading-title elementor-size-default\">Strategisches Ziel<\/h2>\t\t\t\t<\/div>\n\t\t\t\t<\/div>\n\t\t\t\t<div class=\"elementor-element elementor-element-6f7fa3e elementor-widget elementor-widget-text-editor\" data-id=\"6f7fa3e\" data-element_type=\"widget\" data-e-type=\"widget\" data-widget_type=\"text-editor.default\">\n\t\t\t\t<div class=\"elementor-widget-container\">\n\t\t\t\t\t\t\t\t\t<p>In den Bereichen Konsum, Mobilit\u00e4t und Finanzen werden Ma\u00dfnahmen ergriffen, um mehr Bescheidenheit anzustreben und gleichzeitig Offenheit und die Beziehung zum Leben zu f\u00f6rdern.<\/p><p><strong>Bestandsaufnahme<\/strong><\/p><p>Was wurde in Ihrer Gemeinde (Pfarrei, Kirche usw.) bereits umgesetzt? Sie k\u00f6nnen diese Bestandsaufnahme mithilfe der \u00d6ko-Diagnose von <a href=\"https:\/\/ecoeglise.ch\/participer\/eco-diagnostic\/\">EcoEglise<\/a> durchf\u00fchren, die dieselben Bereiche wie die hier aufgef\u00fchrten behandelt.<\/p><p><strong>Handlungsfeld<\/strong><\/p><p>In welchem Teilbereich (Konsum, Mobilit\u00e4t, Finanzen) m\u00f6chten Sie eine Ver\u00e4nderung herbeif\u00fchren? Sie k\u00f6nnen einen bestimmten Teilbereich ausw\u00e4hlen oder Ma\u00dfnahmen in zwei oder drei der vorhandenen Teilbereiche w\u00e4hlen.<\/p><p><strong>Zu erreichende Ziele<\/strong><\/p><p>Welche Ergebnisse m\u00f6chten Sie erzielen? Setzen Sie sich ein Ziel, das zur Erreichung des oben beschriebenen strategischen Ziels beitr\u00e4gt.<\/p><p><strong>Zu mobilisierende Ressourcen<\/strong><\/p><p>Welche Mittel k\u00f6nnen Sie mobilisieren oder einsetzen, um Ihr Ziel zu erreichen?<\/p><p><strong>Planung<\/strong><\/p><p>Was sind die wichtigsten Schritte und wie viel Zeit nehmen Sie sich f\u00fcr dieses Projekt?<\/p>\t\t\t\t\t\t\t\t<\/div>\n\t\t\t\t<\/div>\n\t\t\t\t\t<\/div>\n\t\t\t\t<\/div>\n\t\t<div class=\"elementor-element elementor-element-2da9960 e-flex e-con-boxed e-con e-parent\" data-id=\"2da9960\" data-element_type=\"container\" data-e-type=\"container\">\n\t\t\t\t\t<div class=\"e-con-inner\">\n\t\t\t\t<div class=\"elementor-element elementor-element-9148c16 elementor-widget elementor-widget-heading\" data-id=\"9148c16\" data-element_type=\"widget\" data-e-type=\"widget\" data-widget_type=\"heading.default\">\n\t\t\t\t<div class=\"elementor-widget-container\">\n\t\t\t\t\t<h2 class=\"elementor-heading-title elementor-size-default\">Beispiele f\u00fcr m\u00f6gliche Massnahmen<\/h2>\t\t\t\t<\/div>\n\t\t\t\t<\/div>\n\t\t\t\t\t<\/div>\n\t\t\t\t<\/div>\n\t\t<div class=\"elementor-element elementor-element-9b1dfec e-flex e-con-boxed e-con e-parent\" data-id=\"9b1dfec\" data-element_type=\"container\" data-e-type=\"container\">\n\t\t\t\t\t<div class=\"e-con-inner\">\n\t\t\t\t<div class=\"elementor-element elementor-element-e7b2722 elementor-widget elementor-widget-text-editor\" data-id=\"e7b2722\" data-element_type=\"widget\" data-e-type=\"widget\" data-widget_type=\"text-editor.default\">\n\t\t\t\t<div class=\"elementor-widget-container\">\n\t\t\t\t\t\t\t\t\t<p>Wir schlagen Ihnen drei m\u00f6gliche Massnahmen f\u00fcr jeden Teilbereich vor. Zu jedem Massnahmenvorschlag nennen wir Ihnen die damit verbundenen Vorteile. Ausserdem stellen wir Ihnen Ideen f\u00fcr Ressourcen zur Verf\u00fcgung.<\/p>\t\t\t\t\t\t\t\t<\/div>\n\t\t\t\t<\/div>\n\t\t\t\t\t<\/div>\n\t\t\t\t<\/div>\n\t\t<div class=\"elementor-element elementor-element-9c13d0d e-flex e-con-boxed e-con e-parent\" data-id=\"9c13d0d\" data-element_type=\"container\" data-e-type=\"container\">\n\t\t\t\t\t<div class=\"e-con-inner\">\n\t\t<div class=\"elementor-element elementor-element-47edc6c e-con-full e-flex e-con e-child\" data-id=\"47edc6c\" data-element_type=\"container\" data-e-type=\"container\">\n\t\t\t\t<div class=\"elementor-element elementor-element-8636fb0 elementor-icon-list--layout-traditional elementor-list-item-link-full_width elementor-widget elementor-widget-icon-list\" data-id=\"8636fb0\" data-element_type=\"widget\" data-e-type=\"widget\" data-widget_type=\"icon-list.default\">\n\t\t\t\t<div class=\"elementor-widget-container\">\n\t\t\t\t\t\t\t<ul class=\"elementor-icon-list-items\">\n\t\t\t\t\t\t\t<li class=\"elementor-icon-list-item\">\n\t\t\t\t\t\t\t\t\t\t\t<span class=\"elementor-icon-list-icon\">\n\t\t\t\t\t\t\t<i aria-hidden=\"true\" class=\"fas fa-hand-point-right\"><\/i>\t\t\t\t\t\t<\/span>\n\t\t\t\t\t\t\t\t\t\t<span class=\"elementor-icon-list-text\">Handlungsm\u00f6glichkeiten<\/span>\n\t\t\t\t\t\t\t\t\t<\/li>\n\t\t\t\t\t\t<\/ul>\n\t\t\t\t\t\t<\/div>\n\t\t\t\t<\/div>\n\t\t\t\t<\/div>\n\t\t<div class=\"elementor-element elementor-element-28879fd e-con-full e-flex e-con e-child\" data-id=\"28879fd\" data-element_type=\"container\" data-e-type=\"container\">\n\t\t\t\t<div class=\"elementor-element elementor-element-2d62c69 elementor-icon-list--layout-traditional elementor-list-item-link-full_width elementor-widget elementor-widget-icon-list\" data-id=\"2d62c69\" data-element_type=\"widget\" data-e-type=\"widget\" data-widget_type=\"icon-list.default\">\n\t\t\t\t<div class=\"elementor-widget-container\">\n\t\t\t\t\t\t\t<ul class=\"elementor-icon-list-items\">\n\t\t\t\t\t\t\t<li class=\"elementor-icon-list-item\">\n\t\t\t\t\t\t\t\t\t\t\t<span class=\"elementor-icon-list-icon\">\n\t\t\t\t\t\t\t<i aria-hidden=\"true\" class=\"fas fa-hand-point-right\"><\/i>\t\t\t\t\t\t<\/span>\n\t\t\t\t\t\t\t\t\t\t<span class=\"elementor-icon-list-text\">Vorteile<\/span>\n\t\t\t\t\t\t\t\t\t<\/li>\n\t\t\t\t\t\t<\/ul>\n\t\t\t\t\t\t<\/div>\n\t\t\t\t<\/div>\n\t\t\t\t<\/div>\n\t\t<div class=\"elementor-element elementor-element-3b07211 e-con-full e-flex e-con e-child\" data-id=\"3b07211\" data-element_type=\"container\" data-e-type=\"container\">\n\t\t\t\t<div class=\"elementor-element elementor-element-121040f elementor-icon-list--layout-traditional elementor-list-item-link-full_width elementor-widget elementor-widget-icon-list\" data-id=\"121040f\" data-element_type=\"widget\" data-e-type=\"widget\" data-widget_type=\"icon-list.default\">\n\t\t\t\t<div class=\"elementor-widget-container\">\n\t\t\t\t\t\t\t<ul class=\"elementor-icon-list-items\">\n\t\t\t\t\t\t\t<li class=\"elementor-icon-list-item\">\n\t\t\t\t\t\t\t\t\t\t\t<span class=\"elementor-icon-list-icon\">\n\t\t\t\t\t\t\t<i aria-hidden=\"true\" class=\"fas fa-hand-point-right\"><\/i>\t\t\t\t\t\t<\/span>\n\t\t\t\t\t\t\t\t\t\t<span class=\"elementor-icon-list-text\">M\u00f6gliche Ressourcen<\/span>\n\t\t\t\t\t\t\t\t\t<\/li>\n\t\t\t\t\t\t<\/ul>\n\t\t\t\t\t\t<\/div>\n\t\t\t\t<\/div>\n\t\t\t\t<\/div>\n\t\t\t\t\t<\/div>\n\t\t\t\t<\/div>\n\t\t<div class=\"elementor-element elementor-element-6d06e00 e-grid e-con-boxed e-con e-parent\" data-id=\"6d06e00\" data-element_type=\"container\" data-e-type=\"container\">\n\t\t\t\t\t<div class=\"e-con-inner\">\n\t\t\t\t<div class=\"elementor-element elementor-element-8582d14 elementor-widget elementor-widget-text-editor\" data-id=\"8582d14\" data-element_type=\"widget\" data-e-type=\"widget\" data-widget_type=\"text-editor.default\">\n\t\t\t\t<div class=\"elementor-widget-container\">\n\t\t\t\t\t\t\t\t\t<div><b>Die 5-R-Regel anwenden<\/b> :<\/div><ol><li>Refuse (Ablehnen) (was man nicht braucht),<\/li><li>Reduce (Reduzieren) (seinen Konsum),<\/li><li>Reuse (Wiederverwenden) (und reparieren),<\/li><li>Rot (Zur\u00fcck zur Erde) (kompostieren) und<\/li><li>Recycle (Recyceln) (was m\u00f6glich ist).<\/li><\/ol><p>Zum Beispiel wiederverwendbares Geschirr verwenden.<\/p>\t\t\t\t\t\t\t\t<\/div>\n\t\t\t\t<\/div>\n\t\t\t\t<div class=\"elementor-element elementor-element-1c65e74 elementor-widget elementor-widget-text-editor\" data-id=\"1c65e74\" data-element_type=\"widget\" data-e-type=\"widget\" data-widget_type=\"text-editor.default\">\n\t\t\t\t<div class=\"elementor-widget-container\">\n\t\t\t\t\t\t\t\t\t<ul><li>Weniger Abfall<\/li><li>Weniger Verschwendung<\/li><\/ul>\t\t\t\t\t\t\t\t<\/div>\n\t\t\t\t<\/div>\n\t\t\t\t<div class=\"elementor-element elementor-element-2b8b1fe elementor-widget elementor-widget-text-editor\" data-id=\"2b8b1fe\" data-element_type=\"widget\" data-e-type=\"widget\" data-widget_type=\"text-editor.default\">\n\t\t\t\t<div class=\"elementor-widget-container\">\n\t\t\t\t\t\t\t\t\t<ul><li><a href=\"https:\/\/zerowasteswitzerland.ch\/de\/die-zero-waste-methode\/\">5-R-Regel<\/a><\/li><li>Kommunale Dienste in bestimmten Gemeinden bieten wiederverwendbares Geschirr an<\/li><li><a href=\"https:\/\/www.festiloc.ch\/vaisselle?gad_source=1&amp;gad_campaignid=22523457076&amp;gclid=EAIaIQobChMI66vI9KL4jgMVrKWDBx3VtBt6EAAYAiAAEgJXovD_BwE\" target=\"_blank\" rel=\"noopener\">festiloc.ch<\/a><\/li><li><a href=\"http:\/\/ecomanif.ch\" target=\"_blank\" rel=\"noopener\">ecomanif.ch<\/a><\/li><li><a href=\"https:\/\/re-uz.com\/de\/\">re-uz.com<\/a><\/li><\/ul>\t\t\t\t\t\t\t\t<\/div>\n\t\t\t\t<\/div>\n\t\t\t\t\t<\/div>\n\t\t\t\t<\/div>\n\t\t<div class=\"elementor-element elementor-element-6a77989 e-grid e-con-boxed e-con e-parent\" data-id=\"6a77989\" data-element_type=\"container\" data-e-type=\"container\">\n\t\t\t\t\t<div class=\"e-con-inner\">\n\t\t\t\t<div class=\"elementor-element elementor-element-2cda2ae elementor-widget elementor-widget-text-editor\" data-id=\"2cda2ae\" data-element_type=\"widget\" data-e-type=\"widget\" data-widget_type=\"text-editor.default\">\n\t\t\t\t<div class=\"elementor-widget-container\">\n\t\t\t\t\t\t\t\t\t<p>F\u00f6rdern Sie die sanfte Mobilit\u00e4t, indem Sie f\u00fcr kurze Strecken das Zu-Fu\u00df-Gehen oder das Fahrrad bevorzugen. Wenn Sie regelm\u00e4\u00dfig das Auto benutzen m\u00fcssen, entscheiden Sie sich f\u00fcr Carsharing oder Fahrgemeinschaften.<\/p>\t\t\t\t\t\t\t\t<\/div>\n\t\t\t\t<\/div>\n\t\t\t\t<div class=\"elementor-element elementor-element-4654f09 elementor-widget elementor-widget-text-editor\" data-id=\"4654f09\" data-element_type=\"widget\" data-e-type=\"widget\" data-widget_type=\"text-editor.default\">\n\t\t\t\t<div class=\"elementor-widget-container\">\n\t\t\t\t\t\t\t\t\t<ul><li>Die Umweltverschmutzung begrenzen<\/li><li>F\u00f6rderung der Gesundheit<\/li><li>Begegnungen unterwegs erm\u00f6glichen<\/li><\/ul>\t\t\t\t\t\t\t\t<\/div>\n\t\t\t\t<\/div>\n\t\t\t\t<div class=\"elementor-element elementor-element-aad7e08 elementor-widget elementor-widget-text-editor\" data-id=\"aad7e08\" data-element_type=\"widget\" data-e-type=\"widget\" data-widget_type=\"text-editor.default\">\n\t\t\t\t<div class=\"elementor-widget-container\">\n\t\t\t\t\t\t\t\t\t<ul><li><a href=\"https:\/\/www.mobilservice.ch\/fr\/\">Mobilservice<\/a><\/li><li><a href=\"https:\/\/www.citycle.com\/\">Citycle<\/a><\/li><li><a href=\"https:\/\/www.geneveroule.ch\/fr\/\">Gen\u00e8veroule<\/a><\/li><li><a href=\"https:\/\/www.publibike.ch\/fr\/home\">PubliBike<\/a><\/li><li><a href=\"https:\/\/www.carvelo.ch\/fr\/\">Carvelo<\/a><\/li><li><a href=\"https:\/\/www.ate.ch\/voiture\/autopartage\" target=\"_blank\" rel=\"noopener\">Autopartage<\/a><\/li><li>Agenda 21 Ihrer Gemeinde<\/li><\/ul>\t\t\t\t\t\t\t\t<\/div>\n\t\t\t\t<\/div>\n\t\t\t\t\t<\/div>\n\t\t\t\t<\/div>\n\t\t<div class=\"elementor-element elementor-element-860c785 e-grid e-con-boxed e-con e-parent\" data-id=\"860c785\" data-element_type=\"container\" data-e-type=\"container\">\n\t\t\t\t\t<div class=\"e-con-inner\">\n\t\t\t\t<div class=\"elementor-element elementor-element-5a1ddc4 elementor-widget elementor-widget-text-editor\" data-id=\"5a1ddc4\" data-element_type=\"widget\" data-e-type=\"widget\" data-widget_type=\"text-editor.default\">\n\t\t\t\t<div class=\"elementor-widget-container\">\n\t\t\t\t\t\t\t\t\t<p>W\u00e4hlen oder wechseln Sie zu einer Pensionskasse, die sich speziell f\u00fcr menschen- und umweltfreundliche Investitionen einsetzt.<\/p>\t\t\t\t\t\t\t\t<\/div>\n\t\t\t\t<\/div>\n\t\t\t\t<div class=\"elementor-element elementor-element-e2af461 elementor-widget elementor-widget-text-editor\" data-id=\"e2af461\" data-element_type=\"widget\" data-e-type=\"widget\" data-widget_type=\"text-editor.default\">\n\t\t\t\t<div class=\"elementor-widget-container\">\n\t\t\t\t\t\t\t\t\t<ul><li>Sich an den Werten des Evangeliums und einem verantwortungsvollen Handeln orientieren<\/li><li>Verhindern Sie, dass unsere zweite S\u00e4ule den Sektor der fossilen Energien finanziert<\/li><\/ul>\t\t\t\t\t\t\t\t<\/div>\n\t\t\t\t<\/div>\n\t\t\t\t<div class=\"elementor-element elementor-element-97e257f elementor-widget elementor-widget-text-editor\" data-id=\"97e257f\" data-element_type=\"widget\" data-e-type=\"widget\" data-widget_type=\"text-editor.default\">\n\t\t\t\t<div class=\"elementor-widget-container\">\n\t\t\t\t\t\t\t\t\t<ul><li><a href=\"https:\/\/www.nest-info.ch\/fr\">Nest<\/a><\/li><li><a href=\"https:\/\/www.abendrot.ch\/fr\/\">Abendrot<\/a><\/li><li><a href=\"https:\/\/coopera.ch\/fr\/accueil\/\">Coopera<\/a><\/li><li><a href=\"https:\/\/www.ethosfund.ch\/fr\/\">Ethos<\/a><\/li><li><a href=\"https:\/\/svvk-asir.ch\/fr\/\">SVVK-ASIR<\/a><\/li><\/ul>\t\t\t\t\t\t\t\t<\/div>\n\t\t\t\t<\/div>\n\t\t\t\t\t<\/div>\n\t\t\t\t<\/div>\n\t\t\t\t<\/div>\n\t\t<\/div>","protected":false},"excerpt":{"rendered":"<p>Vision und Werte: Entfaltung durch freudige Gen\u00fcgsamkeit Das Gebet, die Kontemplation und das Bewusstsein, dass wir in unserem gemeinsamen Haus leben, f\u00fchren zu einem ausgeglichenen, bescheidenen und dem\u00fctigen Lebensstil. Die [&hellip;]<\/p>\n","protected":false},"author":4,"featured_media":0,"parent":0,"menu_order":0,"comment_status":"closed","ping_status":"closed","template":"","meta":{"_acf_changed":false,"footnotes":""},"categories":[],"tags":[],"class_list":["post-32632","page","type-page","status-publish","hentry"],"acf":[],"_links":{"self":[{"href":"https:\/\/diocese-lgf.ch\/de\/wp-json\/wp\/v2\/pages\/32632","targetHints":{"allow":["GET"]}}],"collection":[{"href":"https:\/\/diocese-lgf.ch\/de\/wp-json\/wp\/v2\/pages"}],"about":[{"href":"https:\/\/diocese-lgf.ch\/de\/wp-json\/wp\/v2\/types\/page"}],"author":[{"embeddable":true,"href":"https:\/\/diocese-lgf.ch\/de\/wp-json\/wp\/v2\/users\/4"}],"replies":[{"embeddable":true,"href":"https:\/\/diocese-lgf.ch\/de\/wp-json\/wp\/v2\/comments?post=32632"}],"version-history":[{"count":11,"href":"https:\/\/diocese-lgf.ch\/de\/wp-json\/wp\/v2\/pages\/32632\/revisions"}],"predecessor-version":[{"id":32647,"href":"https:\/\/diocese-lgf.ch\/de\/wp-json\/wp\/v2\/pages\/32632\/revisions\/32647"}],"wp:attachment":[{"href":"https:\/\/diocese-lgf.ch\/de\/wp-json\/wp\/v2\/media?parent=32632"}],"wp:term":[{"taxonomy":"category","embeddable":true,"href":"https:\/\/diocese-lgf.ch\/de\/wp-json\/wp\/v2\/categories?post=32632"},{"taxonomy":"post_tag","embeddable":true,"href":"https:\/\/diocese-lgf.ch\/de\/wp-json\/wp\/v2\/tags?post=32632"}],"curies":[{"name":"wp","href":"https:\/\/api.w.org\/{rel}","templated":true}]}}