{"id":32580,"date":"2025-11-27T13:40:04","date_gmt":"2025-11-27T12:40:04","guid":{"rendered":"https:\/\/diocese-lgf.ch\/?page_id=32580"},"modified":"2025-11-28T12:01:25","modified_gmt":"2025-11-28T11:01:25","slug":"feier-und-lehre","status":"publish","type":"page","link":"https:\/\/diocese-lgf.ch\/de\/feier-und-lehre\/","title":{"rendered":"Feier und Lehre"},"content":{"rendered":"<div class=\"pf-content\">\t\t<div data-elementor-type=\"wp-page\" data-elementor-id=\"32580\" class=\"elementor elementor-32580 elementor-32216\" data-elementor-post-type=\"page\">\n\t\t\t\t<div class=\"elementor-element elementor-element-0342c8a e-flex e-con-boxed e-con e-parent\" data-id=\"0342c8a\" data-element_type=\"container\" data-e-type=\"container\">\n\t\t\t\t\t<div class=\"e-con-inner\">\n\t\t\t\t<div class=\"elementor-element elementor-element-e473650 elementor-widget elementor-widget-image\" data-id=\"e473650\" data-element_type=\"widget\" data-e-type=\"widget\" data-widget_type=\"image.default\">\n\t\t\t\t<div class=\"elementor-widget-container\">\n\t\t\t\t\t\t\t\t\t\t\t\t\t\t\t<img decoding=\"async\" width=\"82\" height=\"76\" src=\"https:\/\/diocese-lgf.ch\/wp-content\/uploads\/2025\/11\/image_logo_page_celebration_enseignement_CEEcologie.png\" class=\"attachment-thumbnail size-thumbnail wp-image-32312\" alt=\"\" \/>\t\t\t\t\t\t\t\t\t\t\t\t\t\t\t<\/div>\n\t\t\t\t<\/div>\n\t\t\t\t<div class=\"elementor-element elementor-element-696ee2d elementor-widget elementor-widget-heading\" data-id=\"696ee2d\" data-element_type=\"widget\" data-e-type=\"widget\" data-widget_type=\"heading.default\">\n\t\t\t\t<div class=\"elementor-widget-container\">\n\t\t\t\t\t<h2 class=\"elementor-heading-title elementor-size-default\">Vision und Werte: spirituelle Bekehrung<\/h2>\t\t\t\t<\/div>\n\t\t\t\t<\/div>\n\t\t\t\t\t<\/div>\n\t\t\t\t<\/div>\n\t\t<div class=\"elementor-element elementor-element-ee5bcae e-flex e-con-boxed e-con e-parent\" data-id=\"ee5bcae\" data-element_type=\"container\" data-e-type=\"container\">\n\t\t\t\t\t<div class=\"e-con-inner\">\n\t\t\t\t<div class=\"elementor-element elementor-element-aaf2e0f elementor-widget elementor-widget-text-editor\" data-id=\"aaf2e0f\" data-element_type=\"widget\" data-e-type=\"widget\" data-widget_type=\"text-editor.default\">\n\t\t\t\t<div class=\"elementor-widget-container\">\n\t\t\t\t\t\t\t\t\t<p>Christinnen und Christen betrachten die Sch\u00f6pfung als Ort der Gegenwart Gottes und des Miteinanders mit anderen Lebewesen. Der Schutz der Sch\u00f6pfung wird als spiritueller Weg verstanden.<br \/>Die \u00f6kologische, pers\u00f6nliche und gemeinschaftliche Bekehrung wird zum Motor des Engagements, das die Verbindung zu Gott, zu sich selbst, zu anderen und zur Natur n\u00e4hrt.<br \/>Die Hoffnung auf die Erl\u00f6sung des Menschen und der Sch\u00f6pfung motiviert und intensiviert die spirituelle und \u00f6kologische Bekehrung.<br \/>Der Weg der Bekehrung erzeugt eine \u00f6kumenische und interspirituelle Dynamik.<br \/>Unsere Beziehung zu Gott durch die Sch\u00f6pfung wird in der Liturgie und in der Eucharistie gefeiert.<\/p>\t\t\t\t\t\t\t\t<\/div>\n\t\t\t\t<\/div>\n\t\t\t\t\t<\/div>\n\t\t\t\t<\/div>\n\t\t<div class=\"elementor-element elementor-element-c034e75 e-flex e-con-boxed e-con e-parent\" data-id=\"c034e75\" data-element_type=\"container\" data-e-type=\"container\">\n\t\t\t\t\t<div class=\"e-con-inner\">\n\t\t\t\t<div class=\"elementor-element elementor-element-588a066 elementor-widget elementor-widget-image\" data-id=\"588a066\" data-element_type=\"widget\" data-e-type=\"widget\" data-widget_type=\"image.default\">\n\t\t\t\t<div class=\"elementor-widget-container\">\n\t\t\t\t\t\t\t\t\t\t\t\t\t\t\t<img fetchpriority=\"high\" decoding=\"async\" width=\"1024\" height=\"225\" src=\"https:\/\/diocese-lgf.ch\/wp-content\/uploads\/2025\/11\/Capture-decran-2025-11-28-a-11.59.33-1024x225.png\" class=\"attachment-large size-large wp-image-32757\" alt=\"\" srcset=\"https:\/\/diocese-lgf.ch\/wp-content\/uploads\/2025\/11\/Capture-decran-2025-11-28-a-11.59.33-1024x225.png 1024w, https:\/\/diocese-lgf.ch\/wp-content\/uploads\/2025\/11\/Capture-decran-2025-11-28-a-11.59.33-300x66.png 300w, https:\/\/diocese-lgf.ch\/wp-content\/uploads\/2025\/11\/Capture-decran-2025-11-28-a-11.59.33-768x169.png 768w, https:\/\/diocese-lgf.ch\/wp-content\/uploads\/2025\/11\/Capture-decran-2025-11-28-a-11.59.33-1536x337.png 1536w, https:\/\/diocese-lgf.ch\/wp-content\/uploads\/2025\/11\/Capture-decran-2025-11-28-a-11.59.33.png 1940w\" sizes=\"(max-width: 1024px) 100vw, 1024px\" \/>\t\t\t\t\t\t\t\t\t\t\t\t\t\t\t<\/div>\n\t\t\t\t<\/div>\n\t\t\t\t<div class=\"elementor-element elementor-element-2511c20 elementor-widget elementor-widget-heading\" data-id=\"2511c20\" data-element_type=\"widget\" data-e-type=\"widget\" data-widget_type=\"heading.default\">\n\t\t\t\t<div class=\"elementor-widget-container\">\n\t\t\t\t\t<h2 class=\"elementor-heading-title elementor-size-default\">Strategisches Ziel<\/h2>\t\t\t\t<\/div>\n\t\t\t\t<\/div>\n\t\t\t\t<div class=\"elementor-element elementor-element-6f7fa3e elementor-widget elementor-widget-text-editor\" data-id=\"6f7fa3e\" data-element_type=\"widget\" data-e-type=\"widget\" data-widget_type=\"text-editor.default\">\n\t\t\t\t<div class=\"elementor-widget-container\">\n\t\t\t\t\t\t\t\t\t<p>Ein neues Ausbildungsangebot zur integralen \u00d6kologie (mit wissenschaftlicher Verankerung) erg\u00e4nzt das bestehende Angebot f\u00fcr die Aus- und Weiterbildung von Seelsorgern, Priestern, Diakonen und Laien der Di\u00f6zese. Es wird in Zusammenarbeit mit dem Centre catholique romand de formations en \u00c9glise (H3) angeboten<a href=\"https:\/\/www.deepl.com\/fr\/translator#_edn1\">[i]<\/a>.<\/p><p>Das Thema \u00d6kologie innerhalb der Kirche wird durch einen liturgischen Leitfaden entpolitisiert und neu theologisiert, der im Laufe des liturgischen Kalenders Aspekte der Liturgie in Verbindung mit der integralen \u00d6kologie hervorhebt (Predigtans\u00e4tze ausgehend von den Lesungen des Tages, Erl\u00e4uterungen zu liturgischen Gesten, Heiligen des Tages, die H\u00f6hepunkte des Jahres, Vorschl\u00e4ge f\u00fcr Ges\u00e4nge usw.). Der Leitfaden beleuchtet die Pr\u00e4senz der integralen \u00d6kologie in der Bibel und in der Kirche (H2).<\/p><p>Die Sch\u00f6pfungszeit wird in allen Pfarreien und Seelsorgeeinheiten gef\u00f6rdert und gefeiert. Eine von Papst Leo XIV. verk\u00fcndete und genehmigte Messe zum Schutz der Sch\u00f6pfung wird in der gesamten Di\u00f6zese gefeiert (H1).<\/p><p><a href=\"https:\/\/www.deepl.com\/fr\/translator#_ednref1\">[i]<\/a> <i>Das f\u00fcr jedes strategische Ziel erwartete Ergebnis steht in Zusammenhang mit einem der drei zuvor hier beschriebenen Horizonte (H1, H2, H3): \u201e<\/i><a href=\"https:\/\/diocese-lgf.ch\/des-changements-transformateurs-pour-repondre-aux-defis-actuels\/\" target=\"_blank\" rel=\"noopener\"><i>Transformative Ver\u00e4nderungen als Antwort auf die aktuellen Herausforderungen<\/i><\/a><i>\u201d<\/i><\/p><p><strong>Bestandsaufnahme<\/strong><\/p><p>Haben Sie bereits die Sch\u00f6pfungszeit in Ihrer Pfarrei, Seelsorgeeinheit, Gemeinde usw. gestaltet? Planen Sie, w\u00e4hrend der Zeit der Sch\u00f6pfung vom 1. September bis zum 4. Oktober die von Papst Leo XIV. gef\u00f6rderte Messe zum Schutz der Sch\u00f6pfung zu feiern oder daran teilzunehmen? Sind Sie f\u00fcr bestimmte Aspekte der Liturgie sensibilisiert, die den Schutz der Sch\u00f6pfung hervorheben? Wie gut kennen Sie die Enzyklika <i>Laudato Si<\/i> und allgemein die Soziallehre der Kirche?<\/p><p><b>Interventionsbereich<\/b><\/p><p>In welchem Teilbereich (Feier, Unterricht) m\u00f6chten Sie eine Ver\u00e4nderung herbeif\u00fchren? Sie k\u00f6nnen einen bestimmten Teilbereich ausw\u00e4hlen oder Ma\u00dfnahmen in beiden vorhandenen Teilbereichen w\u00e4hlen.<\/p><p><strong>Zu erreichende Ziele<\/strong><\/p><p>Welche Ergebnisse m\u00f6chten Sie erzielen? Setzen Sie sich ein Ziel, das zur Verwirklichung des oben beschriebenen strategischen Ziels beitr\u00e4gt.<\/p><p><strong>Zu mobilisierende Ressourcen<\/strong><\/p><p>Welche Mittel k\u00f6nnen Sie mobilisieren oder einsetzen, um Ihr Ziel zu erreichen?<\/p><p><strong>Planung<\/strong><\/p><p>Was sind die wichtigsten Etappen und wie viel Zeit nehmen Sie sich f\u00fcr dieses Projekt<\/p>\t\t\t\t\t\t\t\t<\/div>\n\t\t\t\t<\/div>\n\t\t\t\t\t<\/div>\n\t\t\t\t<\/div>\n\t\t<div class=\"elementor-element elementor-element-2da9960 e-flex e-con-boxed e-con e-parent\" data-id=\"2da9960\" data-element_type=\"container\" data-e-type=\"container\">\n\t\t\t\t\t<div class=\"e-con-inner\">\n\t\t\t\t<div class=\"elementor-element elementor-element-9148c16 elementor-widget elementor-widget-heading\" data-id=\"9148c16\" data-element_type=\"widget\" data-e-type=\"widget\" data-widget_type=\"heading.default\">\n\t\t\t\t<div class=\"elementor-widget-container\">\n\t\t\t\t\t<h2 class=\"elementor-heading-title elementor-size-default\">Beispiele f\u00fcr m\u00f6gliche Ma\u00dfnahmen<\/h2>\t\t\t\t<\/div>\n\t\t\t\t<\/div>\n\t\t\t\t\t<\/div>\n\t\t\t\t<\/div>\n\t\t<div class=\"elementor-element elementor-element-9b1dfec e-flex e-con-boxed e-con e-parent\" data-id=\"9b1dfec\" data-element_type=\"container\" data-e-type=\"container\">\n\t\t\t\t\t<div class=\"e-con-inner\">\n\t\t\t\t<div class=\"elementor-element elementor-element-e7b2722 elementor-widget elementor-widget-text-editor\" data-id=\"e7b2722\" data-element_type=\"widget\" data-e-type=\"widget\" data-widget_type=\"text-editor.default\">\n\t\t\t\t<div class=\"elementor-widget-container\">\n\t\t\t\t\t\t\t\t\t<p>Wir schlagen Ihnen drei m\u00f6gliche Massnahmen f\u00fcr jeden Teilbereich vor. Zu jedem Massnahmenvorschlag nennen wir Ihnen die zu erwartenden Vorteile. Ausserdem stellen wir Ihnen Ideen f\u00fcr Ressourcen zur Verf\u00fcgung.<\/p>\t\t\t\t\t\t\t\t<\/div>\n\t\t\t\t<\/div>\n\t\t\t\t\t<\/div>\n\t\t\t\t<\/div>\n\t\t<div class=\"elementor-element elementor-element-9c13d0d e-flex e-con-boxed e-con e-parent\" data-id=\"9c13d0d\" data-element_type=\"container\" data-e-type=\"container\">\n\t\t\t\t\t<div class=\"e-con-inner\">\n\t\t<div class=\"elementor-element elementor-element-47edc6c e-con-full e-flex e-con e-child\" data-id=\"47edc6c\" data-element_type=\"container\" data-e-type=\"container\">\n\t\t\t\t<div class=\"elementor-element elementor-element-8636fb0 elementor-icon-list--layout-traditional elementor-list-item-link-full_width elementor-widget elementor-widget-icon-list\" data-id=\"8636fb0\" data-element_type=\"widget\" data-e-type=\"widget\" data-widget_type=\"icon-list.default\">\n\t\t\t\t<div class=\"elementor-widget-container\">\n\t\t\t\t\t\t\t<ul class=\"elementor-icon-list-items\">\n\t\t\t\t\t\t\t<li class=\"elementor-icon-list-item\">\n\t\t\t\t\t\t\t\t\t\t\t<span class=\"elementor-icon-list-icon\">\n\t\t\t\t\t\t\t<i aria-hidden=\"true\" class=\"fas fa-hand-point-right\"><\/i>\t\t\t\t\t\t<\/span>\n\t\t\t\t\t\t\t\t\t\t<span class=\"elementor-icon-list-text\">Handlungs-m\u00f6glichkeiten<\/span>\n\t\t\t\t\t\t\t\t\t<\/li>\n\t\t\t\t\t\t<\/ul>\n\t\t\t\t\t\t<\/div>\n\t\t\t\t<\/div>\n\t\t\t\t<\/div>\n\t\t<div class=\"elementor-element elementor-element-28879fd e-con-full e-flex e-con e-child\" data-id=\"28879fd\" data-element_type=\"container\" data-e-type=\"container\">\n\t\t\t\t<div class=\"elementor-element elementor-element-2d62c69 elementor-icon-list--layout-traditional elementor-list-item-link-full_width elementor-widget elementor-widget-icon-list\" data-id=\"2d62c69\" data-element_type=\"widget\" data-e-type=\"widget\" data-widget_type=\"icon-list.default\">\n\t\t\t\t<div class=\"elementor-widget-container\">\n\t\t\t\t\t\t\t<ul class=\"elementor-icon-list-items\">\n\t\t\t\t\t\t\t<li class=\"elementor-icon-list-item\">\n\t\t\t\t\t\t\t\t\t\t\t<span class=\"elementor-icon-list-icon\">\n\t\t\t\t\t\t\t<i aria-hidden=\"true\" class=\"fas fa-hand-point-right\"><\/i>\t\t\t\t\t\t<\/span>\n\t\t\t\t\t\t\t\t\t\t<span class=\"elementor-icon-list-text\">Vorteile<\/span>\n\t\t\t\t\t\t\t\t\t<\/li>\n\t\t\t\t\t\t<\/ul>\n\t\t\t\t\t\t<\/div>\n\t\t\t\t<\/div>\n\t\t\t\t<\/div>\n\t\t<div class=\"elementor-element elementor-element-3b07211 e-con-full e-flex e-con e-child\" data-id=\"3b07211\" data-element_type=\"container\" data-e-type=\"container\">\n\t\t\t\t<div class=\"elementor-element elementor-element-121040f elementor-icon-list--layout-traditional elementor-list-item-link-full_width elementor-widget elementor-widget-icon-list\" data-id=\"121040f\" data-element_type=\"widget\" data-e-type=\"widget\" data-widget_type=\"icon-list.default\">\n\t\t\t\t<div class=\"elementor-widget-container\">\n\t\t\t\t\t\t\t<ul class=\"elementor-icon-list-items\">\n\t\t\t\t\t\t\t<li class=\"elementor-icon-list-item\">\n\t\t\t\t\t\t\t\t\t\t\t<span class=\"elementor-icon-list-icon\">\n\t\t\t\t\t\t\t<i aria-hidden=\"true\" class=\"fas fa-hand-point-right\"><\/i>\t\t\t\t\t\t<\/span>\n\t\t\t\t\t\t\t\t\t\t<span class=\"elementor-icon-list-text\">M\u00f6gliche Ressourcen<\/span>\n\t\t\t\t\t\t\t\t\t<\/li>\n\t\t\t\t\t\t<\/ul>\n\t\t\t\t\t\t<\/div>\n\t\t\t\t<\/div>\n\t\t\t\t<\/div>\n\t\t\t\t\t<\/div>\n\t\t\t\t<\/div>\n\t\t<div class=\"elementor-element elementor-element-ca3cf29 e-grid e-con-boxed e-con e-parent\" data-id=\"ca3cf29\" data-element_type=\"container\" data-e-type=\"container\">\n\t\t\t\t\t<div class=\"e-con-inner\">\n\t\t\t\t<div class=\"elementor-element elementor-element-833083c elementor-widget elementor-widget-text-editor\" data-id=\"833083c\" data-element_type=\"widget\" data-e-type=\"widget\" data-widget_type=\"text-editor.default\">\n\t\t\t\t<div class=\"elementor-widget-container\">\n\t\t\t\t\t\t\t\t\t<p>Die Sch\u00f6pfungszeit in Ihrer Pfarrgemeinde gestalten oder an einer der zu diesem Anlass angebotenen Aktivit\u00e4ten teilnehmen<\/p>\t\t\t\t\t\t\t\t<\/div>\n\t\t\t\t<\/div>\n\t\t\t\t<div class=\"elementor-element elementor-element-ae0628c elementor-widget elementor-widget-text-editor\" data-id=\"ae0628c\" data-element_type=\"widget\" data-e-type=\"widget\" data-widget_type=\"text-editor.default\">\n\t\t\t\t<div class=\"elementor-widget-container\">\n\t\t\t\t\t\t\t\t\t<ul><li>F\u00fcr unser gemeinsames Zuhause sorgen<\/li><li>Das pastorale Leben bereichern<\/li><\/ul>\t\t\t\t\t\t\t\t<\/div>\n\t\t\t\t<\/div>\n\t\t\t\t<div class=\"elementor-element elementor-element-ba0f48d elementor-widget elementor-widget-text-editor\" data-id=\"ba0f48d\" data-element_type=\"widget\" data-e-type=\"widget\" data-widget_type=\"text-editor.default\">\n\t\t\t\t<div class=\"elementor-widget-container\">\n\t\t\t\t\t\t\t\t\t<ul><li>Material verf\u00fcgbar auf der Website<em> <a href=\"https:\/\/oeku.ch\/aktuelle-schoepfungszeit\/\" target=\"_blank\" rel=\"noopener\">Kirchen f\u00fcr die Umwelt<\/a><\/em><\/li><li>Veranstaltungen aufgef\u00fchrt auf den Websites der Bistumsregionen Waadt und Freiburg<\/li><\/ul>\t\t\t\t\t\t\t\t<\/div>\n\t\t\t\t<\/div>\n\t\t\t\t\t<\/div>\n\t\t\t\t<\/div>\n\t\t<div class=\"elementor-element elementor-element-5491e4e e-grid e-con-boxed e-con e-parent\" data-id=\"5491e4e\" data-element_type=\"container\" data-e-type=\"container\">\n\t\t\t\t\t<div class=\"e-con-inner\">\n\t\t\t\t<div class=\"elementor-element elementor-element-2cda2ae elementor-widget elementor-widget-text-editor\" data-id=\"2cda2ae\" data-element_type=\"widget\" data-e-type=\"widget\" data-widget_type=\"text-editor.default\">\n\t\t\t\t<div class=\"elementor-widget-container\">\n\t\t\t\t\t\t\t\t\t<p>Eine Messe zum Schutz der Sch\u00f6pfung organisieren oder daran teilnehmen<\/p>\t\t\t\t\t\t\t\t<\/div>\n\t\t\t\t<\/div>\n\t\t\t\t<div class=\"elementor-element elementor-element-4654f09 elementor-widget elementor-widget-text-editor\" data-id=\"4654f09\" data-element_type=\"widget\" data-e-type=\"widget\" data-widget_type=\"text-editor.default\">\n\t\t\t\t<div class=\"elementor-widget-container\">\n\t\t\t\t\t\t\t\t\t<p>Unsere Verantwortung f\u00fcr die Bewahrung der Sch\u00f6pfung bekr\u00e4ftigen<\/p>\t\t\t\t\t\t\t\t<\/div>\n\t\t\t\t<\/div>\n\t\t\t\t<div class=\"elementor-element elementor-element-aad7e08 elementor-widget elementor-widget-text-editor\" data-id=\"aad7e08\" data-element_type=\"widget\" data-e-type=\"widget\" data-widget_type=\"text-editor.default\">\n\t\t\t\t<div class=\"elementor-widget-container\">\n\t\t\t\t\t\t\t\t\t<ul><li><a href=\"https:\/\/www.vatican.va\/content\/leo-xiv\/de\/messages\/creation.index.html\" target=\"_blank\" rel=\"noopener\">Weltgebetstag f\u00fcr die Bewahrung der Sch\u00f6pfung<\/a> am 1. September<\/li><li>Allgemeine Einf\u00fchrung in das R\u00f6mische Messbuch (Nr. 372 und 374)<\/li><\/ul>\t\t\t\t\t\t\t\t<\/div>\n\t\t\t\t<\/div>\n\t\t\t\t\t<\/div>\n\t\t\t\t<\/div>\n\t\t<div class=\"elementor-element elementor-element-f0c8c46 e-grid e-con-boxed e-con e-parent\" data-id=\"f0c8c46\" data-element_type=\"container\" data-e-type=\"container\">\n\t\t\t\t\t<div class=\"e-con-inner\">\n\t\t\t\t<div class=\"elementor-element elementor-element-5a1ddc4 elementor-widget elementor-widget-text-editor\" data-id=\"5a1ddc4\" data-element_type=\"widget\" data-e-type=\"widget\" data-widget_type=\"text-editor.default\">\n\t\t\t\t<div class=\"elementor-widget-container\">\n\t\t\t\t\t\t\t\t\t<p>Sich f\u00fcr ein Weiterbildungsangebot im Zusammenhang mit integraler \u00d6kologie anmelden<\/p>\t\t\t\t\t\t\t\t<\/div>\n\t\t\t\t<\/div>\n\t\t\t\t<div class=\"elementor-element elementor-element-e2af461 elementor-widget elementor-widget-text-editor\" data-id=\"e2af461\" data-element_type=\"widget\" data-e-type=\"widget\" data-widget_type=\"text-editor.default\">\n\t\t\t\t<div class=\"elementor-widget-container\">\n\t\t\t\t\t\t\t\t\t<p>Den Motor des Engagements f\u00fcr den \u00f6kologischen Wandel antreiben<\/p>\t\t\t\t\t\t\t\t<\/div>\n\t\t\t\t<\/div>\n\t\t\t\t<div class=\"elementor-element elementor-element-97e257f elementor-widget elementor-widget-text-editor\" data-id=\"97e257f\" data-element_type=\"widget\" data-e-type=\"widget\" data-widget_type=\"text-editor.default\">\n\t\t\t\t<div class=\"elementor-widget-container\">\n\t\t\t\t\t\t\t\t\t<ul><li><a href=\"https:\/\/ccrfe.ch\/catalogue\/\" target=\"_blank\" rel=\"noopener\">Centre catholique romand de formation en \u00c9glise (Fr.)<\/a><\/li><li><a href=\"https:\/\/dignitedeveloppement.ch\/formation\/programme-general\/\" target=\"_blank\" rel=\"noopener\">Plateforme Dignit\u00e9 et D\u00e9veloppement (Fr.)<\/a><\/li><li>Ausbildungsdienste der Di\u00f6zesen<\/li><\/ul>\t\t\t\t\t\t\t\t<\/div>\n\t\t\t\t<\/div>\n\t\t\t\t\t<\/div>\n\t\t\t\t<\/div>\n\t\t\t\t<\/div>\n\t\t<\/div>","protected":false},"excerpt":{"rendered":"<p>Vision und Werte: spirituelle Bekehrung Christinnen und Christen betrachten die Sch\u00f6pfung als Ort der Gegenwart Gottes und des Miteinanders mit anderen Lebewesen. Der Schutz der Sch\u00f6pfung wird als spiritueller Weg [&hellip;]<\/p>\n","protected":false},"author":7,"featured_media":0,"parent":0,"menu_order":0,"comment_status":"closed","ping_status":"closed","template":"","meta":{"_acf_changed":false,"footnotes":""},"categories":[],"tags":[],"class_list":["post-32580","page","type-page","status-publish","hentry"],"acf":[],"_links":{"self":[{"href":"https:\/\/diocese-lgf.ch\/de\/wp-json\/wp\/v2\/pages\/32580","targetHints":{"allow":["GET"]}}],"collection":[{"href":"https:\/\/diocese-lgf.ch\/de\/wp-json\/wp\/v2\/pages"}],"about":[{"href":"https:\/\/diocese-lgf.ch\/de\/wp-json\/wp\/v2\/types\/page"}],"author":[{"embeddable":true,"href":"https:\/\/diocese-lgf.ch\/de\/wp-json\/wp\/v2\/users\/7"}],"replies":[{"embeddable":true,"href":"https:\/\/diocese-lgf.ch\/de\/wp-json\/wp\/v2\/comments?post=32580"}],"version-history":[{"count":19,"href":"https:\/\/diocese-lgf.ch\/de\/wp-json\/wp\/v2\/pages\/32580\/revisions"}],"predecessor-version":[{"id":32760,"href":"https:\/\/diocese-lgf.ch\/de\/wp-json\/wp\/v2\/pages\/32580\/revisions\/32760"}],"wp:attachment":[{"href":"https:\/\/diocese-lgf.ch\/de\/wp-json\/wp\/v2\/media?parent=32580"}],"wp:term":[{"taxonomy":"category","embeddable":true,"href":"https:\/\/diocese-lgf.ch\/de\/wp-json\/wp\/v2\/categories?post=32580"},{"taxonomy":"post_tag","embeddable":true,"href":"https:\/\/diocese-lgf.ch\/de\/wp-json\/wp\/v2\/tags?post=32580"}],"curies":[{"name":"wp","href":"https:\/\/api.w.org\/{rel}","templated":true}]}}