{"id":28181,"date":"2024-12-28T19:45:56","date_gmt":"2024-12-28T18:45:56","guid":{"rendered":"https:\/\/diocese-lgf.ch\/?page_id=28181"},"modified":"2025-02-10T14:43:38","modified_gmt":"2025-02-10T13:43:38","slug":"heiliges-jahr-2025","status":"publish","type":"page","link":"https:\/\/diocese-lgf.ch\/de\/heiliges-jahr-2025\/","title":{"rendered":"Heiliges Jahr 2025"},"content":{"rendered":"<div class=\"pf-content\">\t\t<div data-elementor-type=\"wp-page\" data-elementor-id=\"28181\" class=\"elementor elementor-28181 elementor-27834\" data-elementor-post-type=\"page\">\n\t\t\t\t\t\t<section class=\"elementor-section elementor-top-section elementor-element elementor-element-2a282a5a elementor-section-boxed elementor-section-height-default elementor-section-height-default\" data-id=\"2a282a5a\" data-element_type=\"section\" data-e-type=\"section\">\n\t\t\t\t\t\t<div class=\"elementor-container elementor-column-gap-default\">\n\t\t\t\t\t<div class=\"elementor-column elementor-col-100 elementor-top-column elementor-element elementor-element-793fd1ab\" data-id=\"793fd1ab\" data-element_type=\"column\" data-e-type=\"column\">\n\t\t\t<div class=\"elementor-widget-wrap elementor-element-populated\">\n\t\t\t\t\t\t<div class=\"elementor-element elementor-element-57748cdb elementor-widget elementor-widget-text-editor\" data-id=\"57748cdb\" data-element_type=\"widget\" data-e-type=\"widget\" data-widget_type=\"text-editor.default\">\n\t\t\t\t<div class=\"elementor-widget-container\">\n\t\t\t\t\t\t\t\t\t<p><strong>Die Kirche feiert alle 25 Jahre ein Heiliges Jahr. <\/strong><strong>Diese Tradition zieht viele Pilger nach Rom: Sie durchschreiten die heilige Pforte der grossen Basiliken, beten an den Gr\u00e4bern der Apostel Petrus und Paulus und erneuern ihren Glauben, ihre Hoffnung und ihre N\u00e4chstenliebe.<\/strong> <strong>Das Heilige Jahr wird auch in allen Bist\u00fcmern der Welt gelebt.<\/strong><\/p><p>Papst Franziskus hat angek\u00fcndigt, dass das n\u00e4chste Jubil\u00e4um im Jahr 2025 stattfindet. Es steht unter dem Motto <strong>\u201ePilger der Hoffnung\u201c<\/strong>.<\/p><p>Die di\u00f6zesane Feier zur Er\u00f6ffnung des Jubil\u00e4ums 2025 findet am 29. Dezember 2024 in der Kathedrale St. Nikolaus in Freiburg um 10.15 Uhr statt.<\/p><div class=\"wp-block-columns\"><div class=\"wp-block-column\"><figure class=\"wp-block-image size-full\"><\/figure><\/div><\/div>\t\t\t\t\t\t\t\t<\/div>\n\t\t\t\t<\/div>\n\t\t\t\t\t<\/div>\n\t\t<\/div>\n\t\t\t\t\t<\/div>\n\t\t<\/section>\n\t\t\t\t<section class=\"elementor-section elementor-top-section elementor-element elementor-element-ef612f2 elementor-section-boxed elementor-section-height-default elementor-section-height-default\" data-id=\"ef612f2\" data-element_type=\"section\" data-e-type=\"section\">\n\t\t\t\t\t\t<div class=\"elementor-container elementor-column-gap-default\">\n\t\t\t\t\t<div class=\"elementor-column elementor-col-100 elementor-top-column elementor-element elementor-element-b9de1f9\" data-id=\"b9de1f9\" data-element_type=\"column\" data-e-type=\"column\">\n\t\t\t<div class=\"elementor-widget-wrap elementor-element-populated\">\n\t\t\t\t\t\t<section class=\"elementor-section elementor-inner-section elementor-element elementor-element-7885f99 elementor-section-boxed elementor-section-height-default elementor-section-height-default\" data-id=\"7885f99\" data-element_type=\"section\" data-e-type=\"section\">\n\t\t\t\t\t\t<div class=\"elementor-container elementor-column-gap-default\">\n\t\t\t\t\t<div class=\"elementor-column elementor-col-50 elementor-inner-column elementor-element elementor-element-87472f9\" data-id=\"87472f9\" data-element_type=\"column\" data-e-type=\"column\">\n\t\t\t<div class=\"elementor-widget-wrap elementor-element-populated\">\n\t\t\t\t\t\t<div class=\"elementor-element elementor-element-a161c74 elementor-widget elementor-widget-text-editor\" data-id=\"a161c74\" data-element_type=\"widget\" data-e-type=\"widget\" data-widget_type=\"text-editor.default\">\n\t\t\t\t<div class=\"elementor-widget-container\">\n\t\t\t\t\t\t\t\t\t<div class=\"wp-block-column\"><ul><li><a href=\"https:\/\/www.dbk.de\/themen\/heiliges-jahr-2025\/glossar\">Glossar zum Heiligen Jahr<\/a><br \/><a href=\"https:\/\/www.iubilaeum2025.va\/de.html\">Offizielle Homepage<\/a><\/li><li><a href=\"https:\/\/www.vatican.va\/content\/francesco\/fr\/bulls\/documents\/20240509_spes-non-confundit_bolla-giubileo2025.html\">Verk\u00fcndigungsbulle des Heiligen Jahres<\/a><\/li><li><a href=\"https:\/\/www.iubilaeum2025.va\/de\/giubileo-2025\/preghiera.html\">Gebet zum Heiligen Jahr<\/a><\/li><li><a href=\"https:\/\/diocese-lgf.ch\/de\/message-de-mgr-morerod-a-propos-des-indulgences\/\" target=\"_blank\" rel=\"noopener\">Botschaft von Bischof Morerod \u00fcber den Ablass<\/a><\/li><\/ul><\/div><div class=\"wp-block-column\">\u00a0<\/div>\t\t\t\t\t\t\t\t<\/div>\n\t\t\t\t<\/div>\n\t\t\t\t\t<\/div>\n\t\t<\/div>\n\t\t\t\t<div class=\"elementor-column elementor-col-50 elementor-inner-column elementor-element elementor-element-d367318\" data-id=\"d367318\" data-element_type=\"column\" data-e-type=\"column\">\n\t\t\t<div class=\"elementor-widget-wrap elementor-element-populated\">\n\t\t\t\t\t\t<div class=\"elementor-element elementor-element-cf66fbe elementor-widget elementor-widget-image\" data-id=\"cf66fbe\" data-element_type=\"widget\" data-e-type=\"widget\" data-widget_type=\"image.default\">\n\t\t\t\t<div class=\"elementor-widget-container\">\n\t\t\t\t\t\t\t\t\t\t\t\t\t\t\t<img fetchpriority=\"high\" decoding=\"async\" width=\"794\" height=\"844\" src=\"https:\/\/diocese-lgf.ch\/wp-content\/uploads\/2024\/12\/logo-jubile_d-2.png\" class=\"attachment-large size-large wp-image-28118\" alt=\"\" srcset=\"https:\/\/diocese-lgf.ch\/wp-content\/uploads\/2024\/12\/logo-jubile_d-2.png 794w, https:\/\/diocese-lgf.ch\/wp-content\/uploads\/2024\/12\/logo-jubile_d-2-282x300.png 282w, https:\/\/diocese-lgf.ch\/wp-content\/uploads\/2024\/12\/logo-jubile_d-2-768x816.png 768w\" sizes=\"(max-width: 794px) 100vw, 794px\" \/>\t\t\t\t\t\t\t\t\t\t\t\t\t\t\t<\/div>\n\t\t\t\t<\/div>\n\t\t\t\t\t<\/div>\n\t\t<\/div>\n\t\t\t\t\t<\/div>\n\t\t<\/section>\n\t\t\t\t\t<\/div>\n\t\t<\/div>\n\t\t\t\t\t<\/div>\n\t\t<\/section>\n\t\t\t\t<section class=\"elementor-section elementor-top-section elementor-element elementor-element-5c7956d elementor-section-boxed elementor-section-height-default elementor-section-height-default\" data-id=\"5c7956d\" data-element_type=\"section\" data-e-type=\"section\">\n\t\t\t\t\t\t<div class=\"elementor-container elementor-column-gap-default\">\n\t\t\t\t\t<div class=\"elementor-column elementor-col-100 elementor-top-column elementor-element elementor-element-f1f85c4\" data-id=\"f1f85c4\" data-element_type=\"column\" data-e-type=\"column\">\n\t\t\t<div class=\"elementor-widget-wrap elementor-element-populated\">\n\t\t\t\t\t\t<div class=\"elementor-element elementor-element-131ae7a elementor-widget elementor-widget-text-editor\" data-id=\"131ae7a\" data-element_type=\"widget\" data-e-type=\"widget\" data-widget_type=\"text-editor.default\">\n\t\t\t\t<div class=\"elementor-widget-container\">\n\t\t\t\t\t\t\t\t\t<table style=\"font-weight: 400;\" width=\"662\"><tbody><tr><td width=\"463\"><h3><strong>Wallfahrten<\/strong><\/h3><p>Verschiedene <strong>Wallfahrten nach Rom<\/strong> (und Einsiedeln) werden zum Hl. Jahr <em>\u201e<\/em>Pilger der Hoffnung<em>\u201c<\/em> organisiert:<\/p><p>&#8211; <a href=\"https:\/\/cath-ne.ch\/anneesainte\/\" target=\"_blank\" rel=\"noopener\">vom 27.02. bis 03.03. <\/a>: f\u00fcr die Gl\u00e4ubigen des Kantons <strong>Neuenburg<\/strong><\/p><p>&#8211;\u00a0<a href=\"https:\/\/www.cath-fr.ch\/pelerinages2025\/printemps\/\" target=\"_blank\" rel=\"noopener\">vom 21. bis 26.04. :<\/a>\u00a0f\u00fcr die <strong>Firmlinge\/Gefirmten<\/strong> der Bistumsregionen <strong>Freiburg und Neuenburg<\/strong><\/p><p>&#8211;\u00a0<a href=\"https:\/\/www.cath-fr.ch\/pelerinages2025\/ete\/\" target=\"_blank\" rel=\"noopener\">vom 27.07. bis 03.08. :<\/a>f\u00fcr die <strong>Jugendlichen<\/strong> der Bistumsregionen <strong>Waadt, Genf und Freiburg<\/strong><\/p><p>&#8211;\u00a0<a href=\"https:\/\/diocese-lgf.ch\/wp-content\/uploads\/2025\/01\/20251005_jubile_vie_consacree_rome.pdf\" target=\"_blank\" rel=\"noopener\">vom 5. bis 10.10.<\/a>: Jubil\u00e4um des <strong>geweihten Lebens<\/strong><\/p><p><a href=\"https:\/\/www.cath-fr.ch\/pelerinages2025\/automne\/\" target=\"_blank\" rel=\"noopener\">&#8211; vom 12. bis 18.10.<\/a> : f\u00fcr die <strong>Ministranten und Familien<\/strong> der Bischofsregionen <strong>Freiburg<\/strong> und <strong>Neuenburg<\/strong><\/p><p>&#8211; <a href=\"https:\/\/www.bischoefe.ch\/nationale-wallfahrt-2025\/\" target=\"_blank\" rel=\"noopener\">am 17.05.2025<\/a> : <strong>nationale Wallfahrt<\/strong> nach Einsiedeln (SZ) wird von der Schweizer Bischofskonferenz organisiert<\/p><p>\u00a0<\/p><div class=\"page\" title=\"Page 6\"><div class=\"layoutArea\"><div class=\"column\"><h3>Verschiedene Initiativen<\/h3><p><br \/><strong>Pilgerweg der Hoffnung, angeboten vom Centre Ste-Ursule, Freiburg :<\/strong><\/p><p>Verschiedene Angebote wa\u0308hrend des ganzen Jahres (Start-Abend, Vortra\u0308ge, &#8230;), gleichsam als Oasen, um die Hoffnung zu na\u0308hren (Schreibwerkstatt, Werkstatt Evangelium und Kreatives Tagebuch, Mandala-Workshop&#8230;). <a href=\"https:\/\/www.centre-ursule.ch\/parcours-pelerins-desperance\/\" target=\"_blank\" rel=\"noopener\">Infos und Anmeldungen<\/a> (franz.)<\/p><\/div><\/div><\/div><\/td><\/tr><\/tbody><\/table>\t\t\t\t\t\t\t\t<\/div>\n\t\t\t\t<\/div>\n\t\t\t\t\t<\/div>\n\t\t<\/div>\n\t\t\t\t\t<\/div>\n\t\t<\/section>\n\t\t\t\t<\/div>\n\t\t<\/div>","protected":false},"excerpt":{"rendered":"<p>Die Kirche feiert alle 25 Jahre ein Heiliges Jahr. Diese Tradition zieht viele Pilger nach Rom: Sie durchschreiten die heilige Pforte der grossen Basiliken, beten an den Gr\u00e4bern der Apostel [&hellip;]<\/p>\n","protected":false},"author":4,"featured_media":0,"parent":0,"menu_order":0,"comment_status":"closed","ping_status":"closed","template":"","meta":{"_acf_changed":false,"footnotes":""},"categories":[],"tags":[],"class_list":["post-28181","page","type-page","status-publish","hentry"],"acf":[],"_links":{"self":[{"href":"https:\/\/diocese-lgf.ch\/de\/wp-json\/wp\/v2\/pages\/28181","targetHints":{"allow":["GET"]}}],"collection":[{"href":"https:\/\/diocese-lgf.ch\/de\/wp-json\/wp\/v2\/pages"}],"about":[{"href":"https:\/\/diocese-lgf.ch\/de\/wp-json\/wp\/v2\/types\/page"}],"author":[{"embeddable":true,"href":"https:\/\/diocese-lgf.ch\/de\/wp-json\/wp\/v2\/users\/4"}],"replies":[{"embeddable":true,"href":"https:\/\/diocese-lgf.ch\/de\/wp-json\/wp\/v2\/comments?post=28181"}],"version-history":[{"count":17,"href":"https:\/\/diocese-lgf.ch\/de\/wp-json\/wp\/v2\/pages\/28181\/revisions"}],"predecessor-version":[{"id":29009,"href":"https:\/\/diocese-lgf.ch\/de\/wp-json\/wp\/v2\/pages\/28181\/revisions\/29009"}],"wp:attachment":[{"href":"https:\/\/diocese-lgf.ch\/de\/wp-json\/wp\/v2\/media?parent=28181"}],"wp:term":[{"taxonomy":"category","embeddable":true,"href":"https:\/\/diocese-lgf.ch\/de\/wp-json\/wp\/v2\/categories?post=28181"},{"taxonomy":"post_tag","embeddable":true,"href":"https:\/\/diocese-lgf.ch\/de\/wp-json\/wp\/v2\/tags?post=28181"}],"curies":[{"name":"wp","href":"https:\/\/api.w.org\/{rel}","templated":true}]}}